{"id":1002,"date":"2016-08-01T09:50:48","date_gmt":"2016-08-01T07:50:48","guid":{"rendered":"http:\/\/www.norsknum.org\/?page_id=1002"},"modified":"2016-08-01T09:53:13","modified_gmt":"2016-08-01T07:53:13","slug":"auksjon-august-2016","status":"publish","type":"page","link":"https:\/\/www.norsknum.org\/?page_id=1002","title":{"rendered":"Auksjon August 2016"},"content":{"rendered":"<p>Medlemmer kan sende skriftlige bud til gunnar@oslomyntgalleri.no. Bud m\u00e5 v\u00e6re innsendt senest dagen f\u00f8r auksjonen.<\/p>\n<hr \/>\n<dl class=\"dl-horizontal\">\n<dt><\/dt>\n<dt><strong>AUKSJON N.N.F. &#8211; Tirsdag 30. August 2016<br \/>\n<\/strong><\/dt>\n<\/dl>\n<p><\/p>\n<table class=\"auksjonstabell\">\n<tbody>\n<tr>\n<td>Lot.<\/td>\n<td>Land<\/td>\n<td>Beskrivelse<\/td>\n<td>Ref.<\/td>\n<td>Kval.<\/td>\n<td>Utrop<\/td>\n<td>Hammerslag<\/td>\n<\/tr>\n<tr>\n<td>1<\/td>\n<td>Makedonia<\/td>\n<td>Alexander III 336-323 f.Kr., \u00c618<\/td>\n<td>S.6739<\/td>\n<td>1\/1-<\/td>\n<td>50<\/td>\n<td><\/td>\n<\/tr>\n<tr>\n<td>2<\/td>\n<td>Bithynia<\/td>\n<td>Nicaea, Severus Alexander 222-235, \u00c619<\/td>\n<td>S.3287<\/td>\n<td>1<\/td>\n<td>80<\/td>\n<td><\/td>\n<\/tr>\n<tr>\n<td>3<\/td>\n<td>Mysia<\/td>\n<td>Gambrion, \u00c610 Sml.<\/td>\n<td>S.3871<\/td>\n<td>1\/1+<\/td>\n<td>100<\/td>\n<td><\/td>\n<\/tr>\n<tr>\n<td>4<\/td>\n<td>Phrygia<\/td>\n<td>Eumenia, \u00c616<\/td>\n<td>S.5138<\/td>\n<td>1\/1+<\/td>\n<td>200<\/td>\n<td><\/td>\n<\/tr>\n<tr>\n<td>5<\/td>\n<td>Cilicia<\/td>\n<td>Tarsos, \u00c617<\/td>\n<td>S.5171<\/td>\n<td>1\/1-<\/td>\n<td>80<\/td>\n<td><\/td>\n<\/tr>\n<tr>\n<td>6<\/td>\n<td>Syria<\/td>\n<td>Damascus, Philip I 244-249, \u00c623 Sml.<\/td>\n<td>Lindg 2146\/54<\/td>\n<td>1<\/td>\n<td>400<\/td>\n<td><\/td>\n<\/tr>\n<tr>\n<td>7<\/td>\n<td>Indo Parthia<\/td>\n<td>Sakastan, drachme 176-230<\/td>\n<td>Sen 266<\/td>\n<td>1-<\/td>\n<td>120<\/td>\n<td><\/td>\n<\/tr>\n<tr>\n<td>8<\/td>\n<td>Rom<\/td>\n<td>Trajan 98-117, denar<\/td>\n<td>RIC 11<\/td>\n<td>1<\/td>\n<td>200<\/td>\n<td><\/td>\n<\/tr>\n<tr>\n<td>9<\/td>\n<td>Rom<\/td>\n<td>Faustina II d.176 e.Kr., denar<\/td>\n<td>S.1481<\/td>\n<td>1+<\/td>\n<td>200<\/td>\n<td><\/td>\n<\/tr>\n<tr>\n<td>10<\/td>\n<td>Rom<\/td>\n<td>Otacilia Severa g.m. Trajan Decius, antoninian<\/td>\n<td>S.262<\/td>\n<td>1+<\/td>\n<td>150<\/td>\n<td><\/td>\n<\/tr>\n<tr>\n<td>11<\/td>\n<td>Bysants<\/td>\n<td>Focas 602-610, \u00c6 follis \u00e5r 4<\/td>\n<td>S.671<\/td>\n<td>1-<\/td>\n<td>100<\/td>\n<td><\/td>\n<\/tr>\n<tr>\n<td>12<\/td>\n<td>Armenia<\/td>\n<td>Hetonm I, Khardez<\/td>\n<td>Nerc 363<\/td>\n<td>1<\/td>\n<td>80<\/td>\n<td><\/td>\n<\/tr>\n<tr>\n<td>13<\/td>\n<td>Norge<\/td>\n<td>Christian VII, \u00bd speciedaler 1777, mont.spor<\/td>\n<td>NMD.19<\/td>\n<td>1<\/td>\n<td>1.200<\/td>\n<td><\/td>\n<\/tr>\n<tr>\n<td>14<\/td>\n<td>Norge<\/td>\n<td>Rasjoneringskort for erter 1918<\/td>\n<td><\/td>\n<td>1<\/td>\n<td>200<\/td>\n<td><\/td>\n<\/tr>\n<tr>\n<td>15<\/td>\n<td>Sverige<\/td>\n<td>5 \u00f8re 1873<\/td>\n<td><\/td>\n<td>1\/1+<\/td>\n<td>60<\/td>\n<td><\/td>\n<\/tr>\n<tr>\n<td>16<\/td>\n<td>Sverige<\/td>\n<td>5 kroner 1952, jubileum<\/td>\n<td><\/td>\n<td>0<\/td>\n<td>80<\/td>\n<td><\/td>\n<\/tr>\n<tr>\n<td>17<\/td>\n<td>Island<\/td>\n<td>lot 47 mynter<\/td>\n<td><\/td>\n<td>1+ til 01<\/td>\n<td>100<\/td>\n<td><\/td>\n<\/tr>\n<tr>\n<td>18<\/td>\n<td>England<\/td>\n<td>Edward I 1272-1307, penny<\/td>\n<td>S.1390<\/td>\n<td>1<\/td>\n<td>100<\/td>\n<td><\/td>\n<\/tr>\n<tr>\n<td>19<\/td>\n<td>England<\/td>\n<td>Edward I 1272-1307, penny<\/td>\n<td>S.1410<\/td>\n<td>1\/1-<\/td>\n<td>80<\/td>\n<td><\/td>\n<\/tr>\n<tr>\n<td>20<\/td>\n<td>Isle of Man<\/td>\n<td>1\/25 oz gull 1996<\/td>\n<td><\/td>\n<td>1<\/td>\n<td>250<\/td>\n<td><\/td>\n<\/tr>\n<tr>\n<td>21<\/td>\n<td>Latvia<\/td>\n<td>5 lati 1929<\/td>\n<td><\/td>\n<td>1<\/td>\n<td>75<\/td>\n<td><\/td>\n<\/tr>\n<tr>\n<td>22<\/td>\n<td>Russland<\/td>\n<td>Feodor Ivanovitch 1584-1598, kopek<\/td>\n<td>Sp.81\/3<\/td>\n<td>1\/1+<\/td>\n<td>200<\/td>\n<td><\/td>\n<\/tr>\n<tr>\n<td>23<\/td>\n<td>Russland<\/td>\n<td>Catharina II, polushka 1771 EM<\/td>\n<td><\/td>\n<td>1<\/td>\n<td>60<\/td>\n<td><\/td>\n<\/tr>\n<tr>\n<td>24<\/td>\n<td>Russland<\/td>\n<td>Paul I, 2 kopek 1798 EM<\/td>\n<td><\/td>\n<td>1+<\/td>\n<td>100<\/td>\n<td><\/td>\n<\/tr>\n<tr>\n<td>25<\/td>\n<td>Russland<\/td>\n<td>Alexander I, 5 kopek 1803 EM<\/td>\n<td><\/td>\n<td>1+<\/td>\n<td>300<\/td>\n<td><\/td>\n<\/tr>\n<tr>\n<td>26<\/td>\n<td>Russland<\/td>\n<td>Nikolai I, 3 kopek 1842<\/td>\n<td><\/td>\n<td>1\/1+<\/td>\n<td>100<\/td>\n<td><\/td>\n<\/tr>\n<tr>\n<td>27<\/td>\n<td>Sovjet<\/td>\n<td>50 kopek 1922<\/td>\n<td><\/td>\n<td>1+<\/td>\n<td>100<\/td>\n<td><\/td>\n<\/tr>\n<tr>\n<td>28<\/td>\n<td>Danzig<\/td>\n<td>d\u00e5psmedalje ca.1650. Perforert<\/td>\n<td><\/td>\n<td>1+<\/td>\n<td>600<\/td>\n<td><\/td>\n<\/tr>\n<tr>\n<td>29<\/td>\n<td>\u00d8sterrike<\/td>\n<td>Ottokar 1251-1276, pfennig<\/td>\n<td>Lu 82<\/td>\n<td>1+<\/td>\n<td>100<\/td>\n<td><\/td>\n<\/tr>\n<tr>\n<td>30<\/td>\n<td>\u00d8sterrike<\/td>\n<td>2 schilling 1930. Vogelweide<\/td>\n<td><\/td>\n<td>1+\/01<\/td>\n<td>60<\/td>\n<td><\/td>\n<\/tr>\n<tr>\n<td>31<\/td>\n<td>\u00d8sterrike<\/td>\n<td>25 schilling 1955, 1958 (2)<\/td>\n<td><\/td>\n<td>1<\/td>\n<td>50<\/td>\n<td><\/td>\n<\/tr>\n<tr>\n<td>32<\/td>\n<td>Ungarn<\/td>\n<td>6 kreuzer 1849<\/td>\n<td><\/td>\n<td>1+<\/td>\n<td>40<\/td>\n<td><\/td>\n<\/tr>\n<tr>\n<td>33<\/td>\n<td>Frankrike<\/td>\n<td>lot 9 kobbermynter 1772-1799<\/td>\n<td><\/td>\n<td>VK<\/td>\n<td>60<\/td>\n<td><\/td>\n<\/tr>\n<tr>\n<td>34<\/td>\n<td>Seljuqs Rum<\/td>\n<td>Kai Khusraw III, dirham AH 670, Siwas<\/td>\n<td>Alb.1232<\/td>\n<td>1<\/td>\n<td>150<\/td>\n<td><\/td>\n<\/tr>\n<tr>\n<td>35<\/td>\n<td>Jemen<\/td>\n<td>riyal 1963<\/td>\n<td><\/td>\n<td>1+\/01<\/td>\n<td>80<\/td>\n<td><\/td>\n<\/tr>\n<tr>\n<td>36<\/td>\n<td>Persia<\/td>\n<td>Tamasp I 1524-1536, shahi, Herat Mitch.2043<\/td>\n<td><\/td>\n<td>1\/1+<\/td>\n<td>120<\/td>\n<td><\/td>\n<\/tr>\n<tr>\n<td>37<\/td>\n<td>Persia<\/td>\n<td>Tamasp I 1524-1536, shahi, Meshad<\/td>\n<td>Mitch.2045<\/td>\n<td>1<\/td>\n<td>120<\/td>\n<td><\/td>\n<\/tr>\n<tr>\n<td>38<\/td>\n<td>Persia<\/td>\n<td>Tamasp I 1524-1536, shahi, Yazd<\/td>\n<td>Zeno 98667<\/td>\n<td>1+<\/td>\n<td>150<\/td>\n<td><\/td>\n<\/tr>\n<tr>\n<td>39<\/td>\n<td>Dehli<\/td>\n<td>Mahmud 1246-1266, tanka<\/td>\n<td>GG 137<\/td>\n<td>1\/1+<\/td>\n<td>100<\/td>\n<td><\/td>\n<\/tr>\n<tr>\n<td>40<\/td>\n<td>Dehli<\/td>\n<td>Balban 1266-1287, tanka<\/td>\n<td>GG 158<\/td>\n<td>\u00a01+<\/td>\n<td>100<\/td>\n<td><\/td>\n<\/tr>\n<tr>\n<td>41<\/td>\n<td>Mogul India<\/td>\n<td>Farrukhslyar rupee 1125\/2 (1713)<\/td>\n<td>KM. 377.5<\/td>\n<td>1+<\/td>\n<td>150<\/td>\n<td><\/td>\n<\/tr>\n<tr>\n<td>42<\/td>\n<td>Britisk Bengal<\/td>\n<td>\u00bd rupee (ca.1800)<\/td>\n<td>KM.116<\/td>\n<td>1+<\/td>\n<td>60<\/td>\n<td><\/td>\n<\/tr>\n<tr>\n<td>43<\/td>\n<td>Portugisisk India<\/td>\n<td>rupee 1882<\/td>\n<td><\/td>\n<td>1\/1+<\/td>\n<td>60<\/td>\n<td><\/td>\n<\/tr>\n<tr>\n<td>44<\/td>\n<td>China<\/td>\n<td>Hui Tsung 1101-1125, 10 cash<\/td>\n<td>S.623<\/td>\n<td>1+<\/td>\n<td>100<\/td>\n<td><\/td>\n<\/tr>\n<tr>\n<td>45<\/td>\n<td>China<\/td>\n<td>Ning Tsung 1195-1224, 2 cash S.798<\/td>\n<td><\/td>\n<td>1+<\/td>\n<td>50<\/td>\n<td><\/td>\n<\/tr>\n<tr>\n<td>46<\/td>\n<td>China<\/td>\n<td>S\u00f8r Sung dyn. Lot 2 stk. jern 2 cash<\/td>\n<td>S.809, 928<\/td>\n<td>1+, 1<\/td>\n<td>150<\/td>\n<td><\/td>\n<\/tr>\n<tr>\n<td>47<\/td>\n<td>China<\/td>\n<td>S\u00f8r Sung dyn. Lot 8 stk. 2 cash<\/td>\n<td><\/td>\n<td>VK<\/td>\n<td>450<\/td>\n<td><\/td>\n<\/tr>\n<tr>\n<td>48<\/td>\n<td>Tonga<\/td>\n<td>lot 5 mynter 1967, 1968<\/td>\n<td><\/td>\n<td>1+\/01<\/td>\n<td>100<\/td>\n<td><\/td>\n<\/tr>\n<tr>\n<td>49<\/td>\n<td>USA<\/td>\n<td>lot 14 mynter 1852-1920<\/td>\n<td><\/td>\n<td>VK<\/td>\n<td>200<\/td>\n<td><\/td>\n<\/tr>\n<tr>\n<td>50<\/td>\n<td>S\u00f8r Amerika<\/td>\n<td>lot 4 s\u00f8lvmynter 1877-1912<\/td>\n<td><\/td>\n<td>1\/1+<\/td>\n<td>100<\/td>\n<td><\/td>\n<\/tr>\n<\/tbody>\n<\/table>\n<dl class=\"dl-horizontal\">\n<dt><\/dt>\n<\/dl>\n<div class='sfsi_Sicons' style='width: 100%; display: inline-block; vertical-align: middle; text-align:left'><div style='margin:0px 8px 0px 0px; line-height: 24px'><span>F\u00f8lg og lik! =)<\/span><\/div><div class='sfsi_socialwpr'><div class='sf_subscrbe' style='text-align:left;vertical-align: middle;float:left;width:64px'><a href=\"http:\/\/www.specificfeeds.com\/widgets\/emailSubscribeEncFeed\/bzdLMEVQczltUDF5SThnYlJHcG9jRktNMFpMTjRGN1Z0bC92QTRKc25OSHVyNnpuV29SdXVKeitQbEx4WVAyYUFvam1MTm1naHlGc28rSDd3ajBPNk1Xc2RkVVZmWVNQdVlsQTU2ZThWa3pxRTNMbGxRd0tCenA1ZTZEaW1XNlZ8VU1TSXBhcURwV2RaeGxqSjZmOStHcHVSNXVpbVMrUnRnZTdDZjBoWTYvYz0=\/OA==\/\" target=\"_blank\"><img src=\"https:\/\/www.norsknum.org\/wp-content\/plugins\/ultimate-social-media-icons\/images\/follow_subscribe.png\" \/><\/a><\/div><div class='sf_fb' style='text-align:left;vertical-align: middle;width:98px'><div class=\"fb-like\" href=\"https:\/\/www.norsknum.org\/?page_id=1002\" width=\"180\" send=\"false\" showfaces=\"false\"  action=\"like\" data-share=\"true\"data-layout=\"button\" ><\/div><\/div><div class='sf_twiter' style='text-align:left;float:left;vertical-align: middle;width:auto'><a href=\"http:\/\/twitter.com\/share\" data-count=\"none\" class=\"sr-twitter-button twitter-share-button\" lang=\"en\" data-url=\"https:\/\/www.norsknum.org\/?page_id=1002\" data-text=\"Auksjon August 2016\" ><\/a><\/div><\/div><\/div>","protected":false},"excerpt":{"rendered":"<p>Medlemmer kan sende skriftlige bud til gunnar@oslomyntgalleri.no. Bud m\u00e5 v\u00e6re innsendt senest dagen f\u00f8r auksjonen. AUKSJON N.N.F. &#8211; Tirsdag 30. August 2016 Lot. Land Beskrivelse Ref. Kval. Utrop Hammerslag 1 Makedonia Alexander III 336-323 f.Kr., \u00c618 S.6739 1\/1- 50 2&hellip; <\/p>\n","protected":false},"author":1,"featured_media":0,"parent":42,"menu_order":0,"comment_status":"closed","ping_status":"closed","template":"","meta":[],"_links":{"self":[{"href":"https:\/\/www.norsknum.org\/index.php?rest_route=\/wp\/v2\/pages\/1002"}],"collection":[{"href":"https:\/\/www.norsknum.org\/index.php?rest_route=\/wp\/v2\/pages"}],"about":[{"href":"https:\/\/www.norsknum.org\/index.php?rest_route=\/wp\/v2\/types\/page"}],"author":[{"embeddable":true,"href":"https:\/\/www.norsknum.org\/index.php?rest_route=\/wp\/v2\/users\/1"}],"replies":[{"embeddable":true,"href":"https:\/\/www.norsknum.org\/index.php?rest_route=%2Fwp%2Fv2%2Fcomments&post=1002"}],"version-history":[{"count":2,"href":"https:\/\/www.norsknum.org\/index.php?rest_route=\/wp\/v2\/pages\/1002\/revisions"}],"predecessor-version":[{"id":1005,"href":"https:\/\/www.norsknum.org\/index.php?rest_route=\/wp\/v2\/pages\/1002\/revisions\/1005"}],"up":[{"embeddable":true,"href":"https:\/\/www.norsknum.org\/index.php?rest_route=\/wp\/v2\/pages\/42"}],"wp:attachment":[{"href":"https:\/\/www.norsknum.org\/index.php?rest_route=%2Fwp%2Fv2%2Fmedia&parent=1002"}],"curies":[{"name":"wp","href":"https:\/\/api.w.org\/{rel}","templated":true}]}}