{"id":1007,"date":"2016-08-14T19:47:06","date_gmt":"2016-08-14T17:47:06","guid":{"rendered":"http:\/\/www.norsknum.org\/?page_id=1007"},"modified":"2016-08-14T19:47:43","modified_gmt":"2016-08-14T17:47:43","slug":"montbors-2016-copenhagen-coin-fair","status":"publish","type":"page","link":"https:\/\/www.norsknum.org\/?page_id=1007","title":{"rendered":"M\u00d8NTB\u00d8RS 2016 &#8211; Copenhagen Coin Fair."},"content":{"rendered":"<div id=\"attachment_1009\" style=\"width: 806px\" class=\"wp-caption alignnone\"><img aria-describedby=\"caption-attachment-1009\" decoding=\"async\" loading=\"lazy\" src=\"https:\/\/www.norsknum.org\/wp-content\/uploads\/2016\/08\/copenhagencoinrfair.png\" alt=\"M\u00d8NTB\u00d8RS I K\u00d8BENHAVN 30. OKTOBER\" width=\"796\" height=\"578\" class=\"size-full wp-image-1009\" srcset=\"https:\/\/www.norsknum.org\/wp-content\/uploads\/2016\/08\/copenhagencoinrfair.png 796w, https:\/\/www.norsknum.org\/wp-content\/uploads\/2016\/08\/copenhagencoinrfair-300x218.png 300w, https:\/\/www.norsknum.org\/wp-content\/uploads\/2016\/08\/copenhagencoinrfair-768x558.png 768w\" sizes=\"(max-width: 796px) 100vw, 796px\" \/><p id=\"caption-attachment-1009\" class=\"wp-caption-text\">M\u00d8NTB\u00d8RS I K\u00d8BENHAVN 30. OKTOBER<\/p><\/div>\n<p>S\u00f8ndag 30. oktober \u00e5bner Dansk Numismatisk Forening d\u00f8rene for den \u00e5rlige m\u00f8ntb\u00f8rs i K\u00f8benhavn, og som de tidligere \u00e5r foreg\u00e5r det p\u00e5 Radisson Blu Hotel p\u00e5 Frederiksberg. Det er 8 gang foreningen st\u00e5r for \u00e5rets numismatiske begivenhed i hovedstaden. Der har hvert \u00e5r v\u00e6ret omkring 500 personer til arrangementer, heraf cirka 400 g\u00e6ster, som fort\u00e6ller, at de genser mange samlervenner, og at de gl\u00e6der sig til at komme igen det f\u00f8lgende \u00e5r.<\/p>\n<p>Deltagerlisten vil fremg\u00e5 af hjemmesiden www.cphcoinfair.dk, som vil blive l\u00f8bende opdateret op til m\u00f8ntb\u00f8rsen. Adressen for M\u00d8NTB\u00d8RS 2016 &#8211; Copenhagen Coin Fair er: Hotel Radisson Blu Falconer, Falkoner Alle 9, 2000 Frederiksberg. Adgang for publikum kl. 10 \u2013 16. Handlerbillet adgang fra kl. 8, 300 DKK.<\/p>\n<p>Venlig hilsen<br \/>\nPreben Nielsen<\/p>\n<div class='sfsi_Sicons' style='width: 100%; display: inline-block; vertical-align: middle; text-align:left'><div style='margin:0px 8px 0px 0px; line-height: 24px'><span>F\u00f8lg og lik! =)<\/span><\/div><div class='sfsi_socialwpr'><div class='sf_subscrbe' style='text-align:left;vertical-align: middle;float:left;width:64px'><a href=\"http:\/\/www.specificfeeds.com\/widgets\/emailSubscribeEncFeed\/bzdLMEVQczltUDF5SThnYlJHcG9jRktNMFpMTjRGN1Z0bC92QTRKc25OSHVyNnpuV29SdXVKeitQbEx4WVAyYUFvam1MTm1naHlGc28rSDd3ajBPNk1Xc2RkVVZmWVNQdVlsQTU2ZThWa3pxRTNMbGxRd0tCenA1ZTZEaW1XNlZ8VU1TSXBhcURwV2RaeGxqSjZmOStHcHVSNXVpbVMrUnRnZTdDZjBoWTYvYz0=\/OA==\/\" target=\"_blank\"><img src=\"https:\/\/www.norsknum.org\/wp-content\/plugins\/ultimate-social-media-icons\/images\/follow_subscribe.png\" \/><\/a><\/div><div class='sf_fb' style='text-align:left;vertical-align: middle;width:98px'><div class=\"fb-like\" href=\"https:\/\/www.norsknum.org\/?page_id=1007\" width=\"180\" send=\"false\" showfaces=\"false\"  action=\"like\" data-share=\"true\"data-layout=\"button\" ><\/div><\/div><div class='sf_twiter' style='text-align:left;float:left;vertical-align: middle;width:auto'><a href=\"http:\/\/twitter.com\/share\" data-count=\"none\" class=\"sr-twitter-button twitter-share-button\" lang=\"en\" data-url=\"https:\/\/www.norsknum.org\/?page_id=1007\" data-text=\"M\u00d8NTB\u00d8RS 2016 &#8211; Copenhagen Coin Fair.\" ><\/a><\/div><\/div><\/div>","protected":false},"excerpt":{"rendered":"<p>S\u00f8ndag 30. oktober \u00e5bner Dansk Numismatisk Forening d\u00f8rene for den \u00e5rlige m\u00f8ntb\u00f8rs i K\u00f8benhavn, og som de tidligere \u00e5r foreg\u00e5r det p\u00e5 Radisson Blu Hotel p\u00e5 Frederiksberg. Det er 8 gang foreningen st\u00e5r for \u00e5rets numismatiske begivenhed i hovedstaden. Der&hellip; <\/p>\n","protected":false},"author":1,"featured_media":0,"parent":0,"menu_order":0,"comment_status":"closed","ping_status":"closed","template":"","meta":[],"_links":{"self":[{"href":"https:\/\/www.norsknum.org\/index.php?rest_route=\/wp\/v2\/pages\/1007"}],"collection":[{"href":"https:\/\/www.norsknum.org\/index.php?rest_route=\/wp\/v2\/pages"}],"about":[{"href":"https:\/\/www.norsknum.org\/index.php?rest_route=\/wp\/v2\/types\/page"}],"author":[{"embeddable":true,"href":"https:\/\/www.norsknum.org\/index.php?rest_route=\/wp\/v2\/users\/1"}],"replies":[{"embeddable":true,"href":"https:\/\/www.norsknum.org\/index.php?rest_route=%2Fwp%2Fv2%2Fcomments&post=1007"}],"version-history":[{"count":2,"href":"https:\/\/www.norsknum.org\/index.php?rest_route=\/wp\/v2\/pages\/1007\/revisions"}],"predecessor-version":[{"id":1011,"href":"https:\/\/www.norsknum.org\/index.php?rest_route=\/wp\/v2\/pages\/1007\/revisions\/1011"}],"wp:attachment":[{"href":"https:\/\/www.norsknum.org\/index.php?rest_route=%2Fwp%2Fv2%2Fmedia&parent=1007"}],"curies":[{"name":"wp","href":"https:\/\/api.w.org\/{rel}","templated":true}]}}