{"id":1031,"date":"2016-11-11T08:10:15","date_gmt":"2016-11-11T07:10:15","guid":{"rendered":"http:\/\/www.norsknum.org\/?page_id=1031"},"modified":"2016-11-11T08:10:15","modified_gmt":"2016-11-11T07:10:15","slug":"auksjon-november-2016","status":"publish","type":"page","link":"https:\/\/www.norsknum.org\/?page_id=1031","title":{"rendered":"Auksjon November 2016"},"content":{"rendered":"<p>Medlemmer kan sende skriftlige bud til gunnar@oslomyntgalleri.no. Bud m\u00e5 v\u00e6re innsendt senest dagen f\u00f8r auksjonen.<\/p>\n<hr \/>\n<dl class=\"dl-horizontal\">\n<dt><\/dt>\n<dt><strong>AUKSJON N.N.F. &#8211; Tirsdag 29. November 2016<\/p>\n<p><\/strong><\/dt>\n<\/dl>\n<table class=\"auksjonstabell\">\n<tbody>\n<tr>\n<td>Lot.<\/td>\n<td>Land<\/td>\n<td>Beskrivelse<\/td>\n<td>Ref.<\/td>\n<td>Kval.<\/td>\n<td>Utrop<\/td>\n<td>Hammerslag<\/td>\n<\/tr>\n<tr>\n<td>1<\/td>\n<td>Lucania<\/td>\n<td>Thouriou, \u00c616 SNG<\/td>\n<td>Cop.1509<\/td>\n<td>1\/1+<\/td>\n<td>200<\/td>\n<td><\/td>\n<\/tr>\n<tr>\n<td>2<\/td>\n<td>Moesia<\/td>\n<td>Marcianopolis, Severus Alexander 222-235, \u00c626<\/td>\n<td>S.3269<\/td>\n<td>var. 1-<\/td>\n<td>150<\/td>\n<td><\/td>\n<\/tr>\n<tr>\n<td>3<\/td>\n<td>Thrakia<\/td>\n<td>Pantikapeion, \u00c615 SNG<\/td>\n<td>cop.46<\/td>\n<td>1+<\/td>\n<td>120<\/td>\n<td><\/td>\n<\/tr>\n<tr>\n<td>4<\/td>\n<td>Makedonia<\/td>\n<td>Philippi, Claudius 41-54, \u00c626<\/td>\n<td>S.428<\/td>\n<td>1\/1+<\/td>\n<td>200<\/td>\n<td><\/td>\n<\/tr>\n<tr>\n<td>5<\/td>\n<td>Thessalia<\/td>\n<td>Larissa, \u00c617<\/td>\n<td>S.2129<\/td>\n<td>var. 1<\/td>\n<td>150<\/td>\n<td><\/td>\n<\/tr>\n<tr>\n<td>6<\/td>\n<td>Thraco-Makedonia<\/td>\n<td>5.\u00e5rh.f.Kr., hemiobol<\/td>\n<td><\/td>\n<td>1<\/td>\n<td>150<\/td>\n<td><\/td>\n<\/tr>\n<tr>\n<td>7<\/td>\n<td>Aeolis<\/td>\n<td>Kyme, tetartemorion<\/td>\n<td>Klein 332<\/td>\n<td>var. 1+<\/td>\n<td>250<\/td>\n<td><\/td>\n<\/tr>\n<tr>\n<td>8<\/td>\n<td>Mysia<\/td>\n<td>Kyzicus, hemiobol<\/td>\n<td>Klein 268<\/td>\n<td>1+<\/td>\n<td>200<\/td>\n<td><\/td>\n<\/tr>\n<tr>\n<td>9<\/td>\n<td>Karia<\/td>\n<td>hemiobol Syll<\/td>\n<td>Keck.911-15<\/td>\n<td>1+<\/td>\n<td>200<\/td>\n<td><\/td>\n<\/tr>\n<tr>\n<td>10<\/td>\n<td>Syria<\/td>\n<td>Antiochia, Philip II 247-249, tetradrachme<\/td>\n<td>S.4145<\/td>\n<td>var. 1<\/td>\n<td>350<\/td>\n<td><\/td>\n<\/tr>\n<tr>\n<td>11<\/td>\n<td>Mesopotamia<\/td>\n<td>Edessa, Gordian 238-244, \u00c622<\/td>\n<td>S.5745<\/td>\n<td>1<\/td>\n<td>80<\/td>\n<td><\/td>\n<\/tr>\n<tr>\n<td>12<\/td>\n<td>Egypt<\/td>\n<td>Ptolemaeus III 247-222 f.Kr., \u00c620<\/td>\n<td>S.7823<\/td>\n<td>1<\/td>\n<td>80<\/td>\n<td><\/td>\n<\/tr>\n<tr>\n<td>13<\/td>\n<td>Egypt<\/td>\n<td>Alexandria, Diocletian 284-305, tetradrachme \u00e5r 4<\/td>\n<td>K\u00f8ln 3237<\/td>\n<td>1<\/td>\n<td>80<\/td>\n<td><\/td>\n<\/tr>\n<tr>\n<td>14<\/td>\n<td>Rom<\/td>\n<td>Nerva 96-98, \u00c6 as<\/td>\n<td>S.3060<\/td>\n<td>1\/1+<\/td>\n<td>400<\/td>\n<td><\/td>\n<\/tr>\n<tr>\n<td>15<\/td>\n<td><\/td>\n<td>Gallienus 253-268, antoninian<\/td>\n<td>S.2991<\/td>\n<td>1<\/td>\n<td>60<\/td>\n<td><\/td>\n<\/tr>\n<tr>\n<td>16<\/td>\n<td><\/td>\n<td>Constans 337-350, \u00c63, Treveri<\/td>\n<td>S.3971 RIC.195<\/td>\n<td>1+<\/td>\n<td>50<\/td>\n<td><\/td>\n<\/tr>\n<tr>\n<td>17<\/td>\n<td><\/td>\n<td>Constans 337-350, \u00c63, Treveri<\/td>\n<td>S.3971 RIC.206<\/td>\n<td>1\/1+<\/td>\n<td>50<\/td>\n<td><\/td>\n<\/tr>\n<tr>\n<td>18<\/td>\n<td><\/td>\n<td>Constantius II 337-361, \u00c63, Treveri<\/td>\n<td>S.3984<\/td>\n<td>1\/1+<\/td>\n<td>50<\/td>\n<td><\/td>\n<\/tr>\n<tr>\n<td>19<\/td>\n<td>Sassanider<\/td>\n<td>Khusro II 590-628, drachme<\/td>\n<td><\/td>\n<td>1+<\/td>\n<td>200<\/td>\n<td><\/td>\n<\/tr>\n<tr>\n<td>20<\/td>\n<td>Norge<\/td>\n<td>Christian VII, \u00bd speciedaler 1777. Mont.spor<\/td>\n<td>NMD.19<\/td>\n<td>1<\/td>\n<td>900<\/td>\n<td><\/td>\n<\/tr>\n<tr>\n<td>21<\/td>\n<td><\/td>\n<td>Carl XIII, 1 skilling 1816<\/td>\n<td>NM.2<\/td>\n<td>1+\/01<\/td>\n<td>600<\/td>\n<td><\/td>\n<\/tr>\n<tr>\n<td>22<\/td>\n<td><\/td>\n<td>Oscar II, 3 skilling 1873<\/td>\n<td><\/td>\n<td>1<\/td>\n<td>400<\/td>\n<td><\/td>\n<\/tr>\n<tr>\n<td>23<\/td>\n<td><\/td>\n<td>10 \u00f8re 1883<\/td>\n<td><\/td>\n<td>1+<\/td>\n<td>150<\/td>\n<td><\/td>\n<\/tr>\n<tr>\n<td>24<\/td>\n<td><\/td>\n<td>Medalje s\u00f8lv, Norsk Mynthistorie nr.1, 1995<\/td>\n<td><\/td>\n<td>0<\/td>\n<td>100<\/td>\n<td><\/td>\n<\/tr>\n<tr>\n<td>25<\/td>\n<td><\/td>\n<td>17.mai 1958. Med b\u00e5nd JA.83<\/td>\n<td><\/td>\n<td>1<\/td>\n<td>50<\/td>\n<td><\/td>\n<\/tr>\n<tr>\n<td>26<\/td>\n<td><\/td>\n<td>Medalje Myntmessen i Stavanger 1992, 50 \u00f8re (2)<\/td>\n<td><\/td>\n<td>0<\/td>\n<td>50<\/td>\n<td><\/td>\n<\/tr>\n<tr>\n<td>27<\/td>\n<td><\/td>\n<td>Oslo Sporveier, 10 polletter i beholder<\/td>\n<td><\/td>\n<td><\/td>\n<td>100<\/td>\n<td><\/td>\n<\/tr>\n<tr>\n<td>28<\/td>\n<td>Danmark<\/td>\n<td>krone 1924<\/td>\n<td>S.3.1<\/td>\n<td>1-<\/td>\n<td>300<\/td>\n<td><\/td>\n<\/tr>\n<tr>\n<td>29<\/td>\n<td><\/td>\n<td>200 kroner 1990<\/td>\n<td>KM.872<\/td>\n<td>0<\/td>\n<td>250<\/td>\n<td><\/td>\n<\/tr>\n<tr>\n<td>30<\/td>\n<td>Dansk Vestindien<\/td>\n<td>5 cent 1905<\/td>\n<td><\/td>\n<td>1\/1+<\/td>\n<td>60<\/td>\n<td><\/td>\n<\/tr>\n<tr>\n<td>31<\/td>\n<td><\/td>\n<td>20 cent 1905<\/td>\n<td><\/td>\n<td>1\/1+<\/td>\n<td>200<\/td>\n<td><\/td>\n<\/tr>\n<tr>\n<td>32<\/td>\n<td>Sverige<\/td>\n<td>Karl Johan, medalje. Har v\u00e6rt anhengt<\/td>\n<td>Hild.76<\/td>\n<td>1\/1+<\/td>\n<td>150<\/td>\n<td><\/td>\n<\/tr>\n<tr>\n<td>33<\/td>\n<td>Russland<\/td>\n<td>Ivan IV storfyrste, denga<\/td>\n<td>Sp.79\/7<\/td>\n<td>1\/1+<\/td>\n<td>150<\/td>\n<td><\/td>\n<\/tr>\n<tr>\n<td>34<\/td>\n<td><\/td>\n<td>Elizabeth, 5 kopek 1760 (kobber)<\/td>\n<td><\/td>\n<td>1<\/td>\n<td>200<\/td>\n<td><\/td>\n<\/tr>\n<tr>\n<td>35<\/td>\n<td><\/td>\n<td>kopek 1852, denga 1853<\/td>\n<td><\/td>\n<td>1+<\/td>\n<td>100<\/td>\n<td><\/td>\n<\/tr>\n<tr>\n<td>36<\/td>\n<td><\/td>\n<td>20 kopek 1826<\/td>\n<td><\/td>\n<td><\/td>\n<td>50<\/td>\n<td><\/td>\n<\/tr>\n<tr>\n<td>37<\/td>\n<td><\/td>\n<td>3 rubel 1989<\/td>\n<td>Y.223<\/td>\n<td>Proof<\/td>\n<td>300<\/td>\n<td><\/td>\n<\/tr>\n<tr>\n<td>38<\/td>\n<td>Spania<\/td>\n<td>100 pesetas 1966<\/td>\n<td><\/td>\n<td>1+\/01<\/td>\n<td>50<\/td>\n<td><\/td>\n<\/tr>\n<tr>\n<td>39<\/td>\n<td>Italia<\/td>\n<td>Genova, denar ca.1200<\/td>\n<td><\/td>\n<td>1+<\/td>\n<td>250<\/td>\n<td><\/td>\n<\/tr>\n<tr>\n<td>40<\/td>\n<td>Italia<\/td>\n<td>Venezia, denar ca.1250<\/td>\n<td><\/td>\n<td>1<\/td>\n<td>50<\/td>\n<td><\/td>\n<\/tr>\n<tr>\n<td>41<\/td>\n<td>Muzaffarid<\/td>\n<td>Shah Shuja 1358-64, 2 dinar<\/td>\n<td>Kirman Album 2282.7<\/td>\n<td>1\/1+<\/td>\n<td>100<\/td>\n<td><\/td>\n<\/tr>\n<tr>\n<td>42<\/td>\n<td>Persia<\/td>\n<td>Tamasp 1524-1576, Shahi, Herat<\/td>\n<td>Far.28.4<\/td>\n<td>1\/1+<\/td>\n<td>150<\/td>\n<td><\/td>\n<\/tr>\n<tr>\n<td>43<\/td>\n<td><\/td>\n<td>Tamasp 1524-1576, Shahi, Sabzewar<\/td>\n<td>Far.28.1<\/td>\n<td>1\/1+<\/td>\n<td>150<\/td>\n<td><\/td>\n<\/tr>\n<tr>\n<td>44<\/td>\n<td>India<\/td>\n<td>Dehli, Mahmud 1246-1266, tanka<\/td>\n<td>GG.137<\/td>\n<td>1\/1+<\/td>\n<td>100<\/td>\n<td><\/td>\n<\/tr>\n<tr>\n<td>45<\/td>\n<td>Laos<\/td>\n<td>2 stk. b\u00e5tmynter<\/td>\n<td><\/td>\n<td><\/td>\n<td>100<\/td>\n<td><\/td>\n<\/tr>\n<tr>\n<td>46<\/td>\n<td>China<\/td>\n<td>Nord Sung dynasti, 2 cash<\/td>\n<td>S.553<\/td>\n<td>1+<\/td>\n<td>50<\/td>\n<td><\/td>\n<\/tr>\n<tr>\n<td>47<\/td>\n<td><\/td>\n<td>S\u00f8r Sung dynasti, cash \u00e5r 5 (jern)<\/td>\n<td>S.807<\/td>\n<td>1<\/td>\n<td>60<\/td>\n<td><\/td>\n<\/tr>\n<tr>\n<td>48<\/td>\n<td><\/td>\n<td>Tartar Jin dynasti, cash<\/td>\n<td>S.1085<\/td>\n<td>1<\/td>\n<td>150<\/td>\n<td><\/td>\n<\/tr>\n<tr>\n<td>49<\/td>\n<td>Canada<\/td>\n<td>dollar 1996. McIntosh<\/td>\n<td><\/td>\n<td>1<\/td>\n<td>80<\/td>\n<td><\/td>\n<\/tr>\n<tr>\n<td>50<\/td>\n<td>Ulike land<\/td>\n<td>lot 6 stk. s\u00f8lvmynter<\/td>\n<td><\/td>\n<td>1, 1+<\/td>\n<td>100<\/td>\n<td><\/td>\n<\/tr>\n<\/tbody>\n<\/table>\n<div class='sfsi_Sicons' style='width: 100%; display: inline-block; vertical-align: middle; text-align:left'><div style='margin:0px 8px 0px 0px; line-height: 24px'><span>F\u00f8lg og lik! =)<\/span><\/div><div class='sfsi_socialwpr'><div class='sf_subscrbe' style='text-align:left;vertical-align: middle;float:left;width:64px'><a href=\"http:\/\/www.specificfeeds.com\/widgets\/emailSubscribeEncFeed\/bzdLMEVQczltUDF5SThnYlJHcG9jRktNMFpMTjRGN1Z0bC92QTRKc25OSHVyNnpuV29SdXVKeitQbEx4WVAyYUFvam1MTm1naHlGc28rSDd3ajBPNk1Xc2RkVVZmWVNQdVlsQTU2ZThWa3pxRTNMbGxRd0tCenA1ZTZEaW1XNlZ8VU1TSXBhcURwV2RaeGxqSjZmOStHcHVSNXVpbVMrUnRnZTdDZjBoWTYvYz0=\/OA==\/\" target=\"_blank\"><img src=\"https:\/\/www.norsknum.org\/wp-content\/plugins\/ultimate-social-media-icons\/images\/follow_subscribe.png\" \/><\/a><\/div><div class='sf_fb' style='text-align:left;vertical-align: middle;width:98px'><div class=\"fb-like\" href=\"https:\/\/www.norsknum.org\/?page_id=1031\" width=\"180\" send=\"false\" showfaces=\"false\"  action=\"like\" data-share=\"true\"data-layout=\"button\" ><\/div><\/div><div class='sf_twiter' style='text-align:left;float:left;vertical-align: middle;width:auto'><a href=\"http:\/\/twitter.com\/share\" data-count=\"none\" class=\"sr-twitter-button twitter-share-button\" lang=\"en\" data-url=\"https:\/\/www.norsknum.org\/?page_id=1031\" data-text=\"Auksjon November 2016\" ><\/a><\/div><\/div><\/div>","protected":false},"excerpt":{"rendered":"<p>Medlemmer kan sende skriftlige bud til gunnar@oslomyntgalleri.no. Bud m\u00e5 v\u00e6re innsendt senest dagen f\u00f8r auksjonen. AUKSJON N.N.F. &#8211; Tirsdag 29. November 2016 Lot. Land Beskrivelse Ref. Kval. Utrop Hammerslag 1 Lucania Thouriou, \u00c616 SNG Cop.1509 1\/1+ 200 2 Moesia Marcianopolis,&hellip; <\/p>\n","protected":false},"author":1,"featured_media":0,"parent":42,"menu_order":0,"comment_status":"closed","ping_status":"closed","template":"","meta":[],"_links":{"self":[{"href":"https:\/\/www.norsknum.org\/index.php?rest_route=\/wp\/v2\/pages\/1031"}],"collection":[{"href":"https:\/\/www.norsknum.org\/index.php?rest_route=\/wp\/v2\/pages"}],"about":[{"href":"https:\/\/www.norsknum.org\/index.php?rest_route=\/wp\/v2\/types\/page"}],"author":[{"embeddable":true,"href":"https:\/\/www.norsknum.org\/index.php?rest_route=\/wp\/v2\/users\/1"}],"replies":[{"embeddable":true,"href":"https:\/\/www.norsknum.org\/index.php?rest_route=%2Fwp%2Fv2%2Fcomments&post=1031"}],"version-history":[{"count":1,"href":"https:\/\/www.norsknum.org\/index.php?rest_route=\/wp\/v2\/pages\/1031\/revisions"}],"predecessor-version":[{"id":1032,"href":"https:\/\/www.norsknum.org\/index.php?rest_route=\/wp\/v2\/pages\/1031\/revisions\/1032"}],"up":[{"embeddable":true,"href":"https:\/\/www.norsknum.org\/index.php?rest_route=\/wp\/v2\/pages\/42"}],"wp:attachment":[{"href":"https:\/\/www.norsknum.org\/index.php?rest_route=%2Fwp%2Fv2%2Fmedia&parent=1031"}],"curies":[{"name":"wp","href":"https:\/\/api.w.org\/{rel}","templated":true}]}}