{"id":1039,"date":"2016-12-07T07:11:20","date_gmt":"2016-12-07T06:11:20","guid":{"rendered":"http:\/\/www.norsknum.org\/?page_id=1039"},"modified":"2016-12-07T07:11:20","modified_gmt":"2016-12-07T06:11:20","slug":"juleauksjon-2016","status":"publish","type":"page","link":"https:\/\/www.norsknum.org\/?page_id=1039","title":{"rendered":"Juleauksjon 2016"},"content":{"rendered":"<p>Medlemmer kan sende skriftlige bud til gunnar@oslomyntgalleri.no. Bud m\u00e5 v\u00e6re innsendt senest dagen f\u00f8r auksjonen.<\/p>\n<hr \/>\n<dl class=\"dl-horizontal\">\n<dt><\/dt>\n<dt><strong><strong>JULEAUKSJON N.N.F. &#8211; Tirsdag 13. Desember 2016<\/strong><\/strong>&nbsp;<\/dt>\n<\/dl>\n<table class=\"auksjonstabell\">\n<tbody>\n<tr>\n<td>Lot.<\/td>\n<td>Land<\/td>\n<td>Beskrivelse<\/td>\n<td>Ref.<\/td>\n<td>Kval.<\/td>\n<td>Utrop<\/td>\n<td>Hammerslag<\/td>\n<\/tr>\n<tr>\n<td>1<\/td>\n<td>SYRIA<\/td>\n<td>Antiochos IV Ephiphanes 175-164 f.Kr., tetradrachme.Pregesprekk<\/td>\n<td>S.6978<\/td>\n<td>1+<\/td>\n<td>1.000,-<\/td>\n<td><\/td>\n<\/tr>\n<tr>\n<td>2<\/td>\n<td>ROM<\/td>\n<td>Caligula 37-41, \u00c6 sestertius, Roma 39-40<\/td>\n<td>S.1801<\/td>\n<td>1<\/td>\n<td>2.000,-<\/td>\n<td><\/td>\n<\/tr>\n<tr>\n<td>3<\/td>\n<td>ROM<\/td>\n<td>Philip I 244-249, antoninian<\/td>\n<td>RIC.20<\/td>\n<td>1<\/td>\n<td>500,-<\/td>\n<td><\/td>\n<\/tr>\n<tr>\n<td>4<\/td>\n<td>ROM<\/td>\n<td>Saloninus 260 e.Kr., antoninian<\/td>\n<td>S.10765<\/td>\n<td>1<\/td>\n<td>600,-<\/td>\n<td><\/td>\n<\/tr>\n<tr>\n<td>5<\/td>\n<td>ROM<\/td>\n<td>Divus Carus d.283 e.Kr., antoninian<\/td>\n<td>S.12394<\/td>\n<td>1+<\/td>\n<td>250,-<\/td>\n<td><\/td>\n<\/tr>\n<tr>\n<td>6<\/td>\n<td>ROM<\/td>\n<td>Galerius 305-311, follis, Siscia 309-311<\/td>\n<td>S.14505<\/td>\n<td>1<\/td>\n<td>200,-<\/td>\n<td><\/td>\n<\/tr>\n<tr>\n<td>7<\/td>\n<td>ROM<\/td>\n<td>Maximinus II 310-313, follis, Siscia 310-311<\/td>\n<td>S.14825<\/td>\n<td>1<\/td>\n<td>250,-<\/td>\n<td><\/td>\n<\/tr>\n<tr>\n<td>8<\/td>\n<td>NORGE<\/td>\n<td>Christian V, 2 skilling 1673.<\/td>\n<td>S.40 NMD.142<\/td>\n<td>1<\/td>\n<td>700,-<\/td>\n<td><\/td>\n<\/tr>\n<tr>\n<td>9<\/td>\n<td>NORGE<\/td>\n<td>Christian V, 2 skilling 1682.<\/td>\n<td>S.36 NMD.152B<\/td>\n<td>1+<\/td>\n<td>800,-<\/td>\n<td><\/td>\n<\/tr>\n<tr>\n<td>10<\/td>\n<td>NORGE<\/td>\n<td>Christian V, 2 skilling 1687.<\/td>\n<td>S.38 NMD.227<\/td>\n<td>1<\/td>\n<td>400,-<\/td>\n<td><\/td>\n<\/tr>\n<tr>\n<td>11<\/td>\n<td>NORGE<\/td>\n<td>Christian V, 2 skilling 1689.<\/td>\n<td>S.21 NMD.232<\/td>\n<td>1\/1+<\/td>\n<td>400,-<\/td>\n<td><\/td>\n<\/tr>\n<tr>\n<td>12<\/td>\n<td>NORGE<\/td>\n<td>Frederik IV, 8 skilling 1713.<\/td>\n<td>S.6 NMD.36<\/td>\n<td>1\/1+<\/td>\n<td>500,-<\/td>\n<td><\/td>\n<\/tr>\n<tr>\n<td>13<\/td>\n<td>NORGE<\/td>\n<td>Christian VI, 24 skilling 1742.<\/td>\n<td>S.2 NMD.13<\/td>\n<td>1<\/td>\n<td>800,-<\/td>\n<td><\/td>\n<\/tr>\n<tr>\n<td>14<\/td>\n<td>NORGE<\/td>\n<td>Christian VI, 8 skilling 1733.<\/td>\n<td>S.5 NMD.21<\/td>\n<td>1<\/td>\n<td>500,-<\/td>\n<td><\/td>\n<\/tr>\n<tr>\n<td>15<\/td>\n<td>NORGE<\/td>\n<td>Christian VII, 8 skilling 1781.<\/td>\n<td>S.5 NMD.51A<\/td>\n<td>1\/1+<\/td>\n<td>400,-<\/td>\n<td><\/td>\n<\/tr>\n<tr>\n<td>16<\/td>\n<td>NORGE<\/td>\n<td colspan=\"2\">2 kroner 1914, jubileum<\/td>\n<td>1+<\/td>\n<td>200,-<\/td>\n<td><\/td>\n<\/tr>\n<tr>\n<td>17<\/td>\n<td>NORGE<\/td>\n<td colspan=\"2\">1 krone 1913<\/td>\n<td>1<\/td>\n<td>200,-<\/td>\n<td><\/td>\n<\/tr>\n<tr>\n<td>18<\/td>\n<td>NORGE<\/td>\n<td colspan=\"2\">10 \u00f8re\/3 skilling 1874<\/td>\n<td>0<\/td>\n<td>2.000,-<\/td>\n<td><\/td>\n<\/tr>\n<tr>\n<td>19<\/td>\n<td>Danmark<\/td>\n<td>Christian IV, krone 1625<\/td>\n<td>H.127<\/td>\n<td>1<\/td>\n<td>600,-<\/td>\n<td><\/td>\n<\/tr>\n<tr>\n<td>20<\/td>\n<td>Danmark<\/td>\n<td>Frederik VI, offermark 1808<\/td>\n<td>H.6<\/td>\n<td>1<\/td>\n<td>100,-<\/td>\n<td><\/td>\n<\/tr>\n<tr>\n<td>21<\/td>\n<td>Danmark<\/td>\n<td>Frederik VII, 4 skilling 1856<\/td>\n<td>H.11B<\/td>\n<td>0<\/td>\n<td>250,-<\/td>\n<td><\/td>\n<\/tr>\n<tr>\n<td>22<\/td>\n<td>Danmark<\/td>\n<td>Christian IX, 1 skilling 1867<\/td>\n<td>H.6<\/td>\n<td>0<\/td>\n<td>150,-<\/td>\n<td><\/td>\n<\/tr>\n<tr>\n<td>23<\/td>\n<td>Sverige, Adolf Fredrik, 2 \u00f8re 1762<\/td>\n<td>SM.151<\/td>\n<td>1<\/td>\n<td>50,-<\/td>\n<td><\/td>\n<td><\/td>\n<\/tr>\n<tr>\n<td>24<\/td>\n<td>\u00d8sterrike<\/td>\n<td colspan=\"2\">Leopold I, \u00bd taler 1697, Kremnitz<\/td>\n<td>1+\/01<\/td>\n<td>1.200,-<\/td>\n<td><\/td>\n<\/tr>\n<tr>\n<td>25<\/td>\n<td>Seldsjukker<\/td>\n<td colspan=\"2\">Kaykhusraw II 1237-1247, dirhem<\/td>\n<td>1+<\/td>\n<td>200,-<\/td>\n<td><\/td>\n<\/tr>\n<\/tbody>\n<\/table>\n<div class='sfsi_Sicons' style='width: 100%; display: inline-block; vertical-align: middle; text-align:left'><div style='margin:0px 8px 0px 0px; line-height: 24px'><span>F\u00f8lg og lik! =)<\/span><\/div><div class='sfsi_socialwpr'><div class='sf_subscrbe' style='text-align:left;vertical-align: middle;float:left;width:64px'><a href=\"http:\/\/www.specificfeeds.com\/widgets\/emailSubscribeEncFeed\/bzdLMEVQczltUDF5SThnYlJHcG9jRktNMFpMTjRGN1Z0bC92QTRKc25OSHVyNnpuV29SdXVKeitQbEx4WVAyYUFvam1MTm1naHlGc28rSDd3ajBPNk1Xc2RkVVZmWVNQdVlsQTU2ZThWa3pxRTNMbGxRd0tCenA1ZTZEaW1XNlZ8VU1TSXBhcURwV2RaeGxqSjZmOStHcHVSNXVpbVMrUnRnZTdDZjBoWTYvYz0=\/OA==\/\" target=\"_blank\"><img src=\"https:\/\/www.norsknum.org\/wp-content\/plugins\/ultimate-social-media-icons\/images\/follow_subscribe.png\" \/><\/a><\/div><div class='sf_fb' style='text-align:left;vertical-align: middle;width:98px'><div class=\"fb-like\" href=\"https:\/\/www.norsknum.org\/?page_id=1039\" width=\"180\" send=\"false\" showfaces=\"false\"  action=\"like\" data-share=\"true\"data-layout=\"button\" ><\/div><\/div><div class='sf_twiter' style='text-align:left;float:left;vertical-align: middle;width:auto'><a href=\"http:\/\/twitter.com\/share\" data-count=\"none\" class=\"sr-twitter-button twitter-share-button\" lang=\"en\" data-url=\"https:\/\/www.norsknum.org\/?page_id=1039\" data-text=\"Juleauksjon 2016\" ><\/a><\/div><\/div><\/div>","protected":false},"excerpt":{"rendered":"<p>Medlemmer kan sende skriftlige bud til gunnar@oslomyntgalleri.no. Bud m\u00e5 v\u00e6re innsendt senest dagen f\u00f8r auksjonen. JULEAUKSJON N.N.F. &#8211; Tirsdag 13. Desember 2016&nbsp; Lot. Land Beskrivelse Ref. Kval. Utrop Hammerslag 1 SYRIA Antiochos IV Ephiphanes 175-164 f.Kr., tetradrachme.Pregesprekk S.6978 1+ 1.000,-&hellip; <\/p>\n","protected":false},"author":1,"featured_media":0,"parent":42,"menu_order":0,"comment_status":"closed","ping_status":"closed","template":"","meta":[],"_links":{"self":[{"href":"https:\/\/www.norsknum.org\/index.php?rest_route=\/wp\/v2\/pages\/1039"}],"collection":[{"href":"https:\/\/www.norsknum.org\/index.php?rest_route=\/wp\/v2\/pages"}],"about":[{"href":"https:\/\/www.norsknum.org\/index.php?rest_route=\/wp\/v2\/types\/page"}],"author":[{"embeddable":true,"href":"https:\/\/www.norsknum.org\/index.php?rest_route=\/wp\/v2\/users\/1"}],"replies":[{"embeddable":true,"href":"https:\/\/www.norsknum.org\/index.php?rest_route=%2Fwp%2Fv2%2Fcomments&post=1039"}],"version-history":[{"count":1,"href":"https:\/\/www.norsknum.org\/index.php?rest_route=\/wp\/v2\/pages\/1039\/revisions"}],"predecessor-version":[{"id":1041,"href":"https:\/\/www.norsknum.org\/index.php?rest_route=\/wp\/v2\/pages\/1039\/revisions\/1041"}],"up":[{"embeddable":true,"href":"https:\/\/www.norsknum.org\/index.php?rest_route=\/wp\/v2\/pages\/42"}],"wp:attachment":[{"href":"https:\/\/www.norsknum.org\/index.php?rest_route=%2Fwp%2Fv2%2Fmedia&parent=1039"}],"curies":[{"name":"wp","href":"https:\/\/api.w.org\/{rel}","templated":true}]}}