{"id":1051,"date":"2017-01-03T07:55:19","date_gmt":"2017-01-03T06:55:19","guid":{"rendered":"http:\/\/www.norsknum.org\/?page_id=1051"},"modified":"2017-08-15T21:05:59","modified_gmt":"2017-08-15T19:05:59","slug":"auksjon-april-2017","status":"publish","type":"page","link":"https:\/\/www.norsknum.org\/?page_id=1051","title":{"rendered":"Auksjon April 2017"},"content":{"rendered":"<p>Medlemmer kan sende skriftlige bud til gunnar@oslomyntgalleri.no. Bud m\u00e5 v\u00e6re innsendt senest dagen f\u00f8r auksjonen.<\/p>\n<hr \/>\n<dl class=\"dl-horizontal\">\n<dt><\/dt>\n<dt><strong><strong>AUKSJON N.N.F. &#8211; Tirsdag 25. April 2017<\/strong><\/strong>&nbsp;<\/dt>\n<\/dl>\n<table class=\"auksjonstabell\">\n<tbody>\n<tr>\n<td>Lot.<\/td>\n<td>Land<\/td>\n<td>Beskrivelse<\/td>\n<td>Ref.<\/td>\n<td>Kval.<\/td>\n<td>Utrop<\/td>\n<td>Hammerslag<\/td>\n<\/tr>\n<tr>\n<td>1<\/td>\n<td>Makedonia<\/td>\n<td>Philippi, Augustus 27 f.Kr.-14 e.Kr., \u00c620<\/td>\n<td>RPC.1650<\/td>\n<td>1<\/td>\n<td>100,-<\/td>\n<td><\/td>\n<\/tr>\n<tr>\n<td>2<\/td>\n<td>Mysia<\/td>\n<td>Gambrion, \u00c610<\/td>\n<td>S.3869<\/td>\n<td>1\/1+<\/td>\n<td>80,-<\/td>\n<td><\/td>\n<\/tr>\n<tr>\n<td>3<\/td>\n<td>Bithynia<\/td>\n<td>Juliopolis, Gordian III 238-244, \u00c619 SNG<\/td>\n<td>Cop.463<\/td>\n<td>1\/1-<\/td>\n<td>150,-<\/td>\n<td><\/td>\n<\/tr>\n<tr>\n<td>4<\/td>\n<td>Lydia<\/td>\n<td>Sardes, Germanicus, \u00c615<\/td>\n<td>S.5420<\/td>\n<td>1+<\/td>\n<td>120,-<\/td>\n<td><\/td>\n<\/tr>\n<tr>\n<td>5<\/td>\n<td>Pamphylia<\/td>\n<td>Aspendos, \u00c611 SNG<\/td>\n<td>Cop.259<\/td>\n<td>1\/1+<\/td>\n<td>120,-<\/td>\n<td><\/td>\n<\/tr>\n<tr>\n<td>6<\/td>\n<td>Syria<\/td>\n<td>Cyrrhus, Antoninus Pius 138-161, \u00c621<\/td>\n<td>S.1493<\/td>\n<td>1<\/td>\n<td>100,-<\/td>\n<td><\/td>\n<\/tr>\n<tr>\n<td>7<\/td>\n<td>Phoenicia<\/td>\n<td>Arados, \u00c620<\/td>\n<td>S.6002<\/td>\n<td>1+<\/td>\n<td>100,-<\/td>\n<td><\/td>\n<\/tr>\n<tr>\n<td>8<\/td>\n<td>Phoenicia<\/td>\n<td>Sidon, \u00c615<\/td>\n<td>S.5955<\/td>\n<td>1<\/td>\n<td>80,-<\/td>\n<td><\/td>\n<\/tr>\n<tr>\n<td>9<\/td>\n<td>Egypt<\/td>\n<td>Alexandria, Diocletian 284-305, tetradrachme \u00e5r 3<\/td>\n<td>K\u00f8ln 3232<\/td>\n<td>1+<\/td>\n<td>100,-<\/td>\n<td><\/td>\n<\/tr>\n<tr>\n<td>10<\/td>\n<td>Karthago<\/td>\n<td>\u00c614<\/td>\n<td>S.6444<\/td>\n<td>1\/1+<\/td>\n<td>60,-<\/td>\n<td><\/td>\n<\/tr>\n<tr>\n<td>11<\/td>\n<td>Rom<\/td>\n<td>Postumus 260-269, antoninian<\/td>\n<td>S.10983<\/td>\n<td>1+\/01<\/td>\n<td>150,-<\/td>\n<td><\/td>\n<\/tr>\n<tr>\n<td>12<\/td>\n<td>Rom<\/td>\n<td>Claudius Gothicus 268-270, antoninian S.11330<\/td>\n<td><\/td>\n<td>1+\/01<\/td>\n<td>125,-<\/td>\n<td><\/td>\n<\/tr>\n<tr>\n<td>13<\/td>\n<td>Rom<\/td>\n<td>Aurelian 270-275, antoninian (originalt s\u00f8lvbelegg)<\/td>\n<td>RIC.363<\/td>\n<td>1+\/01<\/td>\n<td>200,-<\/td>\n<td><\/td>\n<\/tr>\n<tr>\n<td>14<\/td>\n<td>Rom<\/td>\n<td>Probus 276-282, antoninian (original s\u00f8lvbelegg)<\/td>\n<td>S.12041<\/td>\n<td>1+\/01<\/td>\n<td>175,-<\/td>\n<td><\/td>\n<\/tr>\n<tr>\n<td>15<\/td>\n<td>Rom<\/td>\n<td>Carinus 283-285, antoninian<\/td>\n<td>RIC.324<\/td>\n<td>1+<\/td>\n<td>125,-<\/td>\n<td><\/td>\n<\/tr>\n<tr>\n<td>16<\/td>\n<td>Bysants<\/td>\n<td>Justin II 565-578, decanummium, Karthago<\/td>\n<td>S.400<\/td>\n<td>1-<\/td>\n<td>50,-<\/td>\n<td><\/td>\n<\/tr>\n<tr>\n<td>17<\/td>\n<td>Sassanider<\/td>\n<td>Khusro II 590-628, drachme<\/td>\n<td><\/td>\n<td>1+<\/td>\n<td>200,-<\/td>\n<td><\/td>\n<\/tr>\n<tr>\n<td>18<\/td>\n<td>Norge<\/td>\n<td>10 \u00f8re 1901<\/td>\n<td><\/td>\n<td>1+<\/td>\n<td>120,-<\/td>\n<td><\/td>\n<\/tr>\n<tr>\n<td>19<\/td>\n<td>Norge<\/td>\n<td>2 kroner 1914, jubileum<\/td>\n<td><\/td>\n<td>1<\/td>\n<td>300,-<\/td>\n<td><\/td>\n<\/tr>\n<tr>\n<td>20<\/td>\n<td>Norge<\/td>\n<td>17. Mai 1958<\/td>\n<td><\/td>\n<td>1<\/td>\n<td>40,-<\/td>\n<td><\/td>\n<\/tr>\n<tr>\n<td>21<\/td>\n<td>Norge<\/td>\n<td>2 stk. Medaljer Norske Pengesedler<\/td>\n<td><\/td>\n<td>0<\/td>\n<td>200,-<\/td>\n<td><\/td>\n<\/tr>\n<tr>\n<td>22<\/td>\n<td>Danmark<\/td>\n<td>Christian VIII, 4 skilling 1842<\/td>\n<td><\/td>\n<td>1+\/01<\/td>\n<td>150,-<\/td>\n<td><\/td>\n<\/tr>\n<tr>\n<td>23<\/td>\n<td>Danmark<\/td>\n<td>2 kroner 1906, jubileum<\/td>\n<td><\/td>\n<td>1+<\/td>\n<td>80,-<\/td>\n<td><\/td>\n<\/tr>\n<tr>\n<td>24<\/td>\n<td>Sverige<\/td>\n<td>1 \u00f8re 1892<\/td>\n<td><\/td>\n<td>1<\/td>\n<td>100,-<\/td>\n<td><\/td>\n<\/tr>\n<tr>\n<td>25<\/td>\n<td>Sverige<\/td>\n<td>5 kronor 1952, jubileum<\/td>\n<td><\/td>\n<td>1<\/td>\n<td>80,-<\/td>\n<td><\/td>\n<\/tr>\n<tr>\n<td>26<\/td>\n<td>Riga<\/td>\n<td>solidus 1620<\/td>\n<td><\/td>\n<td>1+<\/td>\n<td>40,-<\/td>\n<td><\/td>\n<\/tr>\n<tr>\n<td>27<\/td>\n<td>Russland<\/td>\n<td>Ivan IV 1547-1584, kopek, Pskov<\/td>\n<td>Sp.79\/11<\/td>\n<td>1<\/td>\n<td>150,-<\/td>\n<td><\/td>\n<\/tr>\n<tr>\n<td>28<\/td>\n<td>Russland<\/td>\n<td>Alexei Michailovitch 1645-1676, kopek<\/td>\n<td>Sp.91\/1-5<\/td>\n<td>1-<\/td>\n<td>100,-<\/td>\n<td><\/td>\n<\/tr>\n<tr>\n<td>29<\/td>\n<td>Russland<\/td>\n<td>kopek 1799, 1832<\/td>\n<td><\/td>\n<td>1\/1+<\/td>\n<td>80,-<\/td>\n<td><\/td>\n<\/tr>\n<tr>\n<td>30<\/td>\n<td>Russland<\/td>\n<td>20 kopek 1913, 1914 og 1915<\/td>\n<td><\/td>\n<td>1+\/01<\/td>\n<td>100,-<\/td>\n<td><\/td>\n<\/tr>\n<tr>\n<td>31<\/td>\n<td>Sovjet<\/td>\n<td>20-, 15- og 10 kopek 1923<\/td>\n<td><\/td>\n<td>1+<\/td>\n<td>100,-<\/td>\n<td><\/td>\n<\/tr>\n<tr>\n<td>32<\/td>\n<td>Irland<\/td>\n<td>\u00bd crown 1964<\/td>\n<td><\/td>\n<td>0<\/td>\n<td>80,-<\/td>\n<td><\/td>\n<\/tr>\n<tr>\n<td>33<\/td>\n<td>Nederland<\/td>\n<td>10 gulden 1970<\/td>\n<td><\/td>\n<td>0<\/td>\n<td>60,-<\/td>\n<td><\/td>\n<\/tr>\n<tr>\n<td>34<\/td>\n<td>Bayern<\/td>\n<td>kreuzer 1832<\/td>\n<td>KM.390<\/td>\n<td>1<\/td>\n<td>80,-<\/td>\n<td><\/td>\n<\/tr>\n<tr>\n<td>35<\/td>\n<td>\u00d8sterrike<\/td>\n<td>Ottokar II, pfennig<\/td>\n<td>Lu.82<\/td>\n<td>1+<\/td>\n<td>100,-<\/td>\n<td><\/td>\n<\/tr>\n<tr>\n<td>36<\/td>\n<td>Seljuqs Rum<\/td>\n<td>Kaykhusraw III, dirham Qaysariya<\/td>\n<td>Alb.1232<\/td>\n<td>1<\/td>\n<td>150,-<\/td>\n<td><\/td>\n<\/tr>\n<tr>\n<td>37<\/td>\n<td>Muzaffarid Persia<\/td>\n<td>Shah Shuja, 2 dinar Shiraz<\/td>\n<td>Alb.2282.7<\/td>\n<td>1\/1+<\/td>\n<td>100,-<\/td>\n<td><\/td>\n<\/tr>\n<tr>\n<td>38<\/td>\n<td>Persia<\/td>\n<td>Tamasp, Shahi, Yazd Zeno 98667<\/td>\n<td><\/td>\n<td>1\/1+<\/td>\n<td>120,-<\/td>\n<td><\/td>\n<\/tr>\n<tr>\n<td>39<\/td>\n<td>Kushan India<\/td>\n<td>Huvishka, tetradrachme<\/td>\n<td>G.835<\/td>\n<td>1-<\/td>\n<td>120,-<\/td>\n<td><\/td>\n<\/tr>\n<tr>\n<td>40<\/td>\n<td>Vest Satrap India<\/td>\n<td>Rudasena, drachme<\/td>\n<td>Piep.863<\/td>\n<td>1+<\/td>\n<td>250,-<\/td>\n<td><\/td>\n<\/tr>\n<tr>\n<td>41<\/td>\n<td>Ohind Shahis<\/td>\n<td>Samanta Deva ca.900, jital<\/td>\n<td>Mitch.117<\/td>\n<td>1+<\/td>\n<td>200,-<\/td>\n<td><\/td>\n<\/tr>\n<tr>\n<td>42<\/td>\n<td>Kashmir<\/td>\n<td>Sangr Deva 1003-1028, stater<\/td>\n<td>Mitch.179<\/td>\n<td>1\/1+<\/td>\n<td>80,-<\/td>\n<td><\/td>\n<\/tr>\n<tr>\n<td>43<\/td>\n<td>Dehli<\/td>\n<td>Mahmud 1246-1266, tanka<\/td>\n<td>GG.138<\/td>\n<td>1+<\/td>\n<td>100,-<\/td>\n<td><\/td>\n<\/tr>\n<tr>\n<td>44<\/td>\n<td>China<\/td>\n<td>Nord Sung dyn. 2 cash<\/td>\n<td>S.553<\/td>\n<td>1+<\/td>\n<td>60,-<\/td>\n<td><\/td>\n<\/tr>\n<tr>\n<td>45<\/td>\n<td>China<\/td>\n<td>Nord Sung dyn. 3 cash jern<\/td>\n<td>S.560<\/td>\n<td>1\/1+<\/td>\n<td>100,-<\/td>\n<td><\/td>\n<\/tr>\n<tr>\n<td>46<\/td>\n<td>China<\/td>\n<td>S\u00f8r Sung dyn. 2 cash<\/td>\n<td>S.795<\/td>\n<td>1<\/td>\n<td>60,-<\/td>\n<td><\/td>\n<\/tr>\n<tr>\n<td>47<\/td>\n<td>China<\/td>\n<td>Ming dyn. Cash<\/td>\n<td>S.1137<\/td>\n<td>1+<\/td>\n<td>50,-<\/td>\n<td><\/td>\n<\/tr>\n<tr>\n<td>48<\/td>\n<td>China<\/td>\n<td>Ming dyn. Cash<\/td>\n<td>S.1166<\/td>\n<td>1+<\/td>\n<td>60,-<\/td>\n<td><\/td>\n<\/tr>\n<tr>\n<td>49<\/td>\n<td>Mexico<\/td>\n<td>2 real 1741. Kraftige chopmarks<\/td>\n<td><\/td>\n<td>1+<\/td>\n<td>150,-<\/td>\n<td><\/td>\n<\/tr>\n<tr>\n<td>50<\/td>\n<td>Argentina<\/td>\n<td>50 centavos 1882<\/td>\n<td><\/td>\n<td>1+<\/td>\n<td>200,-<\/td>\n<td><\/td>\n<\/tr>\n<\/tbody>\n<\/table>\n<div class='sfsi_Sicons' style='width: 100%; display: inline-block; vertical-align: middle; text-align:left'><div style='margin:0px 8px 0px 0px; line-height: 24px'><span>F\u00f8lg og lik! =)<\/span><\/div><div class='sfsi_socialwpr'><div class='sf_subscrbe' style='text-align:left;vertical-align: middle;float:left;width:64px'><a href=\"http:\/\/www.specificfeeds.com\/widgets\/emailSubscribeEncFeed\/bzdLMEVQczltUDF5SThnYlJHcG9jRktNMFpMTjRGN1Z0bC92QTRKc25OSHVyNnpuV29SdXVKeitQbEx4WVAyYUFvam1MTm1naHlGc28rSDd3ajBPNk1Xc2RkVVZmWVNQdVlsQTU2ZThWa3pxRTNMbGxRd0tCenA1ZTZEaW1XNlZ8VU1TSXBhcURwV2RaeGxqSjZmOStHcHVSNXVpbVMrUnRnZTdDZjBoWTYvYz0=\/OA==\/\" target=\"_blank\"><img src=\"https:\/\/www.norsknum.org\/wp-content\/plugins\/ultimate-social-media-icons\/images\/follow_subscribe.png\" \/><\/a><\/div><div class='sf_fb' style='text-align:left;vertical-align: middle;width:98px'><div class=\"fb-like\" href=\"https:\/\/www.norsknum.org\/?page_id=1051\" width=\"180\" send=\"false\" showfaces=\"false\"  action=\"like\" data-share=\"true\"data-layout=\"button\" ><\/div><\/div><div class='sf_twiter' style='text-align:left;float:left;vertical-align: middle;width:auto'><a href=\"http:\/\/twitter.com\/share\" data-count=\"none\" class=\"sr-twitter-button twitter-share-button\" lang=\"en\" data-url=\"https:\/\/www.norsknum.org\/?page_id=1051\" data-text=\"Auksjon April 2017\" ><\/a><\/div><\/div><\/div>","protected":false},"excerpt":{"rendered":"<p>Medlemmer kan sende skriftlige bud til gunnar@oslomyntgalleri.no. Bud m\u00e5 v\u00e6re innsendt senest dagen f\u00f8r auksjonen. AUKSJON N.N.F. &#8211; Tirsdag 25. April 2017&nbsp; Lot. Land Beskrivelse Ref. Kval. Utrop Hammerslag 1 Makedonia Philippi, Augustus 27 f.Kr.-14 e.Kr., \u00c620 RPC.1650 1 100,-&hellip; <\/p>\n","protected":false},"author":1,"featured_media":0,"parent":42,"menu_order":0,"comment_status":"closed","ping_status":"closed","template":"","meta":[],"_links":{"self":[{"href":"https:\/\/www.norsknum.org\/index.php?rest_route=\/wp\/v2\/pages\/1051"}],"collection":[{"href":"https:\/\/www.norsknum.org\/index.php?rest_route=\/wp\/v2\/pages"}],"about":[{"href":"https:\/\/www.norsknum.org\/index.php?rest_route=\/wp\/v2\/types\/page"}],"author":[{"embeddable":true,"href":"https:\/\/www.norsknum.org\/index.php?rest_route=\/wp\/v2\/users\/1"}],"replies":[{"embeddable":true,"href":"https:\/\/www.norsknum.org\/index.php?rest_route=%2Fwp%2Fv2%2Fcomments&post=1051"}],"version-history":[{"count":4,"href":"https:\/\/www.norsknum.org\/index.php?rest_route=\/wp\/v2\/pages\/1051\/revisions"}],"predecessor-version":[{"id":1093,"href":"https:\/\/www.norsknum.org\/index.php?rest_route=\/wp\/v2\/pages\/1051\/revisions\/1093"}],"up":[{"embeddable":true,"href":"https:\/\/www.norsknum.org\/index.php?rest_route=\/wp\/v2\/pages\/42"}],"wp:attachment":[{"href":"https:\/\/www.norsknum.org\/index.php?rest_route=%2Fwp%2Fv2%2Fmedia&parent=1051"}],"curies":[{"name":"wp","href":"https:\/\/api.w.org\/{rel}","templated":true}]}}