{"id":1089,"date":"2017-08-15T21:03:37","date_gmt":"2017-08-15T19:03:37","guid":{"rendered":"http:\/\/www.norsknum.org\/?page_id=1089"},"modified":"2017-08-15T21:07:04","modified_gmt":"2017-08-15T19:07:04","slug":"auksjon-august-2017","status":"publish","type":"page","link":"https:\/\/www.norsknum.org\/?page_id=1089","title":{"rendered":"Auksjon August 2017"},"content":{"rendered":"<p>Medlemmer kan sende skriftlige bud til gunnar@oslomyntgalleri.no. Bud m\u00e5 v\u00e6re innsendt senest dagen f\u00f8r auksjonen.<\/p>\n<hr \/>\n<dl class=\"dl-horizontal\">\n<dt><\/dt>\n<dt><strong><strong>AUKSJON N.N.F. &#8211; Tirsdag 29. August 2017<\/strong><\/strong><\/dt>\n<\/dl>\n<table class=\"auksjonstabell\">\n<tbody>\n<tr>\n<td>Lot.<\/td>\n<td>Beskrivelse<\/td>\n<td>Utrop<\/td>\n<td>Hammerslag<\/td>\n<\/tr>\n<tr>\n<td>1<\/td>\n<td>Alfred Benzon: \u00abEfterladte M\u00f8ntsamling 1-5\u00bb. (K\u00f8benhavn 1888). Innbundet. L\u00f8s rygg<\/td>\n<td>300<\/td>\n<td><\/td>\n<\/tr>\n<tr>\n<td>2<\/td>\n<td>Herbert A. Cahn: \u00abDie M\u00fcnzen der Sizilischen Stadt Naxos\u00bb. Heftet<\/td>\n<td>300<\/td>\n<td><\/td>\n<\/tr>\n<tr>\n<td>3<\/td>\n<td>Sir A. Cunningham: \u00abCoins of Medi\u00e6val\u00bb. (Varanasi 1967). Innbundet<\/td>\n<td>50<\/td>\n<td><\/td>\n<\/tr>\n<tr>\n<td>4<\/td>\n<td>Clive Foss: \u00abRoman Historical Coins\u00bb (London 1990). Innbundet<\/td>\n<td>100<\/td>\n<td><\/td>\n<\/tr>\n<tr>\n<td>5<\/td>\n<td>Georg Galster: \u00abDanske og Norske Medailler og Jetons\u00bb. (K\u00f8benhavn 1936) Innbundet<\/td>\n<td>2000<\/td>\n<td><\/td>\n<\/tr>\n<tr>\n<td>6<\/td>\n<td>Emil Gl\u00fcckstadt: \u00abM\u00f8nt- og Medaillesamling\u00bb. (K\u00f8benhavn 1924). Innbundet<\/td>\n<td>400<\/td>\n<td><\/td>\n<\/tr>\n<tr>\n<td>7<\/td>\n<td>J.P.B. Grimsgaard: \u00abNorske Mynter og Medailler\u00bb. (K\u00f8benhavn 1889). Innbundet. Defekt<\/td>\n<td>500<\/td>\n<td><\/td>\n<\/tr>\n<tr>\n<td>8<\/td>\n<td>Joh. G. Guildal: \u00abSamling af Danske M\u00f8nter og Pengesedler\u00bb. (K\u00f8benhavn 1920). Innbundet<\/td>\n<td>1000<\/td>\n<td><\/td>\n<\/tr>\n<tr>\n<td>9<\/td>\n<td>C. A. Holmboe: \u00abGuldmynter og Guldbracteater fra Oldtiden\u00bb. (Christiania 1859). Heftet<\/td>\n<td>100<\/td>\n<td><\/td>\n<\/tr>\n<tr>\n<td>10<\/td>\n<td>Generalmajor v. Kreber: \u00abMynt- og Medaillesamling\u00bb. (K\u00f8benhavn 1841). Del.l. Innbundet<\/td>\n<td>1000<\/td>\n<td><\/td>\n<\/tr>\n<tr>\n<td>11<\/td>\n<td>H. H. Lynge: \u00ab Efterladte Samling etc.\u00bb. (K\u00d8benhavn 1899). Innbundet, men l\u00f8s rygg<\/td>\n<td>300<\/td>\n<td><\/td>\n<\/tr>\n<tr>\n<td>12<\/td>\n<td>Edgar J. Mandel: \u00abCast Coinage of Korea\u00bb. (Racine 1972). Innbundet<\/td>\n<td>50<\/td>\n<td><\/td>\n<\/tr>\n<tr>\n<td>13<\/td>\n<td>Harold Mattingly: \u00abRoman Coins\u00bb. (London 1928). Innbundet<\/td>\n<td>300<\/td>\n<td><\/td>\n<\/tr>\n<tr>\n<td>14<\/td>\n<td>Axel Nielsen: \u00abSpecier\u2014 Kroner\u2014 Kurant\u00bb. K\u00f8benhavn 1919. Innbundet<\/td>\n<td>300<\/td>\n<td><\/td>\n<\/tr>\n<tr>\n<td>15<\/td>\n<td>Norsk Numismatisk Forening: \u00abMyntsamlernytt 1932-1946\u00bb. Innbundet i 3 bind. Meget sjeldent, med mye interessant lesestoff<\/td>\n<td>8000<\/td>\n<td><\/td>\n<\/tr>\n<tr>\n<td>16<\/td>\n<td>Richard Plant: \u00abArabic coins and how to read them\u00bb. (London 1973). Innbundet<\/td>\n<td>50<\/td>\n<td><\/td>\n<\/tr>\n<tr>\n<td>17<\/td>\n<td>M. J. Price &amp; B. L. Trell: \u00abCoins and their cities\u00bb (London 1977). Innbundet<\/td>\n<td>100<\/td>\n<td><\/td>\n<\/tr>\n<tr>\n<td>18<\/td>\n<td>V. Ragoczy: \u00abFortegnelse over udvalgte M\u00f8nter og Medailler\u00bb. (K\u00f8benhavn 1959 og 1961). Innbundet i ett bind<\/td>\n<td>300<\/td>\n<td><\/td>\n<\/tr>\n<tr>\n<td>19<\/td>\n<td>R. Ratto: \u00abMonnaies Byzantines\u00bb. (Amsterdam 1959). Innbundet<\/td>\n<td>200<\/td>\n<td><\/td>\n<\/tr>\n<tr>\n<td>20<\/td>\n<td>O. Rygh: \u00abNorske Myntfund fra det niende Aarhundrede\u00bb. (1876). Innbundet<\/td>\n<td>100<\/td>\n<td><\/td>\n<\/tr>\n<tr>\n<td>21<\/td>\n<td>Bj\u00f8rn R. R\u00f8nning: \u00abNorges Mynter 1628-1873\u00bb. (Universitetsforlaget 1971). Innbundet<\/td>\n<td>200<\/td>\n<td><\/td>\n<\/tr>\n<tr>\n<td>22<\/td>\n<td>Bj\u00f8rn R. R\u00f8nning: \u00abNorges Mynter og Pengesedler etter 1874\u00bb. (Universitetsforlaget 1972)<\/td>\n<td>200<\/td>\n<td><\/td>\n<\/tr>\n<tr>\n<td>23<\/td>\n<td>C. l. Schive: \u00abOm et lidet Fund af Mynter fra 1 Ite Aarhundrede fra Stange paa Hedemarken\u00bb. (Christiania 1873). Innbundet<\/td>\n<td>200<\/td>\n<td><\/td>\n<\/tr>\n<tr>\n<td>24<\/td>\n<td>C. l. Schive: \u00abOm forholdet i Middelalderen mellom den norske Mark S\u00f8lv\u00bb. (Christiania 1876). Innbundet<\/td>\n<td>100<\/td>\n<td><\/td>\n<\/tr>\n<tr>\n<td>25<\/td>\n<td>Sotheby\u2022s: &#8220;Catalogue of The Bruun Collection of Coins. Part 1, British, Saxon and English&#8221;. (London 1925). Innbundet<\/td>\n<td>300<\/td>\n<td><\/td>\n<\/tr>\n<tr>\n<td>26<\/td>\n<td>S. W. Stevenson: &#8220;A dictionary of Roman coins&#8221;. (London 1964). Innbundet<\/td>\n<td>100<\/td>\n<td><\/td>\n<\/tr>\n<tr>\n<td>27<\/td>\n<td>C. H. V. Sutherland: \u00abCoinage in Roman Imperial Policy 31 B.C. \u2014 A.D. 68\u00bb ( London 1951). Innbundet<\/td>\n<td>100<\/td>\n<td><\/td>\n<\/tr>\n<tr>\n<td>28<\/td>\n<td>E. A. Sydenham: \u00abThe Roman Republican Coinage\u00bb. (London 1952). Innbundet<\/td>\n<td>300<\/td>\n<td><\/td>\n<\/tr>\n<tr>\n<td>29<\/td>\n<td>Rudi Thomsen: \u00abOldtidens Penge\u00bb. (\u00c5rhus 1994). Innbundet<\/td>\n<td>100<\/td>\n<td><\/td>\n<\/tr>\n<tr>\n<td>30<\/td>\n<td>J. Wilcke: \u00abChristian IVs M\u00f8ntpolitikk\u00bb. (K\u00f8benhavn 1919). Innbundet<\/td>\n<td>200<\/td>\n<td><\/td>\n<\/tr>\n<tr>\n<td>31<\/td>\n<td>J. Wilcke: \u00abM\u00f8ntvesenet under Christian IV og Frederik Ill i tidsrummet 1625-1670. (K\u00f8benhavn 1924). Innbundet<\/td>\n<td>200<\/td>\n<td><\/td>\n<\/tr>\n<tr>\n<td>32<\/td>\n<td>J. Wilcke: \u00abSpecie-, Kurant- og Rigsbankdaler 1788-1845\u00bb. (K\u00d8benhavn 1929). Innbundet<\/td>\n<td>200<\/td>\n<td><\/td>\n<\/tr>\n<tr>\n<td>33<\/td>\n<td>4 b\u00f8ker om antikke mynter<\/td>\n<td>200<\/td>\n<td><\/td>\n<\/tr>\n<tr>\n<td>34<\/td>\n<td>4 b\u00f8ker om greske mynter<\/td>\n<td>200<\/td>\n<td><\/td>\n<\/tr>\n<tr>\n<td>35<\/td>\n<td>Lot 3 stk. auksjonskataloger; Bj\u00f8rnstad 1934, Broge 1938 og Wellmann 1939. Heftet<\/td>\n<td>200<\/td>\n<td><\/td>\n<\/tr>\n<tr>\n<td>36<\/td>\n<td>Hornungs M\u00f8ntauktioner; 11 stk. ikke komplett<\/td>\n<td>50<\/td>\n<td><\/td>\n<\/tr>\n<tr>\n<td>37<\/td>\n<td>Adolph Hess, Frankfurt og Luzern; lot 8 stk. auksjonskataloger 1931-1937<\/td>\n<td>100<\/td>\n<td><\/td>\n<\/tr>\n<tr>\n<td>38<\/td>\n<td>Ott Helbing; lot 5 stk. auksjonskataloger 1903-1939 samt 1 stk. Meuss 1941<\/td>\n<td>100<\/td>\n<td><\/td>\n<\/tr>\n<tr>\n<td>39<\/td>\n<td>R. S. Yeoman: \u00abA catalog of Modern World Coins\u00bb Vol. 7, 8 og 9<\/td>\n<td>50<\/td>\n<td><\/td>\n<\/tr>\n<tr>\n<td>40<\/td>\n<td>2 b\u00f8ker om spanske mynter<\/td>\n<td>50<\/td>\n<td><\/td>\n<\/tr>\n<\/tbody>\n<\/table>\n<div class='sfsi_Sicons' style='width: 100%; display: inline-block; vertical-align: middle; text-align:left'><div style='margin:0px 8px 0px 0px; line-height: 24px'><span>F\u00f8lg og lik! =)<\/span><\/div><div class='sfsi_socialwpr'><div class='sf_subscrbe' style='text-align:left;vertical-align: middle;float:left;width:64px'><a href=\"http:\/\/www.specificfeeds.com\/widgets\/emailSubscribeEncFeed\/bzdLMEVQczltUDF5SThnYlJHcG9jRktNMFpMTjRGN1Z0bC92QTRKc25OSHVyNnpuV29SdXVKeitQbEx4WVAyYUFvam1MTm1naHlGc28rSDd3ajBPNk1Xc2RkVVZmWVNQdVlsQTU2ZThWa3pxRTNMbGxRd0tCenA1ZTZEaW1XNlZ8VU1TSXBhcURwV2RaeGxqSjZmOStHcHVSNXVpbVMrUnRnZTdDZjBoWTYvYz0=\/OA==\/\" target=\"_blank\"><img src=\"https:\/\/www.norsknum.org\/wp-content\/plugins\/ultimate-social-media-icons\/images\/follow_subscribe.png\" \/><\/a><\/div><div class='sf_fb' style='text-align:left;vertical-align: middle;width:98px'><div class=\"fb-like\" href=\"https:\/\/www.norsknum.org\/?page_id=1089\" width=\"180\" send=\"false\" showfaces=\"false\"  action=\"like\" data-share=\"true\"data-layout=\"button\" ><\/div><\/div><div class='sf_twiter' style='text-align:left;float:left;vertical-align: middle;width:auto'><a href=\"http:\/\/twitter.com\/share\" data-count=\"none\" class=\"sr-twitter-button twitter-share-button\" lang=\"en\" data-url=\"https:\/\/www.norsknum.org\/?page_id=1089\" data-text=\"Auksjon August 2017\" ><\/a><\/div><\/div><\/div>","protected":false},"excerpt":{"rendered":"<p>Medlemmer kan sende skriftlige bud til gunnar@oslomyntgalleri.no. Bud m\u00e5 v\u00e6re innsendt senest dagen f\u00f8r auksjonen. AUKSJON N.N.F. &#8211; Tirsdag 29. August 2017 Lot. Beskrivelse Utrop Hammerslag 1 Alfred Benzon: \u00abEfterladte M\u00f8ntsamling 1-5\u00bb. (K\u00f8benhavn 1888). Innbundet. L\u00f8s rygg 300 2 Herbert&hellip; <\/p>\n","protected":false},"author":1,"featured_media":0,"parent":42,"menu_order":0,"comment_status":"closed","ping_status":"closed","template":"","meta":[],"_links":{"self":[{"href":"https:\/\/www.norsknum.org\/index.php?rest_route=\/wp\/v2\/pages\/1089"}],"collection":[{"href":"https:\/\/www.norsknum.org\/index.php?rest_route=\/wp\/v2\/pages"}],"about":[{"href":"https:\/\/www.norsknum.org\/index.php?rest_route=\/wp\/v2\/types\/page"}],"author":[{"embeddable":true,"href":"https:\/\/www.norsknum.org\/index.php?rest_route=\/wp\/v2\/users\/1"}],"replies":[{"embeddable":true,"href":"https:\/\/www.norsknum.org\/index.php?rest_route=%2Fwp%2Fv2%2Fcomments&post=1089"}],"version-history":[{"count":3,"href":"https:\/\/www.norsknum.org\/index.php?rest_route=\/wp\/v2\/pages\/1089\/revisions"}],"predecessor-version":[{"id":1094,"href":"https:\/\/www.norsknum.org\/index.php?rest_route=\/wp\/v2\/pages\/1089\/revisions\/1094"}],"up":[{"embeddable":true,"href":"https:\/\/www.norsknum.org\/index.php?rest_route=\/wp\/v2\/pages\/42"}],"wp:attachment":[{"href":"https:\/\/www.norsknum.org\/index.php?rest_route=%2Fwp%2Fv2%2Fmedia&parent=1089"}],"curies":[{"name":"wp","href":"https:\/\/api.w.org\/{rel}","templated":true}]}}