{"id":1111,"date":"2017-11-21T19:36:53","date_gmt":"2017-11-21T18:36:53","guid":{"rendered":"http:\/\/www.norsknum.org\/?page_id=1111"},"modified":"2017-11-21T19:36:53","modified_gmt":"2017-11-21T18:36:53","slug":"auksjon-november-2017","status":"publish","type":"page","link":"https:\/\/www.norsknum.org\/?page_id=1111","title":{"rendered":"Auksjon November 2017"},"content":{"rendered":"<p>Medlemmer kan sende skriftlige bud til gunnar@oslomyntgalleri.no. Bud m\u00e5 v\u00e6re innsendt senest dagen f\u00f8r auksjonen.<\/p>\n<hr \/>\n<dl class=\"dl-horizontal\">\n<dt><\/dt>\n<dt><strong><strong>AUKSJON N.N.F. &#8211; Tirsdag 28. November 2017<\/strong><\/strong><\/dt>\n<\/dl>\n<table class=\"auksjonstabell\">\n<tbody>\n<tr>\n<td>Lot.<\/td>\n<td>Beskrivelse<\/td>\n<td>Ref.<\/td>\n<td>Kval.<\/td>\n<td>Utrop<\/td>\n<td>Hammerslag<\/td>\n<\/tr>\n<tr>\n<td>1<\/td>\n<td>Makedonia, Edessa, Gordian III. \u00c623<\/td>\n<td>Varb.3674<\/td>\n<td>1\/1+<\/td>\n<td>250<\/td>\n<td><\/td>\n<\/tr>\n<tr>\n<td>2<\/td>\n<td>Moesia, Viminacium, Philip I., \u00c628, \u00e5r 5<\/td>\n<td>S 3874 var<\/td>\n<td>1+<\/td>\n<td>200<\/td>\n<td><\/td>\n<\/tr>\n<tr>\n<td>3<\/td>\n<td>Moesia, Marcianopolis, Sept. Sev. &amp; Julia D. \u00c625<\/td>\n<td>SNG Cop 215<\/td>\n<td>1<\/td>\n<td>200<\/td>\n<td><\/td>\n<\/tr>\n<tr>\n<td>4<\/td>\n<td>Moesia, Callatis, Gordian III., \u00c625, KS<\/td>\n<td>Varb 355<\/td>\n<td>1<\/td>\n<td>150<\/td>\n<td><\/td>\n<\/tr>\n<tr>\n<td>5<\/td>\n<td>Moesia, Marcianopolis, Sept. Sev. \u00c625<\/td>\n<td>Varb 844<\/td>\n<td>1<\/td>\n<td>250<\/td>\n<td><\/td>\n<\/tr>\n<tr>\n<td>6<\/td>\n<td>Thrakia, Serdien, Geta \u00c6 28<\/td>\n<td>Varb 2558<\/td>\n<td>1-<\/td>\n<td>300<\/td>\n<td><\/td>\n<\/tr>\n<tr>\n<td>7<\/td>\n<td>Pontus, Amisos \u00c6 30<\/td>\n<td>S.3637 var<\/td>\n<td>1<\/td>\n<td>300<\/td>\n<td><\/td>\n<\/tr>\n<tr>\n<td>8<\/td>\n<td>Ionia, Metropolis, Ot.Severa \u00c6 25<\/td>\n<td>BMC 25<\/td>\n<td>1<\/td>\n<td>200<\/td>\n<td><\/td>\n<\/tr>\n<tr>\n<td>9<\/td>\n<td>Phoenicia, Marathos, \u00c622<\/td>\n<td>S 6037<\/td>\n<td>1\/1-<\/td>\n<td>100<\/td>\n<td><\/td>\n<\/tr>\n<tr>\n<td>10<\/td>\n<td>Arabia, Bostra, Julia Maniae \u00c619<\/td>\n<td>S 3482<\/td>\n<td>1<\/td>\n<td>150<\/td>\n<td><\/td>\n<\/tr>\n<tr>\n<td>11<\/td>\n<td>Alexandria, Aurelian Tetradrachm \u00e5r 5,<\/td>\n<td>K\u00f8ln 3087<\/td>\n<td>1\/1-<\/td>\n<td>100<\/td>\n<td><\/td>\n<\/tr>\n<tr>\n<td>12<\/td>\n<td>Rom, Semis 211-06 f.kv.<\/td>\n<td>S 766<\/td>\n<td>1-<\/td>\n<td>150<\/td>\n<td><\/td>\n<\/tr>\n<tr>\n<td>13<\/td>\n<td>Rom,Vespasian As<\/td>\n<td>S 2346var<\/td>\n<td>1\/1+<\/td>\n<td>400<\/td>\n<td><\/td>\n<\/tr>\n<tr>\n<td>14<\/td>\n<td>Rom,Trajan As<\/td>\n<td>S 3228<\/td>\n<td>1+<\/td>\n<td>700<\/td>\n<td><\/td>\n<\/tr>\n<tr>\n<td>15<\/td>\n<td>Rom, August Dupondius<\/td>\n<td>S1730<\/td>\n<td>1<\/td>\n<td>600<\/td>\n<td><\/td>\n<\/tr>\n<tr>\n<td>16<\/td>\n<td>Rom,Sept. Severus Denar<\/td>\n<td>S.6348<\/td>\n<td>1+<\/td>\n<td>300<\/td>\n<td><\/td>\n<\/tr>\n<tr>\n<td>17<\/td>\n<td>Rom,Sept. Severus As<\/td>\n<td>S.6470<\/td>\n<td>1-<\/td>\n<td>100<\/td>\n<td><\/td>\n<\/tr>\n<tr>\n<td>18<\/td>\n<td>Rom,Philip II. Sesterts<\/td>\n<td>S.9251<\/td>\n<td>1\/1+<\/td>\n<td>200<\/td>\n<td><\/td>\n<\/tr>\n<tr>\n<td>19<\/td>\n<td>Rom,Postumus Antoninian<\/td>\n<td>S.10967<\/td>\n<td>1+<\/td>\n<td>150<\/td>\n<td><\/td>\n<\/tr>\n<tr>\n<td>20<\/td>\n<td>Rom, Postumus, 2 sesterts<\/td>\n<td>S.11065<\/td>\n<td>1\/1-<\/td>\n<td>600<\/td>\n<td><\/td>\n<\/tr>\n<tr>\n<td>21<\/td>\n<td>Rom, Postumus, 2 sesterts 26 mm<\/td>\n<td>S.11049<\/td>\n<td>1-<\/td>\n<td>200<\/td>\n<td><\/td>\n<\/tr>\n<tr>\n<td>22<\/td>\n<td>Rom, Aurelian, antoninian<\/td>\n<td>S.11593<\/td>\n<td>1<\/td>\n<td>1000<\/td>\n<td><\/td>\n<\/tr>\n<tr>\n<td>23<\/td>\n<td>Rom, Probus,antoninian<\/td>\n<td>S.12015<\/td>\n<td>1<\/td>\n<td>400<\/td>\n<td><\/td>\n<\/tr>\n<tr>\n<td>24<\/td>\n<td>Rom, Maxentius Follis<\/td>\n<td>S.14999<\/td>\n<td>1<\/td>\n<td>150<\/td>\n<td><\/td>\n<\/tr>\n<tr>\n<td>25<\/td>\n<td>Rom, Crispus \u00c63<\/td>\n<td>S.16772<\/td>\n<td>1<\/td>\n<td>200<\/td>\n<td><\/td>\n<\/tr>\n<tr>\n<td>26<\/td>\n<td>Bysants, Anastasius Follis<\/td>\n<td>S.19<\/td>\n<td>1<\/td>\n<td>80<\/td>\n<td><\/td>\n<\/tr>\n<tr>\n<td>27<\/td>\n<td>Visigoth,Pseudoimperial Justin I. Tremiss, mont. Spor<\/td>\n<td>MEC 186var<\/td>\n<td>1\/1+<\/td>\n<td>1000<\/td>\n<td><\/td>\n<\/tr>\n<tr>\n<td>28<\/td>\n<td>Achaea (Kopsfareve),Isabelle Denier<\/td>\n<td>M15a<\/td>\n<td>1\/1+<\/td>\n<td>200<\/td>\n<td><\/td>\n<\/tr>\n<tr>\n<td>29<\/td>\n<td>Norge 2 \u00f8re 1876,99 (2)<\/td>\n<td><\/td>\n<td>1\/1+<\/td>\n<td>40<\/td>\n<td><\/td>\n<\/tr>\n<tr>\n<td>30<\/td>\n<td>Norge 17.mai medalje 1948<\/td>\n<td>JA81a<\/td>\n<td>1<\/td>\n<td>75<\/td>\n<td><\/td>\n<\/tr>\n<tr>\n<td>31<\/td>\n<td>Danmark 2 kr 1906 jub<\/td>\n<td><\/td>\n<td>1+<\/td>\n<td>80<\/td>\n<td><\/td>\n<\/tr>\n<tr>\n<td>32<\/td>\n<td>England Norwick penny token 1792<\/td>\n<td><\/td>\n<td>1<\/td>\n<td>80<\/td>\n<td><\/td>\n<\/tr>\n<tr>\n<td>33<\/td>\n<td>Irland 1\/2 crown 1964<\/td>\n<td><\/td>\n<td>0<\/td>\n<td>60<\/td>\n<td><\/td>\n<\/tr>\n<tr>\n<td>34<\/td>\n<td>Latvia 50 sant 1922, 1 lats 1924, 2 lats 1925<\/td>\n<td><\/td>\n<td>1+\/01<\/td>\n<td>60<\/td>\n<td><\/td>\n<\/tr>\n<tr>\n<td>35<\/td>\n<td>Russland 10 kop 1884, 5 kop 1893<\/td>\n<td><\/td>\n<td>1+<\/td>\n<td>60<\/td>\n<td><\/td>\n<\/tr>\n<tr>\n<td>36<\/td>\n<td>Sovjet 15 kop 1923,15 kop 1930, 10 kop 1930<\/td>\n<td><\/td>\n<td>1+<\/td>\n<td>80<\/td>\n<td><\/td>\n<\/tr>\n<tr>\n<td>37<\/td>\n<td>Diverse land lot 8 eldre kobbermynt<\/td>\n<td><\/td>\n<td>1\/1+<\/td>\n<td>60<\/td>\n<td><\/td>\n<\/tr>\n<tr>\n<td>38<\/td>\n<td>Omayad, arab-bysantisk Falus ca 670, Baalbek<\/td>\n<td>Syll Pshm584<\/td>\n<td>1\/1+<\/td>\n<td>200<\/td>\n<td><\/td>\n<\/tr>\n<tr>\n<td>39<\/td>\n<td>Omayad, anonym dirham AH 95 (714),Wasit<\/td>\n<td>W 297<\/td>\n<td>1+<\/td>\n<td>200<\/td>\n<td><\/td>\n<\/tr>\n<tr>\n<td>40<\/td>\n<td>Ayubid, Salah 1172-93 dirham, Damascus<\/td>\n<td>W891<\/td>\n<td>1<\/td>\n<td>100<\/td>\n<td><\/td>\n<\/tr>\n<tr>\n<td>41<\/td>\n<td>Muzaffarid Persia, Shah Shuja 2 dinar 771 (1370),Shiraz<\/td>\n<td>Zeno28551<\/td>\n<td>1\/1+<\/td>\n<td>100<\/td>\n<td><\/td>\n<\/tr>\n<tr>\n<td>42<\/td>\n<td>Timurid Persia, Husayn 1469-1506 Tanka, Astarubad<\/td>\n<td>Alb2432-3<\/td>\n<td>1<\/td>\n<td>300<\/td>\n<td><\/td>\n<\/tr>\n<tr>\n<td>43<\/td>\n<td>Persia,Tamasp 1524-26 Shahi, Herat<\/td>\n<td>Far28-4<\/td>\n<td>1\/1+<\/td>\n<td>120<\/td>\n<td><\/td>\n<\/tr>\n<tr>\n<td>44<\/td>\n<td>Vest Satrap India, Rudrasena III. Drachm<\/td>\n<td>P863<\/td>\n<td>1+<\/td>\n<td>200<\/td>\n<td><\/td>\n<\/tr>\n<tr>\n<td>45<\/td>\n<td>Gupta India, Kumargupta Drachm<\/td>\n<td>M4845+<\/td>\n<td>1+<\/td>\n<td>300<\/td>\n<td><\/td>\n<\/tr>\n<tr>\n<td>46<\/td>\n<td>Dehli, Mahmud 1246-66 Tanka<\/td>\n<td>GG137<\/td>\n<td>1\/1+<\/td>\n<td>100<\/td>\n<td><\/td>\n<\/tr>\n<tr>\n<td>47<\/td>\n<td>Kina, 1.\u00e5rh. WuZhu cash<\/td>\n<td>DH10.2<\/td>\n<td>1<\/td>\n<td>80<\/td>\n<td><\/td>\n<\/tr>\n<tr>\n<td>48<\/td>\n<td>Kina, Hui Tsung, 2 cash<\/td>\n<td>S.659<\/td>\n<td>1+<\/td>\n<td>60<\/td>\n<td><\/td>\n<\/tr>\n<tr>\n<td>49<\/td>\n<td>Kina, lot 12 stk cash<\/td>\n<td><\/td>\n<td>VK<\/td>\n<td>100<\/td>\n<td><\/td>\n<\/tr>\n<tr>\n<td>50<\/td>\n<td>Kina, lot 12 stk cash<\/td>\n<td><\/td>\n<td>VK<\/td>\n<td>100<\/td>\n<td><\/td>\n<\/tr>\n<\/tbody>\n<\/table>\n<div class='sfsi_Sicons' style='width: 100%; display: inline-block; vertical-align: middle; text-align:left'><div style='margin:0px 8px 0px 0px; line-height: 24px'><span>F\u00f8lg og lik! =)<\/span><\/div><div class='sfsi_socialwpr'><div class='sf_subscrbe' style='text-align:left;vertical-align: middle;float:left;width:64px'><a href=\"http:\/\/www.specificfeeds.com\/widgets\/emailSubscribeEncFeed\/bzdLMEVQczltUDF5SThnYlJHcG9jRktNMFpMTjRGN1Z0bC92QTRKc25OSHVyNnpuV29SdXVKeitQbEx4WVAyYUFvam1MTm1naHlGc28rSDd3ajBPNk1Xc2RkVVZmWVNQdVlsQTU2ZThWa3pxRTNMbGxRd0tCenA1ZTZEaW1XNlZ8VU1TSXBhcURwV2RaeGxqSjZmOStHcHVSNXVpbVMrUnRnZTdDZjBoWTYvYz0=\/OA==\/\" target=\"_blank\"><img src=\"https:\/\/www.norsknum.org\/wp-content\/plugins\/ultimate-social-media-icons\/images\/follow_subscribe.png\" \/><\/a><\/div><div class='sf_fb' style='text-align:left;vertical-align: middle;width:98px'><div class=\"fb-like\" href=\"https:\/\/www.norsknum.org\/?page_id=1111\" width=\"180\" send=\"false\" showfaces=\"false\"  action=\"like\" data-share=\"true\"data-layout=\"button\" ><\/div><\/div><div class='sf_twiter' style='text-align:left;float:left;vertical-align: middle;width:auto'><a href=\"http:\/\/twitter.com\/share\" data-count=\"none\" class=\"sr-twitter-button twitter-share-button\" lang=\"en\" data-url=\"https:\/\/www.norsknum.org\/?page_id=1111\" data-text=\"Auksjon November 2017\" ><\/a><\/div><\/div><\/div>","protected":false},"excerpt":{"rendered":"<p>Medlemmer kan sende skriftlige bud til gunnar@oslomyntgalleri.no. Bud m\u00e5 v\u00e6re innsendt senest dagen f\u00f8r auksjonen. AUKSJON N.N.F. &#8211; Tirsdag 28. November 2017 Lot. Beskrivelse Ref. Kval. Utrop Hammerslag 1 Makedonia, Edessa, Gordian III. \u00c623 Varb.3674 1\/1+ 250 2 Moesia, Viminacium,&hellip; <\/p>\n","protected":false},"author":1,"featured_media":0,"parent":42,"menu_order":0,"comment_status":"closed","ping_status":"closed","template":"","meta":[],"_links":{"self":[{"href":"https:\/\/www.norsknum.org\/index.php?rest_route=\/wp\/v2\/pages\/1111"}],"collection":[{"href":"https:\/\/www.norsknum.org\/index.php?rest_route=\/wp\/v2\/pages"}],"about":[{"href":"https:\/\/www.norsknum.org\/index.php?rest_route=\/wp\/v2\/types\/page"}],"author":[{"embeddable":true,"href":"https:\/\/www.norsknum.org\/index.php?rest_route=\/wp\/v2\/users\/1"}],"replies":[{"embeddable":true,"href":"https:\/\/www.norsknum.org\/index.php?rest_route=%2Fwp%2Fv2%2Fcomments&post=1111"}],"version-history":[{"count":1,"href":"https:\/\/www.norsknum.org\/index.php?rest_route=\/wp\/v2\/pages\/1111\/revisions"}],"predecessor-version":[{"id":1112,"href":"https:\/\/www.norsknum.org\/index.php?rest_route=\/wp\/v2\/pages\/1111\/revisions\/1112"}],"up":[{"embeddable":true,"href":"https:\/\/www.norsknum.org\/index.php?rest_route=\/wp\/v2\/pages\/42"}],"wp:attachment":[{"href":"https:\/\/www.norsknum.org\/index.php?rest_route=%2Fwp%2Fv2%2Fmedia&parent=1111"}],"curies":[{"name":"wp","href":"https:\/\/api.w.org\/{rel}","templated":true}]}}