{"id":1186,"date":"2018-01-24T07:59:29","date_gmt":"2018-01-24T06:59:29","guid":{"rendered":"http:\/\/www.norsknum.org\/?page_id=1186"},"modified":"2018-01-24T07:59:29","modified_gmt":"2018-01-24T06:59:29","slug":"auksjon-januar-2018","status":"publish","type":"page","link":"https:\/\/www.norsknum.org\/?page_id=1186","title":{"rendered":"Auksjon Januar 2018"},"content":{"rendered":"<p>Medlemmer kan sende skriftlige bud til gunnar@oslomyntgalleri.no. Bud m\u00e5 v\u00e6re innsendt senest dagen f\u00f8r auksjonen.<\/p>\n<hr \/>\n<dl class=\"dl-horizontal\">\n<dt><\/dt>\n<dt><strong><strong>AUKSJON N.N.F. &#8211; Tirsdag 30. Januar 2018<\/strong><\/strong><\/dt>\n<\/dl>\n<table class=\"auksjonstabell\">\n<tbody>\n<tr>\n<td>Lot.<\/td>\n<td>Beskrivelse<\/td>\n<td>Ref.<\/td>\n<td>Kval.<\/td>\n<td>Utrop<\/td>\n<td>Hammerslag<\/td>\n<\/tr>\n<tr>\n<td>1<\/td>\n<td>Boeotia, Thespiai \u00c6 14<\/td>\n<td>S2461<\/td>\n<td>1\/1+<\/td>\n<td>120<\/td>\n<td><\/td>\n<\/tr>\n<tr>\n<td>2<\/td>\n<td>Thessaly forbund \u00c6 18<\/td>\n<td>S2238<\/td>\n<td>1\/1+<\/td>\n<td>100<\/td>\n<td><\/td>\n<\/tr>\n<tr>\n<td>3<\/td>\n<td>Makedonia, Pella, Gordian III. \u00c6 24<\/td>\n<td>S3640var<\/td>\n<td>1<\/td>\n<td>300<\/td>\n<td><\/td>\n<\/tr>\n<tr>\n<td>4<\/td>\n<td>Thrakis, Serdica,Caracalla \u00c6 29<\/td>\n<td>Varb2326var<\/td>\n<td>1<\/td>\n<td>300<\/td>\n<td><\/td>\n<\/tr>\n<tr>\n<td>5<\/td>\n<td>Moesia,Callatis, Philip I. \u00c6 26<\/td>\n<td><\/td>\n<td>1<\/td>\n<td>200<\/td>\n<td><\/td>\n<\/tr>\n<tr>\n<td>6<\/td>\n<td>Thrakia,Philippopolis,Ant.Pius \u00c6 20<\/td>\n<td>Varb763<\/td>\n<td>1+<\/td>\n<td>200<\/td>\n<td><\/td>\n<\/tr>\n<tr>\n<td>7<\/td>\n<td>Pisidia,Antiochia,Trajan Decius \u00c6 23<\/td>\n<td>S 4193var<\/td>\n<td>1<\/td>\n<td>150<\/td>\n<td><\/td>\n<\/tr>\n<tr>\n<td>8<\/td>\n<td>Phoenicia,Marthus \u00c620<\/td>\n<td>S 6034<\/td>\n<td>1+<\/td>\n<td>150<\/td>\n<td><\/td>\n<\/tr>\n<tr>\n<td>9<\/td>\n<td>Syria,Antiochia,Ant.Pius \u00c6 22<\/td>\n<td>S1495<\/td>\n<td>1\/1-<\/td>\n<td>80<\/td>\n<td><\/td>\n<\/tr>\n<tr>\n<td>10<\/td>\n<td>Syria,Damascus,Julia Domna \u00c6 26<\/td>\n<td>S2452<\/td>\n<td>1\/1-<\/td>\n<td>200<\/td>\n<td><\/td>\n<\/tr>\n<tr>\n<td>11<\/td>\n<td>Indo Scythia,Azes II. Hexachalkon<\/td>\n<td>M2374+<\/td>\n<td>1-<\/td>\n<td>70<\/td>\n<td><\/td>\n<\/tr>\n<tr>\n<td>12<\/td>\n<td>Rom,Claudius Quadrans<\/td>\n<td>S1863var<\/td>\n<td>1+<\/td>\n<td>600<\/td>\n<td><\/td>\n<\/tr>\n<tr>\n<td>13<\/td>\n<td>Rom, Ant. Pius dupondius<\/td>\n<td>S4288var<\/td>\n<td>1\/1-<\/td>\n<td>100<\/td>\n<td><\/td>\n<\/tr>\n<tr>\n<td>14<\/td>\n<td>Rom,Marcus Aurelius \u00c6as<\/td>\n<td>S4833<\/td>\n<td>1+<\/td>\n<td>600<\/td>\n<td><\/td>\n<\/tr>\n<tr>\n<td>15<\/td>\n<td>Rom,Geta denar<\/td>\n<td>S7186<\/td>\n<td>1+<\/td>\n<td>300<\/td>\n<td><\/td>\n<\/tr>\n<tr>\n<td>16<\/td>\n<td>Rom,Gordian III. Sesterts<\/td>\n<td>S8713<\/td>\n<td>1\/1+<\/td>\n<td>400<\/td>\n<td><\/td>\n<\/tr>\n<tr>\n<td>17<\/td>\n<td>Rom, Treb Gallus antoninian<\/td>\n<td>S9636<\/td>\n<td>1+\/01<\/td>\n<td>400<\/td>\n<td><\/td>\n<\/tr>\n<tr>\n<td>18<\/td>\n<td>Rom, Salonina antoninian<\/td>\n<td>S10630<\/td>\n<td>1+\/01<\/td>\n<td>400<\/td>\n<td><\/td>\n<\/tr>\n<tr>\n<td>19<\/td>\n<td>Rom, Quietus antoninian<\/td>\n<td>S10827<\/td>\n<td>1<\/td>\n<td>300<\/td>\n<td><\/td>\n<\/tr>\n<tr>\n<td>20<\/td>\n<td>Rom, Postumus antoninian<\/td>\n<td>S10967<\/td>\n<td>1<\/td>\n<td>300<\/td>\n<td><\/td>\n<\/tr>\n<tr>\n<td>21<\/td>\n<td>Rom, Postumus 2 sesterts 22mm<\/td>\n<td>S11040<\/td>\n<td>1<\/td>\n<td>200<\/td>\n<td><\/td>\n<\/tr>\n<tr>\n<td>22<\/td>\n<td>Rom,Gallienus antoninian<\/td>\n<td>S10378<\/td>\n<td>1\/1+<\/td>\n<td>200<\/td>\n<td><\/td>\n<\/tr>\n<tr>\n<td>23<\/td>\n<td>Rom, Crispus \u00c6 3<\/td>\n<td>S16772<\/td>\n<td>1<\/td>\n<td>200<\/td>\n<td><\/td>\n<\/tr>\n<tr>\n<td>24<\/td>\n<td>Rom, Constantin II. \u00c6 3<\/td>\n<td>S17131<\/td>\n<td>1<\/td>\n<td>200<\/td>\n<td><\/td>\n<\/tr>\n<tr>\n<td>25<\/td>\n<td>Rom, lot 3 mynt 3.\u00e5rh<\/td>\n<td><\/td>\n<td>.2-3<\/td>\n<td>50<\/td>\n<td><\/td>\n<\/tr>\n<tr>\n<td>26<\/td>\n<td>Norge 10 \u00f8re 1909,11,12,13<\/td>\n<td><\/td>\n<td>VK<\/td>\n<td>200<\/td>\n<td><\/td>\n<\/tr>\n<tr>\n<td>27<\/td>\n<td>Norge 100 kroner 2001,Nobel<\/td>\n<td><\/td>\n<td>0<\/td>\n<td>300<\/td>\n<td><\/td>\n<\/tr>\n<tr>\n<td>28<\/td>\n<td>Sverige 2 \u00f8re 1861<\/td>\n<td>KM491<\/td>\n<td>1+<\/td>\n<td>40<\/td>\n<td><\/td>\n<\/tr>\n<tr>\n<td>29<\/td>\n<td>Sverige 5 \u00f8re 1873<\/td>\n<td><\/td>\n<td>1+<\/td>\n<td>100<\/td>\n<td><\/td>\n<\/tr>\n<tr>\n<td>30<\/td>\n<td>Mecklenburg Hohlpfennig ca 1400<\/td>\n<td>Oe183<\/td>\n<td>1,KS<\/td>\n<td>100<\/td>\n<td><\/td>\n<\/tr>\n<tr>\n<td>31<\/td>\n<td>Tyskland Lot 5 sm\u00e5mynt 1874-1934<\/td>\n<td><\/td>\n<td>VK<\/td>\n<td>40<\/td>\n<td><\/td>\n<\/tr>\n<tr>\n<td>32<\/td>\n<td>Russland 20kop 1886,15kop1861,63 (3)<\/td>\n<td><\/td>\n<td>1+<\/td>\n<td>100<\/td>\n<td><\/td>\n<\/tr>\n<tr>\n<td>33<\/td>\n<td>Russland Lot 10 kobbermynt 1837-58<\/td>\n<td><\/td>\n<td>VK<\/td>\n<td>100<\/td>\n<td><\/td>\n<\/tr>\n<tr>\n<td>34<\/td>\n<td>Sovjet 1\/2 kopek 1925<\/td>\n<td><\/td>\n<td>1+\/01<\/td>\n<td>200<\/td>\n<td><\/td>\n<\/tr>\n<tr>\n<td>35<\/td>\n<td>Sovjet rubel 1921<\/td>\n<td><\/td>\n<td>1+<\/td>\n<td>200<\/td>\n<td><\/td>\n<\/tr>\n<tr>\n<td>36<\/td>\n<td>\u00d8sterrike, Ottokar 1251-76 pfennig<\/td>\n<td>LU82<\/td>\n<td>1\/1+<\/td>\n<td>100<\/td>\n<td><\/td>\n<\/tr>\n<tr>\n<td>37<\/td>\n<td>Spania, 17.\u00e5rh Lot 3 stk kontramerket \u00c6<\/td>\n<td><\/td>\n<td>VK<\/td>\n<td>100<\/td>\n<td><\/td>\n<\/tr>\n<tr>\n<td>38<\/td>\n<td>Umayyad anonym dirham AH 96(715),Wasit<\/td>\n<td>W297<\/td>\n<td>1+<\/td>\n<td>200<\/td>\n<td><\/td>\n<\/tr>\n<tr>\n<td>39<\/td>\n<td>Seljuks Rum, Kai Khusraw III. Dirham AH670,Siwas<\/td>\n<td>Ahb1232<\/td>\n<td>1<\/td>\n<td>150<\/td>\n<td><\/td>\n<\/tr>\n<tr>\n<td>40<\/td>\n<td>Muzafarid Persia,Shah Shuja 2 dinar,Kirman<\/td>\n<td>Zeno26368<\/td>\n<td>1\/1+<\/td>\n<td>100<\/td>\n<td><\/td>\n<\/tr>\n<tr>\n<td>41<\/td>\n<td>Timurid Persia,Husayn 1469-1506 Tanka,Herat<\/td>\n<td>Alb2432-3<\/td>\n<td>1<\/td>\n<td>300<\/td>\n<td><\/td>\n<\/tr>\n<tr>\n<td>42<\/td>\n<td>Persia,Tamasp 1524-76 Shahi,Meshad<\/td>\n<td>M2045<\/td>\n<td>1<\/td>\n<td>120<\/td>\n<td><\/td>\n<\/tr>\n<tr>\n<td>43<\/td>\n<td>Kushan India,Vima Kadphises tetradrachm<\/td>\n<td>G762<\/td>\n<td>1\/1-<\/td>\n<td>100<\/td>\n<td><\/td>\n<\/tr>\n<tr>\n<td>44<\/td>\n<td>Vest Satrap India,Visvasena drachm<\/td>\n<td>P680<\/td>\n<td>1<\/td>\n<td>150<\/td>\n<td><\/td>\n<\/tr>\n<tr>\n<td>45<\/td>\n<td>Gupta India,Kumaragupta drachm<\/td>\n<td>M4845+<\/td>\n<td>1+<\/td>\n<td>300<\/td>\n<td><\/td>\n<\/tr>\n<tr>\n<td>46<\/td>\n<td>Gujarat Chaulakyas anonym drachm ca 1120-1210<\/td>\n<td>Dey159<\/td>\n<td>1+<\/td>\n<td>200<\/td>\n<td><\/td>\n<\/tr>\n<tr>\n<td>47<\/td>\n<td>Dehli,Balban 1266-87 Tanka<\/td>\n<td>GG158<\/td>\n<td>1+<\/td>\n<td>100<\/td>\n<td><\/td>\n<\/tr>\n<tr>\n<td>48<\/td>\n<td>Kina, S\u00f8r Sung, Xiao Zong 2 cah jern \u00e5r 15<\/td>\n<td>S 752<\/td>\n<td>1<\/td>\n<td>80<\/td>\n<td><\/td>\n<\/tr>\n<tr>\n<td>49<\/td>\n<td>Kina, Ming dyn Lot 2 stk. cash<\/td>\n<td>S 1134,1166<\/td>\n<td>1+<\/td>\n<td>60<\/td>\n<td><\/td>\n<\/tr>\n<tr>\n<td>50<\/td>\n<td>Kina, Ming dyn oppr\u00f8r, Wu San-knei Cash<\/td>\n<td>KM185<\/td>\n<td>1+<\/td>\n<td>50<\/td>\n<td><\/td>\n<\/tr>\n<\/tbody>\n<\/table>\n<div class='sfsi_Sicons' style='width: 100%; display: inline-block; vertical-align: middle; text-align:left'><div style='margin:0px 8px 0px 0px; line-height: 24px'><span>F\u00f8lg og lik! =)<\/span><\/div><div class='sfsi_socialwpr'><div class='sf_subscrbe' style='text-align:left;vertical-align: middle;float:left;width:64px'><a href=\"http:\/\/www.specificfeeds.com\/widgets\/emailSubscribeEncFeed\/bzdLMEVQczltUDF5SThnYlJHcG9jRktNMFpMTjRGN1Z0bC92QTRKc25OSHVyNnpuV29SdXVKeitQbEx4WVAyYUFvam1MTm1naHlGc28rSDd3ajBPNk1Xc2RkVVZmWVNQdVlsQTU2ZThWa3pxRTNMbGxRd0tCenA1ZTZEaW1XNlZ8VU1TSXBhcURwV2RaeGxqSjZmOStHcHVSNXVpbVMrUnRnZTdDZjBoWTYvYz0=\/OA==\/\" target=\"_blank\"><img src=\"https:\/\/www.norsknum.org\/wp-content\/plugins\/ultimate-social-media-icons\/images\/follow_subscribe.png\" \/><\/a><\/div><div class='sf_fb' style='text-align:left;vertical-align: middle;width:98px'><div class=\"fb-like\" href=\"https:\/\/www.norsknum.org\/?page_id=1186\" width=\"180\" send=\"false\" showfaces=\"false\"  action=\"like\" data-share=\"true\"data-layout=\"button\" ><\/div><\/div><div class='sf_twiter' style='text-align:left;float:left;vertical-align: middle;width:auto'><a href=\"http:\/\/twitter.com\/share\" data-count=\"none\" class=\"sr-twitter-button twitter-share-button\" lang=\"en\" data-url=\"https:\/\/www.norsknum.org\/?page_id=1186\" data-text=\"Auksjon Januar 2018\" ><\/a><\/div><\/div><\/div>","protected":false},"excerpt":{"rendered":"<p>Medlemmer kan sende skriftlige bud til gunnar@oslomyntgalleri.no. Bud m\u00e5 v\u00e6re innsendt senest dagen f\u00f8r auksjonen. AUKSJON N.N.F. &#8211; Tirsdag 30. Januar 2018 Lot. Beskrivelse Ref. Kval. Utrop Hammerslag 1 Boeotia, Thespiai \u00c6 14 S2461 1\/1+ 120 2 Thessaly forbund \u00c6&hellip; <\/p>\n","protected":false},"author":1,"featured_media":0,"parent":42,"menu_order":0,"comment_status":"closed","ping_status":"closed","template":"","meta":[],"_links":{"self":[{"href":"https:\/\/www.norsknum.org\/index.php?rest_route=\/wp\/v2\/pages\/1186"}],"collection":[{"href":"https:\/\/www.norsknum.org\/index.php?rest_route=\/wp\/v2\/pages"}],"about":[{"href":"https:\/\/www.norsknum.org\/index.php?rest_route=\/wp\/v2\/types\/page"}],"author":[{"embeddable":true,"href":"https:\/\/www.norsknum.org\/index.php?rest_route=\/wp\/v2\/users\/1"}],"replies":[{"embeddable":true,"href":"https:\/\/www.norsknum.org\/index.php?rest_route=%2Fwp%2Fv2%2Fcomments&post=1186"}],"version-history":[{"count":1,"href":"https:\/\/www.norsknum.org\/index.php?rest_route=\/wp\/v2\/pages\/1186\/revisions"}],"predecessor-version":[{"id":1187,"href":"https:\/\/www.norsknum.org\/index.php?rest_route=\/wp\/v2\/pages\/1186\/revisions\/1187"}],"up":[{"embeddable":true,"href":"https:\/\/www.norsknum.org\/index.php?rest_route=\/wp\/v2\/pages\/42"}],"wp:attachment":[{"href":"https:\/\/www.norsknum.org\/index.php?rest_route=%2Fwp%2Fv2%2Fmedia&parent=1186"}],"curies":[{"name":"wp","href":"https:\/\/api.w.org\/{rel}","templated":true}]}}