{"id":1207,"date":"2018-02-13T07:54:21","date_gmt":"2018-02-13T06:54:21","guid":{"rendered":"http:\/\/www.norsknum.org\/?page_id=1207"},"modified":"2018-02-13T07:54:21","modified_gmt":"2018-02-13T06:54:21","slug":"auksjon-februar-2018","status":"publish","type":"page","link":"https:\/\/www.norsknum.org\/?page_id=1207","title":{"rendered":"Auksjon Februar 2018"},"content":{"rendered":"<p>Medlemmer kan sende skriftlige bud til gunnar@oslomyntgalleri.no. Bud m\u00e5 v\u00e6re innsendt senest dagen f\u00f8r auksjonen.<\/p>\n<hr \/>\n<dl class=\"dl-horizontal\">\n<dt><\/dt>\n<dt><strong><strong>AUKSJON N.N.F. &#8211; Tirsdag 27. Februar 2018<\/strong><\/strong><\/dt>\n<\/dl>\n<table class=\"auksjonstabell\">\n<tbody>\n<tr>\n<td>Lot.<\/td>\n<td>Beskrivelse<\/td>\n<td>Ref.<\/td>\n<td>Kval.<\/td>\n<td>Utrop<\/td>\n<td>Hammerslag<\/td>\n<\/tr>\n<tr>\n<td>1<\/td>\n<td>Makedonia, Amphopolis, Marcus Aurelius \u00c619<\/td>\n<td>Varb.3220<\/td>\n<td>1<\/td>\n<td>150<\/td>\n<td><\/td>\n<\/tr>\n<tr>\n<td>2<\/td>\n<td>Moesia, Viminacium, Philip I. \u00c6 27<\/td>\n<td>S.3874<\/td>\n<td>1\/1+<\/td>\n<td>200<\/td>\n<td><\/td>\n<\/tr>\n<tr>\n<td>3<\/td>\n<td>Thrakia, Mesembria, \u00c6 18<\/td>\n<td>S.1676<\/td>\n<td>1\/1+<\/td>\n<td>150<\/td>\n<td><\/td>\n<\/tr>\n<tr>\n<td>4<\/td>\n<td>Thrakia, Pantikapaion \u00c6 12<\/td>\n<td>S.1707<\/td>\n<td>1+<\/td>\n<td>200<\/td>\n<td><\/td>\n<\/tr>\n<tr>\n<td>5<\/td>\n<td>Lydia,Gordus-Julia \u00c617<\/td>\n<td>SNG.Cop157<\/td>\n<td>1<\/td>\n<td>150<\/td>\n<td><\/td>\n<\/tr>\n<tr>\n<td>6<\/td>\n<td>Cilicia, Flaviopolis, Domitian \u00c624<\/td>\n<td>RPC1758<\/td>\n<td>1\/1+<\/td>\n<td>150<\/td>\n<td><\/td>\n<\/tr>\n<tr>\n<td>7<\/td>\n<td>Seleukid Syria, Antiochos VII. \u00c619<\/td>\n<td>S.7098<\/td>\n<td>1<\/td>\n<td>80<\/td>\n<td><\/td>\n<\/tr>\n<tr>\n<td>8<\/td>\n<td>Syria, Antiochia, Philip I. Tetradrachm<\/td>\n<td>S.3958<\/td>\n<td>1\/1+<\/td>\n<td>350<\/td>\n<td><\/td>\n<\/tr>\n<tr>\n<td>9<\/td>\n<td>Phoenicia, Avados \u00c616<\/td>\n<td>S.6001<\/td>\n<td>1+<\/td>\n<td>100<\/td>\n<td><\/td>\n<\/tr>\n<tr>\n<td>10<\/td>\n<td>Mesopotamia,Singara, Gordian&amp;Tranquilina \u00c634<\/td>\n<td>S.3804<\/td>\n<td>1<\/td>\n<td>350<\/td>\n<td><\/td>\n<\/tr>\n<tr>\n<td>11<\/td>\n<td>Rom, L.M. Philippus denar<\/td>\n<td>S.170<\/td>\n<td>1<\/td>\n<td>350<\/td>\n<td><\/td>\n<\/tr>\n<tr>\n<td>12<\/td>\n<td>Rom, Vespasian dupondius<\/td>\n<td>S.2346<\/td>\n<td>1+<\/td>\n<td>500<\/td>\n<td><\/td>\n<\/tr>\n<tr>\n<td>13<\/td>\n<td>Rom, Trajan Quadrans<\/td>\n<td>S.3252<\/td>\n<td>1<\/td>\n<td>1500<\/td>\n<td><\/td>\n<\/tr>\n<tr>\n<td>14<\/td>\n<td>Rom, Marcus Aurelius denar<\/td>\n<td>S.4933<\/td>\n<td>1+<\/td>\n<td>300<\/td>\n<td><\/td>\n<\/tr>\n<tr>\n<td>15<\/td>\n<td>Rom, Commodus denar<\/td>\n<td>S.5629<\/td>\n<td>1\/1+<\/td>\n<td>300<\/td>\n<td><\/td>\n<\/tr>\n<tr>\n<td>16<\/td>\n<td>Rom, Faustina I. Denar<\/td>\n<td>S.4592<\/td>\n<td>1\/1+<\/td>\n<td>300<\/td>\n<td><\/td>\n<\/tr>\n<tr>\n<td>17<\/td>\n<td>Rom, Faustina II. Denar<\/td>\n<td>S.5257<\/td>\n<td>1+<\/td>\n<td>300<\/td>\n<td><\/td>\n<\/tr>\n<tr>\n<td>18<\/td>\n<td>Rom, Valerian I. Antoninian<\/td>\n<td>S.9955<\/td>\n<td>1\/1+<\/td>\n<td>100<\/td>\n<td><\/td>\n<\/tr>\n<tr>\n<td>19<\/td>\n<td>Rom, Postumus Antoninian<\/td>\n<td>S.10967<\/td>\n<td>1\/1+<\/td>\n<td>100<\/td>\n<td><\/td>\n<\/tr>\n<tr>\n<td>20<\/td>\n<td>Rom, Postumus 2 stk. sesterts<\/td>\n<td>S.11052<\/td>\n<td>1-<\/td>\n<td>300<\/td>\n<td><\/td>\n<\/tr>\n<tr>\n<td>21<\/td>\n<td>Rom, Maximian Follis<\/td>\n<td>S.13306<\/td>\n<td>1\/1+<\/td>\n<td>150<\/td>\n<td><\/td>\n<\/tr>\n<tr>\n<td>22<\/td>\n<td>Rom, Crispus \u00c63<\/td>\n<td>S.1684<\/td>\n<td>1<\/td>\n<td>200<\/td>\n<td><\/td>\n<\/tr>\n<tr>\n<td>23<\/td>\n<td>Rom, Licinus Follis<\/td>\n<td>S.15222<\/td>\n<td>1<\/td>\n<td>50<\/td>\n<td><\/td>\n<\/tr>\n<tr>\n<td>24<\/td>\n<td>Jerusalem (Korsfarere) Dirham etterligning (1216-41)<\/td>\n<td>Mal I<\/td>\n<td>1<\/td>\n<td>200<\/td>\n<td><\/td>\n<\/tr>\n<tr>\n<td>25<\/td>\n<td>Achaea (Korsfarere) Philip (1301-6) Denier<\/td>\n<td>Mal 18<\/td>\n<td>1+<\/td>\n<td>300<\/td>\n<td><\/td>\n<\/tr>\n<tr>\n<td>26<\/td>\n<td>Sassanid, Khusro II. Drachm<\/td>\n<td>AY<\/td>\n<td>1\/1+<\/td>\n<td>200<\/td>\n<td><\/td>\n<\/tr>\n<tr>\n<td>27<\/td>\n<td>Norge 4 skilling 1809<\/td>\n<td>NMD.2<\/td>\n<td>1\/1-<\/td>\n<td>150<\/td>\n<td><\/td>\n<\/tr>\n<tr>\n<td>28<\/td>\n<td>Norge 10 \u00f8re 1920<\/td>\n<td><\/td>\n<td>1+\/01<\/td>\n<td>100<\/td>\n<td><\/td>\n<\/tr>\n<tr>\n<td>29<\/td>\n<td>Norge 17.mai medalje 1909, aluminium<\/td>\n<td>JA48<\/td>\n<td>1+\/01<\/td>\n<td>100<\/td>\n<td><\/td>\n<\/tr>\n<tr>\n<td>30<\/td>\n<td>Norge 17.mai medalje 1909, bronse<\/td>\n<td>JA50<\/td>\n<td>1+\/01<\/td>\n<td>150<\/td>\n<td><\/td>\n<\/tr>\n<tr>\n<td>31<\/td>\n<td>Danmark, offermark 1808 Fredrik VI.<\/td>\n<td><\/td>\n<td>1+<\/td>\n<td>200<\/td>\n<td><\/td>\n<\/tr>\n<tr>\n<td>32<\/td>\n<td>Danmark\u00a0 2 stk. 10 \u00f8re (1901, 1916)<\/td>\n<td><\/td>\n<td>1+<\/td>\n<td>40<\/td>\n<td><\/td>\n<\/tr>\n<tr>\n<td>33<\/td>\n<td>Danmark 5 kroner 1960 jub.<\/td>\n<td>KM852<\/td>\n<td>1<\/td>\n<td>50<\/td>\n<td><\/td>\n<\/tr>\n<tr>\n<td>34<\/td>\n<td>Russland 3 stk. 20 kopek (1862,1911,1916), 10 kopek 1880<\/td>\n<td><\/td>\n<td>1+<\/td>\n<td>150<\/td>\n<td><\/td>\n<\/tr>\n<tr>\n<td>35<\/td>\n<td>Russland Rubel 1924<\/td>\n<td><\/td>\n<td>1+<\/td>\n<td>300<\/td>\n<td><\/td>\n<\/tr>\n<tr>\n<td>36<\/td>\n<td>San Marino 20 lire 1933, nypreg<\/td>\n<td><\/td>\n<td>1+<\/td>\n<td>30<\/td>\n<td><\/td>\n<\/tr>\n<tr>\n<td>37<\/td>\n<td>Omayyad anonym fals u. \u00c5r, Tabariya<\/td>\n<td>SNAT 289<\/td>\n<td>1\/1+<\/td>\n<td>100<\/td>\n<td><\/td>\n<\/tr>\n<tr>\n<td>38<\/td>\n<td>Kwarezm, Muhammed 1\/2 dirham 614 (1217), Ghazna<\/td>\n<td>Alb1720A<\/td>\n<td>1<\/td>\n<td>200<\/td>\n<td><\/td>\n<\/tr>\n<tr>\n<td>39<\/td>\n<td>Muzaflorid Persia, Shah Shuja 1358-84,2 dinar, Shiraz<\/td>\n<td>Alb2282.7<\/td>\n<td>1\/1+<\/td>\n<td>100<\/td>\n<td><\/td>\n<\/tr>\n<tr>\n<td>40<\/td>\n<td>Timurid Persia, Shahrukh Tanka AH830 (1427),Samarqand<\/td>\n<td>Syll.Ashm858<\/td>\n<td>1\/1+<\/td>\n<td>250<\/td>\n<td><\/td>\n<\/tr>\n<tr>\n<td>41<\/td>\n<td>Persia, Tamasp 1524-36 Shahi, Yazd<\/td>\n<td>Zeno98667<\/td>\n<td>1+<\/td>\n<td>100<\/td>\n<td><\/td>\n<\/tr>\n<tr>\n<td>42<\/td>\n<td>Marokko, Ismail 1672-1727 Muzuna, Fez<\/td>\n<td>KM.B28.1<\/td>\n<td>1\/1+<\/td>\n<td>200<\/td>\n<td><\/td>\n<\/tr>\n<tr>\n<td>43<\/td>\n<td>Gupta India, Kumargupta, drachm<\/td>\n<td>BMC.404+<\/td>\n<td>1+<\/td>\n<td>150<\/td>\n<td><\/td>\n<\/tr>\n<tr>\n<td>44<\/td>\n<td>Dehli,Muhammad 1296-1316 Tanka<\/td>\n<td>GG225<\/td>\n<td>1+<\/td>\n<td>200<\/td>\n<td><\/td>\n<\/tr>\n<tr>\n<td>45<\/td>\n<td>Dehli, Islam Shah 1545-52, Rupee AH960<\/td>\n<td>GG980<\/td>\n<td>1+<\/td>\n<td>300<\/td>\n<td><\/td>\n<\/tr>\n<tr>\n<td>46<\/td>\n<td>Britisk Madras 2 fanam u. \u00c5r (1764-1807)<\/td>\n<td>KM.308<\/td>\n<td>1+<\/td>\n<td>200<\/td>\n<td><\/td>\n<\/tr>\n<tr>\n<td>47<\/td>\n<td>Kina, Wang Mang 7-23 Wu Shih cash<\/td>\n<td>DH9.1<\/td>\n<td>1\/1+<\/td>\n<td>80<\/td>\n<td><\/td>\n<\/tr>\n<tr>\n<td>48<\/td>\n<td>Kina,1. \u00e5rh Wu Zhu cash<\/td>\n<td>DH10.2<\/td>\n<td>1<\/td>\n<td>80<\/td>\n<td><\/td>\n<\/tr>\n<tr>\n<td>49<\/td>\n<td>Kina, Nord Sung dyn 10 cash (1102-6), ks<\/td>\n<td>S.624<\/td>\n<td>1+<\/td>\n<td>100<\/td>\n<td><\/td>\n<\/tr>\n<tr>\n<td>50<\/td>\n<td>Kina, Nord Sung dyn lot 16 stk cash<\/td>\n<td><\/td>\n<td>VK<\/td>\n<td>250<\/td>\n<td><\/td>\n<\/tr>\n<\/tbody>\n<\/table>\n<div class='sfsi_Sicons' style='width: 100%; display: inline-block; vertical-align: middle; text-align:left'><div style='margin:0px 8px 0px 0px; line-height: 24px'><span>F\u00f8lg og lik! =)<\/span><\/div><div class='sfsi_socialwpr'><div class='sf_subscrbe' style='text-align:left;vertical-align: middle;float:left;width:64px'><a href=\"http:\/\/www.specificfeeds.com\/widgets\/emailSubscribeEncFeed\/bzdLMEVQczltUDF5SThnYlJHcG9jRktNMFpMTjRGN1Z0bC92QTRKc25OSHVyNnpuV29SdXVKeitQbEx4WVAyYUFvam1MTm1naHlGc28rSDd3ajBPNk1Xc2RkVVZmWVNQdVlsQTU2ZThWa3pxRTNMbGxRd0tCenA1ZTZEaW1XNlZ8VU1TSXBhcURwV2RaeGxqSjZmOStHcHVSNXVpbVMrUnRnZTdDZjBoWTYvYz0=\/OA==\/\" target=\"_blank\"><img src=\"https:\/\/www.norsknum.org\/wp-content\/plugins\/ultimate-social-media-icons\/images\/follow_subscribe.png\" \/><\/a><\/div><div class='sf_fb' style='text-align:left;vertical-align: middle;width:98px'><div class=\"fb-like\" href=\"https:\/\/www.norsknum.org\/?page_id=1207\" width=\"180\" send=\"false\" showfaces=\"false\"  action=\"like\" data-share=\"true\"data-layout=\"button\" ><\/div><\/div><div class='sf_twiter' style='text-align:left;float:left;vertical-align: middle;width:auto'><a href=\"http:\/\/twitter.com\/share\" data-count=\"none\" class=\"sr-twitter-button twitter-share-button\" lang=\"en\" data-url=\"https:\/\/www.norsknum.org\/?page_id=1207\" data-text=\"Auksjon Februar 2018\" ><\/a><\/div><\/div><\/div>","protected":false},"excerpt":{"rendered":"<p>Medlemmer kan sende skriftlige bud til gunnar@oslomyntgalleri.no. Bud m\u00e5 v\u00e6re innsendt senest dagen f\u00f8r auksjonen. AUKSJON N.N.F. &#8211; Tirsdag 27. Februar 2018 Lot. Beskrivelse Ref. Kval. Utrop Hammerslag 1 Makedonia, Amphopolis, Marcus Aurelius \u00c619 Varb.3220 1 150 2 Moesia, Viminacium,&hellip; <\/p>\n","protected":false},"author":1,"featured_media":0,"parent":42,"menu_order":0,"comment_status":"closed","ping_status":"closed","template":"","meta":[],"_links":{"self":[{"href":"https:\/\/www.norsknum.org\/index.php?rest_route=\/wp\/v2\/pages\/1207"}],"collection":[{"href":"https:\/\/www.norsknum.org\/index.php?rest_route=\/wp\/v2\/pages"}],"about":[{"href":"https:\/\/www.norsknum.org\/index.php?rest_route=\/wp\/v2\/types\/page"}],"author":[{"embeddable":true,"href":"https:\/\/www.norsknum.org\/index.php?rest_route=\/wp\/v2\/users\/1"}],"replies":[{"embeddable":true,"href":"https:\/\/www.norsknum.org\/index.php?rest_route=%2Fwp%2Fv2%2Fcomments&post=1207"}],"version-history":[{"count":1,"href":"https:\/\/www.norsknum.org\/index.php?rest_route=\/wp\/v2\/pages\/1207\/revisions"}],"predecessor-version":[{"id":1208,"href":"https:\/\/www.norsknum.org\/index.php?rest_route=\/wp\/v2\/pages\/1207\/revisions\/1208"}],"up":[{"embeddable":true,"href":"https:\/\/www.norsknum.org\/index.php?rest_route=\/wp\/v2\/pages\/42"}],"wp:attachment":[{"href":"https:\/\/www.norsknum.org\/index.php?rest_route=%2Fwp%2Fv2%2Fmedia&parent=1207"}],"curies":[{"name":"wp","href":"https:\/\/api.w.org\/{rel}","templated":true}]}}