{"id":1289,"date":"2018-08-08T07:49:01","date_gmt":"2018-08-08T05:49:01","guid":{"rendered":"http:\/\/www.norsknum.org\/?page_id=1289"},"modified":"2018-08-08T07:49:01","modified_gmt":"2018-08-08T05:49:01","slug":"auksjon-august-2018","status":"publish","type":"page","link":"https:\/\/www.norsknum.org\/?page_id=1289","title":{"rendered":"Auksjon \u2013 August 2018"},"content":{"rendered":"<p>Medlemmer kan sende skriftlige bud til gunnar@oslomyntgalleri.no. Bud m\u00e5 v\u00e6re innsendt senest dagen f\u00f8r auksjonen.<\/p>\n<hr>\n<dl class=\"dl-horizontal\">\n<dt><\/dt>\n<dt><strong><strong>AUKSJON N.N.F. &#8211; Tirsdag 22. August 2018<\/p>\n<p><\/strong><\/strong><\/dt>\n<\/dl>\n<p>OBJEKTENE KAN SEES I OSLO MYNTGALLERIES LOKALER MANDAG 27.AUGUST 11.00-16.00. ELLER ETTER N\u00c6RMERE AVTALE. OBJEKTENE KAN HENTES SAMME STED INNEN 14 DAGER.<\/p>\n<p>LITTERATUR FRA NORSK NUMISMATISK FORENING DEL 2<\/p>\n<table class=\"auksjonstabell\">\n<tbody>\n<tr>\n<td>Lot.<\/td>\n<td>Beskrivelse<\/td>\n<td>Utrop<\/td>\n<td>Hammerslag<\/td>\n<\/tr>\n<tr>\n<td width=\"30\">1<\/td>\n<td width=\"899\" data-sheets-value=\"{&quot;1&quot;:2,&quot;2&quot;:&quot;American Numismatic Association: \\&quot;The Numismatist\\&quot;. Innbundne \u00e5rganger 1928, 1929, 1930, 1931, 1935, 1936, 1937, 1938 1939&quot;}\" data-sheets-numberformat=\"[null,1]\">American Numismatic Association: &#8220;The Numismatist&#8221;. Innbundne \u00e5rganger 1928, 1929, 1930, 1931, 1935, 1936, 1937, 1938 1939<\/td>\n<td width=\"42\" data-sheets-value=\"{&quot;1&quot;:3,&quot;3&quot;:100}\" data-sheets-numberformat=\"[null,2,&quot;\\\\ #,##0\\\\ ;\\&quot; -\\&quot;#,##0\\\\ ;\\&quot; - \\&quot;;@\\\\ &quot;,1]\">100<\/td>\n<td>&nbsp;<\/td>\n<\/tr>\n<tr>\n<td width=\"30\" data-sheets-value=\"{&quot;1&quot;:3,&quot;3&quot;:2}\">2<\/td>\n<td width=\"899\" data-sheets-value=\"{&quot;1&quot;:2,&quot;2&quot;:&quot;Seaby: Roman Coins, Roman Silver Coins og Byzantine coins. I alt 12 bind&quot;}\" data-sheets-numberformat=\"[null,1]\">Seaby: Roman Coins, Roman Silver Coins og Byzantine coins. I alt 12 bind<\/td>\n<td width=\"42\" data-sheets-value=\"{&quot;1&quot;:3,&quot;3&quot;:100}\" data-sheets-numberformat=\"[null,2,&quot;\\\\ #,##0\\\\ ;\\&quot; -\\&quot;#,##0\\\\ ;\\&quot; - \\&quot;;@\\\\ &quot;,1]\">100<\/td>\n<td>&nbsp;<\/td>\n<\/tr>\n<tr>\n<td width=\"30\" data-sheets-value=\"{&quot;1&quot;:3,&quot;3&quot;:3}\">3<\/td>\n<td width=\"899\" data-sheets-value=\"{&quot;1&quot;:2,&quot;2&quot;:&quot;H. H. Schou: \\&quot;Beskrivelse af Danske og Norske M\u00f8nter etc\\&quot;. K\u00f8benhavn 1926. Innbundet&quot;}\" data-sheets-numberformat=\"[null,1]\">H. H. Schou: &#8220;Beskrivelse af Danske og Norske M\u00f8nter etc&#8221;. K\u00f8benhavn 1926. Innbundet<\/td>\n<td width=\"42\" data-sheets-value=\"{&quot;1&quot;:3,&quot;3&quot;:500}\" data-sheets-numberformat=\"[null,2,&quot;\\\\ #,##0\\\\ ;\\&quot; -\\&quot;#,##0\\\\ ;\\&quot; - \\&quot;;@\\\\ &quot;,1]\">500<\/td>\n<td>&nbsp;<\/td>\n<\/tr>\n<tr>\n<td width=\"30\" data-sheets-value=\"{&quot;1&quot;:3,&quot;3&quot;:4}\">4<\/td>\n<td width=\"899\" data-sheets-value=\"{&quot;1&quot;:2,&quot;2&quot;:&quot;Den Kongelige Norske Sankt Olavs Orden 1847-1947. Oslo 1947. Innbundet&quot;}\" data-sheets-numberformat=\"[null,1]\">Den Kongelige Norske Sankt Olavs Orden 1847-1947. Oslo 1947. Innbundet<\/td>\n<td width=\"42\" data-sheets-value=\"{&quot;1&quot;:3,&quot;3&quot;:200}\" data-sheets-numberformat=\"[null,2,&quot;\\\\ #,##0\\\\ ;\\&quot; -\\&quot;#,##0\\\\ ;\\&quot; - \\&quot;;@\\\\ &quot;,1]\">200<\/td>\n<td>&nbsp;<\/td>\n<\/tr>\n<tr>\n<td width=\"30\" data-sheets-value=\"{&quot;1&quot;:3,&quot;3&quot;:5}\">5<\/td>\n<td width=\"899\" data-sheets-value=\"{&quot;1&quot;:2,&quot;2&quot;:&quot;H. F. Grandjean:\\&quot;De Kongelige Danske Ridderordener\\&quot;. K\u00f8benhavn 1893. Innbundet&quot;}\" data-sheets-numberformat=\"[null,1]\">H. F. Grandjean:&#8221;De Kongelige Danske Ridderordener&#8221;. K\u00f8benhavn 1893. Innbundet<\/td>\n<td width=\"42\" data-sheets-value=\"{&quot;1&quot;:3,&quot;3&quot;:100}\" data-sheets-numberformat=\"[null,2,&quot;\\\\ #,##0\\\\ ;\\&quot; -\\&quot;#,##0\\\\ ;\\&quot; - \\&quot;;@\\\\ &quot;,1]\">100<\/td>\n<td>&nbsp;<\/td>\n<\/tr>\n<tr>\n<td width=\"30\" data-sheets-value=\"{&quot;1&quot;:3,&quot;3&quot;:6}\">6<\/td>\n<td width=\"899\" data-sheets-value=\"{&quot;1&quot;:2,&quot;2&quot;:&quot;Gustaf Gr\u00fcner:\\&quot; Myntmester Peter Gr\u00fcner og hans efterkommere ca.1585-1936\\&quot;. Signert av forfatteren og Rolf Falck-Muus. Heftet. Oslo 1936&quot;}\" data-sheets-numberformat=\"[null,1]\">Gustaf Gr\u00fcner:&#8221; Myntmester Peter Gr\u00fcner og hans efterkommere ca.1585-1936&#8243;. Signert av forfatteren og Rolf Falck-Muus. Heftet. Oslo 1936<\/td>\n<td width=\"42\" data-sheets-value=\"{&quot;1&quot;:3,&quot;3&quot;:500}\" data-sheets-numberformat=\"[null,2,&quot;\\\\ #,##0\\\\ ;\\&quot; -\\&quot;#,##0\\\\ ;\\&quot; - \\&quot;;@\\\\ &quot;,1]\">500<\/td>\n<td>&nbsp;<\/td>\n<\/tr>\n<tr>\n<td width=\"30\" data-sheets-value=\"{&quot;1&quot;:3,&quot;3&quot;:7}\">7<\/td>\n<td width=\"899\" data-sheets-value=\"{&quot;1&quot;:2,&quot;2&quot;:&quot;Kenneth E. Smith: \\&quot;Catalogue of World Transportation Tokens and Passes. Except North America\\&quot;. First Edition 1967. Innbundet &quot;}\" data-sheets-numberformat=\"[null,1]\">Kenneth E. Smith: &#8220;Catalogue of World Transportation Tokens and Passes. Except North America&#8221;. First Edition 1967. Innbundet<\/td>\n<td width=\"42\" data-sheets-value=\"{&quot;1&quot;:3,&quot;3&quot;:100}\" data-sheets-numberformat=\"[null,2,&quot;\\\\ #,##0\\\\ ;\\&quot; -\\&quot;#,##0\\\\ ;\\&quot; - \\&quot;;@\\\\ &quot;,1]\">100<\/td>\n<td>&nbsp;<\/td>\n<\/tr>\n<tr>\n<td width=\"30\" data-sheets-value=\"{&quot;1&quot;:3,&quot;3&quot;:8}\">8<\/td>\n<td width=\"899\" data-sheets-value=\"{&quot;1&quot;:2,&quot;2&quot;:&quot;G. W. Kienast: \\&quot;The Medals of Karl Goetz\\&quot;. Cleveland. 1967. Innbundet&quot;}\" data-sheets-numberformat=\"[null,1]\">G. W. Kienast: &#8220;The Medals of Karl Goetz&#8221;. Cleveland. 1967. Innbundet<\/td>\n<td width=\"42\" data-sheets-value=\"{&quot;1&quot;:3,&quot;3&quot;:300}\" data-sheets-numberformat=\"[null,2,&quot;\\\\ #,##0\\\\ ;\\&quot; -\\&quot;#,##0\\\\ ;\\&quot; - \\&quot;;@\\\\ &quot;,1]\">300<\/td>\n<td>&nbsp;<\/td>\n<\/tr>\n<tr>\n<td width=\"30\" data-sheets-value=\"{&quot;1&quot;:3,&quot;3&quot;:9}\">9<\/td>\n<td width=\"899\" data-sheets-value=\"{&quot;1&quot;:2,&quot;2&quot;:&quot;Ahlstr\u00f6m, Brekke &amp; Hemmingsson: \\&quot;Norges Mynter\\&quot;. Stockholm 1976. Signert til Norsk Numismatisk Forening av Bjarne Ahlstr\u00f6m&quot;}\" data-sheets-numberformat=\"[null,1]\">Ahlstr\u00f6m, Brekke &amp; Hemmingsson: &#8220;Norges Mynter&#8221;. Stockholm 1976. Signert til Norsk Numismatisk Forening av Bjarne Ahlstr\u00f6m<\/td>\n<td width=\"42\" data-sheets-value=\"{&quot;1&quot;:3,&quot;3&quot;:500}\" data-sheets-numberformat=\"[null,2,&quot;\\\\ #,##0\\\\ ;\\&quot; -\\&quot;#,##0\\\\ ;\\&quot; - \\&quot;;@\\\\ &quot;,1]\">500<\/td>\n<td>&nbsp;<\/td>\n<\/tr>\n<tr>\n<td width=\"30\" data-sheets-value=\"{&quot;1&quot;:3,&quot;3&quot;:10}\">10<\/td>\n<td width=\"899\" data-sheets-value=\"{&quot;1&quot;:2,&quot;2&quot;:&quot;Ahlstr\u00f6m. Almer &amp; Hemmingsson: \\&quot;Sveriges Mynt 1521-1977\\&quot;. Stockholm 1976. Signert til Norsk Numismatisk Forening av Bjarne Ahlstr\u00f6m&quot;}\" data-sheets-numberformat=\"[null,1]\">Ahlstr\u00f6m. Almer &amp; Hemmingsson: &#8220;Sveriges Mynt 1521-1977&#8221;. Stockholm 1976. Signert til Norsk Numismatisk Forening av Bjarne Ahlstr\u00f6m<\/td>\n<td width=\"42\" data-sheets-value=\"{&quot;1&quot;:3,&quot;3&quot;:500}\" data-sheets-numberformat=\"[null,2,&quot;\\\\ #,##0\\\\ ;\\&quot; -\\&quot;#,##0\\\\ ;\\&quot; - \\&quot;;@\\\\ &quot;,1]\">500<\/td>\n<td>&nbsp;<\/td>\n<\/tr>\n<tr>\n<td width=\"30\" data-sheets-value=\"{&quot;1&quot;:3,&quot;3&quot;:11}\">11<\/td>\n<td width=\"899\" data-sheets-value=\"{&quot;1&quot;:2,&quot;2&quot;:&quot;Holger Hede: \\&quot;Danmarks og Norges M\u00f8nter 1541-1814-1963\\&quot;. K\u00f8benhavn 1964. Spesialinnbundet og signert til Norsk Numismatisk Forening av Holger Hede&quot;}\" data-sheets-numberformat=\"[null,1]\">Holger Hede: &#8220;Danmarks og Norges M\u00f8nter 1541-1814-1963&#8221;. K\u00f8benhavn 1964. Spesialinnbundet og signert til Norsk Numismatisk Forening av Holger Hede<\/td>\n<td width=\"42\" data-sheets-value=\"{&quot;1&quot;:3,&quot;3&quot;:600}\" data-sheets-numberformat=\"[null,2,&quot;\\\\ #,##0\\\\ ;\\&quot; -\\&quot;#,##0\\\\ ;\\&quot; - \\&quot;;@\\\\ &quot;,1]\">600<\/td>\n<td>&nbsp;<\/td>\n<\/tr>\n<tr>\n<td width=\"30\" data-sheets-value=\"{&quot;1&quot;:3,&quot;3&quot;:12}\">12<\/td>\n<td width=\"899\" data-sheets-value=\"{&quot;1&quot;:2,&quot;2&quot;:&quot;C. I. Schive: \\&quot;Norges Mynter i Middelalderen\\&quot;. Christiania 1865. Innbundet&quot;}\" data-sheets-numberformat=\"[null,1]\">C. I. Schive: &#8220;Norges Mynter i Middelalderen&#8221;. Christiania 1865. Innbundet<\/td>\n<td width=\"42\" data-sheets-value=\"{&quot;1&quot;:3,&quot;3&quot;:3000}\" data-sheets-numberformat=\"[null,2,&quot;\\\\ #,##0\\\\ ;\\&quot; -\\&quot;#,##0\\\\ ;\\&quot; - \\&quot;;@\\\\ &quot;,1]\">3<\/td>\n<td>&nbsp;<\/td>\n<\/tr>\n<tr>\n<td width=\"30\" data-sheets-value=\"{&quot;1&quot;:3,&quot;3&quot;:13}\">13<\/td>\n<td width=\"899\" data-sheets-value=\"{&quot;1&quot;:2,&quot;2&quot;:&quot;Georg Galster: \\&quot;Unionstidens udm\u00f8ntninger\\&quot;. K\u00f8benhavn 1972&quot;}\" data-sheets-numberformat=\"[null,1]\">Georg Galster: &#8220;Unionstidens udm\u00f8ntninger&#8221;. K\u00f8benhavn 1972<\/td>\n<td width=\"42\" data-sheets-value=\"{&quot;1&quot;:3,&quot;3&quot;:100}\" data-sheets-numberformat=\"[null,2,&quot;\\\\ #,##0\\\\ ;\\&quot; -\\&quot;#,##0\\\\ ;\\&quot; - \\&quot;;@\\\\ &quot;,1]\">100<\/td>\n<td>&nbsp;<\/td>\n<\/tr>\n<tr>\n<td width=\"30\" data-sheets-value=\"{&quot;1&quot;:3,&quot;3&quot;:14}\">14<\/td>\n<td width=\"899\" data-sheets-value=\"{&quot;1&quot;:2,&quot;2&quot;:&quot;Spink &amp; Son: \\&quot;Numismatic Circular\\&quot;. Innbundne \u00e5rganger 1919-20, 1921, 1922, 1923, 1925, 1926 og 1927&quot;}\" data-sheets-numberformat=\"[null,1]\">Spink &amp; Son: &#8220;Numismatic Circular&#8221;. Innbundne \u00e5rganger 1919-20, 1921, 1922, 1923, 1925, 1926 og 1927<\/td>\n<td width=\"42\" data-sheets-value=\"{&quot;1&quot;:3,&quot;3&quot;:200}\" data-sheets-numberformat=\"[null,2,&quot;\\\\ #,##0\\\\ ;\\&quot; -\\&quot;#,##0\\\\ ;\\&quot; - \\&quot;;@\\\\ &quot;,1]\">200<\/td>\n<td>&nbsp;<\/td>\n<\/tr>\n<tr>\n<td width=\"30\" data-sheets-value=\"{&quot;1&quot;:3,&quot;3&quot;:15}\">15<\/td>\n<td width=\"899\" data-sheets-value=\"{&quot;1&quot;:2,&quot;2&quot;:&quot;Fredrik Schj\u00f8th: \\&quot;Chinese Currency\\&quot;. Iola 1965&quot;}\" data-sheets-numberformat=\"[null,1]\">Fredrik Schj\u00f8th: &#8220;Chinese Currency&#8221;. Iola 1965<\/td>\n<td width=\"42\" data-sheets-value=\"{&quot;1&quot;:3,&quot;3&quot;:300}\" data-sheets-numberformat=\"[null,2,&quot;\\\\ #,##0\\\\ ;\\&quot; -\\&quot;#,##0\\\\ ;\\&quot; - \\&quot;;@\\\\ &quot;,1]\">300<\/td>\n<td>&nbsp;<\/td>\n<\/tr>\n<tr>\n<td width=\"30\" data-sheets-value=\"{&quot;1&quot;:3,&quot;3&quot;:16}\">16<\/td>\n<td width=\"899\" data-sheets-value=\"{&quot;1&quot;:2,&quot;2&quot;:&quot;John S. Davenport: \\&quot;German Church and City talers 1600-1700\\&quot;. Galesburg 1967&quot;}\" data-sheets-numberformat=\"[null,1]\">John S. Davenport: &#8220;German Church and City talers 1600-1700&#8221;. Galesburg 1967<\/td>\n<td width=\"42\" data-sheets-value=\"{&quot;1&quot;:3,&quot;3&quot;:150}\" data-sheets-numberformat=\"[null,2,&quot;\\\\ #,##0\\\\ ;\\&quot; -\\&quot;#,##0\\\\ ;\\&quot; - \\&quot;;@\\\\ &quot;,1]\">150<\/td>\n<td>&nbsp;<\/td>\n<\/tr>\n<tr>\n<td width=\"30\" data-sheets-value=\"{&quot;1&quot;:3,&quot;3&quot;:17}\">17<\/td>\n<td width=\"899\" data-sheets-value=\"{&quot;1&quot;:2,&quot;2&quot;:&quot;John S. Davenport: \\&quot;German talers 1700-1800\\&quot;. Galesburg 1965&quot;}\" data-sheets-numberformat=\"[null,1]\">John S. Davenport: &#8220;German talers 1700-1800&#8221;. Galesburg 1965<\/td>\n<td width=\"42\" data-sheets-value=\"{&quot;1&quot;:3,&quot;3&quot;:150}\" data-sheets-numberformat=\"[null,2,&quot;\\\\ #,##0\\\\ ;\\&quot; -\\&quot;#,##0\\\\ ;\\&quot; - \\&quot;;@\\\\ &quot;,1]\">150<\/td>\n<td>&nbsp;<\/td>\n<\/tr>\n<tr>\n<td width=\"30\" data-sheets-value=\"{&quot;1&quot;:3,&quot;3&quot;:18}\">18<\/td>\n<td width=\"899\" data-sheets-value=\"{&quot;1&quot;:2,&quot;2&quot;:&quot;J. G. Milne: Catalogue of Alexandrian Coins\\&quot;. Oxford 1971&quot;}\" data-sheets-numberformat=\"[null,1]\">J. G. Milne: Catalogue of Alexandrian Coins&#8221;. Oxford 1971<\/td>\n<td width=\"42\" data-sheets-value=\"{&quot;1&quot;:3,&quot;3&quot;:200}\" data-sheets-numberformat=\"[null,2,&quot;\\\\ #,##0\\\\ ;\\&quot; -\\&quot;#,##0\\\\ ;\\&quot; - \\&quot;;@\\\\ &quot;,1]\">200<\/td>\n<td>&nbsp;<\/td>\n<\/tr>\n<tr>\n<td width=\"30\" data-sheets-value=\"{&quot;1&quot;:3,&quot;3&quot;:19}\">19<\/td>\n<td width=\"899\" data-sheets-value=\"{&quot;1&quot;:2,&quot;2&quot;:&quot;P. D. Whitting: \\&quot;Byzantine Coins\\&quot;. London. 1973&quot;}\" data-sheets-numberformat=\"[null,1]\">P. D. Whitting: &#8220;Byzantine Coins&#8221;. London. 1973<\/td>\n<td width=\"42\" data-sheets-value=\"{&quot;1&quot;:3,&quot;3&quot;:100}\" data-sheets-numberformat=\"[null,2,&quot;\\\\ #,##0\\\\ ;\\&quot; -\\&quot;#,##0\\\\ ;\\&quot; - \\&quot;;@\\\\ &quot;,1]\">100<\/td>\n<td>&nbsp;<\/td>\n<\/tr>\n<tr>\n<td width=\"30\" data-sheets-value=\"{&quot;1&quot;:3,&quot;3&quot;:20}\">20<\/td>\n<td width=\"899\" data-sheets-value=\"{&quot;1&quot;:2,&quot;2&quot;:&quot;Hugh Goodacre: \\&quot;A Handbook of the Coinage of the Byzantine Empire\\&quot;. London 1967&quot;}\" data-sheets-numberformat=\"[null,1]\">Hugh Goodacre: &#8220;A Handbook of the Coinage of the Byzantine Empire&#8221;. London 1967<\/td>\n<td width=\"42\" data-sheets-value=\"{&quot;1&quot;:3,&quot;3&quot;:100}\" data-sheets-numberformat=\"[null,2,&quot;\\\\ #,##0\\\\ ;\\&quot; -\\&quot;#,##0\\\\ ;\\&quot; - \\&quot;;@\\\\ &quot;,1]\">100<\/td>\n<td>&nbsp;<\/td>\n<\/tr>\n<tr>\n<td width=\"30\" data-sheets-value=\"{&quot;1&quot;:3,&quot;3&quot;:21}\">21<\/td>\n<td width=\"899\" data-sheets-value=\"{&quot;1&quot;:2,&quot;2&quot;:&quot;R. Ratto: \\&quot;Monnaies Byzantines\\&quot;. Amsterdam 1959&quot;}\" data-sheets-numberformat=\"[null,1]\">R. Ratto: &#8220;Monnaies Byzantines&#8221;. Amsterdam 1959<\/td>\n<td width=\"42\" data-sheets-value=\"{&quot;1&quot;:3,&quot;3&quot;:150}\" data-sheets-numberformat=\"[null,2,&quot;\\\\ #,##0\\\\ ;\\&quot; -\\&quot;#,##0\\\\ ;\\&quot; - \\&quot;;@\\\\ &quot;,1]\">150<\/td>\n<td>&nbsp;<\/td>\n<\/tr>\n<tr>\n<td width=\"30\" data-sheets-value=\"{&quot;1&quot;:3,&quot;3&quot;:22}\">22<\/td>\n<td width=\"899\" data-sheets-value=\"{&quot;1&quot;:2,&quot;2&quot;:&quot;Bror Emil Hildebrand: \\&quot;Minnespenningar \u00f6fver Enskilda Svenska M\u00e4n och Qvinnor\\&quot;: Stockholm 1860. Innbundet&quot;}\" data-sheets-numberformat=\"[null,1]\">Bror Emil Hildebrand: &#8220;Minnespenningar \u00f6fver Enskilda Svenska M\u00e4n och Qvinnor&#8221;: Stockholm 1860. Innbundet<\/td>\n<td width=\"42\" data-sheets-value=\"{&quot;1&quot;:3,&quot;3&quot;:100}\" data-sheets-numberformat=\"[null,2,&quot;\\\\ #,##0\\\\ ;\\&quot; -\\&quot;#,##0\\\\ ;\\&quot; - \\&quot;;@\\\\ &quot;,1]\">100<\/td>\n<td>&nbsp;<\/td>\n<\/tr>\n<tr>\n<td width=\"30\" data-sheets-value=\"{&quot;1&quot;:3,&quot;3&quot;:23}\">23<\/td>\n<td width=\"899\" data-sheets-value=\"{&quot;1&quot;:2,&quot;2&quot;:&quot;N. Rygg: \\&quot;Norges Banks Historie\\&quot;. Bind 1 og 2. Oslo 1918 og 1954. Den f\u00f8rste signert Bredo Morgenstierne&quot;}\" data-sheets-numberformat=\"[null,1]\">N. Rygg: &#8220;Norges Banks Historie&#8221;. Bind 1 og 2. Oslo 1918 og 1954. Den f\u00f8rste signert Bredo Morgenstierne<\/td>\n<td width=\"42\" data-sheets-value=\"{&quot;1&quot;:3,&quot;3&quot;:200}\" data-sheets-numberformat=\"[null,2,&quot;\\\\ #,##0\\\\ ;\\&quot; -\\&quot;#,##0\\\\ ;\\&quot; - \\&quot;;@\\\\ &quot;,1]\">200<\/td>\n<td>&nbsp;<\/td>\n<\/tr>\n<tr>\n<td width=\"30\" data-sheets-value=\"{&quot;1&quot;:3,&quot;3&quot;:24}\">24<\/td>\n<td width=\"899\" data-sheets-value=\"{&quot;1&quot;:2,&quot;2&quot;:&quot;Lagerqvist &amp; Nathorst-B\u00f6\u00f6s: \\&quot;Mynt och Medaljer\\&quot;. Stockholm 1960&quot;}\" data-sheets-numberformat=\"[null,1]\">Lagerqvist &amp; Nathorst-B\u00f6\u00f6s: &#8220;Mynt och Medaljer&#8221;. Stockholm 1960<\/td>\n<td width=\"42\" data-sheets-value=\"{&quot;1&quot;:3,&quot;3&quot;:50}\" data-sheets-numberformat=\"[null,2,&quot;\\\\ #,##0\\\\ ;\\&quot; -\\&quot;#,##0\\\\ ;\\&quot; - \\&quot;;@\\\\ &quot;,1]\">50<\/td>\n<td>&nbsp;<\/td>\n<\/tr>\n<tr>\n<td width=\"30\" data-sheets-value=\"{&quot;1&quot;:3,&quot;3&quot;:25}\">25<\/td>\n<td width=\"899\" data-sheets-value=\"{&quot;1&quot;:2,&quot;2&quot;:&quot;William Smith: Classical Dictionary etc.\\&quot;. London 1972&quot;}\" data-sheets-numberformat=\"[null,1]\">William Smith: Classical Dictionary etc.&#8221;. London 1972<\/td>\n<td width=\"42\" data-sheets-value=\"{&quot;1&quot;:3,&quot;3&quot;:100}\" data-sheets-numberformat=\"[null,2,&quot;\\\\ #,##0\\\\ ;\\&quot; -\\&quot;#,##0\\\\ ;\\&quot; - \\&quot;;@\\\\ &quot;,1]\">100<\/td>\n<td>&nbsp;<\/td>\n<\/tr>\n<tr>\n<td width=\"30\" data-sheets-value=\"{&quot;1&quot;:3,&quot;3&quot;:26}\">26<\/td>\n<td width=\"899\" data-sheets-value=\"{&quot;1&quot;:2,&quot;2&quot;:&quot;Ole Devegge`s Mynt- og Medaillesamling del 1. K\u00f8benhavn 1851. Innbundet. Signert av Schive og Morgenstierne&quot;}\" data-sheets-numberformat=\"[null,1]\">Ole Devegge`s Mynt- og Medaillesamling del 1. K\u00f8benhavn 1851. Innbundet. Signert av Schive og Morgenstierne<\/td>\n<td width=\"42\" data-sheets-value=\"{&quot;1&quot;:3,&quot;3&quot;:200}\" data-sheets-numberformat=\"[null,2,&quot;\\\\ #,##0\\\\ ;\\&quot; -\\&quot;#,##0\\\\ ;\\&quot; - \\&quot;;@\\\\ &quot;,1]\">200<\/td>\n<td>&nbsp;<\/td>\n<\/tr>\n<tr>\n<td width=\"30\" data-sheets-value=\"{&quot;1&quot;:3,&quot;3&quot;:27}\">27<\/td>\n<td width=\"899\" data-sheets-value=\"{&quot;1&quot;:2,&quot;2&quot;:&quot;Ole Devegge`s Mynt- og Medaillesamling del II. K\u00f8benhavn 1867. Innbundet&quot;}\" data-sheets-numberformat=\"[null,1]\">Ole Devegge`s Mynt- og Medaillesamling del II. K\u00f8benhavn 1867. Innbundet<\/td>\n<td width=\"42\" data-sheets-value=\"{&quot;1&quot;:3,&quot;3&quot;:200}\" data-sheets-numberformat=\"[null,2,&quot;\\\\ #,##0\\\\ ;\\&quot; -\\&quot;#,##0\\\\ ;\\&quot; - \\&quot;;@\\\\ &quot;,1]\">200<\/td>\n<td>&nbsp;<\/td>\n<\/tr>\n<tr>\n<td width=\"30\" data-sheets-value=\"{&quot;1&quot;:3,&quot;3&quot;:28}\">28<\/td>\n<td width=\"899\" data-sheets-value=\"{&quot;1&quot;:2,&quot;2&quot;:&quot;Ole Devegge`s Mynt- og Medaillesamling del III. K\u00f8benhavn 1866. Innbundet. Signert av Bj\u00f8rnstad&quot;}\" data-sheets-numberformat=\"[null,1]\">Ole Devegge`s Mynt- og Medaillesamling del III. K\u00f8benhavn 1866. Innbundet. Signert av Bj\u00f8rnstad<\/td>\n<td width=\"42\" data-sheets-value=\"{&quot;1&quot;:3,&quot;3&quot;:200}\" data-sheets-numberformat=\"[null,2,&quot;\\\\ #,##0\\\\ ;\\&quot; -\\&quot;#,##0\\\\ ;\\&quot; - \\&quot;;@\\\\ &quot;,1]\">200<\/td>\n<td>&nbsp;<\/td>\n<\/tr>\n<tr>\n<td width=\"30\" data-sheets-value=\"{&quot;1&quot;:3,&quot;3&quot;:29}\">29<\/td>\n<td width=\"899\" data-sheets-value=\"{&quot;1&quot;:2,&quot;2&quot;:&quot;Georg Friderich Timms Mynt- og Medaillesamling 1.deel. K\u00f8benhavn 1831. Innbundet. Signert av Bredo Morgenstierne&quot;}\" data-sheets-numberformat=\"[null,1]\">Georg Friderich Timms Mynt- og Medaillesamling 1.deel. K\u00f8benhavn 1831. Innbundet. Signert av Bredo Morgenstierne<\/td>\n<td width=\"42\" data-sheets-value=\"{&quot;1&quot;:3,&quot;3&quot;:500}\" data-sheets-numberformat=\"[null,2,&quot;\\\\ #,##0\\\\ ;\\&quot; -\\&quot;#,##0\\\\ ;\\&quot; - \\&quot;;@\\\\ &quot;,1]\">500<\/td>\n<td>&nbsp;<\/td>\n<\/tr>\n<tr>\n<td width=\"30\" data-sheets-value=\"{&quot;1&quot;:3,&quot;3&quot;:30}\">30<\/td>\n<td width=\"899\" data-sheets-value=\"{&quot;1&quot;:2,&quot;2&quot;:&quot;Georg Friderich Timms Mynt- og Medaillesamling 3. deel. K\u00f8benhavn 1834. Innbundet. Signert av Schive og Bredo Morgenstierne&quot;}\" data-sheets-numberformat=\"[null,1]\">Georg Friderich Timms Mynt- og Medaillesamling 3. deel. K\u00f8benhavn 1834. Innbundet. Signert av Schive og Bredo Morgenstierne<\/td>\n<td width=\"42\" data-sheets-value=\"{&quot;1&quot;:3,&quot;3&quot;:200}\" data-sheets-numberformat=\"[null,2,&quot;\\\\ #,##0\\\\ ;\\&quot; -\\&quot;#,##0\\\\ ;\\&quot; - \\&quot;;@\\\\ &quot;,1]\">200<\/td>\n<td>&nbsp;<\/td>\n<\/tr>\n<\/tbody>\n<\/table>\n<div class='sfsi_Sicons' style='width: 100%; display: inline-block; vertical-align: middle; text-align:left'><div style='margin:0px 8px 0px 0px; line-height: 24px'><span>F\u00f8lg og lik! =)<\/span><\/div><div class='sfsi_socialwpr'><div class='sf_subscrbe' style='text-align:left;vertical-align: middle;float:left;width:64px'><a href=\"http:\/\/www.specificfeeds.com\/widgets\/emailSubscribeEncFeed\/bzdLMEVQczltUDF5SThnYlJHcG9jRktNMFpMTjRGN1Z0bC92QTRKc25OSHVyNnpuV29SdXVKeitQbEx4WVAyYUFvam1MTm1naHlGc28rSDd3ajBPNk1Xc2RkVVZmWVNQdVlsQTU2ZThWa3pxRTNMbGxRd0tCenA1ZTZEaW1XNlZ8VU1TSXBhcURwV2RaeGxqSjZmOStHcHVSNXVpbVMrUnRnZTdDZjBoWTYvYz0=\/OA==\/\" target=\"_blank\"><img src=\"https:\/\/www.norsknum.org\/wp-content\/plugins\/ultimate-social-media-icons\/images\/follow_subscribe.png\" \/><\/a><\/div><div class='sf_fb' style='text-align:left;vertical-align: middle;width:98px'><div class=\"fb-like\" href=\"https:\/\/www.norsknum.org\/?page_id=1289\" width=\"180\" send=\"false\" showfaces=\"false\"  action=\"like\" data-share=\"true\"data-layout=\"button\" ><\/div><\/div><div class='sf_twiter' style='text-align:left;float:left;vertical-align: middle;width:auto'><a href=\"http:\/\/twitter.com\/share\" data-count=\"none\" class=\"sr-twitter-button twitter-share-button\" lang=\"en\" data-url=\"https:\/\/www.norsknum.org\/?page_id=1289\" data-text=\"Auksjon \u2013 August 2018\" ><\/a><\/div><\/div><\/div>","protected":false},"excerpt":{"rendered":"<p>Medlemmer kan sende skriftlige bud til gunnar@oslomyntgalleri.no. Bud m\u00e5 v\u00e6re innsendt senest dagen f\u00f8r auksjonen. AUKSJON N.N.F. &#8211; Tirsdag 22. August 2018 OBJEKTENE KAN SEES I OSLO MYNTGALLERIES LOKALER MANDAG 27.AUGUST 11.00-16.00. ELLER ETTER N\u00c6RMERE AVTALE. OBJEKTENE KAN HENTES SAMME&hellip; <\/p>\n","protected":false},"author":1,"featured_media":0,"parent":42,"menu_order":0,"comment_status":"closed","ping_status":"closed","template":"","meta":[],"_links":{"self":[{"href":"https:\/\/www.norsknum.org\/index.php?rest_route=\/wp\/v2\/pages\/1289"}],"collection":[{"href":"https:\/\/www.norsknum.org\/index.php?rest_route=\/wp\/v2\/pages"}],"about":[{"href":"https:\/\/www.norsknum.org\/index.php?rest_route=\/wp\/v2\/types\/page"}],"author":[{"embeddable":true,"href":"https:\/\/www.norsknum.org\/index.php?rest_route=\/wp\/v2\/users\/1"}],"replies":[{"embeddable":true,"href":"https:\/\/www.norsknum.org\/index.php?rest_route=%2Fwp%2Fv2%2Fcomments&post=1289"}],"version-history":[{"count":2,"href":"https:\/\/www.norsknum.org\/index.php?rest_route=\/wp\/v2\/pages\/1289\/revisions"}],"predecessor-version":[{"id":1309,"href":"https:\/\/www.norsknum.org\/index.php?rest_route=\/wp\/v2\/pages\/1289\/revisions\/1309"}],"up":[{"embeddable":true,"href":"https:\/\/www.norsknum.org\/index.php?rest_route=\/wp\/v2\/pages\/42"}],"wp:attachment":[{"href":"https:\/\/www.norsknum.org\/index.php?rest_route=%2Fwp%2Fv2%2Fmedia&parent=1289"}],"curies":[{"name":"wp","href":"https:\/\/api.w.org\/{rel}","templated":true}]}}