{"id":1308,"date":"2018-09-17T16:44:28","date_gmt":"2018-09-17T14:44:28","guid":{"rendered":"http:\/\/www.norsknum.org\/?page_id=1308"},"modified":"2018-09-17T16:44:28","modified_gmt":"2018-09-17T14:44:28","slug":"auksjon-september-2018","status":"publish","type":"page","link":"https:\/\/www.norsknum.org\/?page_id=1308","title":{"rendered":"Auksjon \u2013 September 2018"},"content":{"rendered":"<p>Medlemmer kan sende skriftlige bud til gunnar@oslomyntgalleri.no. Bud m\u00e5 v\u00e6re innsendt senest dagen f\u00f8r auksjonen.<\/p>\n<hr>\n<dl class=\"dl-horizontal\">\n<dt><\/dt>\n<dt><strong><strong>AUKSJON N.N.F. &#8211; Tirsdag 30. September 2018<\/strong><\/strong><\/dt>\n<\/dl>\n<table class=\"auksjonstabell\">\n<tbody>\n<tr>\n<td>Lot.<\/td>\n<td>Beskrivelse<\/td>\n<td>Ref.<\/td>\n<td>Kval.<\/td>\n<td>Utrop<\/td>\n<td>Hammerslag<\/td>\n<\/tr>\n<tr>\n<td>1<\/td>\n<td>Moesia, Macrianopolis, Septimus Severus \u00c6 27<\/td>\n<td>Var.&nbsp; 844<\/td>\n<td>1<\/td>\n<td>200<\/td>\n<td>&nbsp;<\/td>\n<\/tr>\n<tr>\n<td>2<\/td>\n<td>Moesia, Viminacium, Philip I., \u00c627<\/td>\n<td>S 3874&nbsp;<\/td>\n<td>1\/1+<\/td>\n<td>200<\/td>\n<td>&nbsp;<\/td>\n<\/tr>\n<tr>\n<td>3<\/td>\n<td>Thessaly, Larissa \u00c6 16<\/td>\n<td>S 2129<\/td>\n<td>1+<\/td>\n<td>120<\/td>\n<td>&nbsp;<\/td>\n<\/tr>\n<tr>\n<td>4<\/td>\n<td>Boetia, Thebes \u00c617<\/td>\n<td>S 4113<\/td>\n<td>1\/1+<\/td>\n<td>150<\/td>\n<td>&nbsp;<\/td>\n<\/tr>\n<tr>\n<td>5<\/td>\n<td>Corcyra \u00c620<\/td>\n<td>SNG Cop 248<\/td>\n<td>1<\/td>\n<td>150<\/td>\n<td>&nbsp;<\/td>\n<\/tr>\n<tr>\n<td>6<\/td>\n<td>Phygia, Eumenia \u00c6 16<\/td>\n<td>S 5138<\/td>\n<td>1\/1+<\/td>\n<td>200<\/td>\n<td>&nbsp;<\/td>\n<\/tr>\n<tr>\n<td>7<\/td>\n<td>Rom, Ant. Pius, sesterts<\/td>\n<td>S 4147<\/td>\n<td>1-<\/td>\n<td>100<\/td>\n<td>&nbsp;<\/td>\n<\/tr>\n<tr>\n<td>8<\/td>\n<td>Rom, Marcus Aurelius, denar<\/td>\n<td>S 4749 var.<\/td>\n<td>1\/1+<\/td>\n<td>300<\/td>\n<td>&nbsp;<\/td>\n<\/tr>\n<tr>\n<td>9<\/td>\n<td>Rom, Postumus, antonian<\/td>\n<td>S 10967<\/td>\n<td>1\/1+<\/td>\n<td>100<\/td>\n<td>&nbsp;<\/td>\n<\/tr>\n<tr>\n<td>10<\/td>\n<td>Rom, Postumus, 2 sesterts<\/td>\n<td>S 11052<\/td>\n<td>1<\/td>\n<td>400<\/td>\n<td>&nbsp;<\/td>\n<\/tr>\n<tr>\n<td>11<\/td>\n<td>Rom, Maximian, follis<\/td>\n<td>S 13306<\/td>\n<td>1\/1+<\/td>\n<td>150<\/td>\n<td>&nbsp;<\/td>\n<\/tr>\n<tr>\n<td>12<\/td>\n<td>Rom, Constantius II, \u00c6 3\/4<\/td>\n<td>S 17993<\/td>\n<td>1+<\/td>\n<td>50<\/td>\n<td>&nbsp;<\/td>\n<\/tr>\n<tr>\n<td>13<\/td>\n<td>Rom, constantius II, centenionalis<\/td>\n<td>S 4004<\/td>\n<td>1<\/td>\n<td>50<\/td>\n<td>&nbsp;<\/td>\n<\/tr>\n<tr>\n<td>14<\/td>\n<td>Norge, 2\u00f8re 1877, 1 \u00f8re 1876,84 (3)<\/td>\n<td>&nbsp;<\/td>\n<td>1,1+<\/td>\n<td>100<\/td>\n<td>&nbsp;<\/td>\n<\/tr>\n<tr>\n<td>15<\/td>\n<td>Norge, lot 5 stk. 50 \u00f8re 1918<\/td>\n<td>&nbsp;<\/td>\n<td>1\/1+<\/td>\n<td>100<\/td>\n<td>&nbsp;<\/td>\n<\/tr>\n<tr>\n<td>16<\/td>\n<td>Norge, 50 \u00f8re 1943<\/td>\n<td>&nbsp;<\/td>\n<td>1+\/01<\/td>\n<td>400<\/td>\n<td>&nbsp;<\/td>\n<\/tr>\n<tr>\n<td>17<\/td>\n<td>Norge, 1 krone 1956<\/td>\n<td>&nbsp;<\/td>\n<td>1<\/td>\n<td>75<\/td>\n<td>&nbsp;<\/td>\n<\/tr>\n<tr>\n<td>18<\/td>\n<td>Norge, medalje 17 mai 1913<\/td>\n<td>JA 58<\/td>\n<td>1+<\/td>\n<td>100<\/td>\n<td>&nbsp;<\/td>\n<\/tr>\n<tr>\n<td>19<\/td>\n<td>Danmark, 2 sk 1563<\/td>\n<td>&nbsp;<\/td>\n<td>1\/1+<\/td>\n<td>200<\/td>\n<td>&nbsp;<\/td>\n<\/tr>\n<tr>\n<td>20<\/td>\n<td>Danmark, 1 sk 1722<\/td>\n<td>&nbsp;<\/td>\n<td>1\/1+<\/td>\n<td>80<\/td>\n<td>&nbsp;<\/td>\n<\/tr>\n<tr>\n<td>21<\/td>\n<td>Danmark, 16 sk 1858<\/td>\n<td>&nbsp;<\/td>\n<td>0<\/td>\n<td>300<\/td>\n<td>&nbsp;<\/td>\n<\/tr>\n<tr>\n<td>22<\/td>\n<td>Danmark, krone 1916<\/td>\n<td>&nbsp;<\/td>\n<td>1<\/td>\n<td>75<\/td>\n<td>&nbsp;<\/td>\n<\/tr>\n<tr>\n<td>23<\/td>\n<td>Danmark, 25 \u00f8re 1913, 15, 19 (3)<\/td>\n<td>&nbsp;<\/td>\n<td>1+\/01<\/td>\n<td>100<\/td>\n<td>&nbsp;<\/td>\n<\/tr>\n<tr>\n<td>24<\/td>\n<td>Sverige, daler 1716, publica fide<\/td>\n<td>&nbsp;<\/td>\n<td>1\/1+<\/td>\n<td>100<\/td>\n<td>&nbsp;<\/td>\n<\/tr>\n<tr>\n<td>25<\/td>\n<td>Sverige, 1 \u00f8re 1892<\/td>\n<td>&nbsp;<\/td>\n<td>1<\/td>\n<td>100<\/td>\n<td>&nbsp;<\/td>\n<\/tr>\n<tr>\n<td>26<\/td>\n<td>England, shilling 1745<\/td>\n<td>KM 583.2<\/td>\n<td>1\/1+<\/td>\n<td>250<\/td>\n<td>&nbsp;<\/td>\n<\/tr>\n<tr>\n<td>27<\/td>\n<td>Lundy, puffin 1929<\/td>\n<td>&nbsp;<\/td>\n<td>1+\/01<\/td>\n<td>100<\/td>\n<td>&nbsp;<\/td>\n<\/tr>\n<tr>\n<td>28<\/td>\n<td>Brandenburg, 1\/4 taler 1624<\/td>\n<td>Km 86.7<\/td>\n<td>1<\/td>\n<td>300<\/td>\n<td>&nbsp;<\/td>\n<\/tr>\n<tr>\n<td>29<\/td>\n<td>Bayern, taler 1860<\/td>\n<td>&nbsp;<\/td>\n<td>1\/1+<\/td>\n<td>200<\/td>\n<td>&nbsp;<\/td>\n<\/tr>\n<tr>\n<td>30<\/td>\n<td>Preussen, 5 mark 1876<\/td>\n<td>&nbsp;<\/td>\n<td>1<\/td>\n<td>200<\/td>\n<td>&nbsp;<\/td>\n<\/tr>\n<tr>\n<td>31<\/td>\n<td>Preussen, 5 mark 1914 ks.<\/td>\n<td>&nbsp;<\/td>\n<td>1+<\/td>\n<td>200<\/td>\n<td>&nbsp;<\/td>\n<\/tr>\n<tr>\n<td>32<\/td>\n<td>Russland, 1\/4 kopek 1855, 2 kopek 1860<\/td>\n<td>&nbsp;<\/td>\n<td>1+<\/td>\n<td>80<\/td>\n<td>&nbsp;<\/td>\n<\/tr>\n<tr>\n<td>33<\/td>\n<td>Sovjetunionen, 10 kop. 1923, 15 kop. 1925, 20 kop. 1924<\/td>\n<td>&nbsp;<\/td>\n<td>1+<\/td>\n<td>150<\/td>\n<td>&nbsp;<\/td>\n<\/tr>\n<tr>\n<td>34<\/td>\n<td>Omayyad, dirham AH 118 (737) Wasit<\/td>\n<td>W 297<\/td>\n<td>1\/1+<\/td>\n<td>200<\/td>\n<td>&nbsp;<\/td>\n<\/tr>\n<tr>\n<td>35<\/td>\n<td>Krim, Mengli Giray 1466-1514, Akce AH 890<\/td>\n<td>Ret 5\/64<\/td>\n<td>1+<\/td>\n<td>150<\/td>\n<td>&nbsp;<\/td>\n<\/tr>\n<tr>\n<td>36<\/td>\n<td>Krim, Sodat Giray 1717-24, Beslik AH 1129<\/td>\n<td>KM 19a<\/td>\n<td>\/1-<\/td>\n<td>100<\/td>\n<td>&nbsp;<\/td>\n<\/tr>\n<tr>\n<td>37<\/td>\n<td>Kaffa ( Genova Krim ),FM visc 1421-35, Akce<\/td>\n<td>Alb 2068<\/td>\n<td>1-<\/td>\n<td>300<\/td>\n<td>&nbsp;<\/td>\n<\/tr>\n<tr>\n<td>38<\/td>\n<td>Sejuq Rum, Khaykhusraw III Dirham 671 (1273)<\/td>\n<td>Alb 1232<\/td>\n<td>1\/1+<\/td>\n<td>200<\/td>\n<td>&nbsp;<\/td>\n<\/tr>\n<tr>\n<td>39<\/td>\n<td>Timurid Persia, Husayn 1469-1506 Tanka<\/td>\n<td>Alb 2432.3<\/td>\n<td>1<\/td>\n<td>250<\/td>\n<td>&nbsp;<\/td>\n<\/tr>\n<tr>\n<td>40<\/td>\n<td>Persia,Tamasp 1524-26 Shahi, Hevat<\/td>\n<td>Mitch. 2043<\/td>\n<td>1<\/td>\n<td>80<\/td>\n<td>&nbsp;<\/td>\n<\/tr>\n<tr>\n<td>41<\/td>\n<td>Ghaznavid, Farrukhad 1053-59, dirham<\/td>\n<td>Alb 1623<\/td>\n<td>1<\/td>\n<td>100<\/td>\n<td>&nbsp;<\/td>\n<\/tr>\n<tr>\n<td>42<\/td>\n<td>Ghaznavid, Baramshah 1117-57, dirham<\/td>\n<td>Alb 1652<\/td>\n<td>1<\/td>\n<td>100<\/td>\n<td>&nbsp;<\/td>\n<\/tr>\n<tr>\n<td>43<\/td>\n<td>Kurzuwan, beleivet Jital AH 618 (1221)<\/td>\n<td>Alb 1971<\/td>\n<td>1\/1+<\/td>\n<td>400<\/td>\n<td>&nbsp;<\/td>\n<\/tr>\n<tr>\n<td>44<\/td>\n<td>Kushan India, Kanishka 232-60, drachm<\/td>\n<td>G 802<\/td>\n<td>1<\/td>\n<td>100<\/td>\n<td>&nbsp;<\/td>\n<\/tr>\n<tr>\n<td>45<\/td>\n<td>Kuxhano-Sassanid, Hormizd I, \u00c614, Gandhara<\/td>\n<td>P 1327<\/td>\n<td>1<\/td>\n<td>150<\/td>\n<td>&nbsp;<\/td>\n<\/tr>\n<tr>\n<td>46<\/td>\n<td>Dehli, Mahmud 1246-66, tanka<\/td>\n<td>&nbsp;<\/td>\n<td>1\/1+<\/td>\n<td>100<\/td>\n<td>&nbsp;<\/td>\n<\/tr>\n<tr>\n<td>47<\/td>\n<td>Kina, 1.\u00e5rh. Wu Zhu cash<\/td>\n<td>DH 10.2<\/td>\n<td>1<\/td>\n<td>80<\/td>\n<td>&nbsp;<\/td>\n<\/tr>\n<tr>\n<td>48<\/td>\n<td>Kina, S\u00f8r Sung dyn. 2 cash jern \u00e5r 13<\/td>\n<td>DH 284<\/td>\n<td>1<\/td>\n<td>100<\/td>\n<td>&nbsp;<\/td>\n<\/tr>\n<tr>\n<td>49<\/td>\n<td>Kina, Nord Sung dyn. 10 cash (1102-6), ks.<\/td>\n<td>S 564<\/td>\n<td>1+<\/td>\n<td>100<\/td>\n<td>&nbsp;<\/td>\n<\/tr>\n<tr>\n<td>50<\/td>\n<td>Kina, Tartar Jin dyn. Cash<\/td>\n<td>S 1089<\/td>\n<td>1\/1+<\/td>\n<td>100<\/td>\n<td>&nbsp;<\/td>\n<\/tr>\n<\/tbody>\n<\/table>\n<div class='sfsi_Sicons' style='width: 100%; display: inline-block; vertical-align: middle; text-align:left'><div style='margin:0px 8px 0px 0px; line-height: 24px'><span>F\u00f8lg og lik! =)<\/span><\/div><div class='sfsi_socialwpr'><div class='sf_subscrbe' style='text-align:left;vertical-align: middle;float:left;width:64px'><a href=\"http:\/\/www.specificfeeds.com\/widgets\/emailSubscribeEncFeed\/bzdLMEVQczltUDF5SThnYlJHcG9jRktNMFpMTjRGN1Z0bC92QTRKc25OSHVyNnpuV29SdXVKeitQbEx4WVAyYUFvam1MTm1naHlGc28rSDd3ajBPNk1Xc2RkVVZmWVNQdVlsQTU2ZThWa3pxRTNMbGxRd0tCenA1ZTZEaW1XNlZ8VU1TSXBhcURwV2RaeGxqSjZmOStHcHVSNXVpbVMrUnRnZTdDZjBoWTYvYz0=\/OA==\/\" target=\"_blank\"><img src=\"https:\/\/www.norsknum.org\/wp-content\/plugins\/ultimate-social-media-icons\/images\/follow_subscribe.png\" \/><\/a><\/div><div class='sf_fb' style='text-align:left;vertical-align: middle;width:98px'><div class=\"fb-like\" href=\"https:\/\/www.norsknum.org\/?page_id=1308\" width=\"180\" send=\"false\" showfaces=\"false\"  action=\"like\" data-share=\"true\"data-layout=\"button\" ><\/div><\/div><div class='sf_twiter' style='text-align:left;float:left;vertical-align: middle;width:auto'><a href=\"http:\/\/twitter.com\/share\" data-count=\"none\" class=\"sr-twitter-button twitter-share-button\" lang=\"en\" data-url=\"https:\/\/www.norsknum.org\/?page_id=1308\" data-text=\"Auksjon \u2013 September 2018\" ><\/a><\/div><\/div><\/div>","protected":false},"excerpt":{"rendered":"<p>Medlemmer kan sende skriftlige bud til gunnar@oslomyntgalleri.no. Bud m\u00e5 v\u00e6re innsendt senest dagen f\u00f8r auksjonen. AUKSJON N.N.F. &#8211; Tirsdag 30. September 2018 Lot. Beskrivelse Ref. Kval. Utrop Hammerslag 1 Moesia, Macrianopolis, Septimus Severus \u00c6 27 Var.&nbsp; 844 1 200 &nbsp;&hellip; <\/p>\n","protected":false},"author":1,"featured_media":0,"parent":42,"menu_order":0,"comment_status":"closed","ping_status":"closed","template":"","meta":[],"_links":{"self":[{"href":"https:\/\/www.norsknum.org\/index.php?rest_route=\/wp\/v2\/pages\/1308"}],"collection":[{"href":"https:\/\/www.norsknum.org\/index.php?rest_route=\/wp\/v2\/pages"}],"about":[{"href":"https:\/\/www.norsknum.org\/index.php?rest_route=\/wp\/v2\/types\/page"}],"author":[{"embeddable":true,"href":"https:\/\/www.norsknum.org\/index.php?rest_route=\/wp\/v2\/users\/1"}],"replies":[{"embeddable":true,"href":"https:\/\/www.norsknum.org\/index.php?rest_route=%2Fwp%2Fv2%2Fcomments&post=1308"}],"version-history":[{"count":2,"href":"https:\/\/www.norsknum.org\/index.php?rest_route=\/wp\/v2\/pages\/1308\/revisions"}],"predecessor-version":[{"id":1335,"href":"https:\/\/www.norsknum.org\/index.php?rest_route=\/wp\/v2\/pages\/1308\/revisions\/1335"}],"up":[{"embeddable":true,"href":"https:\/\/www.norsknum.org\/index.php?rest_route=\/wp\/v2\/pages\/42"}],"wp:attachment":[{"href":"https:\/\/www.norsknum.org\/index.php?rest_route=%2Fwp%2Fv2%2Fmedia&parent=1308"}],"curies":[{"name":"wp","href":"https:\/\/api.w.org\/{rel}","templated":true}]}}