{"id":132,"date":"2014-06-10T20:25:31","date_gmt":"2014-06-10T18:25:31","guid":{"rendered":"http:\/\/norsknum.org\/ny\/?page_id=132"},"modified":"2024-06-03T20:01:46","modified_gmt":"2024-06-03T18:01:46","slug":"forside","status":"publish","type":"page","link":"https:\/\/www.norsknum.org\/","title":{"rendered":"VELKOMMEN TIL NORSK NUMISMATISK FORENING"},"content":{"rendered":"<p><a href=\"https:\/\/www.norsknum.org\/?page_id=83\">NNF<\/a> er en forening for alle som er interessert i numismatikk. Det betyr at v\u00e5re medlemmer stort sett er samlere av norske eller utenlandske mynter, av antikke mynter, middelaldermynter eller mer moderne mynter. Men vi har ogs\u00e5 medlemmer som samler medaljer, sedler eller poletter, og dessuten noen som ikke f\u00f8rst og fremst er samlere, men mest opptatt av generell pengehistorie.<\/p>\n<div style=\"width: 100%;\" class=\"ml-slider-3-11-1 metaslider metaslider-nivo metaslider-286 ml-slider\">\n    \n    <div id=\"metaslider_container_286\">\n        <div class='slider-wrapper theme-default'><div class='ribbon'><\/div><div id='metaslider_286' class='nivoSlider'><img src=\"https:\/\/www.norsknum.org\/wp-content\/uploads\/2014\/11\/Christian-IV.-1-Speciedaler-1628-SB-_vill-love_-700x300.jpg\" height=\"300\" width=\"700\" data-caption=\"Christian IV, 1 Speciedaler 1628\" alt=\"\" class=\"slider-286 slide-667\" \/><img src=\"https:\/\/www.norsknum.org\/wp-content\/uploads\/2014\/06\/Byzants-Jesusmotiv-700x300.jpg\" height=\"300\" width=\"700\" data-caption=\"Byzantinerne var de f&oslash;rste som avbildet Jesus p&aring; mynt.\" alt=\"test1\" class=\"slider-286 slide-288\" \/><img src=\"https:\/\/www.norsknum.org\/wp-content\/uploads\/2014\/06\/ALEXANDER-hellenisme-700x300.jpg\" height=\"300\" width=\"700\" data-caption=\"Hellenistisk tetradrakme: Var Heraklesbildet p&aring; forside et bilde av Alexander den store?\" alt=\"test2\" class=\"slider-286 slide-287\" \/><a href=\"http:\/\/en.wikipedia.org\/wiki\/Battle_of_K%C3%B8ge_Bay\" target=\"_self\"><img src=\"https:\/\/www.norsknum.org\/wp-content\/uploads\/2014\/11\/KogeBuktSchneiderA-700x300.png\" height=\"300\" width=\"700\" data-caption=\"Slaget i K&oslash;ge bugt, 1677\" alt=\"\" class=\"slider-286 slide-668\" \/><\/a><img src=\"https:\/\/www.norsknum.org\/wp-content\/uploads\/2014\/11\/10kr1877MS67usd8000-700x300.jpg\" height=\"300\" width=\"700\" data-caption=\"10 Kroner 1877\" alt=\"\" class=\"slider-286 slide-666\" \/><img src=\"https:\/\/www.norsknum.org\/wp-content\/uploads\/2014\/06\/Notg.Broaker1-Adv2369_A-700x300.jpg\" height=\"300\" width=\"700\" data-caption=\"N&oslash;dseddel fra Broager 1920, skal kommunen bli dansk eller tysk?\" alt=\"test5\" class=\"slider-286 slide-289\" \/><img src=\"https:\/\/www.norsknum.org\/wp-content\/uploads\/2014\/06\/Myntskatt-682x292.jpg\" height=\"300\" width=\"700\" data-caption=\"Kirialskatten fra Jylland. (Nationalmuseet i K&oslash;benhavn)\" alt=\"test8\" class=\"slider-286 slide-290\" \/><img src=\"https:\/\/www.norsknum.org\/wp-content\/uploads\/2014\/11\/1_2spdaler1827-700x300.jpg\" height=\"300\" width=\"700\" data-caption=\"1\/2 Speciedaler 1827\" alt=\"\" class=\"slider-286 slide-665\" \/><\/div><\/div>\n        \n    <\/div>\n<\/div>\n\n<!-- NOTE: If you need to make changes to this file, copy it to your current theme's main\n\tdirectory so your changes won't be overwritten when the plugin is upgraded. -->\n\n<!-- Post Wrap Start-->\n<div class=\"post hentry ivycat-post\">\n\t\n\t<!-- \tThis outputs the post TITLE -->\n\t<h2 class=\"entry-title\"><a href=\"https:\/\/www.norsknum.org\/?p=580\">Medlemsm\u00f8ter<\/a><\/h2>\n\n\t<!-- \tThis outputs the post EXCERPT.  To display full content including images and html, \n\t\treplace the_excerpt(); with the_content();  below. -->\n\t<div class=\"entry-summary\">\n\t\t<p><strong>Vi har en spennende m\u00f8teplan fremover med varierte temaer. Noen endringer kan forekomme, s\u00e5 sjekk alltid for eventuelle endringer i programmet.<\/strong><\/p>\n<br \/>\n<strong>08\/05\/2026 kl.17:00<\/strong><\/p>\n<p>I god tradisjon blir dette et rikholdig m\u00f8te, med flere ulike foredag og hyggelig numismatisk treff. Vi h\u00e5per \u00e5 sl\u00e5 rekorden fra sist, med 61 deltakere!<br \/><br \/>\n<strong>26\/05\/2026 kl.18:00<\/strong><\/p>\n<p>Ordin\u00e6rt medlemsm\u00f8te. Tittel p\u00e5 foredrag kommer senere.<br \/>\n<p>_____________<\/p>\n<h3>Generelt om medlemsm\u00f8tene<\/h3>\n<p>Alle de ordin\u00e6re medlemsm\u00f8tene avholdes i \u201c<strong>Wilhelmsenbygget\u201d, Olav Vs gate 5<\/strong>.<br \/>\nDet samme gjelder normalt for det vi kaller \u00abde store \u00e5pne m\u00f8tene\u00bb.\u00a0<strong>Bruk \u201cAuditoriet\u201d p\u00e5 ringeklokken.<\/strong><\/p>\n<p>M\u00f8tene starter (ca,) klokken 18.00. Da \u00e5pnes d\u00f8rene for kaffe og sosialt samv\u00e6r, mens selve programmet starter (ca.) klokken 19. Da gir normalt formannen en oppdatering om aktuelle saker fra inn- og utland f\u00f8r vi g\u00e5r over til kveldens foredrag.<\/p>\n<p>Foredragene omhandler numismatiske temaer fra ulike perioder og spesialomr\u00e5der, og holdes enten av et av foreningens medlemmer eller en spesialist utenfra.<\/p>\n<p>Etter foredraget avholdes kveldens auksjon (se nedenfor). M\u00f8tene avsluttes ca. kl. 21.00.<\/p>\n<p>P\u00e5 medlemsm\u00f8tene kan man treffe folk som er spesialister innen de fleste deler av numismatikken.<\/p>\n<p>Prinsippet i NNF er for \u00f8vrig: Det er lov \u00e5 v\u00e6re gjest, og det er lov \u00e5 ta med seg gjest.<br \/>\nKort sagt: Bare kom!<\/p>\n<p><a title=\"Vis m\u00f8teprogram\" href=\"\/?post_type=tribe_events\">Klikk her for komplett m\u00f8teplan.<\/a><\/p>\n<div class='sfsi_Sicons' style='width: 100%; display: inline-block; vertical-align: middle; text-align:left'><div style='margin:0px 8px 0px 0px; line-height: 24px'><span>F\u00f8lg og lik! =)<\/span><\/div><div class='sfsi_socialwpr'><div class='sf_subscrbe' style='text-align:left;vertical-align: middle;float:left;width:64px'><a href=\"http:\/\/www.specificfeeds.com\/widgets\/emailSubscribeEncFeed\/bzdLMEVQczltUDF5SThnYlJHcG9jRktNMFpMTjRGN1Z0bC92QTRKc25OSHVyNnpuV29SdXVKeitQbEx4WVAyYUFvam1MTm1naHlGc28rSDd3ajBPNk1Xc2RkVVZmWVNQdVlsQTU2ZThWa3pxRTNMbGxRd0tCenA1ZTZEaW1XNlZ8VU1TSXBhcURwV2RaeGxqSjZmOStHcHVSNXVpbVMrUnRnZTdDZjBoWTYvYz0=\/OA==\/\" target=\"_blank\"><img src=\"https:\/\/www.norsknum.org\/wp-content\/plugins\/ultimate-social-media-icons\/images\/follow_subscribe.png\" \/><\/a><\/div><div class='sf_fb' style='text-align:left;vertical-align: middle;width:98px'><div class=\"fb-like\" href=\"https:\/\/www.norsknum.org\/?p=580\" width=\"180\" send=\"false\" showfaces=\"false\"  action=\"like\" data-share=\"true\"data-layout=\"button\" ><\/div><\/div><div class='sf_twiter' style='text-align:left;float:left;vertical-align: middle;width:auto'><a href=\"http:\/\/twitter.com\/share\" data-count=\"none\" class=\"sr-twitter-button twitter-share-button\" lang=\"en\" data-url=\"https:\/\/www.norsknum.org\/?p=580\" data-text=\"Medlemsm\u00f8ter\" ><\/a><\/div><\/div><\/div>\t<\/div>\n\n\t<!--\tThis outputs the post META information -->\n\t<div class=\"entry-utility\">\n\t\t\t\t\t\t<span class=\"comments-link\"><span>Kommentarer er skrudd av<span class=\"screen-reader-text\"> for Medlemsm\u00f8te 26. mai<\/span><\/span><\/span>\n\t\t\t<\/div>\n<\/div>\n<!-- \/\/ Post Wrap End -->\n\n<h3>Om foreningen og v\u00e5re aktiviteter<\/h3>\n<p style=\"font-weight: 400;\">NNF, som er organisert i Oslo, har i dag ca. 200 aktive medlemmer. Dessuten finnes det flere lokale foreninger rundt om i landet. (Medlemmene i disse er i utgangspunktet ikke medregnet i tallet foran.)<\/p>\n<p style=\"font-weight: 400;\">Det er lett \u00e5 bli medlem i NNF. M\u00f8t bare opp p\u00e5 et av m\u00f8tene v\u00e5re, eller\u00a0<a href=\"https:\/\/www.norsknum.org\/?page_id=85\">registrer deg som medlem<\/a>.<\/p>\n<p style=\"font-weight: 400;\">NNF holder\u00a0som nevnt <a href=\"https:\/\/www.norsknum.org\/ny?post_type=tribe_events\">m\u00e5nedlige medlemsm\u00f8ter<\/a>\u00a0i Oslo, jfr. foran. Disse er viktige b\u00e5de for \u00e5 f\u00e5 informasjon om aktuelle saker og for \u00e5 pleie kontakten med likesinnede.<\/p>\n<p style=\"font-weight: 400;\">For mange er kanskje auksjonene viktigst.\u00a0<a href=\"https:\/\/www.norsknum.org\/?page_id=42\">Auksjonslister med bilder<\/a>\u00a0legges ut p\u00e5 forh\u00e5nd, og det er anledning til \u00e5 legge inn forh\u00e5ndsbud fra medlemmer som ikke har anledning til \u00e5 v\u00e6re til stede p\u00e5 m\u00f8tet.<\/p>\n<p style=\"font-weight: 400;\">Et annet viktig tilbud er medlemsbladet v\u00e5rt,\u00a0<a href=\"https:\/\/www.norsknum.org\/?page_id=57\">Norsk Numismatisk tidsskrift<\/a>\u00a0(NNT). Dette utkommer normalt fire ganger i \u00e5ret. Her inntas faglige artikler i tillegg til nyhetspreget stoff.<\/p>\n<p><a href=\"https:\/\/www.norsknum.org\/wp-content\/uploads\/2024\/06\/nnfnytt022024.png\"><img decoding=\"async\" loading=\"lazy\" class=\"alignnone size-medium wp-image-3455\" src=\"https:\/\/www.norsknum.org\/wp-content\/uploads\/2024\/06\/nnfnytt022024-300x201.png\" alt=\"\" width=\"300\" height=\"201\" srcset=\"https:\/\/www.norsknum.org\/wp-content\/uploads\/2024\/06\/nnfnytt022024-300x201.png 300w, https:\/\/www.norsknum.org\/wp-content\/uploads\/2024\/06\/nnfnytt022024.png 764w\" sizes=\"(max-width: 300px) 100vw, 300px\" \/><\/a><\/p>\n<p style=\"font-weight: 400;\">For \u00f8vrig er nettsiden v\u00e5r en viktig kommunikasjonskanal til medlemmene. Her skal du kunne finne det viktigste om foreningen og v\u00e5re aktiviteter.<\/p>\n<p style=\"font-weight: 400;\">For l\u00f8pende nyheter er ogs\u00e5\u00a0<a href=\"http:\/\/www.facebook.com\/norsknumismatiskforening\">foreningens facebookside<\/a>\u00a0viktig.<\/p>\n<p style=\"font-weight: 400;\">\n<p style=\"font-weight: 400;\"><strong>Foreningens formann og styre<\/strong><br \/>\nForeningens formann er Guttorm Egge, som har hatt dette vervet siden 2020.<br \/>\nFor en oversikt over alle medlemmer i styret og andre som har verv i foreningen ellers \u2013 se <a href=\"https:\/\/www.norsknum.org\/?page_id=87\">Kontakt oss<\/a><\/p>\n<p style=\"font-weight: 400;\">Foreningens \u00f8verste organ er medlemsm\u00f8tet, som sist ble holdt 19. mars 2024.<\/p>\n<div class='sfsi_Sicons' style='width: 100%; display: inline-block; vertical-align: middle; text-align:left'><div style='margin:0px 8px 0px 0px; line-height: 24px'><span>F\u00f8lg og lik! =)<\/span><\/div><div class='sfsi_socialwpr'><div class='sf_subscrbe' style='text-align:left;vertical-align: middle;float:left;width:64px'><a href=\"http:\/\/www.specificfeeds.com\/widgets\/emailSubscribeEncFeed\/bzdLMEVQczltUDF5SThnYlJHcG9jRktNMFpMTjRGN1Z0bC92QTRKc25OSHVyNnpuV29SdXVKeitQbEx4WVAyYUFvam1MTm1naHlGc28rSDd3ajBPNk1Xc2RkVVZmWVNQdVlsQTU2ZThWa3pxRTNMbGxRd0tCenA1ZTZEaW1XNlZ8VU1TSXBhcURwV2RaeGxqSjZmOStHcHVSNXVpbVMrUnRnZTdDZjBoWTYvYz0=\/OA==\/\" target=\"_blank\"><img src=\"https:\/\/www.norsknum.org\/wp-content\/plugins\/ultimate-social-media-icons\/images\/follow_subscribe.png\" \/><\/a><\/div><div class='sf_fb' style='text-align:left;vertical-align: middle;width:98px'><div class=\"fb-like\" href=\"https:\/\/www.norsknum.org\/\" width=\"180\" send=\"false\" showfaces=\"false\"  action=\"like\" data-share=\"true\"data-layout=\"button\" ><\/div><\/div><div class='sf_twiter' style='text-align:left;float:left;vertical-align: middle;width:auto'><a href=\"http:\/\/twitter.com\/share\" data-count=\"none\" class=\"sr-twitter-button twitter-share-button\" lang=\"en\" data-url=\"https:\/\/www.norsknum.org\/\" data-text=\"VELKOMMEN TIL NORSK NUMISMATISK FORENING\" ><\/a><\/div><\/div><\/div>","protected":false},"excerpt":{"rendered":"<p>NNF er en forening for alle som er interessert i numismatikk. Det betyr at v\u00e5re medlemmer stort sett er samlere av norske eller utenlandske mynter, av antikke mynter, middelaldermynter eller mer moderne mynter. Men vi har ogs\u00e5 medlemmer som samler&hellip; <\/p>\n","protected":false},"author":1,"featured_media":0,"parent":0,"menu_order":0,"comment_status":"closed","ping_status":"open","template":"","meta":[],"_links":{"self":[{"href":"https:\/\/www.norsknum.org\/index.php?rest_route=\/wp\/v2\/pages\/132"}],"collection":[{"href":"https:\/\/www.norsknum.org\/index.php?rest_route=\/wp\/v2\/pages"}],"about":[{"href":"https:\/\/www.norsknum.org\/index.php?rest_route=\/wp\/v2\/types\/page"}],"author":[{"embeddable":true,"href":"https:\/\/www.norsknum.org\/index.php?rest_route=\/wp\/v2\/users\/1"}],"replies":[{"embeddable":true,"href":"https:\/\/www.norsknum.org\/index.php?rest_route=%2Fwp%2Fv2%2Fcomments&post=132"}],"version-history":[{"count":52,"href":"https:\/\/www.norsknum.org\/index.php?rest_route=\/wp\/v2\/pages\/132\/revisions"}],"predecessor-version":[{"id":3546,"href":"https:\/\/www.norsknum.org\/index.php?rest_route=\/wp\/v2\/pages\/132\/revisions\/3546"}],"wp:attachment":[{"href":"https:\/\/www.norsknum.org\/index.php?rest_route=%2Fwp%2Fv2%2Fmedia&parent=132"}],"curies":[{"name":"wp","href":"https:\/\/api.w.org\/{rel}","templated":true}]}}