{"id":1343,"date":"2018-11-13T08:16:05","date_gmt":"2018-11-13T07:16:05","guid":{"rendered":"http:\/\/www.norsknum.org\/?page_id=1343"},"modified":"2018-11-13T08:16:05","modified_gmt":"2018-11-13T07:16:05","slug":"auksjon-november-2018","status":"publish","type":"page","link":"https:\/\/www.norsknum.org\/?page_id=1343","title":{"rendered":"Auksjon &#8211; November 2018"},"content":{"rendered":"<p>Medlemmer kan sende skriftlige bud til gunnar@oslomyntgalleri.no. Bud m\u00e5 v\u00e6re innsendt senest dagen f\u00f8r auksjonen.<\/p>\n<hr>\n<dl class=\"dl-horizontal\">\n<dt><strong><strong>AUKSJON N.N.F. &#8211; Tirsdag 27. November 2018<\/strong><\/strong><\/dt>\n<\/dl>\n<p>&nbsp;<\/p>\n<table class=\"auksjonstabell\">\n<tbody>\n<tr>\n<td>Lot.<\/td>\n<td>Beskrivelse<\/td>\n<td>Ref.<\/td>\n<td>Kval.<\/td>\n<td>Utrop<\/td>\n<td>Hammerslag<\/td>\n<\/tr>\n<tr>\n<td>1<\/td>\n<td>Thrakia, Mesembra \u00c620<\/td>\n<td>S1676<\/td>\n<td>1<\/td>\n<td>120<\/td>\n<td>&nbsp;<\/td>\n<\/tr>\n<tr>\n<td>2<\/td>\n<td>Thrakia, Pantikapaion \u00c616<\/td>\n<td>SNG Cop32<\/td>\n<td>1+<\/td>\n<td>200<\/td>\n<td>&nbsp;<\/td>\n<\/tr>\n<tr>\n<td>3<\/td>\n<td>Bithynia, Juliopolis, Gordian III. \u00c619<\/td>\n<td>SNG Cop463<\/td>\n<td>1\/1-<\/td>\n<td>150<\/td>\n<td>&nbsp;<\/td>\n<\/tr>\n<tr>\n<td>4<\/td>\n<td>Ionia 1\/24 stater<\/td>\n<td>S3464var<\/td>\n<td>1+<\/td>\n<td>300<\/td>\n<td>&nbsp;<\/td>\n<\/tr>\n<tr>\n<td>5<\/td>\n<td>Syria, Aniochia \u00c620, \u00e5r 43<\/td>\n<td>SNG Cop97<\/td>\n<td>1+<\/td>\n<td>150<\/td>\n<td>&nbsp;<\/td>\n<\/tr>\n<tr>\n<td>6<\/td>\n<td>Syria, Chalkis, Trajan \u00c625<\/td>\n<td>S1076<\/td>\n<td>1<\/td>\n<td>120<\/td>\n<td>&nbsp;<\/td>\n<\/tr>\n<tr>\n<td>7<\/td>\n<td>Syria,Damascus,Philip I. \u00c623<\/td>\n<td>Lindg2146var<\/td>\n<td>1<\/td>\n<td>400<\/td>\n<td>&nbsp;<\/td>\n<\/tr>\n<tr>\n<td>8<\/td>\n<td>Mesopotamia, Nisibis, Philip I. \u00c625<\/td>\n<td>S3970var<\/td>\n<td>1<\/td>\n<td>200<\/td>\n<td>&nbsp;<\/td>\n<\/tr>\n<tr>\n<td>9<\/td>\n<td>Judea, Herodes \u00c615<\/td>\n<td>S5534<\/td>\n<td>1-<\/td>\n<td>80<\/td>\n<td>&nbsp;<\/td>\n<\/tr>\n<tr>\n<td>10<\/td>\n<td>Nabataea,Arctus IV \u00c615<\/td>\n<td>Mesh97<\/td>\n<td>1<\/td>\n<td>100<\/td>\n<td>&nbsp;<\/td>\n<\/tr>\n<tr>\n<td>11<\/td>\n<td>Karthago \u00c630<\/td>\n<td>S6507<\/td>\n<td>1\/1+<\/td>\n<td>200<\/td>\n<td>&nbsp;<\/td>\n<\/tr>\n<tr>\n<td>12<\/td>\n<td>Rom,Sept Severus denar<\/td>\n<td>S6358<\/td>\n<td>1\/1+<\/td>\n<td>175<\/td>\n<td>&nbsp;<\/td>\n<\/tr>\n<tr>\n<td>13<\/td>\n<td>Rom,Gordian III. Antonian, sesterts (2)<\/td>\n<td>S8650,8702<\/td>\n<td>1<\/td>\n<td>250<\/td>\n<td>&nbsp;<\/td>\n<\/tr>\n<tr>\n<td>14<\/td>\n<td>Omayyad, anonym dirham AH96(715), Wasit<\/td>\n<td>W297<\/td>\n<td>1\/1+<\/td>\n<td>200<\/td>\n<td>&nbsp;<\/td>\n<\/tr>\n<tr>\n<td>15<\/td>\n<td>Abbasid, anonym dirham AH188(804),Salam<\/td>\n<td>Syll Ash 1694<\/td>\n<td>1+<\/td>\n<td>200<\/td>\n<td>&nbsp;<\/td>\n<\/tr>\n<tr>\n<td>16<\/td>\n<td>Norge skilling 1820<\/td>\n<td>&nbsp;<\/td>\n<td>1-<\/td>\n<td>80<\/td>\n<td>&nbsp;<\/td>\n<\/tr>\n<tr>\n<td>17<\/td>\n<td>Danmark skilling 1722<\/td>\n<td>&nbsp;<\/td>\n<td>1\/1+<\/td>\n<td>80<\/td>\n<td>&nbsp;<\/td>\n<\/tr>\n<tr>\n<td>18<\/td>\n<td>Sverige daler 1715, Kronen<\/td>\n<td>&nbsp;<\/td>\n<td>1+<\/td>\n<td>200<\/td>\n<td>&nbsp;<\/td>\n<\/tr>\n<tr>\n<td>19<\/td>\n<td>Sverige 2 kronor 1946 (2stk)<\/td>\n<td>&nbsp;<\/td>\n<td>1<\/td>\n<td>60<\/td>\n<td>&nbsp;<\/td>\n<\/tr>\n<tr>\n<td>20<\/td>\n<td>Sverige 5 kronor 1952 jub<\/td>\n<td>&nbsp;<\/td>\n<td>1<\/td>\n<td>80<\/td>\n<td>&nbsp;<\/td>\n<\/tr>\n<tr>\n<td>21<\/td>\n<td>England, Elisabeth 6 pence 1569<\/td>\n<td>S2562<\/td>\n<td>1,ks<\/td>\n<td>200<\/td>\n<td>&nbsp;<\/td>\n<\/tr>\n<tr>\n<td>22<\/td>\n<td>Kempten, 1\/2 batz 1512<\/td>\n<td>Sch1591<\/td>\n<td>1\/1+<\/td>\n<td>200<\/td>\n<td>&nbsp;<\/td>\n<\/tr>\n<tr>\n<td>23<\/td>\n<td>Westphalen 50 mill mark 1923<\/td>\n<td>&nbsp;<\/td>\n<td>1+<\/td>\n<td>50<\/td>\n<td>&nbsp;<\/td>\n<\/tr>\n<tr>\n<td>24<\/td>\n<td>Tyskland 10 pf 1940 milit\u00e6r, med diverse<\/td>\n<td>KM99<\/td>\n<td>1+<\/td>\n<td>50<\/td>\n<td>&nbsp;<\/td>\n<\/tr>\n<tr>\n<td>25<\/td>\n<td>Russland 5 kopek 1778 EM<\/td>\n<td>&nbsp;<\/td>\n<td>1+<\/td>\n<td>250<\/td>\n<td>&nbsp;<\/td>\n<\/tr>\n<tr>\n<td>26<\/td>\n<td>Russland 1\/2 rubel 1924<\/td>\n<td>&nbsp;<\/td>\n<td>1+<\/td>\n<td>80<\/td>\n<td>&nbsp;<\/td>\n<\/tr>\n<tr>\n<td>27<\/td>\n<td>\u00d8sterrike thaler 1818<\/td>\n<td>KM2162<\/td>\n<td>1<\/td>\n<td>200<\/td>\n<td>&nbsp;<\/td>\n<\/tr>\n<tr>\n<td>28<\/td>\n<td>Frankrike, Henrik II. Donzain 1558<\/td>\n<td>Dup997<\/td>\n<td>1+<\/td>\n<td>250<\/td>\n<td>&nbsp;<\/td>\n<\/tr>\n<tr>\n<td>29<\/td>\n<td>Frankrike,Medalje 40 mm bronse, obergivelse 15.7.1815<\/td>\n<td>&nbsp;<\/td>\n<td>1<\/td>\n<td>300<\/td>\n<td>&nbsp;<\/td>\n<\/tr>\n<tr>\n<td>30<\/td>\n<td>Italia\/Frankrike medalje 23 mm s\u00f8lv, dronning Caroline\/Neopoliton<\/td>\n<td>&nbsp;<\/td>\n<td>1+\/01<\/td>\n<td>200<\/td>\n<td>&nbsp;<\/td>\n<\/tr>\n<tr>\n<td>31<\/td>\n<td>Spania 50 cent 1892, 1894, 1900 (3)<\/td>\n<td>&nbsp;<\/td>\n<td>1\/1+<\/td>\n<td>100<\/td>\n<td>&nbsp;<\/td>\n<\/tr>\n<tr>\n<td>32<\/td>\n<td>Spania 50 cent 1904,1910,1926 (3)<\/td>\n<td>&nbsp;<\/td>\n<td>1+<\/td>\n<td>100<\/td>\n<td>&nbsp;<\/td>\n<\/tr>\n<tr>\n<td>33<\/td>\n<td>Venezia, Raniero Zeno 1253-68 Grosso<\/td>\n<td>Mey32<\/td>\n<td>1+<\/td>\n<td>200<\/td>\n<td>&nbsp;<\/td>\n<\/tr>\n<tr>\n<td>34<\/td>\n<td>Kirkestat, Alexander VI, 1492-1503 Grosso, buklet<\/td>\n<td>Berm532<\/td>\n<td>1+<\/td>\n<td>300<\/td>\n<td>&nbsp;<\/td>\n<\/tr>\n<tr>\n<td>35<\/td>\n<td>Ethiopia, Haile Selassie 5 dollar 1972<\/td>\n<td>KM52<\/td>\n<td>1<\/td>\n<td>100<\/td>\n<td>&nbsp;<\/td>\n<\/tr>\n<tr>\n<td>36<\/td>\n<td>Dahomey 1000 franc 1971<\/td>\n<td>KM 4.1<\/td>\n<td>0<\/td>\n<td>200<\/td>\n<td>&nbsp;<\/td>\n<\/tr>\n<tr>\n<td>37<\/td>\n<td>Seljuk Rum, Kay Khusraw III. Dirham AH670(1271),Siwas<\/td>\n<td>Br599A<\/td>\n<td>1<\/td>\n<td>200<\/td>\n<td>&nbsp;<\/td>\n<\/tr>\n<tr>\n<td>38<\/td>\n<td>Krim, Mengli Giray II. 1724-30, Beslik<\/td>\n<td>KM20A<\/td>\n<td>1+<\/td>\n<td>100<\/td>\n<td>&nbsp;<\/td>\n<\/tr>\n<tr>\n<td>39<\/td>\n<td>Muzaflorid Persia, Shah Shuja 2 dinar AH771(1370), Shiraz<\/td>\n<td>Zeno12844<\/td>\n<td>1\/1+<\/td>\n<td>100<\/td>\n<td>&nbsp;<\/td>\n<\/tr>\n<tr>\n<td>40<\/td>\n<td>Timurid Persia, Husayn 1469-1506 Tanka, Astarabad<\/td>\n<td>Syll Ash 154<\/td>\n<td>1<\/td>\n<td>200<\/td>\n<td>&nbsp;<\/td>\n<\/tr>\n<tr>\n<td>41<\/td>\n<td>Persia, Tamasp 1524-76 Shahi, Nimruz<\/td>\n<td>Mitch2044<\/td>\n<td>1<\/td>\n<td>80<\/td>\n<td>&nbsp;<\/td>\n<\/tr>\n<tr>\n<td>42<\/td>\n<td>Ghaznavid, Farrakhazad 1053-59 dirham<\/td>\n<td>SNAT359<\/td>\n<td>1<\/td>\n<td>100<\/td>\n<td>&nbsp;<\/td>\n<\/tr>\n<tr>\n<td>43<\/td>\n<td>Dehli,Mahmud 1246-66 Tanka<\/td>\n<td>GG137<\/td>\n<td>1\/1+<\/td>\n<td>100<\/td>\n<td>&nbsp;<\/td>\n<\/tr>\n<tr>\n<td>44<\/td>\n<td>Mysore gull Jannam fantasimynt, Travan core chukram<\/td>\n<td>KM21<\/td>\n<td>1+\/01,1+<\/td>\n<td>100<\/td>\n<td>&nbsp;<\/td>\n<\/tr>\n<tr>\n<td>45<\/td>\n<td>Kina, Tang dyn lot 8 stk Kai Ynan varianter<\/td>\n<td>&nbsp;<\/td>\n<td>VK<\/td>\n<td>100<\/td>\n<td>&nbsp;<\/td>\n<\/tr>\n<tr>\n<td>46<\/td>\n<td>Kina, Nord Sung dyn 3 cash jern, 1086-1100<\/td>\n<td>S597<\/td>\n<td>1<\/td>\n<td>100<\/td>\n<td>&nbsp;<\/td>\n<\/tr>\n<tr>\n<td>47<\/td>\n<td>Kina, S\u00f8r Sung dyn 2 cash<\/td>\n<td>S688<\/td>\n<td>1+<\/td>\n<td>100<\/td>\n<td>&nbsp;<\/td>\n<\/tr>\n<tr>\n<td>48<\/td>\n<td>Kina,S\u00f8r Sung dyn 2 cash, jern \u00e5r 5<\/td>\n<td>S807var<\/td>\n<td>1+<\/td>\n<td>150<\/td>\n<td>&nbsp;<\/td>\n<\/tr>\n<tr>\n<td>49<\/td>\n<td>Mexico, 5 pesos 1948<\/td>\n<td>&nbsp;<\/td>\n<td>1+\/01<\/td>\n<td>100<\/td>\n<td>&nbsp;<\/td>\n<\/tr>\n<tr>\n<td>50<\/td>\n<td>Panama 2 1\/2 cent 1904<\/td>\n<td>&nbsp;<\/td>\n<td>1+<\/td>\n<td>50<\/td>\n<td>&nbsp;<\/td>\n<\/tr>\n<\/tbody>\n<\/table>\n<div class='sfsi_Sicons' style='width: 100%; display: inline-block; vertical-align: middle; text-align:left'><div style='margin:0px 8px 0px 0px; line-height: 24px'><span>F\u00f8lg og lik! =)<\/span><\/div><div class='sfsi_socialwpr'><div class='sf_subscrbe' style='text-align:left;vertical-align: middle;float:left;width:64px'><a href=\"http:\/\/www.specificfeeds.com\/widgets\/emailSubscribeEncFeed\/bzdLMEVQczltUDF5SThnYlJHcG9jRktNMFpMTjRGN1Z0bC92QTRKc25OSHVyNnpuV29SdXVKeitQbEx4WVAyYUFvam1MTm1naHlGc28rSDd3ajBPNk1Xc2RkVVZmWVNQdVlsQTU2ZThWa3pxRTNMbGxRd0tCenA1ZTZEaW1XNlZ8VU1TSXBhcURwV2RaeGxqSjZmOStHcHVSNXVpbVMrUnRnZTdDZjBoWTYvYz0=\/OA==\/\" target=\"_blank\"><img src=\"https:\/\/www.norsknum.org\/wp-content\/plugins\/ultimate-social-media-icons\/images\/follow_subscribe.png\" \/><\/a><\/div><div class='sf_fb' style='text-align:left;vertical-align: middle;width:98px'><div class=\"fb-like\" href=\"https:\/\/www.norsknum.org\/?page_id=1343\" width=\"180\" send=\"false\" showfaces=\"false\"  action=\"like\" data-share=\"true\"data-layout=\"button\" ><\/div><\/div><div class='sf_twiter' style='text-align:left;float:left;vertical-align: middle;width:auto'><a href=\"http:\/\/twitter.com\/share\" data-count=\"none\" class=\"sr-twitter-button twitter-share-button\" lang=\"en\" data-url=\"https:\/\/www.norsknum.org\/?page_id=1343\" data-text=\"Auksjon &#8211; November 2018\" ><\/a><\/div><\/div><\/div>","protected":false},"excerpt":{"rendered":"<p>Medlemmer kan sende skriftlige bud til gunnar@oslomyntgalleri.no. Bud m\u00e5 v\u00e6re innsendt senest dagen f\u00f8r auksjonen. AUKSJON N.N.F. &#8211; Tirsdag 27. November 2018 &nbsp; Lot. Beskrivelse Ref. Kval. Utrop Hammerslag 1 Thrakia, Mesembra \u00c620 S1676 1 120 &nbsp; 2 Thrakia, Pantikapaion&hellip; <\/p>\n","protected":false},"author":1,"featured_media":0,"parent":42,"menu_order":0,"comment_status":"closed","ping_status":"closed","template":"","meta":[],"_links":{"self":[{"href":"https:\/\/www.norsknum.org\/index.php?rest_route=\/wp\/v2\/pages\/1343"}],"collection":[{"href":"https:\/\/www.norsknum.org\/index.php?rest_route=\/wp\/v2\/pages"}],"about":[{"href":"https:\/\/www.norsknum.org\/index.php?rest_route=\/wp\/v2\/types\/page"}],"author":[{"embeddable":true,"href":"https:\/\/www.norsknum.org\/index.php?rest_route=\/wp\/v2\/users\/1"}],"replies":[{"embeddable":true,"href":"https:\/\/www.norsknum.org\/index.php?rest_route=%2Fwp%2Fv2%2Fcomments&post=1343"}],"version-history":[{"count":2,"href":"https:\/\/www.norsknum.org\/index.php?rest_route=\/wp\/v2\/pages\/1343\/revisions"}],"predecessor-version":[{"id":1352,"href":"https:\/\/www.norsknum.org\/index.php?rest_route=\/wp\/v2\/pages\/1343\/revisions\/1352"}],"up":[{"embeddable":true,"href":"https:\/\/www.norsknum.org\/index.php?rest_route=\/wp\/v2\/pages\/42"}],"wp:attachment":[{"href":"https:\/\/www.norsknum.org\/index.php?rest_route=%2Fwp%2Fv2%2Fmedia&parent=1343"}],"curies":[{"name":"wp","href":"https:\/\/api.w.org\/{rel}","templated":true}]}}