{"id":1351,"date":"2018-11-29T14:23:31","date_gmt":"2018-11-29T13:23:31","guid":{"rendered":"http:\/\/www.norsknum.org\/?page_id=1351"},"modified":"2018-11-29T14:23:31","modified_gmt":"2018-11-29T13:23:31","slug":"auksjon-desember-2018","status":"publish","type":"page","link":"https:\/\/www.norsknum.org\/?page_id=1351","title":{"rendered":"Auksjon &#8211; Desember 2018"},"content":{"rendered":"<p>Medlemmer kan sende skriftlige bud til gunnar@oslomyntgalleri.no. Bud m\u00e5 v\u00e6re innsendt senest dagen f\u00f8r auksjonen.<\/p>\n<hr>\n<dl class=\"dl-horizontal\">\n<dt><strong><strong>AUKSJON N.N.F. &#8211; Fredag 14. Desember 2018<\/strong><\/strong><\/dt>\n<\/dl>\n<p>&nbsp;<\/p>\n<table class=\"auksjonstabell\">\n<tbody>\n<tr>\n<td>Lot.<\/td>\n<td>Beskrivelse<\/td>\n<td>Ref.<\/td>\n<td>Kval.<\/td>\n<td>Utrop<\/td>\n<td>Hammerslag<\/td>\n<\/tr>\n<tr>\n<td>1<\/td>\n<td>Norge, Frederik IV. 8 skilling 1727<\/td>\n<td>NMD39<\/td>\n<td>1<\/td>\n<td>1200<\/td>\n<td>&nbsp;<\/td>\n<\/tr>\n<tr>\n<td>2<\/td>\n<td>Norge, Christian VI. 24 skilling 1735<\/td>\n<td>NMD6B<\/td>\n<td>1+<\/td>\n<td>1200<\/td>\n<td>&nbsp;<\/td>\n<\/tr>\n<tr>\n<td>3<\/td>\n<td>Norge, Christian VI. 24 skilling 1743<\/td>\n<td>NMD14<\/td>\n<td>1+<\/td>\n<td>1000<\/td>\n<td>&nbsp;<\/td>\n<\/tr>\n<tr>\n<td>4<\/td>\n<td>Norge, Christian VI. 8 skilling 1731<\/td>\n<td>NMD19<\/td>\n<td>1+<\/td>\n<td>1000<\/td>\n<td>&nbsp;<\/td>\n<\/tr>\n<tr>\n<td>5<\/td>\n<td>Norge, Frederik V. 24 skilling 1756<\/td>\n<td>NMD13<\/td>\n<td>1\/1-<\/td>\n<td>600<\/td>\n<td>&nbsp;<\/td>\n<\/tr>\n<tr>\n<td>6<\/td>\n<td>Norge, Frederik V. 24 skilling 1758<\/td>\n<td>NMD15<\/td>\n<td>1<\/td>\n<td>800<\/td>\n<td>&nbsp;<\/td>\n<\/tr>\n<tr>\n<td>7<\/td>\n<td>Norge, Frederik V. 24 skilling 1759<\/td>\n<td>NMD16<\/td>\n<td>1<\/td>\n<td>800<\/td>\n<td>&nbsp;<\/td>\n<\/tr>\n<tr>\n<td>8<\/td>\n<td>Norge, Frederik V. 24 skilling 1760<\/td>\n<td>NMD17<\/td>\n<td>1<\/td>\n<td>800<\/td>\n<td>&nbsp;<\/td>\n<\/tr>\n<tr>\n<td>9<\/td>\n<td>Norge, Frederik V. 24 skilling 1761<\/td>\n<td>NMD18<\/td>\n<td>1\/1+<\/td>\n<td>900<\/td>\n<td>&nbsp;<\/td>\n<\/tr>\n<tr>\n<td>10<\/td>\n<td>Norge, Frederik V., 2 skilling 1762<\/td>\n<td>NMD27<\/td>\n<td>1<\/td>\n<td>300<\/td>\n<td>&nbsp;<\/td>\n<\/tr>\n<tr>\n<td>11<\/td>\n<td>Norge, Christian VII. 2 skilling 1778<\/td>\n<td>NMD76<\/td>\n<td>1+<\/td>\n<td>900<\/td>\n<td>&nbsp;<\/td>\n<\/tr>\n<tr>\n<td>12<\/td>\n<td>Norge, Carl XIV. Johan 8 skilling 1819<\/td>\n<td>NM41A<\/td>\n<td>1+\/01<\/td>\n<td>1500<\/td>\n<td>&nbsp;<\/td>\n<\/tr>\n<tr>\n<td>13<\/td>\n<td>Norge, Oscar II. 10 \u00f8re\/3 sk 1875<\/td>\n<td>NM78<\/td>\n<td>1+<\/td>\n<td>350<\/td>\n<td>&nbsp;<\/td>\n<\/tr>\n<tr>\n<td>14<\/td>\n<td>Danmark, Erik Menved (1286-1319) penning, Slesvig<\/td>\n<td>MB515<\/td>\n<td>1<\/td>\n<td>200<\/td>\n<td>&nbsp;<\/td>\n<\/tr>\n<tr>\n<td>15<\/td>\n<td>Danmark, Christian I. (1448-1481) hvid, Malm\u00f8<\/td>\n<td>G23<\/td>\n<td>1<\/td>\n<td>250<\/td>\n<td>&nbsp;<\/td>\n<\/tr>\n<tr>\n<td>16<\/td>\n<td>Danmark, Frederik IV. 8 skilling 1702<\/td>\n<td>H58<\/td>\n<td>1+<\/td>\n<td>300<\/td>\n<td>&nbsp;<\/td>\n<\/tr>\n<tr>\n<td>17<\/td>\n<td>Danmark, Frederik VI. Offermark 1808<\/td>\n<td>H6<\/td>\n<td>1+<\/td>\n<td>200<\/td>\n<td>&nbsp;<\/td>\n<\/tr>\n<tr>\n<td>18<\/td>\n<td>Sverige, Albrecht (1364-89) brakteat, Stockholm<\/td>\n<td>LLXXXIII2a<\/td>\n<td>1\/1+<\/td>\n<td>600<\/td>\n<td>&nbsp;<\/td>\n<\/tr>\n<tr>\n<td>19<\/td>\n<td>Finland, 20 markkaa 1904<\/td>\n<td>&nbsp;<\/td>\n<td>1+\/01<\/td>\n<td>1600<\/td>\n<td>&nbsp;<\/td>\n<\/tr>\n<tr>\n<td>20<\/td>\n<td>Russland, 5 rubel 1890, renset<\/td>\n<td>&nbsp;<\/td>\n<td>1\/1+<\/td>\n<td>800<\/td>\n<td>&nbsp;<\/td>\n<\/tr>\n<tr>\n<td>21<\/td>\n<td>Russland, 5 rubel 1898<\/td>\n<td>&nbsp;<\/td>\n<td>1+<\/td>\n<td>800<\/td>\n<td>&nbsp;<\/td>\n<\/tr>\n<tr>\n<td>22<\/td>\n<td>Gelderland, gulden 1721, ripe<\/td>\n<td>KM65.3<\/td>\n<td>1+<\/td>\n<td>200<\/td>\n<td>&nbsp;<\/td>\n<\/tr>\n<tr>\n<td>23<\/td>\n<td>Brabant, Philip II. 1\/5 ecu 1572<\/td>\n<td>GH212.1<\/td>\n<td>1+<\/td>\n<td>800<\/td>\n<td>&nbsp;<\/td>\n<\/tr>\n<tr>\n<td>24<\/td>\n<td>Flandern, Alb. Og Elisb. (1598-1621) 1\/4 patagon u. \u00c5r<\/td>\n<td>&nbsp;<\/td>\n<td>1+<\/td>\n<td>350<\/td>\n<td>&nbsp;<\/td>\n<\/tr>\n<tr>\n<td>25<\/td>\n<td>Pfalz-Neuburg, batzen 1519<\/td>\n<td>Sch2757<\/td>\n<td>1+<\/td>\n<td>350<\/td>\n<td>&nbsp;<\/td>\n<\/tr>\n<tr>\n<td>26<\/td>\n<td>Tyskland, 3 mark 1930A, Zeppelin<\/td>\n<td>KM67<\/td>\n<td>1+<\/td>\n<td>300<\/td>\n<td>&nbsp;<\/td>\n<\/tr>\n<tr>\n<td>27<\/td>\n<td>Ungarn, Leopold I. 1\/4 thaler 1695<\/td>\n<td>KM228<\/td>\n<td>1+<\/td>\n<td>350<\/td>\n<td>&nbsp;<\/td>\n<\/tr>\n<tr>\n<td>28<\/td>\n<td>Danmark, Christian VII. Medalje Slaget p\u00e5 Reden 1801<\/td>\n<td>B32<\/td>\n<td>1+\/01<\/td>\n<td>400<\/td>\n<td>&nbsp;<\/td>\n<\/tr>\n<tr>\n<td>29<\/td>\n<td>Frankrike, Napoleon, medalje felttog 1807<\/td>\n<td>&nbsp;<\/td>\n<td>.01<\/td>\n<td>300<\/td>\n<td>&nbsp;<\/td>\n<\/tr>\n<tr>\n<td>30<\/td>\n<td>Frankrike, Napoleon,medalje slaget Sommo Sierra 1808<\/td>\n<td>&nbsp;<\/td>\n<td>.01<\/td>\n<td>300<\/td>\n<td>&nbsp;<\/td>\n<\/tr>\n<tr>\n<td>31<\/td>\n<td>Norge, Sverre Sigurdsson (1177-1202) brakteat med bokstaven H, 0,06g<\/td>\n<td>Schive VII:10<\/td>\n<td>.01<\/td>\n<td>5000<\/td>\n<td>&nbsp;<\/td>\n<\/tr>\n<tr>\n<td>32<\/td>\n<td>Christian V. 4 mark 1689<\/td>\n<td>S.11,NMD95<\/td>\n<td>1+<\/td>\n<td>7000<\/td>\n<td>&nbsp;<\/td>\n<\/tr>\n<tr>\n<td>33<\/td>\n<td>5 \u00f8re 1944<\/td>\n<td>&nbsp;<\/td>\n<td>0<\/td>\n<td>300<\/td>\n<td>&nbsp;<\/td>\n<\/tr>\n<\/tbody>\n<\/table>\n<div class='sfsi_Sicons' style='width: 100%; display: inline-block; vertical-align: middle; text-align:left'><div style='margin:0px 8px 0px 0px; line-height: 24px'><span>F\u00f8lg og lik! =)<\/span><\/div><div class='sfsi_socialwpr'><div class='sf_subscrbe' style='text-align:left;vertical-align: middle;float:left;width:64px'><a href=\"http:\/\/www.specificfeeds.com\/widgets\/emailSubscribeEncFeed\/bzdLMEVQczltUDF5SThnYlJHcG9jRktNMFpMTjRGN1Z0bC92QTRKc25OSHVyNnpuV29SdXVKeitQbEx4WVAyYUFvam1MTm1naHlGc28rSDd3ajBPNk1Xc2RkVVZmWVNQdVlsQTU2ZThWa3pxRTNMbGxRd0tCenA1ZTZEaW1XNlZ8VU1TSXBhcURwV2RaeGxqSjZmOStHcHVSNXVpbVMrUnRnZTdDZjBoWTYvYz0=\/OA==\/\" target=\"_blank\"><img src=\"https:\/\/www.norsknum.org\/wp-content\/plugins\/ultimate-social-media-icons\/images\/follow_subscribe.png\" \/><\/a><\/div><div class='sf_fb' style='text-align:left;vertical-align: middle;width:98px'><div class=\"fb-like\" href=\"https:\/\/www.norsknum.org\/?page_id=1351\" width=\"180\" send=\"false\" showfaces=\"false\"  action=\"like\" data-share=\"true\"data-layout=\"button\" ><\/div><\/div><div class='sf_twiter' style='text-align:left;float:left;vertical-align: middle;width:auto'><a href=\"http:\/\/twitter.com\/share\" data-count=\"none\" class=\"sr-twitter-button twitter-share-button\" lang=\"en\" data-url=\"https:\/\/www.norsknum.org\/?page_id=1351\" data-text=\"Auksjon &#8211; Desember 2018\" ><\/a><\/div><\/div><\/div>","protected":false},"excerpt":{"rendered":"<p>Medlemmer kan sende skriftlige bud til gunnar@oslomyntgalleri.no. Bud m\u00e5 v\u00e6re innsendt senest dagen f\u00f8r auksjonen. AUKSJON N.N.F. &#8211; Fredag 14. Desember 2018 &nbsp; Lot. Beskrivelse Ref. Kval. Utrop Hammerslag 1 Norge, Frederik IV. 8 skilling 1727 NMD39 1 1200 &nbsp;&hellip; <\/p>\n","protected":false},"author":1,"featured_media":0,"parent":42,"menu_order":0,"comment_status":"closed","ping_status":"closed","template":"","meta":[],"_links":{"self":[{"href":"https:\/\/www.norsknum.org\/index.php?rest_route=\/wp\/v2\/pages\/1351"}],"collection":[{"href":"https:\/\/www.norsknum.org\/index.php?rest_route=\/wp\/v2\/pages"}],"about":[{"href":"https:\/\/www.norsknum.org\/index.php?rest_route=\/wp\/v2\/types\/page"}],"author":[{"embeddable":true,"href":"https:\/\/www.norsknum.org\/index.php?rest_route=\/wp\/v2\/users\/1"}],"replies":[{"embeddable":true,"href":"https:\/\/www.norsknum.org\/index.php?rest_route=%2Fwp%2Fv2%2Fcomments&post=1351"}],"version-history":[{"count":1,"href":"https:\/\/www.norsknum.org\/index.php?rest_route=\/wp\/v2\/pages\/1351\/revisions"}],"predecessor-version":[{"id":1353,"href":"https:\/\/www.norsknum.org\/index.php?rest_route=\/wp\/v2\/pages\/1351\/revisions\/1353"}],"up":[{"embeddable":true,"href":"https:\/\/www.norsknum.org\/index.php?rest_route=\/wp\/v2\/pages\/42"}],"wp:attachment":[{"href":"https:\/\/www.norsknum.org\/index.php?rest_route=%2Fwp%2Fv2%2Fmedia&parent=1351"}],"curies":[{"name":"wp","href":"https:\/\/api.w.org\/{rel}","templated":true}]}}