{"id":1370,"date":"2019-01-16T08:03:01","date_gmt":"2019-01-16T07:03:01","guid":{"rendered":"http:\/\/www.norsknum.org\/?page_id=1370"},"modified":"2019-02-21T19:41:25","modified_gmt":"2019-02-21T18:41:25","slug":"auksjon-januar-2019","status":"publish","type":"page","link":"https:\/\/www.norsknum.org\/?page_id=1370","title":{"rendered":"Auksjon &#8211; Januar 2019"},"content":{"rendered":"<p>Medlemmer kan sende skriftlige bud til gunnar@oslomyntgalleri.no. Bud m\u00e5 v\u00e6re innsendt senest dagen f\u00f8r auksjonen.<\/p>\n<hr>\n<dl class=\"dl-horizontal\">\n<dt><strong><strong>AUKSJON N.N.F. &#8211; Tirsdag 29. Januar 2019<\/strong><\/strong><\/dt>\n<\/dl>\n<p>&nbsp;<\/p>\n<table class=\"auksjonstabell\">\n<tbody>\n<tr>\n<td>Lot.<\/td>\n<td>Beskrivelse<\/td>\n<td>Ref.<\/td>\n<td>Kval.<\/td>\n<td>Utrop<\/td>\n<td>Hammerslag<\/td>\n<\/tr>\n<tr>\n<td>1<\/td>\n<td>Thrakia, Maroneia \u00c614<\/td>\n<td>S1636<\/td>\n<td>1\/1+<\/td>\n<td>150<\/td>\n<td>&nbsp;<\/td>\n<\/tr>\n<tr>\n<td>2<\/td>\n<td>Thrakia, Pantikapaion \u00c617<\/td>\n<td>SNG Cop43<\/td>\n<td>1\/1+<\/td>\n<td>150<\/td>\n<td>&nbsp;<\/td>\n<\/tr>\n<tr>\n<td>3<\/td>\n<td>Moesia,Viminacium, Philip I. \u00c627<\/td>\n<td>S3874<\/td>\n<td>1\/1+<\/td>\n<td>150<\/td>\n<td>&nbsp;<\/td>\n<\/tr>\n<tr>\n<td>4<\/td>\n<td>Thessaly, Larissa Obol<\/td>\n<td>H507<\/td>\n<td>1\/1+<\/td>\n<td>200<\/td>\n<td>&nbsp;<\/td>\n<\/tr>\n<tr>\n<td>5<\/td>\n<td>Illyria, Phares \u00c617<\/td>\n<td>S1925<\/td>\n<td>1\/1+<\/td>\n<td>150<\/td>\n<td>&nbsp;<\/td>\n<\/tr>\n<tr>\n<td>6<\/td>\n<td>Ionia, Britannicus \u00c615<\/td>\n<td>S516<\/td>\n<td>1<\/td>\n<td>100<\/td>\n<td>&nbsp;<\/td>\n<\/tr>\n<tr>\n<td>7<\/td>\n<td>Seleukid Syria, Selenkos III. \u00c616<\/td>\n<td>S6929<\/td>\n<td>1\/1+<\/td>\n<td>80<\/td>\n<td>&nbsp;<\/td>\n<\/tr>\n<tr>\n<td>8<\/td>\n<td>Syria, Antiochia \u00c618<\/td>\n<td>S5188<\/td>\n<td>1<\/td>\n<td>100<\/td>\n<td>&nbsp;<\/td>\n<\/tr>\n<tr>\n<td>9<\/td>\n<td>Rom,Gallienus Antonian<\/td>\n<td>S10401<\/td>\n<td>1\/1+<\/td>\n<td>100<\/td>\n<td>&nbsp;<\/td>\n<\/tr>\n<tr>\n<td>10<\/td>\n<td>Rom, Maximian Follis<\/td>\n<td>S13306<\/td>\n<td>1\/1+<\/td>\n<td>150<\/td>\n<td>&nbsp;<\/td>\n<\/tr>\n<tr>\n<td>11<\/td>\n<td>Rom, Constantius II. Centenionalis<\/td>\n<td>S4002<\/td>\n<td>1\/1+<\/td>\n<td>50<\/td>\n<td>&nbsp;<\/td>\n<\/tr>\n<tr>\n<td>12<\/td>\n<td>Rom, 200-tallet lot 5 mynt<\/td>\n<td>&nbsp;<\/td>\n<td>VK<\/td>\n<td>50<\/td>\n<td>&nbsp;<\/td>\n<\/tr>\n<tr>\n<td>13<\/td>\n<td>Rom, 300-tallet lot 5 mynt<\/td>\n<td>&nbsp;<\/td>\n<td>VK<\/td>\n<td>50<\/td>\n<td>&nbsp;<\/td>\n<\/tr>\n<tr>\n<td>14<\/td>\n<td>Norge, 2 skilling 1842<\/td>\n<td>&nbsp;<\/td>\n<td>1\/1+<\/td>\n<td>150<\/td>\n<td>&nbsp;<\/td>\n<\/tr>\n<tr>\n<td>15<\/td>\n<td>Norge, NNF n\u00e5l og medalje, medalje myntmesse 2001 (3)<\/td>\n<td>&nbsp;<\/td>\n<td>1+<\/td>\n<td>100<\/td>\n<td>&nbsp;<\/td>\n<\/tr>\n<tr>\n<td>16<\/td>\n<td>Danmark, Erik 1336-39 Sterling, Lund<\/td>\n<td>G9<\/td>\n<td>1<\/td>\n<td>200<\/td>\n<td>&nbsp;<\/td>\n<\/tr>\n<tr>\n<td>17<\/td>\n<td>Danmark, 2 skilling 1677<\/td>\n<td>H74a<\/td>\n<td>1<\/td>\n<td>100<\/td>\n<td>&nbsp;<\/td>\n<\/tr>\n<tr>\n<td>18<\/td>\n<td>Danmark, 2 skilling 1801<\/td>\n<td>H35a<\/td>\n<td>1\/1+<\/td>\n<td>80<\/td>\n<td>&nbsp;<\/td>\n<\/tr>\n<tr>\n<td>19<\/td>\n<td>Danmark skilling 1842,52,53<\/td>\n<td>&nbsp;<\/td>\n<td>1<\/td>\n<td>80<\/td>\n<td>&nbsp;<\/td>\n<\/tr>\n<tr>\n<td>20<\/td>\n<td>Danmark lot 39 stk poletter<\/td>\n<td>&nbsp;<\/td>\n<td>VK<\/td>\n<td>100<\/td>\n<td>&nbsp;<\/td>\n<\/tr>\n<tr>\n<td>21<\/td>\n<td>Island, sett 3 stk 100 kr 1994<\/td>\n<td>&nbsp;<\/td>\n<td>0<\/td>\n<td>500<\/td>\n<td>&nbsp;<\/td>\n<\/tr>\n<tr>\n<td>22<\/td>\n<td>Sverige, \u00f8re klipping 1624, perf<\/td>\n<td>SM112<\/td>\n<td>1<\/td>\n<td>300<\/td>\n<td>&nbsp;<\/td>\n<\/tr>\n<tr>\n<td>23<\/td>\n<td>Sverige, daler 1716, Pub Fide<\/td>\n<td>&nbsp;<\/td>\n<td>1<\/td>\n<td>80<\/td>\n<td>&nbsp;<\/td>\n<\/tr>\n<tr>\n<td>24<\/td>\n<td>Sverige, daler 1717, Wett o W<\/td>\n<td>&nbsp;<\/td>\n<td>1+<\/td>\n<td>200<\/td>\n<td>&nbsp;<\/td>\n<\/tr>\n<tr>\n<td>25<\/td>\n<td>Russland, 25 kopek 1828<\/td>\n<td>&nbsp;<\/td>\n<td>1\/1+<\/td>\n<td>200<\/td>\n<td>&nbsp;<\/td>\n<\/tr>\n<tr>\n<td>26<\/td>\n<td>England, Elisabeth 6 pence 1575,&nbsp;<\/td>\n<td>S2563<\/td>\n<td>1+, ks<\/td>\n<td>400<\/td>\n<td>&nbsp;<\/td>\n<\/tr>\n<tr>\n<td>27<\/td>\n<td>England, George I. shilling 1723<\/td>\n<td>KM539.3<\/td>\n<td>1\/1+<\/td>\n<td>300<\/td>\n<td>&nbsp;<\/td>\n<\/tr>\n<tr>\n<td>28<\/td>\n<td>Britiske omr\u00e5der lot 7 stk nikkel crowns ca 1980, skipsmotiver<\/td>\n<td>&nbsp;<\/td>\n<td>1+\/01<\/td>\n<td>50<\/td>\n<td>&nbsp;<\/td>\n<\/tr>\n<tr>\n<td>29<\/td>\n<td>Namur, Guillaume 1391-1418, 2 mite u.\u00e5r<\/td>\n<td>Ch183<\/td>\n<td>1<\/td>\n<td>400<\/td>\n<td>&nbsp;<\/td>\n<\/tr>\n<tr>\n<td>30<\/td>\n<td>K\u00f8ln, Otto I. 936-73, Pfennig<\/td>\n<td>deWit1969<\/td>\n<td>1<\/td>\n<td>350<\/td>\n<td>&nbsp;<\/td>\n<\/tr>\n<tr>\n<td>31<\/td>\n<td>Pfalz-Neuburg Batzen 1523<\/td>\n<td>Sch2757<\/td>\n<td>1\/1+<\/td>\n<td>300<\/td>\n<td>&nbsp;<\/td>\n<\/tr>\n<tr>\n<td>32<\/td>\n<td>\u00d8ttingen Batzen 1519<\/td>\n<td>KM MB15<\/td>\n<td>1-<\/td>\n<td>200<\/td>\n<td>&nbsp;<\/td>\n<\/tr>\n<tr>\n<td>33<\/td>\n<td>Westfalen 5 mark 1921<\/td>\n<td>F599.3<\/td>\n<td>1+<\/td>\n<td>50<\/td>\n<td>&nbsp;<\/td>\n<\/tr>\n<tr>\n<td>34<\/td>\n<td>Salzburg, Jokan 1429-41 pfennig<\/td>\n<td>Pr48<\/td>\n<td>1+<\/td>\n<td>100<\/td>\n<td>&nbsp;<\/td>\n<\/tr>\n<tr>\n<td>35<\/td>\n<td>Frankrike 5 franc 1870<\/td>\n<td>&nbsp;<\/td>\n<td>1<\/td>\n<td>150<\/td>\n<td>&nbsp;<\/td>\n<\/tr>\n<tr>\n<td>36<\/td>\n<td>Frankrike lot 7 mynt 1845-95<\/td>\n<td>&nbsp;<\/td>\n<td>VK<\/td>\n<td>200<\/td>\n<td>&nbsp;<\/td>\n<\/tr>\n<tr>\n<td>37<\/td>\n<td>Italia\/Frankrike medalje 35 mm bronse, Frigj\u00f8ring Italia 1797<\/td>\n<td>&nbsp;<\/td>\n<td>1<\/td>\n<td>300<\/td>\n<td>&nbsp;<\/td>\n<\/tr>\n<tr>\n<td>38<\/td>\n<td>Italia\/Frankrike medalje 23mm bronse, Paulina\/tre mynter<\/td>\n<td>&nbsp;<\/td>\n<td>1<\/td>\n<td>200<\/td>\n<td>&nbsp;<\/td>\n<\/tr>\n<tr>\n<td>39<\/td>\n<td>Spania, 1\/2 real 1781<\/td>\n<td>KM410.1<\/td>\n<td>1+<\/td>\n<td>100<\/td>\n<td>&nbsp;<\/td>\n<\/tr>\n<tr>\n<td>40<\/td>\n<td>Omayyad dirham AH 108 (727), Wasit, korr. Spor<\/td>\n<td>W297<\/td>\n<td>1+<\/td>\n<td>150<\/td>\n<td>&nbsp;<\/td>\n<\/tr>\n<tr>\n<td>41<\/td>\n<td>Krim, Mengli 1724-30 Beshlik<\/td>\n<td>KM20a<\/td>\n<td>1+<\/td>\n<td>100<\/td>\n<td>&nbsp;<\/td>\n<\/tr>\n<tr>\n<td>42<\/td>\n<td>Seljuks Rum, Kay Khusraw 1265-84 dirham, Siwas<\/td>\n<td>Alb1232<\/td>\n<td>1+<\/td>\n<td>200<\/td>\n<td>&nbsp;<\/td>\n<\/tr>\n<tr>\n<td>43<\/td>\n<td>Muzaffarid Persia, Shah Shujal 1358-84, 2 dinar 771(1370),Shiraz<\/td>\n<td>Zeno10991<\/td>\n<td>1+<\/td>\n<td>100<\/td>\n<td>&nbsp;<\/td>\n<\/tr>\n<tr>\n<td>44<\/td>\n<td>Dehli, Balban 1266-87 Tanka<\/td>\n<td>66158<\/td>\n<td>1+<\/td>\n<td>100<\/td>\n<td>&nbsp;<\/td>\n<\/tr>\n<tr>\n<td>45<\/td>\n<td>Tonga lot 5 mynt 1967,68<\/td>\n<td>&nbsp;<\/td>\n<td>1+\/01<\/td>\n<td>80<\/td>\n<td>&nbsp;<\/td>\n<\/tr>\n<tr>\n<td>46<\/td>\n<td>USA 1\/4 dollar 1917<\/td>\n<td>KM141<\/td>\n<td>1\/1+<\/td>\n<td>150<\/td>\n<td>&nbsp;<\/td>\n<\/tr>\n<tr>\n<td>47<\/td>\n<td>USA Confederate seddel $2<\/td>\n<td>&nbsp;<\/td>\n<td>1+<\/td>\n<td>100<\/td>\n<td>&nbsp;<\/td>\n<\/tr>\n<tr>\n<td>48<\/td>\n<td>USA Confederate seddel $10<\/td>\n<td>&nbsp;<\/td>\n<td>1+, rift<\/td>\n<td>100<\/td>\n<td>&nbsp;<\/td>\n<\/tr>\n<tr>\n<td>49<\/td>\n<td>USA Ku Klux Klan token 1907, med token bok<\/td>\n<td>&nbsp;<\/td>\n<td>1+<\/td>\n<td>50<\/td>\n<td>&nbsp;<\/td>\n<\/tr>\n<tr>\n<td>50<\/td>\n<td>Mexico real u.\u00e5r (1537-58)<\/td>\n<td>KM9<\/td>\n<td>1<\/td>\n<td>300<\/td>\n<td>&nbsp;<\/td>\n<\/tr>\n<\/tbody>\n<\/table>\n<p>[print_link]<\/p>\n<p>[print-me]<\/p>\n<div class='sfsi_Sicons' style='width: 100%; display: inline-block; vertical-align: middle; text-align:left'><div style='margin:0px 8px 0px 0px; line-height: 24px'><span>F\u00f8lg og lik! =)<\/span><\/div><div class='sfsi_socialwpr'><div class='sf_subscrbe' style='text-align:left;vertical-align: middle;float:left;width:64px'><a href=\"http:\/\/www.specificfeeds.com\/widgets\/emailSubscribeEncFeed\/bzdLMEVQczltUDF5SThnYlJHcG9jRktNMFpMTjRGN1Z0bC92QTRKc25OSHVyNnpuV29SdXVKeitQbEx4WVAyYUFvam1MTm1naHlGc28rSDd3ajBPNk1Xc2RkVVZmWVNQdVlsQTU2ZThWa3pxRTNMbGxRd0tCenA1ZTZEaW1XNlZ8VU1TSXBhcURwV2RaeGxqSjZmOStHcHVSNXVpbVMrUnRnZTdDZjBoWTYvYz0=\/OA==\/\" target=\"_blank\"><img src=\"https:\/\/www.norsknum.org\/wp-content\/plugins\/ultimate-social-media-icons\/images\/follow_subscribe.png\" \/><\/a><\/div><div class='sf_fb' style='text-align:left;vertical-align: middle;width:98px'><div class=\"fb-like\" href=\"https:\/\/www.norsknum.org\/?page_id=1370\" width=\"180\" send=\"false\" showfaces=\"false\"  action=\"like\" data-share=\"true\"data-layout=\"button\" ><\/div><\/div><div class='sf_twiter' style='text-align:left;float:left;vertical-align: middle;width:auto'><a href=\"http:\/\/twitter.com\/share\" data-count=\"none\" class=\"sr-twitter-button twitter-share-button\" lang=\"en\" data-url=\"https:\/\/www.norsknum.org\/?page_id=1370\" data-text=\"Auksjon &#8211; Januar 2019\" ><\/a><\/div><\/div><\/div>","protected":false},"excerpt":{"rendered":"<p>Medlemmer kan sende skriftlige bud til gunnar@oslomyntgalleri.no. Bud m\u00e5 v\u00e6re innsendt senest dagen f\u00f8r auksjonen. AUKSJON N.N.F. &#8211; Tirsdag 29. Januar 2019 &nbsp; Lot. Beskrivelse Ref. Kval. Utrop Hammerslag 1 Thrakia, Maroneia \u00c614 S1636 1\/1+ 150 &nbsp; 2 Thrakia, Pantikapaion&hellip; <\/p>\n","protected":false},"author":1,"featured_media":0,"parent":42,"menu_order":0,"comment_status":"closed","ping_status":"closed","template":"","meta":[],"_links":{"self":[{"href":"https:\/\/www.norsknum.org\/index.php?rest_route=\/wp\/v2\/pages\/1370"}],"collection":[{"href":"https:\/\/www.norsknum.org\/index.php?rest_route=\/wp\/v2\/pages"}],"about":[{"href":"https:\/\/www.norsknum.org\/index.php?rest_route=\/wp\/v2\/types\/page"}],"author":[{"embeddable":true,"href":"https:\/\/www.norsknum.org\/index.php?rest_route=\/wp\/v2\/users\/1"}],"replies":[{"embeddable":true,"href":"https:\/\/www.norsknum.org\/index.php?rest_route=%2Fwp%2Fv2%2Fcomments&post=1370"}],"version-history":[{"count":4,"href":"https:\/\/www.norsknum.org\/index.php?rest_route=\/wp\/v2\/pages\/1370\/revisions"}],"predecessor-version":[{"id":1875,"href":"https:\/\/www.norsknum.org\/index.php?rest_route=\/wp\/v2\/pages\/1370\/revisions\/1875"}],"up":[{"embeddable":true,"href":"https:\/\/www.norsknum.org\/index.php?rest_route=\/wp\/v2\/pages\/42"}],"wp:attachment":[{"href":"https:\/\/www.norsknum.org\/index.php?rest_route=%2Fwp%2Fv2%2Fmedia&parent=1370"}],"curies":[{"name":"wp","href":"https:\/\/api.w.org\/{rel}","templated":true}]}}