{"id":2336,"date":"2020-06-12T22:15:49","date_gmt":"2020-06-12T20:15:49","guid":{"rendered":"http:\/\/www.norsknum.org\/?page_id=2336"},"modified":"2023-06-19T23:08:16","modified_gmt":"2023-06-19T21:08:16","slug":"utmerkelser","status":"publish","type":"page","link":"https:\/\/www.norsknum.org\/?page_id=2336","title":{"rendered":"Utmerkelser"},"content":{"rendered":"\n<p><strong>Schivemedaljen<\/strong>&nbsp;er en bel\u00f8nningsmedalje for&nbsp;<a href=\"https:\/\/no.wikipedia.org\/wiki\/Numismatikk\" target=\"_blank\" rel=\"noreferrer noopener\">amat\u00f8rnumismatikere<\/a>&nbsp;innstiftet av Norsk Numismatisk Forening (NNF) februar 1947. Schivemedaljen var en gave fra medalj\u00f8r Halfdan Rui til NNF med det form\u00e5l \u00e5 stimulere det vitenskapelige arbeide i foreningen.<sup><a href=\"https:\/\/no.wikipedia.org\/wiki\/Schivemedaljen#cite_note-1\" target=\"_blank\" rel=\"noreferrer noopener\">[1]<\/a><\/sup><\/p>\n\n\n\n<p>NNF velger medlemmer til Schivekomiteen p\u00e5 generalforsamlingen. Komiteen best\u00e5r av tre medlemmer, og disse kan p\u00e5 forslag av andre eller p\u00e5 egen h\u00e5nd tildele Schivemedaljen. Medaljen tildeles normalt p\u00e5 foreningens generalforsamling i mars. I Norge deles medaljen kun ut til medlemmer av NNF. Den kan ogs\u00e5 utdeles til utlendinger for avhandlinger vedr\u00f8rende norsk numismatikk. Medaljen kan ikke tildeles numismatikere ansatt i forskningsstillinger ved for eksempel museer og universiteter.<\/p>\n\n\n\n<p>Schivemedaljen ble gravert av Halfdan Rui i 1947, og portrettet av&nbsp;<a href=\"https:\/\/no.wikipedia.org\/wiki\/Claudius_Jacob_Schive\" target=\"_blank\" rel=\"noreferrer noopener\">Claudius Jacob Schive<\/a>&nbsp;er ogs\u00e5 modellert av Rui. Portrettet er plassert p\u00e5 forsiden, og rundt st\u00e5r det: TOLDINSP. CLAUDIUS IACOB SCHIVE 1792-1878. P\u00e5 baksiden st\u00e5r \u00f8verst: Fra Norsk Numismatisk Forening og nederst: For amat\u00f8rvitenskaplig arbeid. i mellom er det plass til \u00e5 gravere mottakerens navn og \u00e5rstall for tildelingen.<\/p>\n\n\n\n<p>Schivemedaljen er 35 mm i diameter, og tildeles uten b\u00e5nd. Mottakeren f\u00e5r en miniatyr i 15 mm med gr\u00f8nt b\u00e5nd, som b\u00e6res p\u00e5 alle h\u00f8ytidsdager i foreninge samt sommerm\u00f8te og julebord. Medaljen utdeles normalt i&nbsp;<a href=\"https:\/\/no.wikipedia.org\/wiki\/S%C3%B8lv\" target=\"_blank\" rel=\"noreferrer noopener\">s\u00f8lv<\/a>&nbsp;og&nbsp;<a href=\"https:\/\/no.wikipedia.org\/wiki\/Bronse\" target=\"_blank\" rel=\"noreferrer noopener\">bronse<\/a>, men kan unntaksvis tildeles i&nbsp;<a href=\"https:\/\/no.wikipedia.org\/wiki\/Gull\" target=\"_blank\" rel=\"noreferrer noopener\">gull<\/a>. Ingen har enn\u00e5 mottatt medaljen i gull.<\/p>\n\n\n\n<p>Mottakere:<\/p>\n\n\n\n<p>Schivemedaljen i s\u00f8lv:<\/p>\n\n\n\n<ul>\n<li>1965 Holger Hede, Danmark og Norges mynter (bok)<\/li>\n\n\n\n<li>1989 Bernhard F. Brekke, Norges mynter (bok)<\/li>\n\n\n\n<li>2017 Gunnar Thesen, Norges mynter i dansketiden (bok)<\/li>\n\n\n\n<li>2017 Christian J. Simensen, Publikasjoner om norsk middelaldernumismatikk<\/li>\n\n\n\n<li> 2021 Frank Pedersen, Praktverk om &#8220;Christian VII&#8217;s m\u00f8nter&#8221; samt diverse andre bidrag til NNF<\/li>\n\n\n\n<li>2021 Sven Aagaard, Banebrytende arbeide med stempelstudier av b\u00e5de dansk og norsk mynt<\/li>\n\n\n\n<li>2021 Michael M\u00e4rcher, Publisering av Embedsbreve til m\u00f8ntmesteren p\u00e5 Kongsberg samt en lang rekke andre artikler og bidrag<\/li>\n\n\n\n<li>2021 Karsten Kold, Praktverket: Anton Meybusch &#8211; Kongelig Hofmedaill\u00f8r &#8211; Stockholm, Paris, K\u00f8benhavn<\/li>\n\n\n\n<li>2021&nbsp;Roberto Delzanno, Den monumentale &#8220;Sveriges Myntbok 995-2022&#8221; samt &#8220;Sveriges Guldmynt 1512-2020&#8221;<\/li>\n\n\n\n<li>2021 Stein A. Evensen, Artikler og bok om romersk historie p\u00e5 mynter <\/li>\n\n\n\n<li>2022 Jan Olav Aamlid, For den internasjonalt anerkjente boken &#8220;Siam Specimen Banknotes First Series&#8221; <\/li>\n<\/ul>\n\n\n\n<p>Schivemedaljen i bronse:<\/p>\n\n\n\n<ul>\n<li>1949 Th. Frogn, Oversikt over 17. mai medaljer<\/li>\n\n\n\n<li>1949 Per Lundgren, Kobberskillingen 1771 (artikler)<\/li>\n\n\n\n<li>1952 Th. Frogn, Norges mynter etter 1814<\/li>\n\n\n\n<li>1957 Halfdan Rui, Fredrik III&#8217;s mark<\/li>\n\n\n\n<li>1961 Halfdan Rui, To hittil ukjente norske speciedaler<\/li>\n\n\n\n<li>1961 Axel Ernst, Diverse artikler<\/li>\n\n\n\n<li>1963 Arvid M. \u00d8stlie, Norske polletter<\/li>\n\n\n\n<li>1966 Halfdan Rui, Mynten p\u00e5 Kongsberg og myntene derfra i n\u00f8d\u00e5rene 1807-1814<\/li>\n\n\n\n<li>1968 Per Lundgren, Litt om antikkens mynter<\/li>\n\n\n\n<li>1978 Bernhard F. Brekke, The Copper Coinage of Imperial Russia (bok)<\/li>\n\n\n\n<li>1984 Harald Salvesen, Artikler og foredrag om Trade-dollars<\/li>\n\n\n\n<li>1987 Harald Wischmann, Artikler om norske middelaldermynter<\/li>\n\n\n\n<li>1988 Sverre Y. Lerdahl, Artikler om gresk og romersk myntvesen<\/li>\n\n\n\n<li>1990 Bj\u00f8rn Deberitz, Artikler om norske mynter p\u00e5 1700-tallet<\/li>\n\n\n\n<li>1992 Thor-Egil Paulsen, Artikler om sen-romerske mynter<\/li>\n\n\n\n<li>1992 Frank Pedersen, 1 skilling 1771 (bok)<\/li>\n\n\n\n<li>1993 John Chr. Christensen, Artikler om greske mynter<\/li>\n\n\n\n<li>1993 Christian J. Simensen, Artikler om norske middelaldermynter<\/li>\n\n\n\n<li>2000 Tom Willy Bakken, Supplement 1997 til Copper Coinage of Russia (bok)<\/li>\n\n\n\n<li>2001 Kjetil Kvist, Publikasjoner om norske medaljer<\/li>\n\n\n\n<li>2002 Martin Kvist, Publikasjoner om norske medaljer<\/li>\n\n\n\n<li>2003 Tore Z. Trosdahl, Norges medaljer 1920-1995 (bok)<\/li>\n\n\n\n<li>2004 Jack Antonsen, Publikasjoner om norske medaljer.<\/li>\n\n\n\n<li>2008 Stein A. Evensen, Artikler om antikkens mynter.<\/li>\n\n\n\n<li>2008 Olav Klingenberg, Artikler om allmenn numismatikk.<\/li>\n\n\n\n<li>2011 Vidar Kristensen, Artikler om antikkens mynter<\/li>\n\n\n\n<li>2016 Yngvar Reichelt, Det Kongelige Norske Videnskabers Selskabs medaljer (bok)<\/li>\n\n\n\n<li>2016 Sverre Dyrhaug, Middelaldernumismatikk.<\/li>\n\n\n\n<li>2016 J\u00f8rn Kr. Larsen, Norske mynter 1814-2014 (bok)<\/li>\n\n\n\n<li>2021 Karl S\u00e6thre, Kataloger over norske pengesedler<\/li>\n\n\n\n<li>2021 Hans-Gunnar Eldorsen, Hefte over privatsedler, n\u00f8dsedler, rabattmerker og kredittmerker<\/li>\n\n\n\n<li>2022 Lars Lunde, For hefte over varianter av Oscar IIs mynter<\/li>\n\n\n\n<li>2022 Irvin H\u00f8yland, For en rekke numismatiske artikler til NNT<\/li>\n\n\n\n<li>2022 Matthias Engel,  For en rekke numismatiske artikler til NNT<\/li>\n<\/ul>\n\n\n\n<p><strong>\u00c6resmedlemmer<\/strong><\/p>\n\n\n\n<ul>\n<li>Tore Trosdahl<\/li>\n\n\n\n<li>Kjell Andersen<\/li>\n\n\n\n<li>Christian Simensen<\/li>\n\n\n\n<li>Carl Henrik St\u00f8rmer<\/li>\n\n\n\n<li>Gunnar Thesen<\/li>\n<\/ul>\n<div class='sfsi_Sicons' style='width: 100%; display: inline-block; vertical-align: middle; text-align:left'><div style='margin:0px 8px 0px 0px; line-height: 24px'><span>F\u00f8lg og lik! =)<\/span><\/div><div class='sfsi_socialwpr'><div class='sf_subscrbe' style='text-align:left;vertical-align: middle;float:left;width:64px'><a href=\"http:\/\/www.specificfeeds.com\/widgets\/emailSubscribeEncFeed\/bzdLMEVQczltUDF5SThnYlJHcG9jRktNMFpMTjRGN1Z0bC92QTRKc25OSHVyNnpuV29SdXVKeitQbEx4WVAyYUFvam1MTm1naHlGc28rSDd3ajBPNk1Xc2RkVVZmWVNQdVlsQTU2ZThWa3pxRTNMbGxRd0tCenA1ZTZEaW1XNlZ8VU1TSXBhcURwV2RaeGxqSjZmOStHcHVSNXVpbVMrUnRnZTdDZjBoWTYvYz0=\/OA==\/\" target=\"_blank\"><img src=\"https:\/\/www.norsknum.org\/wp-content\/plugins\/ultimate-social-media-icons\/images\/follow_subscribe.png\" \/><\/a><\/div><div class='sf_fb' style='text-align:left;vertical-align: middle;width:98px'><div class=\"fb-like\" href=\"https:\/\/www.norsknum.org\/?page_id=2336\" width=\"180\" send=\"false\" showfaces=\"false\"  action=\"like\" data-share=\"true\"data-layout=\"button\" ><\/div><\/div><div class='sf_twiter' style='text-align:left;float:left;vertical-align: middle;width:auto'><a href=\"http:\/\/twitter.com\/share\" data-count=\"none\" class=\"sr-twitter-button twitter-share-button\" lang=\"en\" data-url=\"https:\/\/www.norsknum.org\/?page_id=2336\" data-text=\"Utmerkelser\" ><\/a><\/div><\/div><\/div>","protected":false},"excerpt":{"rendered":"<p>Schivemedaljen&nbsp;er en bel\u00f8nningsmedalje for&nbsp;amat\u00f8rnumismatikere&nbsp;innstiftet av Norsk Numismatisk Forening (NNF) februar 1947. Schivemedaljen var en gave fra medalj\u00f8r Halfdan Rui til NNF med det form\u00e5l \u00e5 stimulere det vitenskapelige arbeide i foreningen.[1] NNF velger medlemmer til Schivekomiteen p\u00e5 generalforsamlingen. Komiteen best\u00e5r&hellip; <\/p>\n","protected":false},"author":1,"featured_media":0,"parent":0,"menu_order":0,"comment_status":"closed","ping_status":"closed","template":"","meta":[],"_links":{"self":[{"href":"https:\/\/www.norsknum.org\/index.php?rest_route=\/wp\/v2\/pages\/2336"}],"collection":[{"href":"https:\/\/www.norsknum.org\/index.php?rest_route=\/wp\/v2\/pages"}],"about":[{"href":"https:\/\/www.norsknum.org\/index.php?rest_route=\/wp\/v2\/types\/page"}],"author":[{"embeddable":true,"href":"https:\/\/www.norsknum.org\/index.php?rest_route=\/wp\/v2\/users\/1"}],"replies":[{"embeddable":true,"href":"https:\/\/www.norsknum.org\/index.php?rest_route=%2Fwp%2Fv2%2Fcomments&post=2336"}],"version-history":[{"count":4,"href":"https:\/\/www.norsknum.org\/index.php?rest_route=\/wp\/v2\/pages\/2336\/revisions"}],"predecessor-version":[{"id":3287,"href":"https:\/\/www.norsknum.org\/index.php?rest_route=\/wp\/v2\/pages\/2336\/revisions\/3287"}],"wp:attachment":[{"href":"https:\/\/www.norsknum.org\/index.php?rest_route=%2Fwp%2Fv2%2Fmedia&parent=2336"}],"curies":[{"name":"wp","href":"https:\/\/api.w.org\/{rel}","templated":true}]}}