{"id":28,"date":"2014-06-05T21:14:51","date_gmt":"2014-06-05T19:14:51","guid":{"rendered":"http:\/\/norsknum.org\/ny\/?page_id=28"},"modified":"2024-06-03T19:12:17","modified_gmt":"2024-06-03T17:12:17","slug":"foreningsnytt","status":"publish","type":"page","link":"https:\/\/www.norsknum.org\/?page_id=28","title":{"rendered":"Om medlemsm\u00f8tene i foreningen"},"content":{"rendered":"<h3>Generelt<\/h3>\n<p style=\"font-weight: 400;\">Alle de ordin\u00e6re medlemsm\u00f8tene avholdes i \u201c<strong>Wilhelmsenbygget\u201d, Olav Vs gate 5<\/strong>. <br \/>Det samme gjelder normalt for det vi kaller \u00abde store \u00e5pne m\u00f8tene\u00bb. <strong>Bruk &#8220;Auditoriet&#8221; p\u00e5 ringeklokken.<\/strong><\/p>\n<p style=\"font-weight: 400;\">M\u00f8tene starter (ca,) klokken 18.00. Da \u00e5pnes d\u00f8rene for kaffe og sosialt samv\u00e6r, mens selve programmet starter (ca.) klokken 19. Da gir normalt formannen en oppdatering om aktuelle saker fra inn- og utland f\u00f8r vi g\u00e5r over til kveldens foredrag.<\/p>\n<p style=\"font-weight: 400;\">Foredragene omhandler numismatiske temaer fra ulike perioder og spesialomr\u00e5der, og holdes enten av et av foreningens medlemmer eller en spesialist utenfra.<\/p>\n<p style=\"font-weight: 400;\">Etter foredraget avholdes kveldens auksjon (se nedenfor). M\u00f8tene avsluttes ca. kl. 21.00.<\/p>\n<p style=\"font-weight: 400;\">P\u00e5 medlemsm\u00f8tene kan man treffe folk som er spesialister innen de fleste deler av numismatikken.<\/p>\n<p style=\"font-weight: 400;\">Prinsippet i NNF er for \u00f8vrig: Det er lov \u00e5 v\u00e6re gjest, og det er lov \u00e5 ta med seg gjest. <br \/>Kort sagt: Bare kom!<\/p>\n<p><a title=\"Vis m\u00f8teprogram\" href=\"\/?post_type=tribe_events\">Klikk her for komplett m\u00f8teplan.<\/a><\/p>\n<hr \/>\n<p><strong>Siste m\u00f8tereferater<\/strong><\/p>\n<ul class=\"lcp_catlist\" id=\"lcp_instance_0\"><li ><a href=\"https:\/\/www.norsknum.org\/?p=3829\" title=\"Referat fra NNFs \u00e5rsm\u00f8te 15. april 2026\">Referat fra NNFs \u00e5rsm\u00f8te 15. april 2026<\/a>  <\/li><li ><a href=\"https:\/\/www.norsknum.org\/?p=3628\" title=\"Referat fra NNFs \u00e5rsm\u00f8te 25. mars 2025\">Referat fra NNFs \u00e5rsm\u00f8te 25. mars 2025<\/a>  <\/li><li ><a href=\"https:\/\/www.norsknum.org\/?p=3453\" title=\"<strong>Referat fra NNFs \u00e5rsm\u00f8te\/medlemsm\u00f8te 19. mars 2024<\/strong>\"><strong>Referat fra NNFs \u00e5rsm\u00f8te\/medlemsm\u00f8te 19. mars 2024<\/strong><\/a>  <\/li><li ><a href=\"https:\/\/www.norsknum.org\/?p=3274\" title=\"<strong>Referat fra NNFs \u00e5rsm\u00f8te 28. mars 2023<\/strong>\"><strong>Referat fra NNFs \u00e5rsm\u00f8te 28. mars 2023<\/strong><\/a>  <\/li><li ><a href=\"https:\/\/www.norsknum.org\/?p=3272\" title=\"<strong>Referat fra medlemsm\u00f8te 28. februar 2023 \u2013 NNF 96 \u00e5r<\/strong>\"><strong>Referat fra medlemsm\u00f8te 28. februar 2023 \u2013 NNF 96 \u00e5r<\/strong><\/a>  <\/li><\/ul>\n<p><a title=\"Vis alle m\u00f8tereferater\" href=\"\/?page_id=718\">Klikk her for \u00e5 se alle tidligere m\u00f8tereferater.<\/a><\/p>\n<p><!--more--><!--more--><!--more--><\/p>\n<p>\u00a0<\/p>\n\n\n<p><\/p>\n<div class='sfsi_Sicons' style='width: 100%; display: inline-block; vertical-align: middle; text-align:left'><div style='margin:0px 8px 0px 0px; line-height: 24px'><span>F\u00f8lg og lik! =)<\/span><\/div><div class='sfsi_socialwpr'><div class='sf_subscrbe' style='text-align:left;vertical-align: middle;float:left;width:64px'><a href=\"http:\/\/www.specificfeeds.com\/widgets\/emailSubscribeEncFeed\/bzdLMEVQczltUDF5SThnYlJHcG9jRktNMFpMTjRGN1Z0bC92QTRKc25OSHVyNnpuV29SdXVKeitQbEx4WVAyYUFvam1MTm1naHlGc28rSDd3ajBPNk1Xc2RkVVZmWVNQdVlsQTU2ZThWa3pxRTNMbGxRd0tCenA1ZTZEaW1XNlZ8VU1TSXBhcURwV2RaeGxqSjZmOStHcHVSNXVpbVMrUnRnZTdDZjBoWTYvYz0=\/OA==\/\" target=\"_blank\"><img src=\"https:\/\/www.norsknum.org\/wp-content\/plugins\/ultimate-social-media-icons\/images\/follow_subscribe.png\" \/><\/a><\/div><div class='sf_fb' style='text-align:left;vertical-align: middle;width:98px'><div class=\"fb-like\" href=\"https:\/\/www.norsknum.org\/?page_id=28\" width=\"180\" send=\"false\" showfaces=\"false\"  action=\"like\" data-share=\"true\"data-layout=\"button\" ><\/div><\/div><div class='sf_twiter' style='text-align:left;float:left;vertical-align: middle;width:auto'><a href=\"http:\/\/twitter.com\/share\" data-count=\"none\" class=\"sr-twitter-button twitter-share-button\" lang=\"en\" data-url=\"https:\/\/www.norsknum.org\/?page_id=28\" data-text=\"Om medlemsm\u00f8tene i foreningen\" ><\/a><\/div><\/div><\/div>","protected":false},"excerpt":{"rendered":"<p>Generelt Alle de ordin\u00e6re medlemsm\u00f8tene avholdes i \u201cWilhelmsenbygget\u201d, Olav Vs gate 5. Det samme gjelder normalt for det vi kaller \u00abde store \u00e5pne m\u00f8tene\u00bb. Bruk &#8220;Auditoriet&#8221; p\u00e5 ringeklokken. M\u00f8tene starter (ca,) klokken 18.00. Da \u00e5pnes d\u00f8rene for kaffe og sosialt&hellip; <\/p>\n","protected":false},"author":1,"featured_media":0,"parent":2,"menu_order":0,"comment_status":"closed","ping_status":"open","template":"","meta":[],"_links":{"self":[{"href":"https:\/\/www.norsknum.org\/index.php?rest_route=\/wp\/v2\/pages\/28"}],"collection":[{"href":"https:\/\/www.norsknum.org\/index.php?rest_route=\/wp\/v2\/pages"}],"about":[{"href":"https:\/\/www.norsknum.org\/index.php?rest_route=\/wp\/v2\/types\/page"}],"author":[{"embeddable":true,"href":"https:\/\/www.norsknum.org\/index.php?rest_route=\/wp\/v2\/users\/1"}],"replies":[{"embeddable":true,"href":"https:\/\/www.norsknum.org\/index.php?rest_route=%2Fwp%2Fv2%2Fcomments&post=28"}],"version-history":[{"count":36,"href":"https:\/\/www.norsknum.org\/index.php?rest_route=\/wp\/v2\/pages\/28\/revisions"}],"predecessor-version":[{"id":3441,"href":"https:\/\/www.norsknum.org\/index.php?rest_route=\/wp\/v2\/pages\/28\/revisions\/3441"}],"up":[{"embeddable":true,"href":"https:\/\/www.norsknum.org\/index.php?rest_route=\/wp\/v2\/pages\/2"}],"wp:attachment":[{"href":"https:\/\/www.norsknum.org\/index.php?rest_route=%2Fwp%2Fv2%2Fmedia&parent=28"}],"curies":[{"name":"wp","href":"https:\/\/api.w.org\/{rel}","templated":true}]}}