{"id":3589,"date":"2025-03-26T21:57:37","date_gmt":"2025-03-26T20:57:37","guid":{"rendered":"https:\/\/www.norsknum.org\/?page_id=3589"},"modified":"2025-07-05T23:50:46","modified_gmt":"2025-07-05T21:50:46","slug":"sjeldenhet","status":"publish","type":"page","link":"https:\/\/www.norsknum.org\/?page_id=3589","title":{"rendered":"Sjeldenhet"},"content":{"rendered":"\n<p>To av de mest utbredte misforst\u00e5elsene om mynters verdi er at alder og sjeldenhet automatisk betyr at en mynt er verdifull. Det er en sannhet med modifikasjoner; for som med alt annet er det f\u00f8rst og fremst markedskreftene som avgj\u00f8r. Det handler om tilbud og ettersp\u00f8rsel.<\/p>\n\n\n\n<p>Sjeldenhet handler ikke bare om hvor mange mynter som ble produsert. Over tid kan mynter bli smeltet om, \u00f8delagt eller g\u00e5tt tapt. Det er hvor mange eksemplarer av mynten som er bevart, og hvor mange som er tilgjengelig i myntmarkedet i dag, som virkelig avgj\u00f8r.<\/p>\n\n\n\n<p>Ofte kan alder p\u00e5 mynten v\u00e6re en pekepinn p\u00e5 sjeldenhet, men det er ingen garanti. Helt siden den industrielle revolusjonen har mynter blitt produsert i langt st\u00f8rre antall, og mange av disse er fortsatt relativt tilgjengelige i myntmarkedet. Lavere val\u00f8rer, ofte kobbermynter, finnes gjerne i enda st\u00f8rre antall. Selv en flere hundre \u00e5r gamle kobbermynt kan v\u00e6re lett \u00e5 f\u00e5 tak i. En god tommelfingerregel er at mynter fra 1900-tallet og senere, s\u00e6rlig etter 1950, bare unntaksvis er s\u00e6rlig sjeldne.<\/p>\n\n\n\n<p>En mynt kan ogs\u00e5 v\u00e6re det man kaller betinget sjelden. Dette inneb\u00e6rer at selve typen eller \u00e5rgangen av mynt ikke n\u00f8dvendigvis er sjelden, men at enkeltmynten skiller seg ut og dermed blir sjelden. Et godt eksempel p\u00e5 dette er mynter i uvanlig god kvalitet (bevaringsgrad). Du kan lese mer om hva kvalitet om mynt betyr, og hva det har \u00e5 si for myntens verdi, <a href=\"https:\/\/www.norsknum.org\/?page_id=71\" data-type=\"page\" data-id=\"71\" target=\"_blank\" rel=\"noreferrer noopener\">her<\/a>.<\/p>\n\n\n\n<p>Med andre ord er det flere faktorer som spiller inn n\u00e5r man vurderer sjeldenhet, men dette alene bestemmer ikke verdien. En gammel og sjelden mynt kan ha lav markedsverdi dersom f\u00e5 samlere er interessert. P\u00e5 tilsvarende m\u00e5te kan en nypreget mynt med sv\u00e6rt lavt opplag v\u00e6re lite verdt dersom ettersp\u00f8rselen er lav. Denne sammenhengen kan oppsummeres slik; en mynts verdi avgj\u00f8res av hvor mange som \u00f8nsker \u00e5 eie den, og hvor mye de er villige til \u00e5 betale.<\/p>\n\n\n\n<p>Det aller viktigste er \u00e5 huske at numismatikken handler om interesse og samlerglede. Man b\u00f8r samle fordi det er spennende og givende, ikke bare fordi en mynt kan v\u00e6re verdt mer enn andre. Tipsene i denne artikkelen er ment \u00e5 hjelpe deg \u00e5 unng\u00e5 klassiske nybegynnerfeil, som \u00e5 betale for en mynt som misvisende fremstilles som sjelden og verdifull. Til syvende og sist er den beste samlingen den du selv har glede av \u00e5 bygge opp.<\/p>\n<div class='sfsi_Sicons' style='width: 100%; display: inline-block; vertical-align: middle; text-align:left'><div style='margin:0px 8px 0px 0px; line-height: 24px'><span>F\u00f8lg og lik! =)<\/span><\/div><div class='sfsi_socialwpr'><div class='sf_subscrbe' style='text-align:left;vertical-align: middle;float:left;width:64px'><a href=\"http:\/\/www.specificfeeds.com\/widgets\/emailSubscribeEncFeed\/bzdLMEVQczltUDF5SThnYlJHcG9jRktNMFpMTjRGN1Z0bC92QTRKc25OSHVyNnpuV29SdXVKeitQbEx4WVAyYUFvam1MTm1naHlGc28rSDd3ajBPNk1Xc2RkVVZmWVNQdVlsQTU2ZThWa3pxRTNMbGxRd0tCenA1ZTZEaW1XNlZ8VU1TSXBhcURwV2RaeGxqSjZmOStHcHVSNXVpbVMrUnRnZTdDZjBoWTYvYz0=\/OA==\/\" target=\"_blank\"><img src=\"https:\/\/www.norsknum.org\/wp-content\/plugins\/ultimate-social-media-icons\/images\/follow_subscribe.png\" \/><\/a><\/div><div class='sf_fb' style='text-align:left;vertical-align: middle;width:98px'><div class=\"fb-like\" href=\"https:\/\/www.norsknum.org\/?page_id=3589\" width=\"180\" send=\"false\" showfaces=\"false\"  action=\"like\" data-share=\"true\"data-layout=\"button\" ><\/div><\/div><div class='sf_twiter' style='text-align:left;float:left;vertical-align: middle;width:auto'><a href=\"http:\/\/twitter.com\/share\" data-count=\"none\" class=\"sr-twitter-button twitter-share-button\" lang=\"en\" data-url=\"https:\/\/www.norsknum.org\/?page_id=3589\" data-text=\"Sjeldenhet\" ><\/a><\/div><\/div><\/div>","protected":false},"excerpt":{"rendered":"<p>To av de mest utbredte misforst\u00e5elsene om mynters verdi er at alder og sjeldenhet automatisk betyr at en mynt er verdifull. Det er en sannhet med modifikasjoner; for som med alt annet er det f\u00f8rst og fremst markedskreftene som avgj\u00f8r.&hellip; <\/p>\n","protected":false},"author":7,"featured_media":0,"parent":0,"menu_order":0,"comment_status":"closed","ping_status":"closed","template":"","meta":[],"_links":{"self":[{"href":"https:\/\/www.norsknum.org\/index.php?rest_route=\/wp\/v2\/pages\/3589"}],"collection":[{"href":"https:\/\/www.norsknum.org\/index.php?rest_route=\/wp\/v2\/pages"}],"about":[{"href":"https:\/\/www.norsknum.org\/index.php?rest_route=\/wp\/v2\/types\/page"}],"author":[{"embeddable":true,"href":"https:\/\/www.norsknum.org\/index.php?rest_route=\/wp\/v2\/users\/7"}],"replies":[{"embeddable":true,"href":"https:\/\/www.norsknum.org\/index.php?rest_route=%2Fwp%2Fv2%2Fcomments&post=3589"}],"version-history":[{"count":3,"href":"https:\/\/www.norsknum.org\/index.php?rest_route=\/wp\/v2\/pages\/3589\/revisions"}],"predecessor-version":[{"id":3654,"href":"https:\/\/www.norsknum.org\/index.php?rest_route=\/wp\/v2\/pages\/3589\/revisions\/3654"}],"wp:attachment":[{"href":"https:\/\/www.norsknum.org\/index.php?rest_route=%2Fwp%2Fv2%2Fmedia&parent=3589"}],"curies":[{"name":"wp","href":"https:\/\/api.w.org\/{rel}","templated":true}]}}