{"id":44,"date":"2014-06-05T21:29:22","date_gmt":"2014-06-05T19:29:22","guid":{"rendered":"http:\/\/norsknum.org\/ny\/?page_id=44"},"modified":"2014-11-12T21:07:18","modified_gmt":"2014-11-12T20:07:18","slug":"august-2014","status":"publish","type":"page","link":"https:\/\/www.norsknum.org\/?page_id=44","title":{"rendered":"Auksjon \u2013 August 2014"},"content":{"rendered":"<div>\n<p>Medlemmer kan sende skriftlige bud til gunnar@oslomyntgalleri.no. Bud m\u00e5 v\u00e6re innsendt senest dagen f\u00f8r auksjonen.<\/p>\n<hr \/>\n<dl class=\"dl-horizontal\">\n<dt>Dato<\/dt>\n<dd>26.08.2014<\/dd>\n<dt>Lokasjon<\/dt>\n<dd>H\u00e5ndverkeren<\/dd>\n<dt>Beskrivelse<\/dt>\n<dd>AUKSJON N.N.F. 26. august 2014<\/dd>\n<\/dl>\n<table class=\"auksjonstabell\">\n<tbody>\n<tr>\n<th>Lot.No<\/th>\n<th>Land<\/th>\n<th>Beskrivelse<\/th>\n<th>Ref.<\/th>\n<th>Kategori<\/th>\n<th>Kvalitet<\/th>\n<th>Utrop<\/th>\n<th>Hammerslag<\/th>\n<\/tr>\n<tr>\n<td>1<\/td>\n<td>Makedonia<\/td>\n<td>\u00c6 18 ca 340 f.Kr.<\/td>\n<td>Se. S. 6698<\/td>\n<td>Mynt<\/td>\n<td>1<\/td>\n<td>50<\/td>\n<td>&#8211;<\/td>\n<\/tr>\n<tr>\n<td>2<\/td>\n<td>Rom<\/td>\n<td>Denar 72\/73 Vespasian<\/td>\n<td>S. 2282<\/td>\n<td>Mynt<\/td>\n<td>1\/1+<\/td>\n<td>400<\/td>\n<td>&#8211;<\/td>\n<\/tr>\n<tr>\n<td>3<\/td>\n<td>Rom<\/td>\n<td>Antoninian 248\/49 Otacillia Severa<\/td>\n<td>S. 9159<\/td>\n<td>Mynt<\/td>\n<td>1+<\/td>\n<td>400<\/td>\n<td>&#8211;<\/td>\n<\/tr>\n<tr>\n<td>4<\/td>\n<td>Rom<\/td>\n<td>Centenionalis Constantius II<\/td>\n<td><\/td>\n<td>Mynt<\/td>\n<td>1<\/td>\n<td>150<\/td>\n<td>&#8211;<\/td>\n<\/tr>\n<tr>\n<td>5<\/td>\n<td>Rom<\/td>\n<td>Centenionalis Theodosius<\/td>\n<td>Gml. S. 4181<\/td>\n<td>Mynt<\/td>\n<td>1+<\/td>\n<td>150<\/td>\n<td>&#8211;<\/td>\n<\/tr>\n<tr>\n<td>6<\/td>\n<td>Markianopolis<\/td>\n<td>\u00c6 28 Diadumenian<\/td>\n<td><\/td>\n<td>Mynt<\/td>\n<td>1+<\/td>\n<td>600<\/td>\n<td>&#8211;<\/td>\n<\/tr>\n<tr>\n<td>7<\/td>\n<td>Mesembria<\/td>\n<td>Pentassanon Philip I &amp; Otacillia Severa<\/td>\n<td><\/td>\n<td>Mynt<\/td>\n<td>1\/1+<\/td>\n<td>200<\/td>\n<td>&#8211;<\/td>\n<\/tr>\n<tr>\n<td>8<\/td>\n<td>Norge<\/td>\n<td>1 \u00f8re 1877<\/td>\n<td><\/td>\n<td>Mynt<\/td>\n<td>1<\/td>\n<td>75<\/td>\n<td>&#8211;<\/td>\n<\/tr>\n<tr>\n<td>9<\/td>\n<td>Norge<\/td>\n<td>50 \u00f8re 1914<\/td>\n<td><\/td>\n<td>Mynt<\/td>\n<td>1<\/td>\n<td>40<\/td>\n<td>&#8211;<\/td>\n<\/tr>\n<tr>\n<td>10<\/td>\n<td>Danmark<\/td>\n<td>2 skilling 1651<\/td>\n<td>H. 126 Sieg 15<\/td>\n<td>Mynt<\/td>\n<td>1<\/td>\n<td>100<\/td>\n<td>&#8211;<\/td>\n<\/tr>\n<tr>\n<td>11<\/td>\n<td>Danmark<\/td>\n<td>2 skilling 1677,1680,1681 perf.<\/td>\n<td><\/td>\n<td>Mynt<\/td>\n<td>VK<\/td>\n<td>150<\/td>\n<td>&#8211;<\/td>\n<\/tr>\n<tr>\n<td>12<\/td>\n<td>Danmark<\/td>\n<td>1 skilling 1771<\/td>\n<td>H. 37<\/td>\n<td>Mynt<\/td>\n<td>1+<\/td>\n<td>75<\/td>\n<td>&#8211;<\/td>\n<\/tr>\n<tr>\n<td>13<\/td>\n<td>Dansk Vestindia<\/td>\n<td>10 skilling 1840<\/td>\n<td>H. 14<\/td>\n<td>Mynt<\/td>\n<td>1+<\/td>\n<td>250<\/td>\n<td>&#8211;<\/td>\n<\/tr>\n<tr>\n<td>14<\/td>\n<td>Sverige<\/td>\n<td>1 daler 1718 N\u00f8ddaler Mars<\/td>\n<td><\/td>\n<td>Mynt<\/td>\n<td>1<\/td>\n<td>50<\/td>\n<td>&#8211;<\/td>\n<\/tr>\n<tr>\n<td>15<\/td>\n<td>Sverige<\/td>\n<td>1 daler 1718 N\u00f8ddaler Mars<\/td>\n<td>SM. 76<\/td>\n<td>Mynt<\/td>\n<td>1\/1+<\/td>\n<td>400<\/td>\n<td>&#8211;<\/td>\n<\/tr>\n<tr>\n<td>16<\/td>\n<td>Bulgaria<\/td>\n<td>5 leva 1894<\/td>\n<td>KM. 18<\/td>\n<td>Mynt<\/td>\n<td>1\/1+<\/td>\n<td>150<\/td>\n<td>&#8211;<\/td>\n<\/tr>\n<tr>\n<td>17<\/td>\n<td>England<\/td>\n<td>1\/2 penny 1806 2. stk. Ekte\/falsk?<\/td>\n<td>S. 3781<\/td>\n<td>Mynt<\/td>\n<td>1+<\/td>\n<td>30<\/td>\n<td>&#8211;<\/td>\n<\/tr>\n<tr>\n<td>18<\/td>\n<td>England<\/td>\n<td>1\/2 penny 1862, 1900<\/td>\n<td><\/td>\n<td>Mynt<\/td>\n<td>1+<\/td>\n<td>40<\/td>\n<td>&#8211;<\/td>\n<\/tr>\n<tr>\n<td>19<\/td>\n<td>Isle of Man<\/td>\n<td>Crown 1990 &#8220;The One Penny Black&#8221;<\/td>\n<td>KM. 49<\/td>\n<td>Mynt<\/td>\n<td>0<\/td>\n<td>50<\/td>\n<td>&#8211;<\/td>\n<\/tr>\n<tr>\n<td>20<\/td>\n<td>Hollandia<\/td>\n<td>2 st\u00fcver 1724 Rundefunnet<\/td>\n<td><\/td>\n<td>Mynt<\/td>\n<td>01<\/td>\n<td>150<\/td>\n<td>&#8211;<\/td>\n<\/tr>\n<tr>\n<td>21<\/td>\n<td>Polen<\/td>\n<td>10 &#8211; 500 zloty 1989<\/td>\n<td><\/td>\n<td>Mynt<\/td>\n<td>0<\/td>\n<td>40<\/td>\n<td>&#8211;<\/td>\n<\/tr>\n<tr>\n<td>22<\/td>\n<td>Portugal<\/td>\n<td>40 reis 1831<\/td>\n<td>KM. 391<\/td>\n<td>Mynt<\/td>\n<td>1+<\/td>\n<td>75<\/td>\n<td>&#8211;<\/td>\n<\/tr>\n<tr>\n<td>23<\/td>\n<td>Spania<\/td>\n<td>2000 pesetas 1991<\/td>\n<td>KM. 887<\/td>\n<td>Mynt<\/td>\n<td>proof<\/td>\n<td>100<\/td>\n<td>&#8211;<\/td>\n<\/tr>\n<tr>\n<td>24<\/td>\n<td>Frankfurt<\/td>\n<td>Taler 1860<\/td>\n<td>KM. 360<\/td>\n<td>Mynt<\/td>\n<td>1+<\/td>\n<td>150<\/td>\n<td>&#8211;<\/td>\n<\/tr>\n<tr>\n<td>25<\/td>\n<td>Tyskland<\/td>\n<td>KM. 360<\/td>\n<td><\/td>\n<td>Mynt<\/td>\n<td>VK<\/td>\n<td>40<\/td>\n<td>&#8211;<\/td>\n<\/tr>\n<tr>\n<td>26<\/td>\n<td>Preussen<\/td>\n<td>2 mark 1913<\/td>\n<td>KM. 533<\/td>\n<td>Mynt<\/td>\n<td>1+<\/td>\n<td>40<\/td>\n<td>&#8211;<\/td>\n<\/tr>\n<tr>\n<td>27<\/td>\n<td>Ungarn<\/td>\n<td>Denar Vladislav II 1490-1516<\/td>\n<td><\/td>\n<td>Mynt<\/td>\n<td>1+<\/td>\n<td>150<\/td>\n<td>&#8211;<\/td>\n<\/tr>\n<tr>\n<td>28<\/td>\n<td>Ungarn<\/td>\n<td>20 forint 1948<\/td>\n<td>KM. 539<\/td>\n<td>Mynt<\/td>\n<td>0<\/td>\n<td>100<\/td>\n<td>&#8211;<\/td>\n<\/tr>\n<tr>\n<td>29<\/td>\n<td>Venezia<\/td>\n<td>Denar ca 1200<\/td>\n<td><\/td>\n<td>Mynt<\/td>\n<td>1\/1+<\/td>\n<td>50<\/td>\n<td>&#8211;<\/td>\n<\/tr>\n<tr>\n<td>30<\/td>\n<td>\u00d8sterrike<\/td>\n<td>50-, 100 schilling 1963,1975<\/td>\n<td>KM. 2894,2925<\/td>\n<td>Mynt<\/td>\n<td>01<\/td>\n<td>75<\/td>\n<td>&#8211;<\/td>\n<\/tr>\n<tr>\n<td>31<\/td>\n<td>Afganistan<\/td>\n<td>S\u00f8lvmynt ca \u00e5r 300<\/td>\n<td><\/td>\n<td>Mynt<\/td>\n<td>1<\/td>\n<td>40<\/td>\n<td>&#8211;<\/td>\n<\/tr>\n<tr>\n<td>32<\/td>\n<td>China<\/td>\n<td>Cash 1068-1077 6 stk. Bestemt etter Schj\u00f8dt<\/td>\n<td><\/td>\n<td>Mynt<\/td>\n<td>VK<\/td>\n<td>100<\/td>\n<td>&#8211;<\/td>\n<\/tr>\n<tr>\n<td>33<\/td>\n<td>China<\/td>\n<td>1890-1908 Kwang Tung<\/td>\n<td>Y. 203<\/td>\n<td>Mynt<\/td>\n<td>1\/1+<\/td>\n<td>400<\/td>\n<td>&#8211;<\/td>\n<\/tr>\n<tr>\n<td>34<\/td>\n<td>India<\/td>\n<td>Rupee ca 1580 Akbar d. Store<\/td>\n<td>Se KM. 88<\/td>\n<td>Mynt<\/td>\n<td>1+<\/td>\n<td>200<\/td>\n<td>&#8211;<\/td>\n<\/tr>\n<tr>\n<td>35<\/td>\n<td>India<\/td>\n<td>2 anna 1893<\/td>\n<td>KM. 488<\/td>\n<td>Mynt<\/td>\n<td>01\/0<\/td>\n<td>35<\/td>\n<td>&#8211;<\/td>\n<\/tr>\n<tr>\n<td>36<\/td>\n<td>Iran<\/td>\n<td>500 dinarer 1927<\/td>\n<td>KM. 1102<\/td>\n<td>Mynt<\/td>\n<td>1+<\/td>\n<td>300<\/td>\n<td>&#8211;<\/td>\n<\/tr>\n<tr>\n<td>37<\/td>\n<td>Zanzibar<\/td>\n<td>Pyza (1304)<\/td>\n<td>KM. 7<\/td>\n<td>Mynt<\/td>\n<td>1+<\/td>\n<td>75<\/td>\n<td>&#8211;<\/td>\n<\/tr>\n<tr>\n<td>38<\/td>\n<td>Etiopia<\/td>\n<td>10 matonas 1930 Juda l\u00f8ve\/ Zauditu<\/td>\n<td>KM. 29<\/td>\n<td>Mynt<\/td>\n<td>01<\/td>\n<td>50<\/td>\n<td>&#8211;<\/td>\n<\/tr>\n<tr>\n<td>39<\/td>\n<td>Mexico<\/td>\n<td>4 realer Rundefunnet<\/td>\n<td><\/td>\n<td>Mynt<\/td>\n<td>1\/1-<\/td>\n<td>150<\/td>\n<td>&#8211;<\/td>\n<\/tr>\n<tr>\n<td>40<\/td>\n<td>Norge<\/td>\n<td>Grand Hotel 4 forskj.<\/td>\n<td><\/td>\n<td>Merker og polletter<\/td>\n<td>VK<\/td>\n<td>200<\/td>\n<td>&#8211;<\/td>\n<\/tr>\n<tr>\n<td>41<\/td>\n<td>Norge<\/td>\n<td>United Sardine Factories Akkordmerker<\/td>\n<td>NP. A. 8,15,16<\/td>\n<td>Merker og polletter<\/td>\n<td>1+<\/td>\n<td>50<\/td>\n<td>&#8211;<\/td>\n<\/tr>\n<tr>\n<td>42<\/td>\n<td>USA<\/td>\n<td>Bordellpollett Silver Dollar Hotel, Denver<\/td>\n<td><\/td>\n<td>Merker og polletter<\/td>\n<td>01\/0<\/td>\n<td>50<\/td>\n<td>&#8211;<\/td>\n<\/tr>\n<tr>\n<td>43<\/td>\n<td>USA<\/td>\n<td>Bordellpollett Lillies Saloon, Hangtown<\/td>\n<td><\/td>\n<td>Merker og polletter<\/td>\n<td>1+<\/td>\n<td>40<\/td>\n<td>&#8211;<\/td>\n<\/tr>\n<tr>\n<td>44<\/td>\n<td>Norge<\/td>\n<td>Nansens hjemkomst 1896<\/td>\n<td><\/td>\n<td>Medaljer<\/td>\n<td>1+<\/td>\n<td>50<\/td>\n<td>&#8211;<\/td>\n<\/tr>\n<tr>\n<td>45<\/td>\n<td>Norge<\/td>\n<td>17. mai 1958. Forgylt bronse m\/b\u00e5nd<\/td>\n<td>JA. 83<\/td>\n<td>Medaljer<\/td>\n<td>01<\/td>\n<td>75<\/td>\n<td>&#8211;<\/td>\n<\/tr>\n<tr>\n<td>46<\/td>\n<td>Tyskland<\/td>\n<td>Napoleon\/St. Helena<\/td>\n<td><\/td>\n<td>Medaljer<\/td>\n<td>1\/1+<\/td>\n<td>40<\/td>\n<td>&#8211;<\/td>\n<\/tr>\n<tr>\n<td>47<\/td>\n<td>Belgia<\/td>\n<td>1 til 100 francs 6 stk.<\/td>\n<td><\/td>\n<td>Sedler<\/td>\n<td>VK<\/td>\n<td>75<\/td>\n<td>&#8211;<\/td>\n<\/tr>\n<tr>\n<td>48<\/td>\n<td>Afrika<\/td>\n<td>5 forskjellige<\/td>\n<td><\/td>\n<td>Sedler<\/td>\n<td>VK<\/td>\n<td>40<\/td>\n<td>&#8211;<\/td>\n<\/tr>\n<tr>\n<td>49<\/td>\n<td>Tysk \u00d8stafrika<\/td>\n<td>1 rupie 1915,1916 3 forskjellige<\/td>\n<td><\/td>\n<td>Sedler<\/td>\n<td>1\/1+<\/td>\n<td>60<\/td>\n<td>&#8211;<\/td>\n<\/tr>\n<tr>\n<td>50<\/td>\n<td>Tysk \u00d8stafrika<\/td>\n<td>1 rupie 1917 Interimseddel<\/td>\n<td><\/td>\n<td>Sedler<\/td>\n<td>1<\/td>\n<td>75<\/td>\n<td>&#8211;<\/td>\n<\/tr>\n<\/tbody>\n<\/table>\n<\/div>\n<hr \/>\n<div class='sfsi_Sicons' style='width: 100%; display: inline-block; vertical-align: middle; text-align:left'><div style='margin:0px 8px 0px 0px; line-height: 24px'><span>F\u00f8lg og lik! =)<\/span><\/div><div class='sfsi_socialwpr'><div class='sf_subscrbe' style='text-align:left;vertical-align: middle;float:left;width:64px'><a href=\"http:\/\/www.specificfeeds.com\/widgets\/emailSubscribeEncFeed\/bzdLMEVQczltUDF5SThnYlJHcG9jRktNMFpMTjRGN1Z0bC92QTRKc25OSHVyNnpuV29SdXVKeitQbEx4WVAyYUFvam1MTm1naHlGc28rSDd3ajBPNk1Xc2RkVVZmWVNQdVlsQTU2ZThWa3pxRTNMbGxRd0tCenA1ZTZEaW1XNlZ8VU1TSXBhcURwV2RaeGxqSjZmOStHcHVSNXVpbVMrUnRnZTdDZjBoWTYvYz0=\/OA==\/\" target=\"_blank\"><img src=\"https:\/\/www.norsknum.org\/wp-content\/plugins\/ultimate-social-media-icons\/images\/follow_subscribe.png\" \/><\/a><\/div><div class='sf_fb' style='text-align:left;vertical-align: middle;width:98px'><div class=\"fb-like\" href=\"https:\/\/www.norsknum.org\/?page_id=44\" width=\"180\" send=\"false\" showfaces=\"false\"  action=\"like\" data-share=\"true\"data-layout=\"button\" ><\/div><\/div><div class='sf_twiter' style='text-align:left;float:left;vertical-align: middle;width:auto'><a href=\"http:\/\/twitter.com\/share\" data-count=\"none\" class=\"sr-twitter-button twitter-share-button\" lang=\"en\" data-url=\"https:\/\/www.norsknum.org\/?page_id=44\" data-text=\"Auksjon \u2013 August 2014\" ><\/a><\/div><\/div><\/div>","protected":false},"excerpt":{"rendered":"<p>Medlemmer kan sende skriftlige bud til gunnar@oslomyntgalleri.no. Bud m\u00e5 v\u00e6re innsendt senest dagen f\u00f8r auksjonen. Dato 26.08.2014 Lokasjon H\u00e5ndverkeren Beskrivelse AUKSJON N.N.F. 26. august 2014 Lot.No Land Beskrivelse Ref. Kategori Kvalitet Utrop Hammerslag 1 Makedonia \u00c6 18 ca 340 f.Kr.&hellip; <\/p>\n","protected":false},"author":1,"featured_media":0,"parent":42,"menu_order":0,"comment_status":"closed","ping_status":"open","template":"","meta":[],"_links":{"self":[{"href":"https:\/\/www.norsknum.org\/index.php?rest_route=\/wp\/v2\/pages\/44"}],"collection":[{"href":"https:\/\/www.norsknum.org\/index.php?rest_route=\/wp\/v2\/pages"}],"about":[{"href":"https:\/\/www.norsknum.org\/index.php?rest_route=\/wp\/v2\/types\/page"}],"author":[{"embeddable":true,"href":"https:\/\/www.norsknum.org\/index.php?rest_route=\/wp\/v2\/users\/1"}],"replies":[{"embeddable":true,"href":"https:\/\/www.norsknum.org\/index.php?rest_route=%2Fwp%2Fv2%2Fcomments&post=44"}],"version-history":[{"count":8,"href":"https:\/\/www.norsknum.org\/index.php?rest_route=\/wp\/v2\/pages\/44\/revisions"}],"predecessor-version":[{"id":534,"href":"https:\/\/www.norsknum.org\/index.php?rest_route=\/wp\/v2\/pages\/44\/revisions\/534"}],"up":[{"embeddable":true,"href":"https:\/\/www.norsknum.org\/index.php?rest_route=\/wp\/v2\/pages\/42"}],"wp:attachment":[{"href":"https:\/\/www.norsknum.org\/index.php?rest_route=%2Fwp%2Fv2%2Fmedia&parent=44"}],"curies":[{"name":"wp","href":"https:\/\/api.w.org\/{rel}","templated":true}]}}