{"id":494,"date":"2014-10-11T17:50:35","date_gmt":"2014-10-11T15:50:35","guid":{"rendered":"http:\/\/norsknum.org\/ny\/?page_id=494"},"modified":"2014-11-12T21:07:18","modified_gmt":"2014-11-12T20:07:18","slug":"oktober-2014","status":"publish","type":"page","link":"https:\/\/www.norsknum.org\/?page_id=494","title":{"rendered":"Auksjon \u2013 Oktober 2014"},"content":{"rendered":"<div>\n<p>Medlemmer kan sende skriftlige bud til gunnar@oslomyntgalleri.no. Bud m\u00e5 v\u00e6re innsendt senest dagen f\u00f8r auksjonen.<\/p>\n<hr \/>\n<dl class=\"dl-horizontal\">\n<dt><strong>AUKSJON N.N.F. &#8211; Tirsdag 28. Oktober 2014<\/strong><\/dt>\n<\/dl>\n<table class=\"auksjonstabell\">\n<tbody>\n<tr>\n<td width=\"25\"><\/td>\n<td width=\"106\">Land<\/td>\n<td width=\"375\">Beskrivelse<\/td>\n<td width=\"94\">Ref.<\/td>\n<td width=\"61\">Kvalitet<\/td>\n<td width=\"60\">Utrop<\/td>\n<td width=\"92\">Hammerslag<\/td>\n<\/tr>\n<tr>\n<td>1<\/td>\n<td width=\"106\">Macedonia<\/td>\n<td width=\"375\">\u00c6 18 Philip II 359-336 f.Kr.<\/td>\n<td width=\"94\">S. 6699<\/td>\n<td width=\"61\">1\/1+<\/td>\n<td width=\"45\">75<\/td>\n<td><\/td>\n<\/tr>\n<tr>\n<td>2<\/td>\n<td width=\"106\">Karthago<\/td>\n<td width=\"375\">\u00c618\u00a0\u00a0 Ca 250 f.Kr<\/td>\n<td width=\"94\">S. 6531<\/td>\n<td>1\/1-<\/td>\n<td width=\"45\">40<\/td>\n<td width=\"92\"><\/td>\n<\/tr>\n<tr>\n<td>3<\/td>\n<td width=\"106\">Rom<\/td>\n<td width=\"375\">As\u00a0\u00a0\u00a0\u00a0\u00a0\u00a0\u00a0\u00a0\u00a0\u00a0\u00a0\u00a0 Nerva 96-98<\/td>\n<td width=\"94\">S. 3060<\/td>\n<td width=\"61\">1\/1+<\/td>\n<td width=\"45\">400<\/td>\n<td><\/td>\n<\/tr>\n<tr>\n<td>4<\/td>\n<td width=\"106\">Rom<\/td>\n<td width=\"375\">Dupondius Trajan 98-117<\/td>\n<td width=\"94\">S. 3221 var.<\/td>\n<td width=\"61\">1\/1-<\/td>\n<td width=\"45\">100<\/td>\n<td><\/td>\n<\/tr>\n<tr>\n<td>5<\/td>\n<td width=\"106\">Rom<\/td>\n<td width=\"375\">Denar\u00a0\u00a0\u00a0\u00a0\u00a0\u00a0\u00a0\u00a0 Antoninus Pius 138-161. Kants.<\/td>\n<td width=\"94\">RIC 476<\/td>\n<td width=\"61\">1+<\/td>\n<td width=\"45\">400<\/td>\n<td><\/td>\n<\/tr>\n<tr>\n<td>6<\/td>\n<td width=\"106\">Rom<\/td>\n<td width=\"375\">Sesterts\u00a0\u00a0\u00a0\u00a0 Maximinus 235-238. Reg.nr.<\/td>\n<td width=\"94\">S. 8408<\/td>\n<td width=\"61\">1<\/td>\n<td width=\"45\">200<\/td>\n<td><\/td>\n<\/tr>\n<tr>\n<td>7<\/td>\n<td width=\"106\">Rom<\/td>\n<td width=\"375\">Antoninian Salonina + 268\u00a0\u00a0\u00a0\u00a0 2 stk.<\/td>\n<td><\/td>\n<td width=\"61\">1\/1-<\/td>\n<td width=\"45\">75<\/td>\n<td width=\"92\"><\/td>\n<\/tr>\n<tr>\n<td>8<\/td>\n<td width=\"106\">Rom<\/td>\n<td>Antoninian Probus 276-282<\/td>\n<td>Gml. S. 3510<\/td>\n<td>1\/1+<\/td>\n<td>75<\/td>\n<td><\/td>\n<\/tr>\n<tr>\n<td>9<\/td>\n<td width=\"106\">Rom<\/td>\n<td>Follis\u00a0\u00a0\u00a0\u00a0\u00a0\u00a0 \u00a0 \u00a0 Gallerius Maximianus 305-311 Gml.<\/td>\n<td>S. 3721<\/td>\n<td>1+<\/td>\n<td>100<\/td>\n<td><\/td>\n<\/tr>\n<tr>\n<td>10<\/td>\n<td width=\"106\">Rom<\/td>\n<td>Follis\u00a0\u00a0\u00a0\u00a0\u00a0\u00a0 \u00a0 \u00a0 Maxentius 306-312<\/td>\n<td>S. 3782<\/td>\n<td>1+<\/td>\n<td>125<\/td>\n<td><\/td>\n<\/tr>\n<tr>\n<td>11<\/td>\n<td width=\"106\">Rom<\/td>\n<td>Follis\u00a0\u00a0\u00a0\u00a0\u00a0\u00a0 \u00a0 \u00a0 Licinius 308-324<\/td>\n<td><\/td>\n<td>01<\/td>\n<td>100<\/td>\n<td><\/td>\n<\/tr>\n<tr>\n<td>12<\/td>\n<td width=\"106\">Norge<\/td>\n<td>2 skilling 1683<\/td>\n<td>NM. 142<\/td>\n<td>1<\/td>\n<td>200<\/td>\n<td><\/td>\n<\/tr>\n<tr>\n<td>13<\/td>\n<td width=\"106\">Norge<\/td>\n<td>2 skilling 1698<\/td>\n<td>NM. 241<\/td>\n<td>1<\/td>\n<td>200<\/td>\n<td><\/td>\n<\/tr>\n<tr>\n<td>14<\/td>\n<td width=\"106\">Norge<\/td>\n<td>2 skilling 1711<\/td>\n<td>NM. 32<\/td>\n<td>1<\/td>\n<td>200<\/td>\n<td><\/td>\n<\/tr>\n<tr>\n<td>15<\/td>\n<td width=\"106\">Norge<\/td>\n<td>12 skilling 1721<\/td>\n<td>NM. 16<\/td>\n<td>1-<\/td>\n<td>100<\/td>\n<td><\/td>\n<\/tr>\n<tr>\n<td>16<\/td>\n<td width=\"106\">Norge<\/td>\n<td>1 skilling 1768<\/td>\n<td>NM. 93<\/td>\n<td>1\/1+<\/td>\n<td>250<\/td>\n<td><\/td>\n<\/tr>\n<tr>\n<td>17<\/td>\n<td width=\"106\">Norge<\/td>\n<td>8 skilling 1809<\/td>\n<td>NM. 1<\/td>\n<td>1\/1+<\/td>\n<td>250<\/td>\n<td><\/td>\n<\/tr>\n<tr>\n<td>18<\/td>\n<td width=\"106\">Norge<\/td>\n<td>2 skilling 1822<\/td>\n<td>NM. 49<\/td>\n<td>1+<\/td>\n<td>500<\/td>\n<td><\/td>\n<\/tr>\n<tr>\n<td>19<\/td>\n<td width=\"106\">Norge<\/td>\n<td>12 skilling 1848<\/td>\n<td>NM. 27<\/td>\n<td>1+\/01<\/td>\n<td>400<\/td>\n<td><\/td>\n<\/tr>\n<tr>\n<td>20<\/td>\n<td width=\"106\">Norge<\/td>\n<td>4 skilling 1871<\/td>\n<td>NM. 17<\/td>\n<td>1+<\/td>\n<td>250<\/td>\n<td><\/td>\n<\/tr>\n<tr>\n<td>21<\/td>\n<td width=\"106\">Norge<\/td>\n<td>10 \u00f8re\u00a0\u00a0 1898<\/td>\n<td>NM. 92<\/td>\n<td>1+<\/td>\n<td>150<\/td>\n<td><\/td>\n<\/tr>\n<tr>\n<td>22<\/td>\n<td width=\"106\">Norge<\/td>\n<td>2 kroner 1914 Jub.<\/td>\n<td>NM. 11<\/td>\n<td>1+<\/td>\n<td>300<\/td>\n<td><\/td>\n<\/tr>\n<tr>\n<td>23<\/td>\n<td width=\"106\">Norge<\/td>\n<td>20 kroner 2001\u00a0\u00a0 Blisterpakn.<\/td>\n<td><\/td>\n<td>BU<\/td>\n<td>400<\/td>\n<td><\/td>\n<\/tr>\n<tr>\n<td>24<\/td>\n<td width=\"106\">Danmark<\/td>\n<td>1 skilling 1621<\/td>\n<td>H. 119B<\/td>\n<td>01<\/td>\n<td>300<\/td>\n<td><\/td>\n<\/tr>\n<tr>\n<td>25<\/td>\n<td width=\"106\">Danmark<\/td>\n<td>2 skilling 1654<\/td>\n<td>H. 130B<\/td>\n<td>1\/1+<\/td>\n<td>100<\/td>\n<td><\/td>\n<\/tr>\n<tr>\n<td>26<\/td>\n<td width=\"106\">Danmark<\/td>\n<td>12 skilling 1813<\/td>\n<td>KM. 684<\/td>\n<td>1+<\/td>\n<td>150<\/td>\n<td><\/td>\n<\/tr>\n<tr>\n<td>27<\/td>\n<td width=\"106\">Danmark<\/td>\n<td>2 kroner 1912<\/td>\n<td>KM. 811<\/td>\n<td>1+\/01<\/td>\n<td>60<\/td>\n<td><\/td>\n<\/tr>\n<tr>\n<td>28<\/td>\n<td width=\"106\">Dansk Vestindia<\/td>\n<td>20 cent 1878<\/td>\n<td>H. 25<\/td>\n<td>1+<\/td>\n<td>400<\/td>\n<td><\/td>\n<\/tr>\n<tr>\n<td>29<\/td>\n<td width=\"106\">Sverige<\/td>\n<td>1 daler 1718 N\u00f8dmynt<\/td>\n<td><\/td>\n<td>1+<\/td>\n<td>60<\/td>\n<td><\/td>\n<\/tr>\n<tr>\n<td>30<\/td>\n<td width=\"106\">Sverige<\/td>\n<td>1\/2 skilling 1803,1805<\/td>\n<td>KM. 388<\/td>\n<td>1+<\/td>\n<td>40<\/td>\n<td><\/td>\n<\/tr>\n<tr>\n<td>31<\/td>\n<td width=\"106\">Sverige<\/td>\n<td>5 \u00f8re 1858<\/td>\n<td>KM. 480<\/td>\n<td>01<\/td>\n<td>100<\/td>\n<td><\/td>\n<\/tr>\n<tr>\n<td>32<\/td>\n<td width=\"106\">England<\/td>\n<td>1 penny 1900,1903,1913<\/td>\n<td><\/td>\n<td>01<\/td>\n<td>50<\/td>\n<td><\/td>\n<\/tr>\n<tr>\n<td>33<\/td>\n<td width=\"106\">England<\/td>\n<td>1\/2 sovereign 1905<\/td>\n<td>S. 3774<\/td>\n<td>1+\/01<\/td>\n<td>250<\/td>\n<td><\/td>\n<\/tr>\n<tr>\n<td>34<\/td>\n<td width=\"106\">Estland<\/td>\n<td>25 senti 1928<\/td>\n<td>KM. 9<\/td>\n<td>1+\/01<\/td>\n<td>50<\/td>\n<td><\/td>\n<\/tr>\n<tr>\n<td>35<\/td>\n<td width=\"106\">Riga<\/td>\n<td>Solidus Kristina 16?? Valsepreg<\/td>\n<td><\/td>\n<td>1+<\/td>\n<td>50<\/td>\n<td><\/td>\n<\/tr>\n<tr>\n<td>36<\/td>\n<td width=\"106\">Island<\/td>\n<td>1000 kronur 2000<\/td>\n<td>KM. 37<\/td>\n<td>proof<\/td>\n<td>300<\/td>\n<td><\/td>\n<\/tr>\n<tr>\n<td>37<\/td>\n<td width=\"106\">Hollandia<\/td>\n<td>2 stuiver 1724\u00a0\u00a0\u00a0\u00a0 Rundefunnet<\/td>\n<td><\/td>\n<td>1+<\/td>\n<td>75<\/td>\n<td><\/td>\n<\/tr>\n<tr>\n<td>38<\/td>\n<td width=\"106\">Nederland<\/td>\n<td>10 gulden 1973<\/td>\n<td>KM. 196<\/td>\n<td>01\/0<\/td>\n<td>100<\/td>\n<td><\/td>\n<\/tr>\n<tr>\n<td>39<\/td>\n<td width=\"106\">Portugal<\/td>\n<td>40 reis 1821<\/td>\n<td>KM. 370<\/td>\n<td>1+<\/td>\n<td>50<\/td>\n<td><\/td>\n<\/tr>\n<tr>\n<td>40<\/td>\n<td width=\"106\">Preussen<\/td>\n<td>Taler 1871<\/td>\n<td>KM. 500<\/td>\n<td>01<\/td>\n<td>300<\/td>\n<td><\/td>\n<\/tr>\n<tr>\n<td>41<\/td>\n<td width=\"106\">Westpfalen<\/td>\n<td>500 mark 1923<\/td>\n<td>Funck. 645.2<\/td>\n<td>01<\/td>\n<td>200<\/td>\n<td><\/td>\n<\/tr>\n<tr>\n<td>42<\/td>\n<td width=\"106\">\u00d8sterrike<\/td>\n<td>25 schilling 1956,1958<\/td>\n<td>KM. 2880,2884<\/td>\n<td>01<\/td>\n<td>50<\/td>\n<td><\/td>\n<\/tr>\n<tr>\n<td>43<\/td>\n<td width=\"106\">Curacao<\/td>\n<td>2 1\/2 gulden 1944<\/td>\n<td>KM. 46<\/td>\n<td>1+<\/td>\n<td>75<\/td>\n<td><\/td>\n<\/tr>\n<tr>\n<td>44<\/td>\n<td width=\"106\">Mexico<\/td>\n<td>4 realer 1821 PJ<\/td>\n<td>KM. 88<\/td>\n<td>1<\/td>\n<td>350<\/td>\n<td><\/td>\n<\/tr>\n<tr>\n<td>45<\/td>\n<td width=\"106\">Ecuador<\/td>\n<td>5 sucre 1944<\/td>\n<td>KM. 79<\/td>\n<td>01<\/td>\n<td>50<\/td>\n<td><\/td>\n<\/tr>\n<tr>\n<td>46<\/td>\n<td width=\"106\">China<\/td>\n<td>5 stk. cash 1094-1100 \u00a0 \u00a0 Bestemt etter Schj\u00f8dt<\/td>\n<td><\/td>\n<td>VK<\/td>\n<td>100<\/td>\n<td><\/td>\n<\/tr>\n<tr>\n<td>47<\/td>\n<td width=\"106\">India<\/td>\n<td>2 annas 1841,1862<\/td>\n<td>KM. 459,469<\/td>\n<td>1+\/01<\/td>\n<td>50<\/td>\n<td><\/td>\n<\/tr>\n<tr>\n<td>48<\/td>\n<td width=\"106\">Filippinene<\/td>\n<td>Peso 1936. Hentet opp fra havet.<\/td>\n<td>KM. 177<\/td>\n<td>(1\/1+)<\/td>\n<td>200<\/td>\n<td><\/td>\n<\/tr>\n<tr>\n<td>49<\/td>\n<td width=\"106\">Tonga<\/td>\n<td>1 paanga 1980<\/td>\n<td>KM. 57<\/td>\n<td>01\/0<\/td>\n<td>60<\/td>\n<td><\/td>\n<\/tr>\n<tr>\n<td>50<\/td>\n<td width=\"106\">Guinea<\/td>\n<td>200 francs 1969<\/td>\n<td>KM. 10<\/td>\n<td>proof<\/td>\n<td>75<\/td>\n<td><\/td>\n<\/tr>\n<tr>\n<td>51<\/td>\n<td width=\"106\">USA<\/td>\n<td>1 dollar 1921<\/td>\n<td><\/td>\n<td>01\/0<\/td>\n<td>125<\/td>\n<td><\/td>\n<\/tr>\n<tr>\n<td>52<\/td>\n<td width=\"106\">USA<\/td>\n<td>1 dollar 1924 S<\/td>\n<td><\/td>\n<td>1+<\/td>\n<td>150<\/td>\n<td><\/td>\n<\/tr>\n<\/tbody>\n<\/table>\n<p>Poletter<\/p>\n<table class=\"auksjonstabell\">\n<tbody>\n<tr>\n<td width=\"25\">53<\/td>\n<td width=\"106\">Norge<\/td>\n<td width=\"375\">Sundb\u00e5tene<\/td>\n<td width=\"94\">NP. 14.2<\/td>\n<td width=\"61\">1+<\/td>\n<td width=\"45\">75<\/td>\n<td width=\"92\"><\/td>\n<\/tr>\n<tr>\n<td>54<\/td>\n<td>Norge<\/td>\n<td>Chr. Dampkj\u00f8kken 5 kroner alum. og sink<\/td>\n<td>NP. 71.1<\/td>\n<td>1+<\/td>\n<td>75<\/td>\n<td><\/td>\n<\/tr>\n<\/tbody>\n<\/table>\n<p>Medaljer<\/p>\n<table class=\"auksjonstabell\">\n<tbody>\n<tr>\n<td width=\"25\">55<\/td>\n<td width=\"106\">Norge<\/td>\n<td width=\"375\">17. mai 1889. \u00a0 Fors\u00f8lvet<\/td>\n<td width=\"94\">JA. 16<\/td>\n<td width=\"61\">01\/0<\/td>\n<td width=\"45\">150<\/td>\n<td width=\"92\"><\/td>\n<\/tr>\n<tr>\n<td>56<\/td>\n<td>Norge<\/td>\n<td>Schivemedaljen. S\u00f8lv<\/td>\n<td>TZT. 116c<\/td>\n<td>01<\/td>\n<td>400<\/td>\n<td><\/td>\n<\/tr>\n<tr>\n<td>57<\/td>\n<td>Norge<\/td>\n<td>Alf Pr\u00f8ysen\/Steir\u00f8ysa \u00a0 \u00a0 Sporong<\/td>\n<td>TZT. 287a<\/td>\n<td>0<\/td>\n<td>100<\/td>\n<td><\/td>\n<\/tr>\n<tr>\n<td>58<\/td>\n<td>Norge<\/td>\n<td>Christiania 350 \u00e5r 1974<\/td>\n<td>TZT. 257d<\/td>\n<td>0<\/td>\n<td>75<\/td>\n<td><\/td>\n<\/tr>\n<tr>\n<td>59<\/td>\n<td>Polen<\/td>\n<td>Minnemedalje om oppr\u00f8ret i 1944. Forgylt.m\/informasjon<\/td>\n<td><\/td>\n<td>0<\/td>\n<td>100<\/td>\n<td><\/td>\n<\/tr>\n<\/tbody>\n<\/table>\n<p>Litteratur<\/p>\n<table class=\"auksjonstabell\">\n<colgroup>\n<col width=\"25\" \/>\n<col width=\"106\" \/>\n<col width=\"375\" \/>\n<col width=\"94\" \/>\n<col width=\"61\" \/>\n<col width=\"45\" \/>\n<col width=\"92\" \/><\/colgroup>\n<tbody>\n<tr>\n<td class=\"xl65\" width=\"54\" height=\"20\">60<\/td>\n<td class=\"xl65\" width=\"106\"><\/td>\n<td class=\"xl65\" width=\"375\">6 hefter om numismatikk<\/td>\n<td class=\"xl65\" width=\"94\"><\/td>\n<td class=\"xl65\" width=\"61\"><\/td>\n<td class=\"xl65\" width=\"45\">75<\/td>\n<td class=\"xl65\" width=\"92\"><\/td>\n<\/tr>\n<\/tbody>\n<\/table>\n<hr \/>\n<\/div>\n<div class='sfsi_Sicons' style='width: 100%; display: inline-block; vertical-align: middle; text-align:left'><div style='margin:0px 8px 0px 0px; line-height: 24px'><span>F\u00f8lg og lik! =)<\/span><\/div><div class='sfsi_socialwpr'><div class='sf_subscrbe' style='text-align:left;vertical-align: middle;float:left;width:64px'><a href=\"http:\/\/www.specificfeeds.com\/widgets\/emailSubscribeEncFeed\/bzdLMEVQczltUDF5SThnYlJHcG9jRktNMFpMTjRGN1Z0bC92QTRKc25OSHVyNnpuV29SdXVKeitQbEx4WVAyYUFvam1MTm1naHlGc28rSDd3ajBPNk1Xc2RkVVZmWVNQdVlsQTU2ZThWa3pxRTNMbGxRd0tCenA1ZTZEaW1XNlZ8VU1TSXBhcURwV2RaeGxqSjZmOStHcHVSNXVpbVMrUnRnZTdDZjBoWTYvYz0=\/OA==\/\" target=\"_blank\"><img src=\"https:\/\/www.norsknum.org\/wp-content\/plugins\/ultimate-social-media-icons\/images\/follow_subscribe.png\" \/><\/a><\/div><div class='sf_fb' style='text-align:left;vertical-align: middle;width:98px'><div class=\"fb-like\" href=\"https:\/\/www.norsknum.org\/?page_id=494\" width=\"180\" send=\"false\" showfaces=\"false\"  action=\"like\" data-share=\"true\"data-layout=\"button\" ><\/div><\/div><div class='sf_twiter' style='text-align:left;float:left;vertical-align: middle;width:auto'><a href=\"http:\/\/twitter.com\/share\" data-count=\"none\" class=\"sr-twitter-button twitter-share-button\" lang=\"en\" data-url=\"https:\/\/www.norsknum.org\/?page_id=494\" data-text=\"Auksjon \u2013 Oktober 2014\" ><\/a><\/div><\/div><\/div>","protected":false},"excerpt":{"rendered":"<p>Medlemmer kan sende skriftlige bud til gunnar@oslomyntgalleri.no. Bud m\u00e5 v\u00e6re innsendt senest dagen f\u00f8r auksjonen. AUKSJON N.N.F. &#8211; Tirsdag 28. Oktober 2014 Land Beskrivelse Ref. Kvalitet Utrop Hammerslag 1 Macedonia \u00c6 18 Philip II 359-336 f.Kr. S. 6699 1\/1+ 75&hellip; <\/p>\n","protected":false},"author":2,"featured_media":0,"parent":42,"menu_order":0,"comment_status":"closed","ping_status":"open","template":"","meta":[],"_links":{"self":[{"href":"https:\/\/www.norsknum.org\/index.php?rest_route=\/wp\/v2\/pages\/494"}],"collection":[{"href":"https:\/\/www.norsknum.org\/index.php?rest_route=\/wp\/v2\/pages"}],"about":[{"href":"https:\/\/www.norsknum.org\/index.php?rest_route=\/wp\/v2\/types\/page"}],"author":[{"embeddable":true,"href":"https:\/\/www.norsknum.org\/index.php?rest_route=\/wp\/v2\/users\/2"}],"replies":[{"embeddable":true,"href":"https:\/\/www.norsknum.org\/index.php?rest_route=%2Fwp%2Fv2%2Fcomments&post=494"}],"version-history":[{"count":21,"href":"https:\/\/www.norsknum.org\/index.php?rest_route=\/wp\/v2\/pages\/494\/revisions"}],"predecessor-version":[{"id":526,"href":"https:\/\/www.norsknum.org\/index.php?rest_route=\/wp\/v2\/pages\/494\/revisions\/526"}],"up":[{"embeddable":true,"href":"https:\/\/www.norsknum.org\/index.php?rest_route=\/wp\/v2\/pages\/42"}],"wp:attachment":[{"href":"https:\/\/www.norsknum.org\/index.php?rest_route=%2Fwp%2Fv2%2Fmedia&parent=494"}],"curies":[{"name":"wp","href":"https:\/\/api.w.org\/{rel}","templated":true}]}}