{"id":51,"date":"2014-06-06T20:32:38","date_gmt":"2014-06-06T18:32:38","guid":{"rendered":"http:\/\/norsknum.org\/ny\/?page_id=51"},"modified":"2014-11-12T21:07:18","modified_gmt":"2014-11-12T20:07:18","slug":"juni-2014","status":"publish","type":"page","link":"https:\/\/www.norsknum.org\/?page_id=51","title":{"rendered":"Auksjon \u2013 Juni 2014"},"content":{"rendered":"<p>Medlemmer kan sende skriftlige bud til gunnar@oslomyntgalleri.no. Bud m\u00e5 v\u00e6re innsendt senest dagen f\u00f8r auksjonen.<\/p>\n<hr \/>\n<dl class=\"dl-horizontal\">\n<dt>Dato<\/dt>\n<dd>10.06.2014<\/dd>\n<dt>Lokasjon<\/dt>\n<dd>H\u00e5ndverkeren<\/dd>\n<dt>Beskrivelse<\/dt>\n<dd>AUKSJON N.N.F. 10. juni 2014<\/dd>\n<\/dl>\n<table class=\"auksjonstabell\">\n<tbody>\n<tr>\n<th>Lot.No<\/th>\n<th>Land<\/th>\n<th>Beskrivelse<\/th>\n<th>Ref.<\/th>\n<th>Kategori<\/th>\n<th>Kvalitet<\/th>\n<th>Utrop<\/th>\n<th>Hammerslag<\/th>\n<\/tr>\n<tr>\n<td>1<\/td>\n<td>Samos<\/td>\n<td>Obol ca 490 f.Kr L\u00f8vehode\/forpart av okse<\/td>\n<td>Bar. pl.6,5<\/td>\n<td>Mynt<\/td>\n<td>1+<\/td>\n<td>500<\/td>\n<td>&#8211;<\/td>\n<\/tr>\n<tr>\n<td>2<\/td>\n<td>Makedonia<\/td>\n<td>Tetradrakme Alexander d. Store<\/td>\n<td><\/td>\n<td>Mynt<\/td>\n<td>1\/1+<\/td>\n<td>1100<\/td>\n<td>&#8211;<\/td>\n<\/tr>\n<tr>\n<td>3<\/td>\n<td>Rom<\/td>\n<td>Sesterts Drusus<\/td>\n<td>S. 1793<\/td>\n<td>Mynt<\/td>\n<td>1-2<\/td>\n<td>150<\/td>\n<td>&#8211;<\/td>\n<\/tr>\n<tr>\n<td>4<\/td>\n<td>Rom<\/td>\n<td>Denar Trajan 98-117<\/td>\n<td>S. 3139<\/td>\n<td>Mynt<\/td>\n<td>1+<\/td>\n<td>350<\/td>\n<td>&#8211;<\/td>\n<\/tr>\n<tr>\n<td>5<\/td>\n<td>Rom<\/td>\n<td>\u00c6 28 Philip I \u00e5r 6=245<\/td>\n<td>Se G. imp S.3874<\/td>\n<td>Mynt<\/td>\n<td>1\/1+<\/td>\n<td>100<\/td>\n<td>&#8211;<\/td>\n<\/tr>\n<tr>\n<td>6<\/td>\n<td>Rom<\/td>\n<td>Follis Constantin d. Store 330\/31<\/td>\n<td>S. 16487<\/td>\n<td>Mynt<\/td>\n<td>01<\/td>\n<td>400<\/td>\n<td>&#8211;<\/td>\n<\/tr>\n<tr>\n<td>7<\/td>\n<td>Rom<\/td>\n<td>\u00c6 3 Eudoxia d\u00f8d 404? Kyzicos<\/td>\n<td>Se S. 4241<\/td>\n<td>Mynt<\/td>\n<td>1+<\/td>\n<td>350<\/td>\n<td>&#8211;<\/td>\n<\/tr>\n<tr>\n<td>8<\/td>\n<td>Alexandria<\/td>\n<td>Tetradrakme Antoninus Pius<\/td>\n<td><\/td>\n<td>Mynt<\/td>\n<td>1<\/td>\n<td>150<\/td>\n<td>&#8211;<\/td>\n<\/tr>\n<tr>\n<td>9<\/td>\n<td>Alexandria<\/td>\n<td>Tetradrakme Gallienus<\/td>\n<td>Se gml. S. 3031<\/td>\n<td>Mynt<\/td>\n<td>1\/1+<\/td>\n<td>90<\/td>\n<td>&#8211;<\/td>\n<\/tr>\n<tr>\n<td>10<\/td>\n<td>Norge<\/td>\n<td>1 krone 1892<\/td>\n<td><\/td>\n<td>Mynt<\/td>\n<td>1+\/01<\/td>\n<td>800<\/td>\n<td>&#8211;<\/td>\n<\/tr>\n<tr>\n<td>11<\/td>\n<td>Norge<\/td>\n<td>50 kroner 1994 &#8220;Barn p\u00e5 ski&#8221;<\/td>\n<td><\/td>\n<td>Mynt<\/td>\n<td>proof<\/td>\n<td>200<\/td>\n<td>&#8211;<\/td>\n<\/tr>\n<tr>\n<td>12<\/td>\n<td>Danmark<\/td>\n<td>1\/2 krone 1939<\/td>\n<td>Sieg 60.2<\/td>\n<td>Mynt<\/td>\n<td>1+<\/td>\n<td>700<\/td>\n<td>&#8211;<\/td>\n<\/tr>\n<tr>\n<td>13<\/td>\n<td>Europa<\/td>\n<td>2 1\/2 europinos=1\/2 dollar 1952<\/td>\n<td>KY. 19<\/td>\n<td>Mynt<\/td>\n<td>0<\/td>\n<td>150<\/td>\n<td>&#8211;<\/td>\n<\/tr>\n<tr>\n<td>14<\/td>\n<td>Aquatania<\/td>\n<td>Denier, Elenore, mor til Richard L\u00f8vehjerte<\/td>\n<td><\/td>\n<td>Mynt<\/td>\n<td>1\/1+<\/td>\n<td>300<\/td>\n<td>&#8211;<\/td>\n<\/tr>\n<tr>\n<td>15<\/td>\n<td>Frankrike<\/td>\n<td>20 francs 1812 Napoleon<\/td>\n<td>KM. 695.1<\/td>\n<td>Mynt<\/td>\n<td>1+<\/td>\n<td>700<\/td>\n<td>&#8211;<\/td>\n<\/tr>\n<tr>\n<td>16<\/td>\n<td>San Marino<\/td>\n<td>20 lire 1932<\/td>\n<td>KM. 11<\/td>\n<td>Mynt<\/td>\n<td>01<\/td>\n<td>500<\/td>\n<td>&#8211;<\/td>\n<\/tr>\n<tr>\n<td>17<\/td>\n<td>Vatikanet<\/td>\n<td>Guilio ? Paulus IV 1555-59<\/td>\n<td><\/td>\n<td>Mynt<\/td>\n<td>1<\/td>\n<td>150<\/td>\n<td>&#8211;<\/td>\n<\/tr>\n<tr>\n<td>18<\/td>\n<td>Portugal<\/td>\n<td>1000 reis 1898<\/td>\n<td>KM. 539<\/td>\n<td>Mynt<\/td>\n<td>1+<\/td>\n<td>150<\/td>\n<td>&#8211;<\/td>\n<\/tr>\n<tr>\n<td>19<\/td>\n<td>Ungarn<\/td>\n<td>KM. 539<\/td>\n<td><\/td>\n<td>Mynt<\/td>\n<td>1+<\/td>\n<td>100<\/td>\n<td>&#8211;<\/td>\n<\/tr>\n<tr>\n<td>20<\/td>\n<td>\u00d8sterrike<\/td>\n<td>4 kreutzer 1721<\/td>\n<td>KM. 322<\/td>\n<td>Mynt<\/td>\n<td>01<\/td>\n<td>100<\/td>\n<td>&#8211;<\/td>\n<\/tr>\n<tr>\n<td>21<\/td>\n<td>New Foundland<\/td>\n<td>50 cent 1885<\/td>\n<td>KM. 6<\/td>\n<td>Mynt<\/td>\n<td>1+<\/td>\n<td>200<\/td>\n<td>&#8211;<\/td>\n<\/tr>\n<tr>\n<td>22<\/td>\n<td>Mexico<\/td>\n<td>8 realer cob 1600-tall. Perforert<\/td>\n<td><\/td>\n<td>Mynt<\/td>\n<td>1<\/td>\n<td>300<\/td>\n<td>&#8211;<\/td>\n<\/tr>\n<tr>\n<td>23<\/td>\n<td>USA<\/td>\n<td>1 dollar 1898<\/td>\n<td><\/td>\n<td>Mynt<\/td>\n<td>01<\/td>\n<td>150<\/td>\n<td>&#8211;<\/td>\n<\/tr>\n<tr>\n<td>24<\/td>\n<td>Norge<\/td>\n<td>17. mai-medalje (1948) B\u00e5ndet er velbrukt<\/td>\n<td>JA. 81A<\/td>\n<td>Medaljer<\/td>\n<td>01\/0<\/td>\n<td>75<\/td>\n<td>&#8211;<\/td>\n<\/tr>\n<tr>\n<td>25<\/td>\n<td>USA<\/td>\n<td>&#8220;Collecting American Coins&#8221; Kenneth E. Bresset, ANA<\/td>\n<td><\/td>\n<td>Litteratur\/B\u00f8ker<\/td>\n<td><\/td>\n<td>50<\/td>\n<td>&#8211;<\/td>\n<\/tr>\n<\/tbody>\n<\/table>\n<div class='sfsi_Sicons' style='width: 100%; display: inline-block; vertical-align: middle; text-align:left'><div style='margin:0px 8px 0px 0px; line-height: 24px'><span>F\u00f8lg og lik! =)<\/span><\/div><div class='sfsi_socialwpr'><div class='sf_subscrbe' style='text-align:left;vertical-align: middle;float:left;width:64px'><a href=\"http:\/\/www.specificfeeds.com\/widgets\/emailSubscribeEncFeed\/bzdLMEVQczltUDF5SThnYlJHcG9jRktNMFpMTjRGN1Z0bC92QTRKc25OSHVyNnpuV29SdXVKeitQbEx4WVAyYUFvam1MTm1naHlGc28rSDd3ajBPNk1Xc2RkVVZmWVNQdVlsQTU2ZThWa3pxRTNMbGxRd0tCenA1ZTZEaW1XNlZ8VU1TSXBhcURwV2RaeGxqSjZmOStHcHVSNXVpbVMrUnRnZTdDZjBoWTYvYz0=\/OA==\/\" target=\"_blank\"><img src=\"https:\/\/www.norsknum.org\/wp-content\/plugins\/ultimate-social-media-icons\/images\/follow_subscribe.png\" \/><\/a><\/div><div class='sf_fb' style='text-align:left;vertical-align: middle;width:98px'><div class=\"fb-like\" href=\"https:\/\/www.norsknum.org\/?page_id=51\" width=\"180\" send=\"false\" showfaces=\"false\"  action=\"like\" data-share=\"true\"data-layout=\"button\" ><\/div><\/div><div class='sf_twiter' style='text-align:left;float:left;vertical-align: middle;width:auto'><a href=\"http:\/\/twitter.com\/share\" data-count=\"none\" class=\"sr-twitter-button twitter-share-button\" lang=\"en\" data-url=\"https:\/\/www.norsknum.org\/?page_id=51\" data-text=\"Auksjon \u2013 Juni 2014\" ><\/a><\/div><\/div><\/div>","protected":false},"excerpt":{"rendered":"<p>Medlemmer kan sende skriftlige bud til gunnar@oslomyntgalleri.no. Bud m\u00e5 v\u00e6re innsendt senest dagen f\u00f8r auksjonen. Dato 10.06.2014 Lokasjon H\u00e5ndverkeren Beskrivelse AUKSJON N.N.F. 10. juni 2014 Lot.No Land Beskrivelse Ref. Kategori Kvalitet Utrop Hammerslag 1 Samos Obol ca 490 f.Kr L\u00f8vehode\/forpart&hellip; <\/p>\n","protected":false},"author":1,"featured_media":0,"parent":42,"menu_order":0,"comment_status":"closed","ping_status":"open","template":"","meta":[],"_links":{"self":[{"href":"https:\/\/www.norsknum.org\/index.php?rest_route=\/wp\/v2\/pages\/51"}],"collection":[{"href":"https:\/\/www.norsknum.org\/index.php?rest_route=\/wp\/v2\/pages"}],"about":[{"href":"https:\/\/www.norsknum.org\/index.php?rest_route=\/wp\/v2\/types\/page"}],"author":[{"embeddable":true,"href":"https:\/\/www.norsknum.org\/index.php?rest_route=\/wp\/v2\/users\/1"}],"replies":[{"embeddable":true,"href":"https:\/\/www.norsknum.org\/index.php?rest_route=%2Fwp%2Fv2%2Fcomments&post=51"}],"version-history":[{"count":4,"href":"https:\/\/www.norsknum.org\/index.php?rest_route=\/wp\/v2\/pages\/51\/revisions"}],"predecessor-version":[{"id":535,"href":"https:\/\/www.norsknum.org\/index.php?rest_route=\/wp\/v2\/pages\/51\/revisions\/535"}],"up":[{"embeddable":true,"href":"https:\/\/www.norsknum.org\/index.php?rest_route=\/wp\/v2\/pages\/42"}],"wp:attachment":[{"href":"https:\/\/www.norsknum.org\/index.php?rest_route=%2Fwp%2Fv2%2Fmedia&parent=51"}],"curies":[{"name":"wp","href":"https:\/\/api.w.org\/{rel}","templated":true}]}}