{"id":524,"date":"2014-10-16T20:26:16","date_gmt":"2014-10-16T18:26:16","guid":{"rendered":"http:\/\/norsknum.org\/ny\/?page_id=524"},"modified":"2014-12-11T20:40:17","modified_gmt":"2014-12-11T19:40:17","slug":"auksjon-november-2014","status":"publish","type":"page","link":"https:\/\/www.norsknum.org\/?page_id=524","title":{"rendered":"Auksjon &#8211; November 2014"},"content":{"rendered":"<div>\n<p>Medlemmer kan sende skriftlige bud til gunnar@oslomyntgalleri.no. Bud m\u00e5 v\u00e6re innsendt senest dagen f\u00f8r auksjonen.<\/p>\n<hr \/>\n<dl class=\"dl-horizontal\">\n<dt><strong>AUKSJON N.N.F. &#8211; Tirsdag 25. November 2014<\/strong><\/dt>\n<\/dl>\n<table class=\"auksjonstabell\">\n<tbody>\n<tr>\n<td width=\"54\">Lot.No<\/td>\n<td width=\"169\">Land<\/td>\n<td width=\"340\">Beskrivelse<\/td>\n<td width=\"80\">Ref.<\/td>\n<td width=\"80\">Kvalitet<\/td>\n<td width=\"80\">Utrop<\/td>\n<td width=\"99\">Hammerslag<\/td>\n<\/tr>\n<tr>\n<td>1<\/td>\n<td>Karthago<\/td>\n<td>\u00c6 16 Ca 300 f.Kr.<\/td>\n<td>S. 6444<\/td>\n<td>1\/1+<\/td>\n<td>50<\/td>\n<td>\u00a0125<\/td>\n<\/tr>\n<tr>\n<td>2<\/td>\n<td>Egypt<\/td>\n<td>Tetradrakme Maximianus 286-305<\/td>\n<td>S. 3658<\/td>\n<td>1<\/td>\n<td>50<\/td>\n<td>\u00a0125<\/td>\n<\/tr>\n<tr>\n<td>3<\/td>\n<td>Rom<\/td>\n<td>As Marcus Aurelius 161-180<\/td>\n<td><\/td>\n<td>1-<\/td>\n<td>75<\/td>\n<td>\u00a075<\/td>\n<\/tr>\n<tr>\n<td>4<\/td>\n<td>&#8212;&#8212;<\/td>\n<td>Sesterts 3stk. Severus Alex.,Gordian III, Trajan Decius<\/td>\n<td><\/td>\n<td>VK<\/td>\n<td>200<\/td>\n<td>\u00a0250<\/td>\n<\/tr>\n<tr>\n<td>5<\/td>\n<td>&#8212;&#8212;<\/td>\n<td>Antoninian Probus 276-282<\/td>\n<td>Gml. S. 3343<\/td>\n<td>1<\/td>\n<td>50<\/td>\n<td>\u00a050<\/td>\n<\/tr>\n<tr>\n<td>6<\/td>\n<td>&#8212;&#8212;<\/td>\n<td>Follis Maximianus 286-305<\/td>\n<td>Gml. S. 3719<\/td>\n<td>1+<\/td>\n<td>100<\/td>\n<td>\u00a0100<\/td>\n<\/tr>\n<tr>\n<td>7<\/td>\n<td>&#8212;&#8212;<\/td>\n<td>Follis Constantin I 307-337<\/td>\n<td>RIC . 495-202<\/td>\n<td>1+<\/td>\n<td>250<\/td>\n<td>\u00a0&#8212;<\/td>\n<\/tr>\n<tr>\n<td>8<\/td>\n<td>&#8212;&#8212;<\/td>\n<td>\u00c6 3 Constantin I 307-337<\/td>\n<td><\/td>\n<td>1-<\/td>\n<td>75<\/td>\n<td>\u00a0&#8212;<\/td>\n<\/tr>\n<tr>\n<td>9<\/td>\n<td>&#8212;&#8212;<\/td>\n<td>Sm\u00e5bronser 3 stk. Constantin I 307-337<\/td>\n<td><\/td>\n<td>1-<\/td>\n<td>75<\/td>\n<td>\u00a075<\/td>\n<\/tr>\n<tr>\n<td>10<\/td>\n<td>&#8212;&#8211;<\/td>\n<td>Centenionalis Constantius II 337-361<\/td>\n<td>S. 4002<\/td>\n<td>1\/+<\/td>\n<td>75<\/td>\n<td>\u00a0&#8212;<\/td>\n<\/tr>\n<tr>\n<td>11<\/td>\n<td>&#8212;&#8211;<\/td>\n<td>1\/2 centenionalis \u00a0 \u00a0 Theodosius I 379-395<\/td>\n<td><\/td>\n<td>1+<\/td>\n<td>90<\/td>\n<td>\u00a0125<\/td>\n<\/tr>\n<tr>\n<td>12<\/td>\n<td>&#8212;&#8211;<\/td>\n<td>\u00c6 2 Arcadius 383-408<\/td>\n<td>S. 4229<\/td>\n<td>1+<\/td>\n<td>150<\/td>\n<td>\u00a0250<\/td>\n<\/tr>\n<tr>\n<td>13<\/td>\n<td>Norge<\/td>\n<td>2 skilling 1690<\/td>\n<td>NM. 233<\/td>\n<td>1\/1+<\/td>\n<td>300<\/td>\n<td>\u00a0550<\/td>\n<\/tr>\n<tr>\n<td>14<\/td>\n<td>&#8212;&#8212;-<\/td>\n<td>2 skilling 1764<\/td>\n<td>NM. 28<\/td>\n<td>1\/1+<\/td>\n<td>150<\/td>\n<td>\u00a0200<\/td>\n<\/tr>\n<tr>\n<td>15<\/td>\n<td>&#8212;&#8212;-<\/td>\n<td>2 skilling 1803<\/td>\n<td>NM. 89<\/td>\n<td>1<\/td>\n<td>100<\/td>\n<td>\u00a0150<\/td>\n<\/tr>\n<tr>\n<td>16<\/td>\n<td>&#8212;&#8212;-<\/td>\n<td>1 skilling 1816<\/td>\n<td>NM. 2<\/td>\n<td>1+\/01<\/td>\n<td>800<\/td>\n<td>\u00a0&#8212;<\/td>\n<\/tr>\n<tr>\n<td>17<\/td>\n<td>&#8212;&#8212;-<\/td>\n<td>4 skilling 1842<\/td>\n<td>NM. 45<\/td>\n<td>1+<\/td>\n<td>400<\/td>\n<td>\u00a0400<\/td>\n<\/tr>\n<tr>\n<td>18<\/td>\n<td>&#8212;&#8212;-<\/td>\n<td>12 skilling 1865 flekker<\/td>\n<td>NM. 16<\/td>\n<td>1\/1-<\/td>\n<td>450<\/td>\n<td>\u00a0&#8212;<\/td>\n<\/tr>\n<tr>\n<td>19<\/td>\n<td>&#8212;&#8212;-<\/td>\n<td>2 \u00f8re 1919<\/td>\n<td>NM. 190<\/td>\n<td>1\/1+<\/td>\n<td>50<\/td>\n<td>\u00a050<\/td>\n<\/tr>\n<tr>\n<td>20<\/td>\n<td>&#8212;&#8212;-<\/td>\n<td>2 \u00f8re 1958<\/td>\n<td><\/td>\n<td>01\/0<\/td>\n<td>30<\/td>\n<td>\u00a030<\/td>\n<\/tr>\n<tr>\n<td>21<\/td>\n<td>&#8212;&#8212;-<\/td>\n<td>10 \u00f8re 1901<\/td>\n<td>NM. 94<\/td>\n<td>1\/1+<\/td>\n<td>75<\/td>\n<td>\u00a0135<\/td>\n<\/tr>\n<tr>\n<td>22<\/td>\n<td>&#8212;&#8212;<\/td>\n<td>10 \u00f8re 1901<\/td>\n<td>NM. 94<\/td>\n<td>01<\/td>\n<td>200<\/td>\n<td>\u00a0200<\/td>\n<\/tr>\n<tr>\n<td>23<\/td>\n<td>&#8212;&#8212;<\/td>\n<td>10 \u00f8re 1916<\/td>\n<td>NM. 113<\/td>\n<td>1+<\/td>\n<td>100<\/td>\n<td>\u00a0100<\/td>\n<\/tr>\n<tr>\n<td>24<\/td>\n<td>&#8212;&#8212;<\/td>\n<td>25 \u00f8re 1900<\/td>\n<td>NM. 73<\/td>\n<td>1<\/td>\n<td>100<\/td>\n<td>\u00a0150<\/td>\n<\/tr>\n<tr>\n<td>25<\/td>\n<td>&#8212;&#8212;<\/td>\n<td>5 kroner 1986 Sandhill-kassett<\/td>\n<td><\/td>\n<td>BU<\/td>\n<td>100<\/td>\n<td>\u00a0100<\/td>\n<\/tr>\n<tr>\n<td>26<\/td>\n<td>&#8212;&#8212;<\/td>\n<td>25 ecu 1995 Viking i farger<\/td>\n<td><\/td>\n<td>0<\/td>\n<td>50<\/td>\n<td>\u00a0&#8212;<\/td>\n<\/tr>\n<tr>\n<td>27<\/td>\n<td>&#8212;&#8212;<\/td>\n<td>5 ecu 1995 Bryggen i Bergen<\/td>\n<td><\/td>\n<td>0<\/td>\n<td>40<\/td>\n<td>\u00a0&#8212;<\/td>\n<\/tr>\n<tr>\n<td>28<\/td>\n<td>Danmark<\/td>\n<td>2 skilling 1655<\/td>\n<td>H. 126B<\/td>\n<td>1\/1+<\/td>\n<td>100<\/td>\n<td>\u00a0&#8212;<\/td>\n<\/tr>\n<tr>\n<td>29<\/td>\n<td>&#8212;&#8212;&#8212;&#8211;<\/td>\n<td>4 mark 1693 Inngrav.<\/td>\n<td>H. 125A<\/td>\n<td>1\/1+<\/td>\n<td>250<\/td>\n<td>\u00a0&#8212;<\/td>\n<\/tr>\n<tr>\n<td>30<\/td>\n<td>&#8212;&#8212;&#8212;&#8211;<\/td>\n<td>4 skilling 1872<\/td>\n<td>KM. 775.2<\/td>\n<td>01<\/td>\n<td>75<\/td>\n<td>\u00a075<\/td>\n<\/tr>\n<tr>\n<td>31<\/td>\n<td>&#8212;&#8212;&#8212;&#8211;<\/td>\n<td>1 krone 1916<\/td>\n<td>KM. 819<\/td>\n<td>01<\/td>\n<td>75<\/td>\n<td>\u00a0&#8212;<\/td>\n<\/tr>\n<tr>\n<td>32<\/td>\n<td>&#8212;&#8212;&#8212;&#8211;<\/td>\n<td>5 kroner 1960<\/td>\n<td>KM. 852<\/td>\n<td>0<\/td>\n<td>60<\/td>\n<td>\u00a0&#8212;<\/td>\n<\/tr>\n<tr>\n<td>33<\/td>\n<td>Dansk Vesti<\/td>\n<td>10 cents 1905<\/td>\n<td>KM. 78<\/td>\n<td>1+<\/td>\n<td>90<\/td>\n<td>\u00a090<\/td>\n<\/tr>\n<tr>\n<td>34<\/td>\n<td>Sverige<\/td>\n<td>1 \u00f8re 1749<\/td>\n<td>KM. 275.1<\/td>\n<td>1\/1+<\/td>\n<td>50<\/td>\n<td>\u00a050<\/td>\n<\/tr>\n<tr>\n<td>35<\/td>\n<td>&#8212;&#8212;&#8211;<\/td>\n<td>5 \u00f8re 1873<\/td>\n<td>KM. 510<\/td>\n<td>1\/1+<\/td>\n<td>60<\/td>\n<td>\u00a0&#8212;<\/td>\n<\/tr>\n<tr>\n<td>36<\/td>\n<td>Bulgaria<\/td>\n<td>5 leva 1894<\/td>\n<td>KM. 18<\/td>\n<td>1+<\/td>\n<td>200<\/td>\n<td>\u00a0&#8212;<\/td>\n<\/tr>\n<tr>\n<td>37<\/td>\n<td>England<\/td>\n<td>Antoninian Carausius 287-293<\/td>\n<td>S. 3562<\/td>\n<td>1-<\/td>\n<td>90<\/td>\n<td>\u00a090<\/td>\n<\/tr>\n<tr>\n<td>38<\/td>\n<td>&#8212;&#8212;&#8212;-<\/td>\n<td>3 shilling 1814 Bank token<\/td>\n<td>S. 3770<\/td>\n<td>01<\/td>\n<td>350<\/td>\n<td>\u00a0475<\/td>\n<\/tr>\n<tr>\n<td>39<\/td>\n<td>Frankrike<\/td>\n<td>5 francs 1863 gull<\/td>\n<td>KM. 803.1<\/td>\n<td>1+<\/td>\n<td>150<\/td>\n<td>\u00a0475<\/td>\n<\/tr>\n<tr>\n<td>40<\/td>\n<td>F\u00e6r\u00f8yene<\/td>\n<td>25 \u00f8re 1941<\/td>\n<td>KM. 5<\/td>\n<td>1+\/01<\/td>\n<td>200<\/td>\n<td>\u00a0200<\/td>\n<\/tr>\n<tr>\n<td>41<\/td>\n<td>Isle of Man<\/td>\n<td>5 pounds 1988<\/td>\n<td>KM. 215<\/td>\n<td>01\/0<\/td>\n<td>50<\/td>\n<td>\u00a050<\/td>\n<\/tr>\n<tr>\n<td>42<\/td>\n<td>Kreta<\/td>\n<td>Drakme 1901<\/td>\n<td>KM. 7<\/td>\n<td>1+<\/td>\n<td>500<\/td>\n<td>\u00a0500<\/td>\n<\/tr>\n<tr>\n<td>43<\/td>\n<td>Latvia<\/td>\n<td>5 lati 1929<\/td>\n<td>KM. 9<\/td>\n<td>01<\/td>\n<td>75<\/td>\n<td>\u00a0&#8212;<\/td>\n<\/tr>\n<tr>\n<td>44<\/td>\n<td>Sovjet<\/td>\n<td>50 kopek 1925<\/td>\n<td>KM. 89.2<\/td>\n<td>01\/0<\/td>\n<td>100<\/td>\n<td>\u00a0100<\/td>\n<\/tr>\n<tr>\n<td>45<\/td>\n<td>&#8212;&#8212;-<\/td>\n<td>20 kopek 1925<\/td>\n<td>KM. 88<\/td>\n<td>01<\/td>\n<td>50<\/td>\n<td>\u00a0&#8212;<\/td>\n<\/tr>\n<tr>\n<td>46<\/td>\n<td>Bremen<\/td>\n<td>36 grote 1859<\/td>\n<td>KM. 233<\/td>\n<td>01<\/td>\n<td>300<\/td>\n<td>\u00a0&#8212;<\/td>\n<\/tr>\n<tr>\n<td>47<\/td>\n<td>Ungarn<\/td>\n<td>6 krajczar 1849<\/td>\n<td>KM. 435<\/td>\n<td>1+<\/td>\n<td>40<\/td>\n<td>\u00a0&#8212;<\/td>\n<\/tr>\n<tr>\n<td>48<\/td>\n<td>Venezia<\/td>\n<td>Dinar ca 1250<\/td>\n<td><\/td>\n<td>1\/1+<\/td>\n<td>50<\/td>\n<td>\u00a0&#8212;<\/td>\n<\/tr>\n<tr>\n<td>49<\/td>\n<td>&#8212;&#8212;&#8212;<\/td>\n<td>Dinar 1368-1382 Andrea Contarini<\/td>\n<td><\/td>\n<td>1\/1+<\/td>\n<td>50<\/td>\n<td>\u00a0100<\/td>\n<\/tr>\n<tr>\n<td>50<\/td>\n<td>\u00d8sterrike<\/td>\n<td>1 florin 1861A<\/td>\n<td>KM. 2219<\/td>\n<td>1+<\/td>\n<td>40<\/td>\n<td>\u00a040<\/td>\n<\/tr>\n<tr>\n<td>51<\/td>\n<td>Bermuda<\/td>\n<td>1 penny 1793<\/td>\n<td>KM. 5<\/td>\n<td>1+<\/td>\n<td>100<\/td>\n<td>\u00a0200<\/td>\n<\/tr>\n<tr>\n<td>52<\/td>\n<td>China<\/td>\n<td>Cash 4 stk. 1086-1093 Best. etter Schj\u00f8dt<\/td>\n<td>VK<\/td>\n<td>100<\/td>\n<td><\/td>\n<td>\u00a0125<\/td>\n<\/tr>\n<tr>\n<td>53<\/td>\n<td>India<\/td>\n<td>Tempelmynter 3 stk. S\u00f8lv<\/td>\n<td><\/td>\n<td>01<\/td>\n<td>30<\/td>\n<td>\u00a0125<\/td>\n<\/tr>\n<tr>\n<td>54<\/td>\n<td>Diverse land<\/td>\n<td>5 &#8220;crowns&#8221; Skipsmotiv<\/td>\n<td><\/td>\n<td>01<\/td>\n<td>50<\/td>\n<td>\u00a050<\/td>\n<\/tr>\n<\/tbody>\n<\/table>\n<p>Poletter<\/p>\n<table class=\"auksjonstabell\">\n<tbody>\n<tr>\n<td width=\"54\">55<\/td>\n<td width=\"169\">Norge<\/td>\n<td width=\"340\">Bergenhus Canning 2 stk.<\/td>\n<td width=\"80\">NP. A5<\/td>\n<td width=\"80\">1+<\/td>\n<td width=\"80\">30<\/td>\n<td width=\"99\">\u00a040<\/td>\n<\/tr>\n<tr>\n<td>56<\/td>\n<td>&#8212;&#8212;-<\/td>\n<td>Grand Hotel 4 stk.<\/td>\n<td><\/td>\n<td>VK<\/td>\n<td>100<\/td>\n<td>\u00a0125<\/td>\n<\/tr>\n<\/tbody>\n<\/table>\n<p>Medaljer<\/p>\n<table class=\"auksjonstabell\">\n<tbody>\n<tr>\n<td width=\"54\">57<\/td>\n<td width=\"169\">Norge<\/td>\n<td width=\"340\">2 kroner 1887 Nypreg i s\u00f8lv.<\/td>\n<td width=\"80\">TZT. 352b<\/td>\n<td width=\"80\">BU<\/td>\n<td width=\"80\">200<\/td>\n<td width=\"99\">\u00a0400<\/td>\n<\/tr>\n<tr>\n<td>58<\/td>\n<td>&#8212;&#8212;-<\/td>\n<td>Speciedaler 1989 175 \u00e5rs Grunnlovsjub.<\/td>\n<td>TZT. 361c<\/td>\n<td>0<\/td>\n<td>100<\/td>\n<\/tr>\n<tr>\n<td>59<\/td>\n<td>&#8212;&#8212;-<\/td>\n<td>17. mai 1990. S\u00f8lv<\/td>\n<td>TZT. 367b<\/td>\n<td>0<\/td>\n<td>100<\/td>\n<td><\/td>\n<\/tr>\n<tr>\n<td>60<\/td>\n<td>&#8212;&#8212;-<\/td>\n<td>Tjeneste i HMK\u00b4s garde 2005. 80 mm bronse<\/td>\n<td><\/td>\n<td>0<\/td>\n<td>100<\/td>\n<td><\/td>\n<\/tr>\n<\/tbody>\n<\/table>\n<hr \/>\n<\/div>\n<div class='sfsi_Sicons' style='width: 100%; display: inline-block; vertical-align: middle; text-align:left'><div style='margin:0px 8px 0px 0px; line-height: 24px'><span>F\u00f8lg og lik! =)<\/span><\/div><div class='sfsi_socialwpr'><div class='sf_subscrbe' style='text-align:left;vertical-align: middle;float:left;width:64px'><a href=\"http:\/\/www.specificfeeds.com\/widgets\/emailSubscribeEncFeed\/bzdLMEVQczltUDF5SThnYlJHcG9jRktNMFpMTjRGN1Z0bC92QTRKc25OSHVyNnpuV29SdXVKeitQbEx4WVAyYUFvam1MTm1naHlGc28rSDd3ajBPNk1Xc2RkVVZmWVNQdVlsQTU2ZThWa3pxRTNMbGxRd0tCenA1ZTZEaW1XNlZ8VU1TSXBhcURwV2RaeGxqSjZmOStHcHVSNXVpbVMrUnRnZTdDZjBoWTYvYz0=\/OA==\/\" target=\"_blank\"><img src=\"https:\/\/www.norsknum.org\/wp-content\/plugins\/ultimate-social-media-icons\/images\/follow_subscribe.png\" \/><\/a><\/div><div class='sf_fb' style='text-align:left;vertical-align: middle;width:98px'><div class=\"fb-like\" href=\"https:\/\/www.norsknum.org\/?page_id=524\" width=\"180\" send=\"false\" showfaces=\"false\"  action=\"like\" data-share=\"true\"data-layout=\"button\" ><\/div><\/div><div class='sf_twiter' style='text-align:left;float:left;vertical-align: middle;width:auto'><a href=\"http:\/\/twitter.com\/share\" data-count=\"none\" class=\"sr-twitter-button twitter-share-button\" lang=\"en\" data-url=\"https:\/\/www.norsknum.org\/?page_id=524\" data-text=\"Auksjon &#8211; November 2014\" ><\/a><\/div><\/div><\/div>","protected":false},"excerpt":{"rendered":"<p>Medlemmer kan sende skriftlige bud til gunnar@oslomyntgalleri.no. Bud m\u00e5 v\u00e6re innsendt senest dagen f\u00f8r auksjonen. AUKSJON N.N.F. &#8211; Tirsdag 25. November 2014 Lot.No Land Beskrivelse Ref. Kvalitet Utrop Hammerslag 1 Karthago \u00c6 16 Ca 300 f.Kr. S. 6444 1\/1+ 50&hellip; <\/p>\n","protected":false},"author":1,"featured_media":0,"parent":42,"menu_order":0,"comment_status":"closed","ping_status":"open","template":"","meta":[],"_links":{"self":[{"href":"https:\/\/www.norsknum.org\/index.php?rest_route=\/wp\/v2\/pages\/524"}],"collection":[{"href":"https:\/\/www.norsknum.org\/index.php?rest_route=\/wp\/v2\/pages"}],"about":[{"href":"https:\/\/www.norsknum.org\/index.php?rest_route=\/wp\/v2\/types\/page"}],"author":[{"embeddable":true,"href":"https:\/\/www.norsknum.org\/index.php?rest_route=\/wp\/v2\/users\/1"}],"replies":[{"embeddable":true,"href":"https:\/\/www.norsknum.org\/index.php?rest_route=%2Fwp%2Fv2%2Fcomments&post=524"}],"version-history":[{"count":3,"href":"https:\/\/www.norsknum.org\/index.php?rest_route=\/wp\/v2\/pages\/524\/revisions"}],"predecessor-version":[{"id":697,"href":"https:\/\/www.norsknum.org\/index.php?rest_route=\/wp\/v2\/pages\/524\/revisions\/697"}],"up":[{"embeddable":true,"href":"https:\/\/www.norsknum.org\/index.php?rest_route=\/wp\/v2\/pages\/42"}],"wp:attachment":[{"href":"https:\/\/www.norsknum.org\/index.php?rest_route=%2Fwp%2Fv2%2Fmedia&parent=524"}],"curies":[{"name":"wp","href":"https:\/\/api.w.org\/{rel}","templated":true}]}}