{"id":699,"date":"2014-12-11T21:09:54","date_gmt":"2014-12-11T20:09:54","guid":{"rendered":"http:\/\/norsknum.org\/ny\/?page_id=699"},"modified":"2014-12-11T21:16:10","modified_gmt":"2014-12-11T20:16:10","slug":"auksjon-februar-2015","status":"publish","type":"page","link":"https:\/\/www.norsknum.org\/?page_id=699","title":{"rendered":"Auksjon &#8211; Februar 2015"},"content":{"rendered":"<p>Medlemmer kan sende skriftlige bud til gunnar@oslomyntgalleri.no. Bud m\u00e5 v\u00e6re innsendt senest dagen f\u00f8r auksjonen.<\/p>\n<hr \/>\n<dl class=\"dl-horizontal\">\n<dt><strong>AUKSJON N.N.F. &#8211; Tirsdag 24. Februar\u00a02015<\/strong><\/dt>\n<dt>\n<table width=\"720\" class=\"auksjonstabell\">\n<tbody>\n<tr style=\"font-style: inherit; font-weight: inherit;\">\n<td style=\"font-style: inherit;\" width=\"28\">Lot.<\/td>\n<td style=\"font-style: inherit;\" width=\"125\">Land<\/td>\n<td style=\"font-style: inherit;\" width=\"316\">Beskrivelse<\/td>\n<td style=\"font-style: inherit;\" width=\"90\">Ref.<\/td>\n<td style=\"font-style: inherit;\" width=\"41\">Kval.<\/td>\n<td style=\"font-style: inherit;\" width=\"40\">Utrop<\/td>\n<td style=\"font-style: inherit;\" width=\"80\">Hammerslag<\/td>\n<\/tr>\n<tr>\n<td>1<\/td>\n<td>Thessaly<\/td>\n<td>\u00c6 16 360-325 f.Kr.<\/td>\n<td>S. 2129<\/td>\n<td>1+<\/td>\n<td>120<\/td>\n<td><\/td>\n<\/tr>\n<tr>\n<td>2<\/td>\n<td>Thrakia<\/td>\n<td>\u00c6 20 300-200 f.Kr.<\/td>\n<td>S. 1676<\/td>\n<td>1+<\/td>\n<td>200<\/td>\n<td><\/td>\n<\/tr>\n<tr>\n<td>3<\/td>\n<td>Sicilia<\/td>\n<td>\u00c6 20 279-241 f.Kr.<\/td>\n<td>S. 1035<\/td>\n<td>1\/1-<\/td>\n<td>150<\/td>\n<td><\/td>\n<\/tr>\n<tr>\n<td>4<\/td>\n<td>Gresk, Rom, Byzants<\/td>\n<td>4 sm\u00e5bronser<\/td>\n<td><\/td>\n<td>VK<\/td>\n<td>30<\/td>\n<td><\/td>\n<\/tr>\n<tr>\n<td>5<\/td>\n<td>Gresk, Indo-skytia<\/td>\n<td>\u00c6 24 Azes 58-12 f.Kr.<\/td>\n<td>Hoover 657<\/td>\n<td>1<\/td>\n<td>100<\/td>\n<td><\/td>\n<\/tr>\n<tr>\n<td>6<\/td>\n<td>Corcyra<\/td>\n<td>\u00c6 20 48-138<\/td>\n<td>SNG Cop. 248<\/td>\n<td>1<\/td>\n<td>150<\/td>\n<td><\/td>\n<\/tr>\n<tr>\n<td>7<\/td>\n<td>Judea<\/td>\n<td>lepton Herodes Arkelaus 4 f.Kr-6<\/td>\n<td>S. 5539<\/td>\n<td>1+<\/td>\n<td>500<\/td>\n<td><\/td>\n<\/tr>\n<tr>\n<td>8<\/td>\n<td>Rom<\/td>\n<td>denar Papirius Carbo 121 f.Kr.<\/td>\n<td>S. 154<\/td>\n<td>1+<\/td>\n<td>350<\/td>\n<td><\/td>\n<\/tr>\n<tr>\n<td>9<\/td>\n<td>Rom<\/td>\n<td>sesterts Trajan 98-117, Riper<\/td>\n<td>S. 3200<\/td>\n<td>1\/1-<\/td>\n<td>100<\/td>\n<td><\/td>\n<\/tr>\n<tr>\n<td>10<\/td>\n<td>Rom<\/td>\n<td>As(2), dupondius, sesterts 1-2 \u00e5rh.<\/td>\n<td><\/td>\n<td>VK<\/td>\n<td>150<\/td>\n<td><\/td>\n<\/tr>\n<tr>\n<td>11<\/td>\n<td>Rom<\/td>\n<td>follis, Constantin I Siscia 318<\/td>\n<td>S. 16301<\/td>\n<td>1+<\/td>\n<td>70<\/td>\n<td><\/td>\n<\/tr>\n<tr>\n<td>12<\/td>\n<td>Rom<\/td>\n<td>centenionalis, Constantius II &#8220;In Hoc Sig&#8221;<\/td>\n<td>RIC s.369<\/td>\n<td>1<\/td>\n<td>150<\/td>\n<td><\/td>\n<\/tr>\n<tr>\n<td>13<\/td>\n<td>Rom<\/td>\n<td>centenionalis, Theodosius<\/td>\n<td>Gml. S. 4181<\/td>\n<td>1+<\/td>\n<td>150<\/td>\n<td><\/td>\n<\/tr>\n<tr>\n<td>14<\/td>\n<td>Norge<\/td>\n<td>1 skilling 1675<\/td>\n<td>NM. 148<\/td>\n<td>1\/1+<\/td>\n<td>650<\/td>\n<td><\/td>\n<\/tr>\n<tr>\n<td>15<\/td>\n<td>Norge<\/td>\n<td>8 skilling 1734<\/td>\n<td>NM. 20<\/td>\n<td>1<\/td>\n<td>200<\/td>\n<td><\/td>\n<\/tr>\n<tr>\n<td>16<\/td>\n<td>Norge<\/td>\n<td>4 skilling 1809<\/td>\n<td>NM. 3<\/td>\n<td>1\/1+<\/td>\n<td>600<\/td>\n<td><\/td>\n<\/tr>\n<tr>\n<td>17<\/td>\n<td>Norge<\/td>\n<td>8 skilling 1825<\/td>\n<td>NM. 42<\/td>\n<td>1<\/td>\n<td>300<\/td>\n<td><\/td>\n<\/tr>\n<tr>\n<td>18<\/td>\n<td>Norge<\/td>\n<td>10 \u00f8re 1876<\/td>\n<td><\/td>\n<td>1+<\/td>\n<td>200<\/td>\n<td><\/td>\n<\/tr>\n<tr>\n<td>19<\/td>\n<td>Norge<\/td>\n<td>2 kroner 1906<\/td>\n<td><\/td>\n<td>1<\/td>\n<td>500<\/td>\n<td><\/td>\n<\/tr>\n<tr>\n<td>20<\/td>\n<td>Norge<\/td>\n<td>10 \u00f8re 1909<\/td>\n<td><\/td>\n<td>1+\/01<\/td>\n<td>100<\/td>\n<td><\/td>\n<\/tr>\n<tr>\n<td>21<\/td>\n<td>Norge<\/td>\n<td>25 \u00f8re 1915<\/td>\n<td><\/td>\n<td>1+\/01<\/td>\n<td>250<\/td>\n<td><\/td>\n<\/tr>\n<tr>\n<td>22<\/td>\n<td>Norge<\/td>\n<td>10 \u00f8re 1920<\/td>\n<td><\/td>\n<td>1+\/01<\/td>\n<td>200<\/td>\n<td><\/td>\n<\/tr>\n<tr>\n<td>23<\/td>\n<td>Norge<\/td>\n<td>1 krone 1939<\/td>\n<td><\/td>\n<td>01\/0<\/td>\n<td>100<\/td>\n<td><\/td>\n<\/tr>\n<tr>\n<td>24<\/td>\n<td>Danmark<\/td>\n<td>2 skilling 1651<\/td>\n<td>H. 126 Sieg 15<\/td>\n<td>1<\/td>\n<td>80<\/td>\n<td><\/td>\n<\/tr>\n<tr>\n<td>25<\/td>\n<td>Dansk Vestindia<\/td>\n<td>10 skilling 1840<\/td>\n<td>H. 14<\/td>\n<td>1+<\/td>\n<td>200<\/td>\n<td><\/td>\n<\/tr>\n<tr>\n<td>26<\/td>\n<td>Sverige<\/td>\n<td>1 skilling 1837<\/td>\n<td>KM. 441<\/td>\n<td>1<\/td>\n<td>200<\/td>\n<td><\/td>\n<\/tr>\n<tr>\n<td>27<\/td>\n<td>Sverige<\/td>\n<td>1\/2 \u00f8re 1858<\/td>\n<td>KM. 476<\/td>\n<td>1+\/01<\/td>\n<td>100<\/td>\n<td><\/td>\n<\/tr>\n<tr>\n<td>28<\/td>\n<td>Estland<\/td>\n<td>1 kroon 1933<\/td>\n<td>KM. 14<\/td>\n<td>1<\/td>\n<td>100<\/td>\n<td><\/td>\n<\/tr>\n<tr>\n<td>29<\/td>\n<td>Frankfurt<\/td>\n<td>Thaler 1865<\/td>\n<td>KM. 370<\/td>\n<td>1+<\/td>\n<td>150<\/td>\n<td><\/td>\n<\/tr>\n<tr>\n<td>30<\/td>\n<td>Italia, Sicilia<\/td>\n<td>2 follis Roger II 1105-1154<\/td>\n<td>Spahr. 53<\/td>\n<td>1<\/td>\n<td>75<\/td>\n<td><\/td>\n<\/tr>\n<tr>\n<td>31<\/td>\n<td>China<\/td>\n<td>cash 4 stk. Bestemt etter Schj\u00f8dt<\/td>\n<td><\/td>\n<td>VK<\/td>\n<td>100<\/td>\n<td><\/td>\n<\/tr>\n<tr>\n<td>32<\/td>\n<td>China<\/td>\n<td>50 cent ca 1917<\/td>\n<td>Y. 479<\/td>\n<td>1+<\/td>\n<td>100<\/td>\n<td><\/td>\n<\/tr>\n<tr>\n<td>33<\/td>\n<td>Niger<\/td>\n<td>10 francs 1968<\/td>\n<td>KM. 8.1<\/td>\n<td>proof<\/td>\n<td>300<\/td>\n<td><\/td>\n<\/tr>\n<tr>\n<td>34<\/td>\n<td>Straits Settlements,<\/td>\n<td>dollar 1920<\/td>\n<td>KM.33<\/td>\n<td>1+\/01<\/td>\n<td>250<\/td>\n<td><\/td>\n<\/tr>\n<tr>\n<td>35<\/td>\n<td>Zambia<\/td>\n<td>500 kwacha 1998. Gro H. Bruntland<\/td>\n<td>KM.108<\/td>\n<td>0<\/td>\n<td>300<\/td>\n<td><\/td>\n<\/tr>\n<tr>\n<td>36<\/td>\n<td>Mexico ?<\/td>\n<td>4 realer Rundefunnet<\/td>\n<td><\/td>\n<td>1-<\/td>\n<td>80<\/td>\n<td><\/td>\n<\/tr>\n<tr>\n<td>37<\/td>\n<td>USA<\/td>\n<td>dollar 1923<\/td>\n<td><\/td>\n<td>01\/0<\/td>\n<td>125<\/td>\n<td><\/td>\n<\/tr>\n<tr>\n<td>38<\/td>\n<td>Tonga<\/td>\n<td>1 paanga1967<\/td>\n<td>KM. 11<\/td>\n<td>01\/0<\/td>\n<td>50<\/td>\n<td><\/td>\n<\/tr>\n<tr>\n<td>39<\/td>\n<td>Div. Europa<\/td>\n<td>Krigsmynt 1915-18 21 stk.<\/td>\n<td><\/td>\n<td>VK<\/td>\n<td>75<\/td>\n<td><\/td>\n<\/tr>\n<tr>\n<td>40<\/td>\n<td>Hele Verden<\/td>\n<td>Krigsmynt 1941-45 21 stk<\/td>\n<td><\/td>\n<td>VK<\/td>\n<td>75<\/td>\n<td><\/td>\n<\/tr>\n<tr>\n<td colspan=\"7\">Polletter:<\/td>\n<\/tr>\n<tr>\n<td>41<\/td>\n<td>Norge<\/td>\n<td>Grand Hotel 4 forskjellige<\/td>\n<td><\/td>\n<td>VK<\/td>\n<td>150<\/td>\n<td><\/td>\n<\/tr>\n<tr>\n<td>42<\/td>\n<td>Norge<\/td>\n<td>Kristiania Sporveisselskap<\/td>\n<td>NP. 20.7<\/td>\n<td>1<\/td>\n<td>30<\/td>\n<td><\/td>\n<\/tr>\n<tr>\n<td>43<\/td>\n<td>USA<\/td>\n<td>Bordellpollett &#8220;The Hog Ranch, Fort Larame<\/td>\n<td><\/td>\n<td>1<\/td>\n<td>50<\/td>\n<td><\/td>\n<\/tr>\n<tr>\n<td colspan=\"7\">Medaljer:<\/td>\n<\/tr>\n<tr>\n<td>44<\/td>\n<td>Norge<\/td>\n<td>Sparebankmedaljer, Wergeland, Bj\u00f8rnson, Nansen<\/td>\n<td><\/td>\n<td>0<\/td>\n<td>30<\/td>\n<td><\/td>\n<\/tr>\n<tr>\n<td>45<\/td>\n<td>England,<\/td>\n<td>Victoria\/&#8221;To Hanover&#8221; 10 forskjellige<\/td>\n<td><\/td>\n<td>1+<\/td>\n<td>50<\/td>\n<td><\/td>\n<\/tr>\n<tr>\n<td colspan=\"7\">Sedler:<\/td>\n<\/tr>\n<tr>\n<td>46<\/td>\n<td>Tysk \u00d8stafrika<\/td>\n<td>1 rupie 1916<\/td>\n<td>P. 18a<\/td>\n<td>1\/1+<\/td>\n<td>60<\/td>\n<td><\/td>\n<\/tr>\n<tr>\n<td>47<\/td>\n<td>Tysk \u00d8stafrika<\/td>\n<td>1 rupie 1916<\/td>\n<td>P. 19<\/td>\n<td>1<\/td>\n<td>75<\/td>\n<td><\/td>\n<\/tr>\n<tr>\n<td>48<\/td>\n<td>Tysk \u00d8stafrika<\/td>\n<td>5 rupien 1915<\/td>\n<td><\/td>\n<td>1\/1+<\/td>\n<td>75<\/td>\n<td><\/td>\n<\/tr>\n<tr>\n<td>49<\/td>\n<td>Belgia<\/td>\n<td>100 francs 1938<\/td>\n<td><\/td>\n<td>1+<\/td>\n<td>50<\/td>\n<td><\/td>\n<\/tr>\n<tr>\n<td colspan=\"7\">Bok:<\/td>\n<\/tr>\n<tr>\n<td>50<\/td>\n<td><\/td>\n<td>Coins &amp; Coincollecting Howard Linecar London 1971<\/td>\n<td><\/td>\n<td><\/td>\n<td>100<\/td>\n<td><\/td>\n<\/tr>\n<\/tbody>\n<\/table>\n<\/dt>\n<dt><\/dt>\n<\/dl>\n<div class='sfsi_Sicons' style='width: 100%; display: inline-block; vertical-align: middle; text-align:left'><div style='margin:0px 8px 0px 0px; line-height: 24px'><span>F\u00f8lg og lik! =)<\/span><\/div><div class='sfsi_socialwpr'><div class='sf_subscrbe' style='text-align:left;vertical-align: middle;float:left;width:64px'><a href=\"http:\/\/www.specificfeeds.com\/widgets\/emailSubscribeEncFeed\/bzdLMEVQczltUDF5SThnYlJHcG9jRktNMFpMTjRGN1Z0bC92QTRKc25OSHVyNnpuV29SdXVKeitQbEx4WVAyYUFvam1MTm1naHlGc28rSDd3ajBPNk1Xc2RkVVZmWVNQdVlsQTU2ZThWa3pxRTNMbGxRd0tCenA1ZTZEaW1XNlZ8VU1TSXBhcURwV2RaeGxqSjZmOStHcHVSNXVpbVMrUnRnZTdDZjBoWTYvYz0=\/OA==\/\" target=\"_blank\"><img src=\"https:\/\/www.norsknum.org\/wp-content\/plugins\/ultimate-social-media-icons\/images\/follow_subscribe.png\" \/><\/a><\/div><div class='sf_fb' style='text-align:left;vertical-align: middle;width:98px'><div class=\"fb-like\" href=\"https:\/\/www.norsknum.org\/?page_id=699\" width=\"180\" send=\"false\" showfaces=\"false\"  action=\"like\" data-share=\"true\"data-layout=\"button\" ><\/div><\/div><div class='sf_twiter' style='text-align:left;float:left;vertical-align: middle;width:auto'><a href=\"http:\/\/twitter.com\/share\" data-count=\"none\" class=\"sr-twitter-button twitter-share-button\" lang=\"en\" data-url=\"https:\/\/www.norsknum.org\/?page_id=699\" data-text=\"Auksjon &#8211; Februar 2015\" ><\/a><\/div><\/div><\/div>","protected":false},"excerpt":{"rendered":"<p>Medlemmer kan sende skriftlige bud til gunnar@oslomyntgalleri.no. Bud m\u00e5 v\u00e6re innsendt senest dagen f\u00f8r auksjonen. AUKSJON N.N.F. &#8211; Tirsdag 24. Februar\u00a02015 Lot. Land Beskrivelse Ref. Kval. Utrop Hammerslag 1 Thessaly \u00c6 16 360-325 f.Kr. S. 2129 1+ 120 2 Thrakia&hellip; <\/p>\n","protected":false},"author":1,"featured_media":0,"parent":42,"menu_order":0,"comment_status":"closed","ping_status":"open","template":"","meta":[],"_links":{"self":[{"href":"https:\/\/www.norsknum.org\/index.php?rest_route=\/wp\/v2\/pages\/699"}],"collection":[{"href":"https:\/\/www.norsknum.org\/index.php?rest_route=\/wp\/v2\/pages"}],"about":[{"href":"https:\/\/www.norsknum.org\/index.php?rest_route=\/wp\/v2\/types\/page"}],"author":[{"embeddable":true,"href":"https:\/\/www.norsknum.org\/index.php?rest_route=\/wp\/v2\/users\/1"}],"replies":[{"embeddable":true,"href":"https:\/\/www.norsknum.org\/index.php?rest_route=%2Fwp%2Fv2%2Fcomments&post=699"}],"version-history":[{"count":2,"href":"https:\/\/www.norsknum.org\/index.php?rest_route=\/wp\/v2\/pages\/699\/revisions"}],"predecessor-version":[{"id":705,"href":"https:\/\/www.norsknum.org\/index.php?rest_route=\/wp\/v2\/pages\/699\/revisions\/705"}],"up":[{"embeddable":true,"href":"https:\/\/www.norsknum.org\/index.php?rest_route=\/wp\/v2\/pages\/42"}],"wp:attachment":[{"href":"https:\/\/www.norsknum.org\/index.php?rest_route=%2Fwp%2Fv2%2Fmedia&parent=699"}],"curies":[{"name":"wp","href":"https:\/\/api.w.org\/{rel}","templated":true}]}}