{"id":706,"date":"2014-12-12T09:37:14","date_gmt":"2014-12-12T08:37:14","guid":{"rendered":"http:\/\/norsknum.org\/ny\/?page_id=706"},"modified":"2014-12-12T09:37:14","modified_gmt":"2014-12-12T08:37:14","slug":"auksjon-mars-2015","status":"publish","type":"page","link":"https:\/\/www.norsknum.org\/?page_id=706","title":{"rendered":"Auksjon &#8211; Mars 2015"},"content":{"rendered":"<p>Medlemmer kan sende skriftlige bud til gunnar@oslomyntgalleri.no. Bud m\u00e5 v\u00e6re innsendt senest dagen f\u00f8r auksjonen.<\/p>\n<hr \/>\n<dl class=\"dl-horizontal\">\n<dt><strong>AUKSJON N.N.F. &#8211; Tirsdag 31. Mars\u00a02015<\/strong><\/dt>\n<dt>\n<table width=\"653\" class=\"auksjonstabell\">\n<tbody>\n<tr>\n<td style=\"font-style: inherit;\" width=\"28\">Lot.<\/td>\n<td style=\"font-style: inherit;\" width=\"83\">Land<\/td>\n<td style=\"font-style: inherit;\" width=\"277\">Beskrivelse<\/td>\n<td style=\"font-style: inherit;\" width=\"85\">Ref.<\/td>\n<td style=\"font-style: inherit;\" width=\"60\">Kval.<\/td>\n<td style=\"font-style: inherit;\" width=\"40\">Utrop<\/td>\n<td style=\"font-style: inherit;\" width=\"80\">Hammerslag<\/td>\n<\/tr>\n<tr>\n<td>1<\/td>\n<td>Karthago<\/td>\n<td>\u00c6 20 ca 300 f. Kr.<\/td>\n<td>S. 6523<\/td>\n<td>1<\/td>\n<td>60<\/td>\n<td><\/td>\n<\/tr>\n<tr>\n<td>2<\/td>\n<td>Pantikapaion<\/td>\n<td>\u00c6 18 300-200 f.Kr.<\/td>\n<td>S. 1704<\/td>\n<td>1<\/td>\n<td>100<\/td>\n<td><\/td>\n<\/tr>\n<tr>\n<td>3<\/td>\n<td>Thebes<\/td>\n<td>\u00c6 17 200-100 f.Kr.<\/td>\n<td>S. 2413<\/td>\n<td>1\/1+<\/td>\n<td>150<\/td>\n<td><\/td>\n<\/tr>\n<tr>\n<td>4<\/td>\n<td>Philadelphia<\/td>\n<td>\u00c6 19<\/td>\n<td>S. 4722<\/td>\n<td>1+<\/td>\n<td>150<\/td>\n<td><\/td>\n<\/tr>\n<tr>\n<td>5<\/td>\n<td>Rom<\/td>\n<td>Denar Trajan 98-117<\/td>\n<td>S. 3139<\/td>\n<td>1+<\/td>\n<td>350<\/td>\n<td><\/td>\n<\/tr>\n<tr>\n<td>6<\/td>\n<td>Rom<\/td>\n<td>Antoninian Trajan Decius 249-251<\/td>\n<td>S. 9364<\/td>\n<td>1+\/01<\/td>\n<td>200<\/td>\n<td><\/td>\n<\/tr>\n<tr>\n<td>7<\/td>\n<td>Rom<\/td>\n<td>Antoninian Probus 276-282<\/td>\n<td>S. 3364<\/td>\n<td>1+<\/td>\n<td>50<\/td>\n<td><\/td>\n<\/tr>\n<tr>\n<td>8<\/td>\n<td>Rom<\/td>\n<td>Follis Constantius I 305-306<\/td>\n<td>S. 14046<\/td>\n<td>1+<\/td>\n<td>250<\/td>\n<td><\/td>\n<\/tr>\n<tr>\n<td>9<\/td>\n<td>Rom<\/td>\n<td>Follis Dalmatius 335-337<\/td>\n<td>S. 16882<\/td>\n<td>1+<\/td>\n<td>175<\/td>\n<td><\/td>\n<\/tr>\n<tr>\n<td>10<\/td>\n<td>Rom<\/td>\n<td>\u00c6 2 Theodosius I 379-395<\/td>\n<td>S. 4283<\/td>\n<td>1<\/td>\n<td>50<\/td>\n<td><\/td>\n<\/tr>\n<tr>\n<td>11<\/td>\n<td>Egypt<\/td>\n<td>Tetradrakme Gallienus 253-268<\/td>\n<td>S. 4629 var.<\/td>\n<td>1\/1+<\/td>\n<td>150<\/td>\n<td><\/td>\n<\/tr>\n<tr>\n<td>12<\/td>\n<td>Egypt<\/td>\n<td>Tetradrakme Carus 282-283 \u00e5r 1<\/td>\n<td>S. 4774<\/td>\n<td>1+<\/td>\n<td>100<\/td>\n<td><\/td>\n<\/tr>\n<tr>\n<td>13<\/td>\n<td>Byzants<\/td>\n<td>Follis Justin II 565-578<\/td>\n<td>S. 369<\/td>\n<td>1<\/td>\n<td>100<\/td>\n<td><\/td>\n<\/tr>\n<tr>\n<td>14<\/td>\n<td>Byzants<\/td>\n<td>Follis Phocas 602-610<\/td>\n<td>S. 671<\/td>\n<td>1-<\/td>\n<td>100<\/td>\n<td><\/td>\n<\/tr>\n<tr>\n<td>15<\/td>\n<td>Norge<\/td>\n<td>1 skilling 1665<\/td>\n<td>NM. 243<\/td>\n<td>1<\/td>\n<td>250<\/td>\n<td><\/td>\n<\/tr>\n<tr>\n<td>16<\/td>\n<td>Norge<\/td>\n<td>2 skilling 1691<\/td>\n<td>NM. 234<\/td>\n<td>1<\/td>\n<td>300<\/td>\n<td><\/td>\n<\/tr>\n<tr>\n<td>17<\/td>\n<td>Norge<\/td>\n<td>4 skilling 1788<\/td>\n<td>NM. 74<\/td>\n<td>1+<\/td>\n<td>450<\/td>\n<td><\/td>\n<\/tr>\n<tr>\n<td>18<\/td>\n<td>Norge<\/td>\n<td>24 skilling 1853<\/td>\n<td>NM. 21<\/td>\n<td>1\/1-<\/td>\n<td>250<\/td>\n<td><\/td>\n<\/tr>\n<tr>\n<td>19<\/td>\n<td>Norge<\/td>\n<td>1 \u00f8re 1927<\/td>\n<td><\/td>\n<td>1+<\/td>\n<td>50<\/td>\n<td><\/td>\n<\/tr>\n<tr>\n<td>20<\/td>\n<td>Norge<\/td>\n<td>10 \u00f8re 1923<\/td>\n<td><\/td>\n<td>1<\/td>\n<td>250<\/td>\n<td><\/td>\n<\/tr>\n<tr>\n<td>21<\/td>\n<td>Norge<\/td>\n<td>25 \u00f8re 1940<\/td>\n<td><\/td>\n<td>0<\/td>\n<td>100<\/td>\n<td><\/td>\n<\/tr>\n<tr>\n<td>22<\/td>\n<td>Norge<\/td>\n<td>50 \u00f8re 1898<\/td>\n<td><\/td>\n<td>1+<\/td>\n<td>300<\/td>\n<td><\/td>\n<\/tr>\n<tr>\n<td>23<\/td>\n<td>Norge<\/td>\n<td>50 \u00f8re 1943<\/td>\n<td><\/td>\n<td>1+\/01<\/td>\n<td>400<\/td>\n<td><\/td>\n<\/tr>\n<tr>\n<td>24<\/td>\n<td>Norge<\/td>\n<td>1 krone 1956<\/td>\n<td><\/td>\n<td>1<\/td>\n<td>75<\/td>\n<td><\/td>\n<\/tr>\n<tr>\n<td>25<\/td>\n<td>Danmark<\/td>\n<td>8 skilling 1694 Gl\u00fcckstadt<\/td>\n<td>H. 127 A<\/td>\n<td>1+<\/td>\n<td>300<\/td>\n<td><\/td>\n<\/tr>\n<tr>\n<td>26<\/td>\n<td>Danmark<\/td>\n<td>Offermark 1808<\/td>\n<td>KM. 664<\/td>\n<td>1+<\/td>\n<td>250<\/td>\n<td><\/td>\n<\/tr>\n<tr>\n<td>27<\/td>\n<td>Danmark<\/td>\n<td>1\/2 skilling 1771<\/td>\n<td>H. 38<\/td>\n<td>1+<\/td>\n<td>75<\/td>\n<td><\/td>\n<\/tr>\n<tr>\n<td>28<\/td>\n<td>Danmark<\/td>\n<td>25 \u00f8re 1907,1911,1911<\/td>\n<td>KM. 808<\/td>\n<td>1+ &#8211; 01\/0<\/td>\n<td>200<\/td>\n<td><\/td>\n<\/tr>\n<tr>\n<td>29<\/td>\n<td>Sverige<\/td>\n<td>16 \u00f8re 1770<\/td>\n<td>SM. 76<\/td>\n<td>1\/1+<\/td>\n<td>300<\/td>\n<td><\/td>\n<\/tr>\n<tr>\n<td>30<\/td>\n<td>Sverige<\/td>\n<td>2 \u00f8re 1861<\/td>\n<td>KM. 491<\/td>\n<td>1+<\/td>\n<td>40<\/td>\n<td><\/td>\n<\/tr>\n<tr>\n<td>31<\/td>\n<td>Danzig<\/td>\n<td>1 gulden 1923<\/td>\n<td>KM. 146<\/td>\n<td>1+\/01<\/td>\n<td>450<\/td>\n<td><\/td>\n<\/tr>\n<tr>\n<td>32<\/td>\n<td>England<\/td>\n<td>Tradedollar 1930<\/td>\n<td>KM. T5<\/td>\n<td>1+<\/td>\n<td>125<\/td>\n<td><\/td>\n<\/tr>\n<tr>\n<td>33<\/td>\n<td>Frankrike<\/td>\n<td>5 francs 1837 BB<\/td>\n<td>KM. 749.3<\/td>\n<td>1+<\/td>\n<td>125<\/td>\n<td><\/td>\n<\/tr>\n<tr>\n<td>34<\/td>\n<td>Russland<\/td>\n<td>Dr\u00e5pekopek Ivan d. Grusomme<\/td>\n<td>Sp. fig. 79\/8<\/td>\n<td>1+<\/td>\n<td>150<\/td>\n<td><\/td>\n<\/tr>\n<tr>\n<td>35<\/td>\n<td>Russland<\/td>\n<td>Dr\u00e5pekopek Feodor Ivanovitch<\/td>\n<td>Sp. fig. 81\/3<\/td>\n<td>1\/1+<\/td>\n<td>350<\/td>\n<td><\/td>\n<\/tr>\n<tr>\n<td>36<\/td>\n<td>Russland<\/td>\n<td>5 kopek 1788 MM<\/td>\n<td>Br. 272<\/td>\n<td>1+<\/td>\n<td>300<\/td>\n<td><\/td>\n<\/tr>\n<tr>\n<td>37<\/td>\n<td>Tyskland<\/td>\n<td>5 mark 1936A, 1934J, 1936A<\/td>\n<td>KM. 82,85,97<\/td>\n<td>1+<\/td>\n<td>125<\/td>\n<td><\/td>\n<\/tr>\n<tr>\n<td>38<\/td>\n<td>China<\/td>\n<td>Dollar 1921 Yuan Shih Kai \u00e5r 10<\/td>\n<td>KM. 329.6<\/td>\n<td>1<\/td>\n<td>300<\/td>\n<td><\/td>\n<\/tr>\n<tr>\n<td>39<\/td>\n<td>China<\/td>\n<td>Dollar 1934 Sun Yat Sen<\/td>\n<td>KM. 345<\/td>\n<td>0<\/td>\n<td>350<\/td>\n<td><\/td>\n<\/tr>\n<tr>\n<td>40<\/td>\n<td>China<\/td>\n<td>Dollar 1912 Szechuan<\/td>\n<td>Y. 456<\/td>\n<td>1+\/01<\/td>\n<td>300<\/td>\n<td><\/td>\n<\/tr>\n<tr>\n<td>41<\/td>\n<td>Japan<\/td>\n<td>100 mon 1835-1870<\/td>\n<td>Cr. 7<\/td>\n<td>1+<\/td>\n<td>50<\/td>\n<td><\/td>\n<\/tr>\n<tr>\n<td>42<\/td>\n<td>Reunion<\/td>\n<td>10 centimes 1920<\/td>\n<td>KM. Tn 2<\/td>\n<td>1+<\/td>\n<td>400<\/td>\n<td><\/td>\n<\/tr>\n<tr>\n<td>43<\/td>\n<td>Bolivia<\/td>\n<td>1 boliviano 1872<\/td>\n<td>KM. 160.1<\/td>\n<td>1+<\/td>\n<td>125<\/td>\n<td><\/td>\n<\/tr>\n<tr>\n<td>44<\/td>\n<td>Mexico<\/td>\n<td>10 centavo 1905<\/td>\n<td>KM. 415<\/td>\n<td>0<\/td>\n<td>400<\/td>\n<td><\/td>\n<\/tr>\n<tr>\n<td>45<\/td>\n<td>Panama<\/td>\n<td>1 balboa 1947<\/td>\n<td>KM. 13<\/td>\n<td>1<\/td>\n<td>75<\/td>\n<td><\/td>\n<\/tr>\n<tr>\n<td colspan=\"7\">Medaljer og merker<\/td>\n<\/tr>\n<tr>\n<td>46<\/td>\n<td>Norge<\/td>\n<td>Festen for Framekspedisjonen 1896<\/td>\n<td>S.&amp;H. 135<\/td>\n<td>1\/1+<\/td>\n<td>75<\/td>\n<td><\/td>\n<\/tr>\n<tr>\n<td>47<\/td>\n<td>Norge<\/td>\n<td>Norsk Mynthistorie Nr.1 1995 S\u00f8lv<\/td>\n<td><\/td>\n<td>0<\/td>\n<td>250<\/td>\n<td><\/td>\n<\/tr>\n<tr>\n<td>48<\/td>\n<td>Norge<\/td>\n<td>1 rigsdaler species O.N.F. til 175 \u00e5rs jub. 1989<\/td>\n<td><\/td>\n<td>0<\/td>\n<td>350<\/td>\n<td><\/td>\n<\/tr>\n<tr>\n<td>49<\/td>\n<td>Sveits<\/td>\n<td>Skytterfest i Winterhur 1895 S\u00f8lv<\/td>\n<td><\/td>\n<td>1<\/td>\n<td>400<\/td>\n<td><\/td>\n<\/tr>\n<tr>\n<td>50<\/td>\n<td>USA<\/td>\n<td>Propagandan\u00e5l mot Hitler u.\u00e5.<\/td>\n<td><\/td>\n<td>1+<\/td>\n<td>50<\/td>\n<td><\/td>\n<\/tr>\n<\/tbody>\n<\/table>\n<\/dt>\n<\/dl>\n<div class='sfsi_Sicons' style='width: 100%; display: inline-block; vertical-align: middle; text-align:left'><div style='margin:0px 8px 0px 0px; line-height: 24px'><span>F\u00f8lg og lik! =)<\/span><\/div><div class='sfsi_socialwpr'><div class='sf_subscrbe' style='text-align:left;vertical-align: middle;float:left;width:64px'><a href=\"http:\/\/www.specificfeeds.com\/widgets\/emailSubscribeEncFeed\/bzdLMEVQczltUDF5SThnYlJHcG9jRktNMFpMTjRGN1Z0bC92QTRKc25OSHVyNnpuV29SdXVKeitQbEx4WVAyYUFvam1MTm1naHlGc28rSDd3ajBPNk1Xc2RkVVZmWVNQdVlsQTU2ZThWa3pxRTNMbGxRd0tCenA1ZTZEaW1XNlZ8VU1TSXBhcURwV2RaeGxqSjZmOStHcHVSNXVpbVMrUnRnZTdDZjBoWTYvYz0=\/OA==\/\" target=\"_blank\"><img src=\"https:\/\/www.norsknum.org\/wp-content\/plugins\/ultimate-social-media-icons\/images\/follow_subscribe.png\" \/><\/a><\/div><div class='sf_fb' style='text-align:left;vertical-align: middle;width:98px'><div class=\"fb-like\" href=\"https:\/\/www.norsknum.org\/?page_id=706\" width=\"180\" send=\"false\" showfaces=\"false\"  action=\"like\" data-share=\"true\"data-layout=\"button\" ><\/div><\/div><div class='sf_twiter' style='text-align:left;float:left;vertical-align: middle;width:auto'><a href=\"http:\/\/twitter.com\/share\" data-count=\"none\" class=\"sr-twitter-button twitter-share-button\" lang=\"en\" data-url=\"https:\/\/www.norsknum.org\/?page_id=706\" data-text=\"Auksjon &#8211; Mars 2015\" ><\/a><\/div><\/div><\/div>","protected":false},"excerpt":{"rendered":"<p>Medlemmer kan sende skriftlige bud til gunnar@oslomyntgalleri.no. Bud m\u00e5 v\u00e6re innsendt senest dagen f\u00f8r auksjonen. AUKSJON N.N.F. &#8211; Tirsdag 31. Mars\u00a02015 Lot. Land Beskrivelse Ref. Kval. Utrop Hammerslag 1 Karthago \u00c6 20 ca 300 f. Kr. S. 6523 1 60&hellip; <\/p>\n","protected":false},"author":1,"featured_media":0,"parent":42,"menu_order":0,"comment_status":"closed","ping_status":"open","template":"","meta":[],"_links":{"self":[{"href":"https:\/\/www.norsknum.org\/index.php?rest_route=\/wp\/v2\/pages\/706"}],"collection":[{"href":"https:\/\/www.norsknum.org\/index.php?rest_route=\/wp\/v2\/pages"}],"about":[{"href":"https:\/\/www.norsknum.org\/index.php?rest_route=\/wp\/v2\/types\/page"}],"author":[{"embeddable":true,"href":"https:\/\/www.norsknum.org\/index.php?rest_route=\/wp\/v2\/users\/1"}],"replies":[{"embeddable":true,"href":"https:\/\/www.norsknum.org\/index.php?rest_route=%2Fwp%2Fv2%2Fcomments&post=706"}],"version-history":[{"count":1,"href":"https:\/\/www.norsknum.org\/index.php?rest_route=\/wp\/v2\/pages\/706\/revisions"}],"predecessor-version":[{"id":707,"href":"https:\/\/www.norsknum.org\/index.php?rest_route=\/wp\/v2\/pages\/706\/revisions\/707"}],"up":[{"embeddable":true,"href":"https:\/\/www.norsknum.org\/index.php?rest_route=\/wp\/v2\/pages\/42"}],"wp:attachment":[{"href":"https:\/\/www.norsknum.org\/index.php?rest_route=%2Fwp%2Fv2%2Fmedia&parent=706"}],"curies":[{"name":"wp","href":"https:\/\/api.w.org\/{rel}","templated":true}]}}