{"id":709,"date":"2014-12-12T11:03:16","date_gmt":"2014-12-12T10:03:16","guid":{"rendered":"http:\/\/norsknum.org\/ny\/?page_id=709"},"modified":"2015-04-07T18:01:48","modified_gmt":"2015-04-07T16:01:48","slug":"auksjon-april-2015","status":"publish","type":"page","link":"https:\/\/www.norsknum.org\/?page_id=709","title":{"rendered":"Auksjon &#8211; April 2015"},"content":{"rendered":"<p>Medlemmer kan sende skriftlige bud til gunnar@oslomyntgalleri.no. Bud m\u00e5 v\u00e6re innsendt senest dagen f\u00f8r auksjonen.<\/p>\n<hr \/>\n<dl class=\"dl-horizontal\">\n<dt><strong>AUKSJON N.N.F. &#8211; Tirsdag 28. April\u00a02015<\/strong><\/dt>\n<dt>\n<table width=\"715\" class=\"auksjonstabell\">\n<tbody>\n<tr style=\"font-style: inherit; font-weight: inherit;\">\n<td style=\"font-style: inherit;\" width=\"28\">Lot.<\/td>\n<td style=\"font-style: inherit;\" width=\"180\">Land<\/td>\n<td style=\"font-style: inherit;\" width=\"258\">Beskrivelse<\/td>\n<td style=\"font-style: inherit;\" width=\"88\">Ref.<\/td>\n<td style=\"font-style: inherit;\" width=\"41\">Kval.<\/td>\n<td style=\"font-style: inherit;\" width=\"40\">Utrop<\/td>\n<td style=\"font-style: inherit;\" width=\"80\">Hammerslag<\/td>\n<\/tr>\n<tr>\n<td>1<\/td>\n<td>Makedonia<\/td>\n<td>\u00c6 18 Alexander d. store 336-323 f.Kr.<\/td>\n<td>S. 6742<\/td>\n<td>1+\/01<\/td>\n<td>400<\/td>\n<td><\/td>\n<\/tr>\n<tr>\n<td>2<\/td>\n<td>Mysia<\/td>\n<td>\u00c6 17 Gambrion<\/td>\n<td>S. 3871<\/td>\n<td>1+<\/td>\n<td>100<\/td>\n<td><\/td>\n<\/tr>\n<tr>\n<td>3<\/td>\n<td>Mysia<\/td>\n<td>\u00c6 30 Kyzikos<\/td>\n<td>S. 3864<\/td>\n<td>1\/1+<\/td>\n<td>200<\/td>\n<td><\/td>\n<\/tr>\n<tr>\n<td>4<\/td>\n<td>Rom<\/td>\n<td>\u00c6 28 Antiokia Nero 54-68<\/td>\n<td>S. 619 var.<\/td>\n<td>1\/1+<\/td>\n<td>400<\/td>\n<td><\/td>\n<\/tr>\n<tr>\n<td>5<\/td>\n<td>Rom<\/td>\n<td>Denar Septimius Severus 193-211<\/td>\n<td>S. 6368<\/td>\n<td>1+<\/td>\n<td>250<\/td>\n<td><\/td>\n<\/tr>\n<tr>\n<td>6<\/td>\n<td>Rom<\/td>\n<td>Antoninian Gordian III 238-244<\/td>\n<td><\/td>\n<td>1+<\/td>\n<td>150<\/td>\n<td><\/td>\n<\/tr>\n<tr>\n<td>7<\/td>\n<td>Rom<\/td>\n<td>Antoninian Salonina + 268<\/td>\n<td><\/td>\n<td>1\/1-<\/td>\n<td>75<\/td>\n<td><\/td>\n<\/tr>\n<tr>\n<td>8<\/td>\n<td>Rom<\/td>\n<td>Antoninian Probus 276-282 2 stk.<\/td>\n<td>Gml. S. 3510<\/td>\n<td>1\/1+<\/td>\n<td>100<\/td>\n<td><\/td>\n<\/tr>\n<tr>\n<td>9<\/td>\n<td>Rom<\/td>\n<td>\u00c6 3 Helena +328<\/td>\n<td>Gml. S. 3908<\/td>\n<td>1\/1-<\/td>\n<td>50<\/td>\n<td><\/td>\n<\/tr>\n<tr>\n<td>10<\/td>\n<td>Byzants<\/td>\n<td>Follis Justin II 565-578<\/td>\n<td>S. 372<\/td>\n<td>1\/1+<\/td>\n<td>120<\/td>\n<td><\/td>\n<\/tr>\n<tr>\n<td>11<\/td>\n<td>Armenia<\/td>\n<td>Kardez Levon II 1270-1289<\/td>\n<td>Nerc. 390 var.<\/td>\n<td>1+<\/td>\n<td>80<\/td>\n<td><\/td>\n<\/tr>\n<tr>\n<td>12<\/td>\n<td>Norge<\/td>\n<td>24 skilling 1757<\/td>\n<td>NM. 13<\/td>\n<td>1<\/td>\n<td>250<\/td>\n<td><\/td>\n<\/tr>\n<tr>\n<td>13<\/td>\n<td>Norge<\/td>\n<td>1 skilling 1809 m\/ovaler<\/td>\n<td>NM. 7<\/td>\n<td>1+<\/td>\n<td>400<\/td>\n<td><\/td>\n<\/tr>\n<tr>\n<td>14<\/td>\n<td>Norge<\/td>\n<td>4 skilling 1825<\/td>\n<td>NM. 44 B<\/td>\n<td>1+\/01<\/td>\n<td>800<\/td>\n<td><\/td>\n<\/tr>\n<tr>\n<td>15<\/td>\n<td>Norge<\/td>\n<td>2 skilling 1831<\/td>\n<td>NM. 54<\/td>\n<td>1+<\/td>\n<td>500<\/td>\n<td><\/td>\n<\/tr>\n<tr>\n<td>16<\/td>\n<td>Norge<\/td>\n<td>10 \u00f8re\/3 skilling 1874<\/td>\n<td>NM. 77<\/td>\n<td>1-<\/td>\n<td>100<\/td>\n<td><\/td>\n<\/tr>\n<tr>\n<td>17<\/td>\n<td>Norge<\/td>\n<td>10 \u00f8re 1901<\/td>\n<td>NM. 94<\/td>\n<td>1+<\/td>\n<td>150<\/td>\n<td><\/td>\n<\/tr>\n<tr>\n<td>18<\/td>\n<td>Norge<\/td>\n<td>2 kroner 1914 jub.<\/td>\n<td>NM. 11<\/td>\n<td>1<\/td>\n<td>400<\/td>\n<td><\/td>\n<\/tr>\n<tr>\n<td>19<\/td>\n<td>Norge<\/td>\n<td>25 \u00f8re 1922 u.h.<\/td>\n<td><\/td>\n<td>1<\/td>\n<td>175<\/td>\n<td><\/td>\n<\/tr>\n<tr>\n<td>20<\/td>\n<td>Norge<\/td>\n<td>5 kroner 1965<\/td>\n<td><\/td>\n<td>1<\/td>\n<td>50<\/td>\n<td><\/td>\n<\/tr>\n<tr>\n<td>21<\/td>\n<td>Danmark<\/td>\n<td>6 skilling 1629<\/td>\n<td>H. 139 B<\/td>\n<td>1<\/td>\n<td>200<\/td>\n<td><\/td>\n<\/tr>\n<tr>\n<td>22<\/td>\n<td>Danmark<\/td>\n<td>2 skilling 1661<\/td>\n<td>H. 132<\/td>\n<td>1-<\/td>\n<td>50<\/td>\n<td><\/td>\n<\/tr>\n<tr>\n<td>23<\/td>\n<td>Danmark<\/td>\n<td>24 skilling 1762<\/td>\n<td>H. 35 B<\/td>\n<td>1+<\/td>\n<td>600<\/td>\n<td><\/td>\n<\/tr>\n<tr>\n<td>24<\/td>\n<td>Danmark<\/td>\n<td>25 \u00f8re 1913,1915,1919<\/td>\n<td>KM. 815<\/td>\n<td>1+\/01<\/td>\n<td>100<\/td>\n<td><\/td>\n<\/tr>\n<tr>\n<td>25<\/td>\n<td>Danmark<\/td>\n<td>1\/2 krone 1939<\/td>\n<td>KM. 381<\/td>\n<td>1+<\/td>\n<td>600<\/td>\n<td><\/td>\n<\/tr>\n<tr>\n<td>26<\/td>\n<td>Sverige<\/td>\n<td>1\/2 skilling 1809 bl. feil<\/td>\n<td>KM. 390<\/td>\n<td>1+\/01<\/td>\n<td>40<\/td>\n<td><\/td>\n<\/tr>\n<tr>\n<td>27<\/td>\n<td>Sverige<\/td>\n<td>10 kroner 1873<\/td>\n<td>KM. 512.1<\/td>\n<td>1<\/td>\n<td>800<\/td>\n<td><\/td>\n<\/tr>\n<tr>\n<td>28<\/td>\n<td>Belgia<\/td>\n<td>5 francs 1869 A<\/td>\n<td>KM. 24<\/td>\n<td>1+<\/td>\n<td>75<\/td>\n<td><\/td>\n<\/tr>\n<tr>\n<td>29<\/td>\n<td>Danzig<\/td>\n<td>1\/2 gulden 1923<\/td>\n<td>KM. 144<\/td>\n<td>1<\/td>\n<td>150<\/td>\n<td><\/td>\n<\/tr>\n<tr>\n<td>30<\/td>\n<td>England<\/td>\n<td>Penny Canterbury Edward III<\/td>\n<td>S. 1547?<\/td>\n<td>1+<\/td>\n<td>700<\/td>\n<td><\/td>\n<\/tr>\n<tr>\n<td>31<\/td>\n<td>England<\/td>\n<td>1\/2 penny 1854<\/td>\n<td>S. 3949<\/td>\n<td>1<\/td>\n<td>50<\/td>\n<td><\/td>\n<\/tr>\n<tr>\n<td>32<\/td>\n<td>Frankrike<\/td>\n<td>5 francs 1870 A Napoleon III<\/td>\n<td>KM. 799.1<\/td>\n<td>1+<\/td>\n<td>150<\/td>\n<td><\/td>\n<\/tr>\n<tr>\n<td>33<\/td>\n<td>Portugal<\/td>\n<td>500 reis 1898<\/td>\n<td>KM. 538<\/td>\n<td>01\/0<\/td>\n<td>175<\/td>\n<td><\/td>\n<\/tr>\n<tr>\n<td>34<\/td>\n<td>Russland<\/td>\n<td>Dr\u00e5pekopek Ivan d, grusomme<\/td>\n<td>Sp. fig. 80.2<\/td>\n<td>1+<\/td>\n<td>150<\/td>\n<td><\/td>\n<\/tr>\n<tr>\n<td>35<\/td>\n<td>Russland<\/td>\n<td>Dr\u00e5pekopek Boris Gudunov<\/td>\n<td>Sp. fig. 82.4<\/td>\n<td>1+<\/td>\n<td>500<\/td>\n<td><\/td>\n<\/tr>\n<tr>\n<td>36<\/td>\n<td>Russland<\/td>\n<td>5 kopek 1793 AM<\/td>\n<td>KM. 59.2<\/td>\n<td>1<\/td>\n<td>500<\/td>\n<td><\/td>\n<\/tr>\n<tr>\n<td>37<\/td>\n<td>Spania<\/td>\n<td>5 pesetas 1898<\/td>\n<td>KM. 89<\/td>\n<td>01\/0<\/td>\n<td>250<\/td>\n<td><\/td>\n<\/tr>\n<tr>\n<td>38<\/td>\n<td>China<\/td>\n<td>10 cash ca 1855 Kiangsu<\/td>\n<td>C. 16.6<\/td>\n<td>1+<\/td>\n<td>60<\/td>\n<td><\/td>\n<\/tr>\n<tr>\n<td>39<\/td>\n<td>China<\/td>\n<td>Dollar 1927 Sun Yat Sen<\/td>\n<td>Y. 318a.1<\/td>\n<td>1<\/td>\n<td>250<\/td>\n<td><\/td>\n<\/tr>\n<tr>\n<td>40<\/td>\n<td>Filippinene<\/td>\n<td>1 peso 1903 S<\/td>\n<td>KM. 168<\/td>\n<td>1+\/01<\/td>\n<td>100<\/td>\n<td><\/td>\n<\/tr>\n<tr>\n<td>41<\/td>\n<td>USA<\/td>\n<td>Tradedollar 1876 S<\/td>\n<td><\/td>\n<td>1+\/01<\/td>\n<td>400<\/td>\n<td><\/td>\n<\/tr>\n<tr>\n<td>42<\/td>\n<td>Venezuela<\/td>\n<td>5 bolivares 1936<\/td>\n<td>Y. 24.2<\/td>\n<td>1<\/td>\n<td>90<\/td>\n<td><\/td>\n<\/tr>\n<tr>\n<td colspan=\"7\">Myntbrev<\/td>\n<\/tr>\n<tr>\n<td>43<\/td>\n<td>Norge<\/td>\n<td>5 kroner 1995<\/td>\n<td><\/td>\n<td>0<\/td>\n<td>50<\/td>\n<td><\/td>\n<\/tr>\n<tr>\n<td colspan=\"7\">Polletter, medaljer og merker<\/td>\n<\/tr>\n<tr>\n<td>44<\/td>\n<td>Norge<\/td>\n<td>Sundb\u00e5tene 2 stk. sink<\/td>\n<td>NP. 14.6<\/td>\n<td>1\/1+<\/td>\n<td>40<\/td>\n<td><\/td>\n<\/tr>\n<tr>\n<td>45<\/td>\n<td>Norge<\/td>\n<td>Grand Hotel 2 stk.<\/td>\n<td><\/td>\n<td>1<\/td>\n<td>75<\/td>\n<td><\/td>\n<\/tr>\n<tr>\n<td>46<\/td>\n<td>Norge<\/td>\n<td>N.S. n\u00e5l Kamporganisasjonen Solkors\/Ravn<\/td>\n<td><\/td>\n<td>1<\/td>\n<td>1000<\/td>\n<td><\/td>\n<\/tr>\n<tr>\n<td>47<\/td>\n<td>Norge<\/td>\n<td>Medalje Christiania 350 \u00e5r<\/td>\n<td>TZT. 257d<\/td>\n<td>0<\/td>\n<td>50<\/td>\n<td><\/td>\n<\/tr>\n<tr>\n<td>48<\/td>\n<td>Spania<\/td>\n<td>Medalje Roda 1789<\/td>\n<td><\/td>\n<td>1+<\/td>\n<td>75<\/td>\n<td><\/td>\n<\/tr>\n<tr>\n<td colspan=\"7\">Sedler<\/td>\n<\/tr>\n<tr>\n<td>59<\/td>\n<td>Svalbard<\/td>\n<td>5- og 10 kroner 1978, 1976<\/td>\n<td><\/td>\n<td>0<\/td>\n<td>100<\/td>\n<td><\/td>\n<\/tr>\n<tr>\n<td>50<\/td>\n<td>Russland<\/td>\n<td>100- og 500 rubler 1910, 1912<\/td>\n<td><\/td>\n<td>1+\/01<\/td>\n<td>75<\/td>\n<td><\/td>\n<\/tr>\n<\/tbody>\n<\/table>\n<\/dt>\n<\/dl>\n<div class='sfsi_Sicons' style='width: 100%; display: inline-block; vertical-align: middle; text-align:left'><div style='margin:0px 8px 0px 0px; line-height: 24px'><span>F\u00f8lg og lik! =)<\/span><\/div><div class='sfsi_socialwpr'><div class='sf_subscrbe' style='text-align:left;vertical-align: middle;float:left;width:64px'><a href=\"http:\/\/www.specificfeeds.com\/widgets\/emailSubscribeEncFeed\/bzdLMEVQczltUDF5SThnYlJHcG9jRktNMFpMTjRGN1Z0bC92QTRKc25OSHVyNnpuV29SdXVKeitQbEx4WVAyYUFvam1MTm1naHlGc28rSDd3ajBPNk1Xc2RkVVZmWVNQdVlsQTU2ZThWa3pxRTNMbGxRd0tCenA1ZTZEaW1XNlZ8VU1TSXBhcURwV2RaeGxqSjZmOStHcHVSNXVpbVMrUnRnZTdDZjBoWTYvYz0=\/OA==\/\" target=\"_blank\"><img src=\"https:\/\/www.norsknum.org\/wp-content\/plugins\/ultimate-social-media-icons\/images\/follow_subscribe.png\" \/><\/a><\/div><div class='sf_fb' style='text-align:left;vertical-align: middle;width:98px'><div class=\"fb-like\" href=\"https:\/\/www.norsknum.org\/?page_id=709\" width=\"180\" send=\"false\" showfaces=\"false\"  action=\"like\" data-share=\"true\"data-layout=\"button\" ><\/div><\/div><div class='sf_twiter' style='text-align:left;float:left;vertical-align: middle;width:auto'><a href=\"http:\/\/twitter.com\/share\" data-count=\"none\" class=\"sr-twitter-button twitter-share-button\" lang=\"en\" data-url=\"https:\/\/www.norsknum.org\/?page_id=709\" data-text=\"Auksjon &#8211; April 2015\" ><\/a><\/div><\/div><\/div>","protected":false},"excerpt":{"rendered":"<p>Medlemmer kan sende skriftlige bud til gunnar@oslomyntgalleri.no. Bud m\u00e5 v\u00e6re innsendt senest dagen f\u00f8r auksjonen. AUKSJON N.N.F. &#8211; Tirsdag 28. April\u00a02015 Lot. Land Beskrivelse Ref. Kval. Utrop Hammerslag 1 Makedonia \u00c6 18 Alexander d. store 336-323 f.Kr. S. 6742 1+\/01&hellip; <\/p>\n","protected":false},"author":1,"featured_media":0,"parent":42,"menu_order":0,"comment_status":"closed","ping_status":"open","template":"","meta":[],"_links":{"self":[{"href":"https:\/\/www.norsknum.org\/index.php?rest_route=\/wp\/v2\/pages\/709"}],"collection":[{"href":"https:\/\/www.norsknum.org\/index.php?rest_route=\/wp\/v2\/pages"}],"about":[{"href":"https:\/\/www.norsknum.org\/index.php?rest_route=\/wp\/v2\/types\/page"}],"author":[{"embeddable":true,"href":"https:\/\/www.norsknum.org\/index.php?rest_route=\/wp\/v2\/users\/1"}],"replies":[{"embeddable":true,"href":"https:\/\/www.norsknum.org\/index.php?rest_route=%2Fwp%2Fv2%2Fcomments&post=709"}],"version-history":[{"count":3,"href":"https:\/\/www.norsknum.org\/index.php?rest_route=\/wp\/v2\/pages\/709\/revisions"}],"predecessor-version":[{"id":785,"href":"https:\/\/www.norsknum.org\/index.php?rest_route=\/wp\/v2\/pages\/709\/revisions\/785"}],"up":[{"embeddable":true,"href":"https:\/\/www.norsknum.org\/index.php?rest_route=\/wp\/v2\/pages\/42"}],"wp:attachment":[{"href":"https:\/\/www.norsknum.org\/index.php?rest_route=%2Fwp%2Fv2%2Fmedia&parent=709"}],"curies":[{"name":"wp","href":"https:\/\/api.w.org\/{rel}","templated":true}]}}