{"id":79,"date":"2014-06-06T20:38:04","date_gmt":"2014-06-06T18:38:04","guid":{"rendered":"http:\/\/norsknum.org\/ny\/?page_id=79"},"modified":"2025-07-09T01:13:21","modified_gmt":"2025-07-08T23:13:21","slug":"oppbevaring","status":"publish","type":"page","link":"https:\/\/www.norsknum.org\/?page_id=79","title":{"rendered":"Oppbevaring"},"content":{"rendered":"\n<p>Kanskje det viktigste sp\u00f8rsm\u00e5let mange nye samlere har er hvordan man egentlig b\u00f8r oppbevare myntsamlingen. Her f\u00e5r du en kort innf\u00f8ring og oversikt over b\u00e5de hva du b\u00f8r gj\u00f8re, og hva du absolutt b\u00f8r unng\u00e5, for \u00e5 kunne holde myntene dine trygge. Som myntsamler er du en kurator av historiske gjenstander, og det er viktig at du s\u00f8rger for at myntene forblir i like god stand som da du selv fikk dem. P\u00e5 den m\u00e5ten kan ogs\u00e5 fremtidens samlere ha samme glede av myntene.<\/p>\n\n\n\n<p>Det f\u00f8rste du b\u00f8r tenke p\u00e5 er hvor du lagrer myntene. For \u00e5 best mulig bevare myntene dine og holde samlingen trygg b\u00f8r den oppbevares p\u00e5 et sted med stabil temperatur, som gjerne er litt kj\u00f8lig, og med lav luftfuktighet. S\u00e6rlig store temperatursvingninger og h\u00f8y luftfuktighet er skadelig og kan medf\u00f8re at det oppst\u00e5r kondens p\u00e5 myntens overflate, noe som igjen kan forringe b\u00e5de utseende og verdi.<\/p>\n\n\n\n<p>Mynter b\u00f8r ogs\u00e5 beskyttes mot direkte sollys. Over tid kan dette skade overflaten p\u00e5 myntene dine. Har du en verdifull samling, kan det dessuten v\u00e6re lurt \u00e5 vurdere oppbevaring i safe. Men da m\u00e5 du huske at ogs\u00e5 klimaet inne i safen m\u00e5 v\u00e6re stabilt, og ikke for varmt eller fuktig.<\/p>\n\n\n\n<p>Det andre som er viktig \u00e5 tenke p\u00e5 er hva du lagrer myntene i. Her er det avgj\u00f8rende at lagringsmediet du velger er syrefritt og ikke inneholder kjemikalier som kan skade myntens overflate. Mange plastprodukter, spesielt de av mykplast og\/eller som inneholder PVC, avgir stoffer som kan f\u00f8re til at mynten f\u00e5r et gr\u00f8nnlig belegg som ofte er umulig \u00e5 fjerne uten \u00e5 skade mynten ytterligere. Det samme gjelder papirkonvolutter. S\u00f8rg for at de er syrefrie og laget for form\u00e5let. Eksempler p\u00e5 trygge alternativer er:<\/p>\n\n\n\n<ul>\n<li>Myntrammer fra for eksempel Hartberger, som ogs\u00e5 kan settes inn i egne album.<\/li>\n\n\n\n<li>Syrefrie album fra produsenter som Leuchtturm, hvor myntene kan plasseres direkte i tilpassede lommer.<\/li>\n<\/ul>\n\n\n\n<p>Uansett hvilket alternativ du velger s\u00e5 er det viktigste at materialene er beregnet for langtidsoppbevaring av mynter og uten stoffer som kan p\u00e5virke og forringe myntene over tid. \u00c5 bevare myntene dine p\u00e5 en korrekt og trygg m\u00e5te er en av de beste investeringene du kan gj\u00f8re som myntsamler.<\/p>\n<div class='sfsi_Sicons' style='width: 100%; display: inline-block; vertical-align: middle; text-align:left'><div style='margin:0px 8px 0px 0px; line-height: 24px'><span>F\u00f8lg og lik! =)<\/span><\/div><div class='sfsi_socialwpr'><div class='sf_subscrbe' style='text-align:left;vertical-align: middle;float:left;width:64px'><a href=\"http:\/\/www.specificfeeds.com\/widgets\/emailSubscribeEncFeed\/bzdLMEVQczltUDF5SThnYlJHcG9jRktNMFpMTjRGN1Z0bC92QTRKc25OSHVyNnpuV29SdXVKeitQbEx4WVAyYUFvam1MTm1naHlGc28rSDd3ajBPNk1Xc2RkVVZmWVNQdVlsQTU2ZThWa3pxRTNMbGxRd0tCenA1ZTZEaW1XNlZ8VU1TSXBhcURwV2RaeGxqSjZmOStHcHVSNXVpbVMrUnRnZTdDZjBoWTYvYz0=\/OA==\/\" target=\"_blank\"><img src=\"https:\/\/www.norsknum.org\/wp-content\/plugins\/ultimate-social-media-icons\/images\/follow_subscribe.png\" \/><\/a><\/div><div class='sf_fb' style='text-align:left;vertical-align: middle;width:98px'><div class=\"fb-like\" href=\"https:\/\/www.norsknum.org\/?page_id=79\" width=\"180\" send=\"false\" showfaces=\"false\"  action=\"like\" data-share=\"true\"data-layout=\"button\" ><\/div><\/div><div class='sf_twiter' style='text-align:left;float:left;vertical-align: middle;width:auto'><a href=\"http:\/\/twitter.com\/share\" data-count=\"none\" class=\"sr-twitter-button twitter-share-button\" lang=\"en\" data-url=\"https:\/\/www.norsknum.org\/?page_id=79\" data-text=\"Oppbevaring\" ><\/a><\/div><\/div><\/div>","protected":false},"excerpt":{"rendered":"<p>Kanskje det viktigste sp\u00f8rsm\u00e5let mange nye samlere har er hvordan man egentlig b\u00f8r oppbevare myntsamlingen. Her f\u00e5r du en kort innf\u00f8ring og oversikt over b\u00e5de hva du b\u00f8r gj\u00f8re, og hva du absolutt b\u00f8r unng\u00e5, for \u00e5 kunne holde myntene&hellip; <\/p>\n","protected":false},"author":7,"featured_media":0,"parent":69,"menu_order":0,"comment_status":"closed","ping_status":"open","template":"","meta":[],"_links":{"self":[{"href":"https:\/\/www.norsknum.org\/index.php?rest_route=\/wp\/v2\/pages\/79"}],"collection":[{"href":"https:\/\/www.norsknum.org\/index.php?rest_route=\/wp\/v2\/pages"}],"about":[{"href":"https:\/\/www.norsknum.org\/index.php?rest_route=\/wp\/v2\/types\/page"}],"author":[{"embeddable":true,"href":"https:\/\/www.norsknum.org\/index.php?rest_route=\/wp\/v2\/users\/7"}],"replies":[{"embeddable":true,"href":"https:\/\/www.norsknum.org\/index.php?rest_route=%2Fwp%2Fv2%2Fcomments&post=79"}],"version-history":[{"count":2,"href":"https:\/\/www.norsknum.org\/index.php?rest_route=\/wp\/v2\/pages\/79\/revisions"}],"predecessor-version":[{"id":3657,"href":"https:\/\/www.norsknum.org\/index.php?rest_route=\/wp\/v2\/pages\/79\/revisions\/3657"}],"up":[{"embeddable":true,"href":"https:\/\/www.norsknum.org\/index.php?rest_route=\/wp\/v2\/pages\/69"}],"wp:attachment":[{"href":"https:\/\/www.norsknum.org\/index.php?rest_route=%2Fwp%2Fv2%2Fmedia&parent=79"}],"curies":[{"name":"wp","href":"https:\/\/api.w.org\/{rel}","templated":true}]}}