{"id":793,"date":"2015-04-09T20:04:30","date_gmt":"2015-04-09T18:04:30","guid":{"rendered":"http:\/\/www.norsknum.org\/?page_id=793"},"modified":"2015-04-09T20:04:30","modified_gmt":"2015-04-09T18:04:30","slug":"auksjon-august-2015","status":"publish","type":"page","link":"https:\/\/www.norsknum.org\/?page_id=793","title":{"rendered":"Auksjon &#8211; August 2015"},"content":{"rendered":"<p>Medlemmer kan sende skriftlige bud til gunnar@oslomyntgalleri.no. Bud m\u00e5 v\u00e6re innsendt senest dagen f\u00f8r auksjonen.<\/p>\n<hr \/>\n<dl class=\"dl-horizontal\">\n<dt><strong>AUKSJON N.N.F. &#8211; Tirsdag 25. August\u00a02015<\/strong><\/dt>\n<dt>\n<table width=\"665\" class=\"auksjonstabell\">\n<tbody>\n<tr>\n<td width=\"26\">Lot.<\/td>\n<td width=\"168\">Land<\/td>\n<td width=\"240\">Beskrivelse<\/td>\n<td width=\"82\">Ref.<\/td>\n<td width=\"38\">Kval.<\/td>\n<td width=\"37\">Utrop<\/td>\n<td width=\"74\">Hammerslag<\/td>\n<\/tr>\n<tr>\n<td>1<\/td>\n<td>Thrakia<\/td>\n<td>Serdica, Geta 209-212, \u00c628<\/td>\n<td>Varb 2558<\/td>\n<td>1-<\/td>\n<td>300<\/td>\n<td><\/td>\n<\/tr>\n<tr>\n<td>2<\/td>\n<td>Moesia<\/td>\n<td>Marcianopolis, Severus Alexander 222-235, \u00c626<\/td>\n<td>Varb 1811<\/td>\n<td>1<\/td>\n<td>250<\/td>\n<td><\/td>\n<\/tr>\n<tr>\n<td>3<\/td>\n<td>Pontus<\/td>\n<td>Amisos, 2.-1.\u00e5rh.f.Kr., \u00c630<\/td>\n<td>S.3637 var.<\/td>\n<td>1<\/td>\n<td>300<\/td>\n<td><\/td>\n<\/tr>\n<tr>\n<td>4<\/td>\n<td>Lydia<\/td>\n<td>Sardes, \u00c615<\/td>\n<td>RPC.3010<\/td>\n<td>1+<\/td>\n<td>150<\/td>\n<td><\/td>\n<\/tr>\n<tr>\n<td>5<\/td>\n<td>Decapolis<\/td>\n<td>Philadelphia, Marcus Aurelius 161-180, \u00c621<\/td>\n<td>SNG ANS 1389<\/td>\n<td>1+<\/td>\n<td>800<\/td>\n<td><\/td>\n<\/tr>\n<tr>\n<td>6<\/td>\n<td>Bysants<\/td>\n<td>Justin II 565-578, decanummium, Karthago<\/td>\n<td>S.400<\/td>\n<td>1-<\/td>\n<td>50<\/td>\n<td><\/td>\n<\/tr>\n<tr>\n<td>7<\/td>\n<td>Bysants<\/td>\n<td>John II 1118-1143, trachy<\/td>\n<td>S.1944<\/td>\n<td>1+<\/td>\n<td>100<\/td>\n<td><\/td>\n<\/tr>\n<tr>\n<td>8<\/td>\n<td>Antiochia<\/td>\n<td>Korsfarere, follis (1126-1130)<\/td>\n<td>Malloy 10a<\/td>\n<td>1<\/td>\n<td>500<\/td>\n<td><\/td>\n<\/tr>\n<tr>\n<td>9<\/td>\n<td>Deljuqs av Rum<\/td>\n<td>Kai Khunan III 1265-1284, dirham AH 670, Siwas<\/td>\n<td>Alb.1232<\/td>\n<td>1\/1+<\/td>\n<td>200<\/td>\n<td><\/td>\n<\/tr>\n<tr>\n<td>10<\/td>\n<td>Armenia<\/td>\n<td>Levon I 1198-1219, tank<\/td>\n<td>Nerc 308<\/td>\n<td>1\/1-<\/td>\n<td>60<\/td>\n<td><\/td>\n<\/tr>\n<tr>\n<td>11<\/td>\n<td>Omajjad<\/td>\n<td>arab-bysantin, falus AH 670, Hims Syll<\/td>\n<td>Ash.539<\/td>\n<td>1\/1+<\/td>\n<td>250<\/td>\n<td><\/td>\n<\/tr>\n<tr>\n<td>12<\/td>\n<td>Norge<\/td>\n<td>Frederik IV, 8 skilling 1712<\/td>\n<td><\/td>\n<td>1\/1+<\/td>\n<td>500<\/td>\n<td><\/td>\n<\/tr>\n<tr>\n<td>13<\/td>\n<td>Norge<\/td>\n<td>Christian VI, 24 skilling 1744<\/td>\n<td><\/td>\n<td>1<\/td>\n<td>700<\/td>\n<td><\/td>\n<\/tr>\n<tr>\n<td>14<\/td>\n<td>Norge<\/td>\n<td>Carl XIII, 1 skilling 1816<\/td>\n<td><\/td>\n<td>1+<\/td>\n<td>600<\/td>\n<td><\/td>\n<\/tr>\n<tr>\n<td>15<\/td>\n<td>Norge<\/td>\n<td>10 \u00f8re 1899<\/td>\n<td><\/td>\n<td>1+<\/td>\n<td>100<\/td>\n<td><\/td>\n<\/tr>\n<tr>\n<td>16<\/td>\n<td>Norge<\/td>\n<td>1 \u00f8re 1921, jern<\/td>\n<td><\/td>\n<td>1+<\/td>\n<td>150<\/td>\n<td><\/td>\n<\/tr>\n<tr>\n<td>17<\/td>\n<td>Norge<\/td>\n<td>50 \u00f8re 1942. London<\/td>\n<td><\/td>\n<td>01<\/td>\n<td>900<\/td>\n<td><\/td>\n<\/tr>\n<tr>\n<td>18<\/td>\n<td>Danmark<\/td>\n<td>Frederik II, 1 skilling 1563<\/td>\n<td><\/td>\n<td>1\/1+<\/td>\n<td>300<\/td>\n<td><\/td>\n<\/tr>\n<tr>\n<td>19<\/td>\n<td>Danmark<\/td>\n<td>Christian IV, 4 skilling 1630<\/td>\n<td><\/td>\n<td>1<\/td>\n<td>50<\/td>\n<td><\/td>\n<\/tr>\n<tr>\n<td>20<\/td>\n<td>Danmark<\/td>\n<td>Christian IV, 6 skilling 1629<\/td>\n<td>H.140B<\/td>\n<td>1<\/td>\n<td>60<\/td>\n<td><\/td>\n<\/tr>\n<tr>\n<td>21<\/td>\n<td>Danmark<\/td>\n<td>Frederik III, s\u00f8sling 1651<\/td>\n<td><\/td>\n<td>1+<\/td>\n<td>400<\/td>\n<td><\/td>\n<\/tr>\n<tr>\n<td>22<\/td>\n<td>Danmark<\/td>\n<td>Frederik III, 3 skilling lybsk 1669<\/td>\n<td><\/td>\n<td>1\/1+<\/td>\n<td>100<\/td>\n<td><\/td>\n<\/tr>\n<tr>\n<td>23<\/td>\n<td>Sverige<\/td>\n<td>Gustav II Adolf, 1 \u00f6re 1629 kobber<\/td>\n<td><\/td>\n<td>1\/1-<\/td>\n<td>100<\/td>\n<td><\/td>\n<\/tr>\n<tr>\n<td>24<\/td>\n<td>Sverige<\/td>\n<td colspan=\"2\">Adolf Frederik, 1\/8 riksdaler 1767. Justeringsspor<\/td>\n<td>1\/1+<\/td>\n<td>200<\/td>\n<td><\/td>\n<\/tr>\n<tr>\n<td>25<\/td>\n<td>Sverige<\/td>\n<td colspan=\"2\">Gustav IV Adolf, 1\/6 riksdaler 1805. Justeringsspor<\/td>\n<td>1<\/td>\n<td>150<\/td>\n<td><\/td>\n<\/tr>\n<tr>\n<td>26<\/td>\n<td>Sverige<\/td>\n<td colspan=\"2\">Gustav IV Adolf, 1\/6 riksdaler 1808. Justeringsspor<\/td>\n<td>1+<\/td>\n<td>200<\/td>\n<td><\/td>\n<\/tr>\n<tr>\n<td>27<\/td>\n<td>Sverige<\/td>\n<td>Karl XIV Johan, \u00bc riksdaler 1832<\/td>\n<td><\/td>\n<td>1<\/td>\n<td>60<\/td>\n<td><\/td>\n<\/tr>\n<tr>\n<td>28<\/td>\n<td>Sverige<\/td>\n<td>Karl XIV Johan, \u00bd riksdaler 1831. Ripe<\/td>\n<td><\/td>\n<td>1<\/td>\n<td>100<\/td>\n<td><\/td>\n<\/tr>\n<tr>\n<td>29<\/td>\n<td>Sverige<\/td>\n<td>Karl XV, 1 riksdaler riksmynt 1867<\/td>\n<td><\/td>\n<td>1<\/td>\n<td>250<\/td>\n<td><\/td>\n<\/tr>\n<tr>\n<td>30<\/td>\n<td>England<\/td>\n<td>George III, 1\/3 guinea 1798<\/td>\n<td><\/td>\n<td>1+<\/td>\n<td>600<\/td>\n<td><\/td>\n<\/tr>\n<tr>\n<td>31<\/td>\n<td>Hameln<\/td>\n<td>12 marien groschen 1671<\/td>\n<td><\/td>\n<td>1+<\/td>\n<td>500<\/td>\n<td><\/td>\n<\/tr>\n<tr>\n<td>32<\/td>\n<td>W\u00fcrttemberg-Ols<\/td>\n<td>6 kreuzer 1674<\/td>\n<td><\/td>\n<td>1+<\/td>\n<td>80<\/td>\n<td><\/td>\n<\/tr>\n<tr>\n<td>33<\/td>\n<td>Tyskland<\/td>\n<td>50 pfennig 1898A<\/td>\n<td>KM.15<\/td>\n<td>1+<\/td>\n<td>600<\/td>\n<td><\/td>\n<\/tr>\n<tr>\n<td>34<\/td>\n<td>Tyskland<\/td>\n<td>3 mark 1931A<\/td>\n<td>KM.74<\/td>\n<td>1+<\/td>\n<td>700<\/td>\n<td><\/td>\n<\/tr>\n<tr>\n<td>35<\/td>\n<td>Malta<\/td>\n<td>10 pund 1976<\/td>\n<td>KM.42<\/td>\n<td>01<\/td>\n<td>400<\/td>\n<td><\/td>\n<\/tr>\n<tr>\n<td>36<\/td>\n<td>Russland<\/td>\n<td>Catharina II, 5 kopek 1777<\/td>\n<td>EM<\/td>\n<td>1+<\/td>\n<td>200<\/td>\n<td><\/td>\n<\/tr>\n<tr>\n<td>37<\/td>\n<td>Russland<\/td>\n<td>Catharina II, 5 kopek 1787 TM<\/td>\n<td><\/td>\n<td>1\/1-<\/td>\n<td>1500<\/td>\n<td><\/td>\n<\/tr>\n<tr>\n<td>38<\/td>\n<td>Russland<\/td>\n<td>Catharina II, 5 kopek 1794 AM<\/td>\n<td><\/td>\n<td>1+<\/td>\n<td>300<\/td>\n<td><\/td>\n<\/tr>\n<tr>\n<td>39<\/td>\n<td>Russland<\/td>\n<td>Alexander I, 5 kopek 1802 EM<\/td>\n<td><\/td>\n<td>01<\/td>\n<td>200<\/td>\n<td><\/td>\n<\/tr>\n<tr>\n<td>40<\/td>\n<td>Russland<\/td>\n<td>Catharina II, rubel 1763. St.Petersburg<\/td>\n<td><\/td>\n<td>1<\/td>\n<td>500<\/td>\n<td><\/td>\n<\/tr>\n<tr>\n<td>41<\/td>\n<td>Russland<\/td>\n<td>Alexander II, 20 kopek 1862<\/td>\n<td><\/td>\n<td>0<\/td>\n<td>300<\/td>\n<td><\/td>\n<\/tr>\n<tr>\n<td>42<\/td>\n<td>Russland<\/td>\n<td>Nikolai II, rubel 1913. Romanov<\/td>\n<td><\/td>\n<td>0\/01<\/td>\n<td>300<\/td>\n<td><\/td>\n<\/tr>\n<tr>\n<td>43<\/td>\n<td>Tysk \u00d8stafrika<\/td>\n<td>Wilhelm II, 1 rupie 1910<\/td>\n<td><\/td>\n<td>1+<\/td>\n<td>150<\/td>\n<td><\/td>\n<\/tr>\n<tr>\n<td>44<\/td>\n<td>Iran<\/td>\n<td>5000 dinar 1927<\/td>\n<td><\/td>\n<td>01<\/td>\n<td>120<\/td>\n<td><\/td>\n<\/tr>\n<tr>\n<td>45<\/td>\n<td>Dehli<\/td>\n<td>Mahmud 1246-1266, tanka<\/td>\n<td>GG.137<\/td>\n<td>1\/1+<\/td>\n<td>100<\/td>\n<td><\/td>\n<\/tr>\n<tr>\n<td>46<\/td>\n<td>China<\/td>\n<td>dollar 1927. Sun Yat Sen<\/td>\n<td>Y.318a.1<\/td>\n<td>1+<\/td>\n<td>200<\/td>\n<td><\/td>\n<\/tr>\n<tr>\n<td>47<\/td>\n<td>China<\/td>\n<td>dollar 1933. Sun Yat Sen<\/td>\n<td>Y.345<\/td>\n<td>01<\/td>\n<td>200<\/td>\n<td><\/td>\n<\/tr>\n<tr>\n<td>48<\/td>\n<td>China<\/td>\n<td>Hupeh, dollar (1909)<\/td>\n<td>Dav.167<\/td>\n<td>1+<\/td>\n<td>900<\/td>\n<td><\/td>\n<\/tr>\n<tr>\n<td>49<\/td>\n<td>New Foundland<\/td>\n<td>50 cent 1899<\/td>\n<td><\/td>\n<td>1\/1-<\/td>\n<td>100<\/td>\n<td><\/td>\n<\/tr>\n<tr>\n<td>50<\/td>\n<td>Bolivia<\/td>\n<td>boliviano 1870<\/td>\n<td><\/td>\n<td>1+\/01<\/td>\n<td>150<\/td>\n<td><\/td>\n<\/tr>\n<\/tbody>\n<\/table>\n<div class='sfsi_Sicons' style='width: 100%; display: inline-block; vertical-align: middle; text-align:left'><div style='margin:0px 8px 0px 0px; line-height: 24px'><span>F\u00f8lg og lik! =)<\/span><\/div><div class='sfsi_socialwpr'><div class='sf_subscrbe' style='text-align:left;vertical-align: middle;float:left;width:64px'><a href=\"http:\/\/www.specificfeeds.com\/widgets\/emailSubscribeEncFeed\/bzdLMEVQczltUDF5SThnYlJHcG9jRktNMFpMTjRGN1Z0bC92QTRKc25OSHVyNnpuV29SdXVKeitQbEx4WVAyYUFvam1MTm1naHlGc28rSDd3ajBPNk1Xc2RkVVZmWVNQdVlsQTU2ZThWa3pxRTNMbGxRd0tCenA1ZTZEaW1XNlZ8VU1TSXBhcURwV2RaeGxqSjZmOStHcHVSNXVpbVMrUnRnZTdDZjBoWTYvYz0=\/OA==\/\" target=\"_blank\"><img src=\"https:\/\/www.norsknum.org\/wp-content\/plugins\/ultimate-social-media-icons\/images\/follow_subscribe.png\" \/><\/a><\/div><div class='sf_fb' style='text-align:left;vertical-align: middle;width:98px'><div class=\"fb-like\" href=\"https:\/\/www.norsknum.org\/?page_id=793\" width=\"180\" send=\"false\" showfaces=\"false\"  action=\"like\" data-share=\"true\"data-layout=\"button\" ><\/div><\/div><div class='sf_twiter' style='text-align:left;float:left;vertical-align: middle;width:auto'><a href=\"http:\/\/twitter.com\/share\" data-count=\"none\" class=\"sr-twitter-button twitter-share-button\" lang=\"en\" data-url=\"https:\/\/www.norsknum.org\/?page_id=793\" data-text=\"Auksjon &#8211; August 2015\" ><\/a><\/div><\/div><\/div>","protected":false},"excerpt":{"rendered":"<p>Medlemmer kan sende skriftlige bud til gunnar@oslomyntgalleri.no. Bud m\u00e5 v\u00e6re innsendt senest dagen f\u00f8r auksjonen. AUKSJON N.N.F. &#8211; Tirsdag 25. August\u00a02015 Lot. Land Beskrivelse Ref. Kval. Utrop Hammerslag 1 Thrakia Serdica, Geta 209-212, \u00c628 Varb 2558 1- 300 2 Moesia&hellip; <\/p>\n","protected":false},"author":1,"featured_media":0,"parent":42,"menu_order":0,"comment_status":"closed","ping_status":"open","template":"","meta":[],"_links":{"self":[{"href":"https:\/\/www.norsknum.org\/index.php?rest_route=\/wp\/v2\/pages\/793"}],"collection":[{"href":"https:\/\/www.norsknum.org\/index.php?rest_route=\/wp\/v2\/pages"}],"about":[{"href":"https:\/\/www.norsknum.org\/index.php?rest_route=\/wp\/v2\/types\/page"}],"author":[{"embeddable":true,"href":"https:\/\/www.norsknum.org\/index.php?rest_route=\/wp\/v2\/users\/1"}],"replies":[{"embeddable":true,"href":"https:\/\/www.norsknum.org\/index.php?rest_route=%2Fwp%2Fv2%2Fcomments&post=793"}],"version-history":[{"count":2,"href":"https:\/\/www.norsknum.org\/index.php?rest_route=\/wp\/v2\/pages\/793\/revisions"}],"predecessor-version":[{"id":874,"href":"https:\/\/www.norsknum.org\/index.php?rest_route=\/wp\/v2\/pages\/793\/revisions\/874"}],"up":[{"embeddable":true,"href":"https:\/\/www.norsknum.org\/index.php?rest_route=\/wp\/v2\/pages\/42"}],"wp:attachment":[{"href":"https:\/\/www.norsknum.org\/index.php?rest_route=%2Fwp%2Fv2%2Fmedia&parent=793"}],"curies":[{"name":"wp","href":"https:\/\/api.w.org\/{rel}","templated":true}]}}