{"id":83,"date":"2014-06-06T20:38:38","date_gmt":"2014-06-06T18:38:38","guid":{"rendered":"http:\/\/norsknum.org\/ny\/?page_id=83"},"modified":"2020-06-12T22:17:26","modified_gmt":"2020-06-12T20:17:26","slug":"om-nff","status":"publish","type":"page","link":"https:\/\/www.norsknum.org\/?page_id=83","title":{"rendered":"Om NNF"},"content":{"rendered":"<article>Norsk Numismatisk Forening, NNF, er Norges desidert eldste, stiftet 1927 og har per i dag ca 220 medlemmer. Foreningen har et variert m\u00f8teprogram med foredrag og k\u00e5serier for enhver interesse. P\u00e5 hvert m\u00f8te blir det ogs\u00e5 arrangert spennende auksjoner. Her er mulighetene for \u00e5 gj\u00f8re &#8220;kupp&#8221; store!Du er hjertelig velkommen som gjest p\u00e5 et av v\u00e5re m\u00f8ter. Ta gjerne kontakt med oss for mer informasjon.<\/p>\n<\/article>\n<p>&nbsp;<\/p>\n<h3>Om Nordisk Numismatisk Union<\/h3>\n<article>Numismatisk har det eksistert et meget godt og utstrakt nordisk samarbeid i flere \u00e5r. Et av resultatene av dette, er grunnleggelsen av Nordisk Numismatisk Union. Alle de nordiske lands store nasjonale (og regionale) numismatiske foreninger + alle myntkabinettene i de respektive land, er alle med i Nordisk Numismatisk Union.Som medlem i NNF betyr det rent praktisk betyr f.eks. at du kan delta p\u00e5 medlemsm\u00f8ter og delta (enten ved skriftige bud eller v\u00e6re fysisk tilstede) ved auksjoner og foredrag\/medlemsm\u00f8ter i alle medlemsforeningene i unionen.<\/p>\n<p>F\u00f8lgende numismatiske foreninger er p.t. med i Nordisk Numismatisk Union:<\/p>\n<ul>\n<li>Norsk Numismatisk Forening<\/li>\n<li><a href=\"http:\/\/www.numismatik.dk\/\" target=\"_blank\" rel=\"noopener noreferrer\">Dansk Numismatisk Forening<\/a><\/li>\n<li><a href=\"http:\/\/www.numismatik.se\/\" target=\"_blank\" rel=\"noopener noreferrer\">Svenska Numismatiska F\u00f6reningen<\/a><\/li>\n<li><a href=\"http:\/\/www.snynumis.fi\/\" target=\"_blank\" rel=\"noopener noreferrer\">Suomen Numismaattinen Yhdistys<\/a><\/li>\n<li><a href=\"http:\/\/biphome.spray.se\/sknf\/\" target=\"_blank\" rel=\"noopener noreferrer\">Sk\u00e5nes Numismatiske F\u00f6rening<\/a><\/li>\n<li><a href=\"http:\/\/www.mynt.is\/\" target=\"_blank\" rel=\"noopener noreferrer\">Myntsafnaraf\u00e9lag Islands<\/a><\/li>\n<li>F\u00f8roya Myntsafnarafelag<\/li>\n<li>Numismatiska F\u00f6reningen i \u00c5bo<\/li>\n<\/ul>\n<p>Hvert annet \u00e5r arrangeres det et felles unionsm\u00f8te der deltakere fra alle foreningene m\u00f8tes til numismatiske foredrag og felles hygge. M\u00f8tene arrangeres g\u00e5r p\u00e5 rundgang mellom de ulike foreningene. I 1999 var det m\u00f8te p\u00e5 F\u00e6r\u00f8yene. Deretter var det m\u00f8te i Helsinki i 2001 og Island i 2003. I 2005 hadde Norsk Numismatisk Forening gleden av \u00e5 invitere nordiske kolleger til unionsm\u00f8te i Oslo.<\/p>\n<p>Medlemmer i andre foreninger i Nordisk Numismatisk Union kan naturligvis ogs\u00e5 delta i v\u00e5re auksjoner. Auksjonslistene finnes her! Forh\u00e5ndsbud kan sendes til v\u00e5re kontaktpersoner.<\/p>\n<\/article>\n<div class='sfsi_Sicons' style='width: 100%; display: inline-block; vertical-align: middle; text-align:left'><div style='margin:0px 8px 0px 0px; line-height: 24px'><span>F\u00f8lg og lik! =)<\/span><\/div><div class='sfsi_socialwpr'><div class='sf_subscrbe' style='text-align:left;vertical-align: middle;float:left;width:64px'><a href=\"http:\/\/www.specificfeeds.com\/widgets\/emailSubscribeEncFeed\/bzdLMEVQczltUDF5SThnYlJHcG9jRktNMFpMTjRGN1Z0bC92QTRKc25OSHVyNnpuV29SdXVKeitQbEx4WVAyYUFvam1MTm1naHlGc28rSDd3ajBPNk1Xc2RkVVZmWVNQdVlsQTU2ZThWa3pxRTNMbGxRd0tCenA1ZTZEaW1XNlZ8VU1TSXBhcURwV2RaeGxqSjZmOStHcHVSNXVpbVMrUnRnZTdDZjBoWTYvYz0=\/OA==\/\" target=\"_blank\"><img src=\"https:\/\/www.norsknum.org\/wp-content\/plugins\/ultimate-social-media-icons\/images\/follow_subscribe.png\" \/><\/a><\/div><div class='sf_fb' style='text-align:left;vertical-align: middle;width:98px'><div class=\"fb-like\" href=\"https:\/\/www.norsknum.org\/?page_id=83\" width=\"180\" send=\"false\" showfaces=\"false\"  action=\"like\" data-share=\"true\"data-layout=\"button\" ><\/div><\/div><div class='sf_twiter' style='text-align:left;float:left;vertical-align: middle;width:auto'><a href=\"http:\/\/twitter.com\/share\" data-count=\"none\" class=\"sr-twitter-button twitter-share-button\" lang=\"en\" data-url=\"https:\/\/www.norsknum.org\/?page_id=83\" data-text=\"Om NNF\" ><\/a><\/div><\/div><\/div>","protected":false},"excerpt":{"rendered":"<p>Norsk Numismatisk Forening, NNF, er Norges desidert eldste, stiftet 1927 og har per i dag ca 220 medlemmer. Foreningen har et variert m\u00f8teprogram med foredrag og k\u00e5serier for enhver interesse. P\u00e5 hvert m\u00f8te blir det ogs\u00e5 arrangert spennende auksjoner. Her&hellip; <\/p>\n","protected":false},"author":1,"featured_media":0,"parent":0,"menu_order":0,"comment_status":"closed","ping_status":"open","template":"","meta":[],"_links":{"self":[{"href":"https:\/\/www.norsknum.org\/index.php?rest_route=\/wp\/v2\/pages\/83"}],"collection":[{"href":"https:\/\/www.norsknum.org\/index.php?rest_route=\/wp\/v2\/pages"}],"about":[{"href":"https:\/\/www.norsknum.org\/index.php?rest_route=\/wp\/v2\/types\/page"}],"author":[{"embeddable":true,"href":"https:\/\/www.norsknum.org\/index.php?rest_route=\/wp\/v2\/users\/1"}],"replies":[{"embeddable":true,"href":"https:\/\/www.norsknum.org\/index.php?rest_route=%2Fwp%2Fv2%2Fcomments&post=83"}],"version-history":[{"count":4,"href":"https:\/\/www.norsknum.org\/index.php?rest_route=\/wp\/v2\/pages\/83\/revisions"}],"predecessor-version":[{"id":2339,"href":"https:\/\/www.norsknum.org\/index.php?rest_route=\/wp\/v2\/pages\/83\/revisions\/2339"}],"wp:attachment":[{"href":"https:\/\/www.norsknum.org\/index.php?rest_route=%2Fwp%2Fv2%2Fmedia&parent=83"}],"curies":[{"name":"wp","href":"https:\/\/api.w.org\/{rel}","templated":true}]}}