{"id":864,"date":"2015-09-24T07:20:33","date_gmt":"2015-09-24T05:20:33","guid":{"rendered":"http:\/\/www.norsknum.org\/?page_id=864"},"modified":"2015-09-24T07:27:42","modified_gmt":"2015-09-24T05:27:42","slug":"auksjon-september-2015","status":"publish","type":"page","link":"https:\/\/www.norsknum.org\/?page_id=864","title":{"rendered":"Auksjon September 2015"},"content":{"rendered":"<p>Medlemmer kan sende skriftlige bud til gunnar@oslomyntgalleri.no. Bud m\u00e5 v\u00e6re innsendt senest dagen f\u00f8r auksjonen.<\/p>\n<hr \/>\n<dl class=\"dl-horizontal\">\n<dt><strong>AUKSJON N.N.F. &#8211; Tirsdag 29. September\u00a02015<\/strong><\/dt>\n<dt>\n<table class=\"auksjonstabell\" width=\"560\">\n<tbody>\n<tr>\n<td width=\"26\">Lot.<\/td>\n<td width=\"168\">Land<\/td>\n<td width=\"240\">Beskrivelse<\/td>\n<td width=\"82\">Ref.<\/td>\n<td width=\"38\">Kval.<\/td>\n<td width=\"37\">Utrop<\/td>\n<td width=\"74\">Hammerslag<\/td>\n<\/tr>\n<tr>\n<td>1<\/td>\n<td>Thrakia<\/td>\n<td>Thasos, tetradrachme<\/td>\n<td>S.1759<\/td>\n<td>1-<\/td>\n<td>\u00a0\u00a0\u00a0\u00a0\u00a0\u00a0\u00a0\u00a0\u00a0\u00a0\u00a0\u00a0\u00a0\u00a0\u00a0\u00a0 400<\/td>\n<td><\/td>\n<\/tr>\n<tr>\n<td>2<\/td>\n<td>Phoenicia<\/td>\n<td>Berytus, Gordian III 238-244, \u00c627<\/td>\n<td>SNG Cop.122<\/td>\n<td>1-<\/td>\n<td>\u00a0\u00a0\u00a0\u00a0\u00a0\u00a0\u00a0\u00a0\u00a0\u00a0\u00a0\u00a0\u00a0\u00a0\u00a0\u00a0 200<\/td>\n<td><\/td>\n<\/tr>\n<tr>\n<td>3<\/td>\n<td>Parthia<\/td>\n<td>Mithradates II 123-88 f.Kr., drachme<\/td>\n<td>S.7371<\/td>\n<td>1+<\/td>\n<td>\u00a0\u00a0\u00a0\u00a0\u00a0\u00a0\u00a0\u00a0\u00a0\u00a0\u00a0\u00a0\u00a0\u00a0\u00a0\u00a0 300<\/td>\n<td><\/td>\n<\/tr>\n<tr>\n<td>4<\/td>\n<td>Parthia<\/td>\n<td>Artabanos II ca.10-40 e.Kr., drachme<\/td>\n<td>S.5776<\/td>\n<td>1\/1+<\/td>\n<td>\u00a0\u00a0\u00a0\u00a0\u00a0\u00a0\u00a0\u00a0\u00a0\u00a0\u00a0\u00a0\u00a0\u00a0\u00a0\u00a0 200<\/td>\n<td><\/td>\n<\/tr>\n<tr>\n<td>5<\/td>\n<td>Egypt<\/td>\n<td>Alexandria, Nero 54-68, tetradrachme<\/td>\n<td>S.633<\/td>\n<td>1<\/td>\n<td>\u00a0\u00a0\u00a0\u00a0\u00a0\u00a0\u00a0\u00a0\u00a0\u00a0\u00a0\u00a0\u00a0\u00a0\u00a0\u00a0 100<\/td>\n<td><\/td>\n<\/tr>\n<tr>\n<td>6<\/td>\n<td>Egypt<\/td>\n<td>Ptolemaeus III 246-221 f.Kr., \u00c638<\/td>\n<td>S.7815<\/td>\n<td>1<\/td>\n<td>\u00a0\u00a0\u00a0\u00a0\u00a0\u00a0\u00a0\u00a0\u00a0\u00a0\u00a0\u00a0\u00a0\u00a0\u00a0\u00a0 200<\/td>\n<td><\/td>\n<\/tr>\n<tr>\n<td>7<\/td>\n<td>Rom<\/td>\n<td>Augustus 27 f.Kr.-14 e.Kr., \u00c6 as<\/td>\n<td>S.524<\/td>\n<td>1<\/td>\n<td>\u00a0\u00a0\u00a0\u00a0\u00a0\u00a0\u00a0\u00a0\u00a0\u00a0\u00a0\u00a0\u00a0\u00a0\u00a0\u00a0 200<\/td>\n<td><\/td>\n<\/tr>\n<tr>\n<td>8<\/td>\n<td>Rom<\/td>\n<td>Agrippa d.12 f.Kr., \u00c6 as<\/td>\n<td>S.556<\/td>\n<td>1-<\/td>\n<td>\u00a0\u00a0\u00a0\u00a0\u00a0\u00a0\u00a0\u00a0\u00a0\u00a0\u00a0\u00a0\u00a0\u00a0\u00a0\u00a0 100<\/td>\n<td><\/td>\n<\/tr>\n<tr>\n<td>9<\/td>\n<td>Rom<\/td>\n<td>Drusus d.22 e.Kr., \u00c6 as<\/td>\n<td>S.588<\/td>\n<td>1\/1-<\/td>\n<td>\u00a0\u00a0\u00a0\u00a0\u00a0\u00a0\u00a0\u00a0\u00a0\u00a0\u00a0\u00a0\u00a0\u00a0\u00a0\u00a0 150<\/td>\n<td><\/td>\n<\/tr>\n<tr>\n<td>10<\/td>\n<td>Rom<\/td>\n<td>Vespasian 69-79, denar<\/td>\n<td>S.2287<\/td>\n<td>1-<\/td>\n<td>\u00a0\u00a0\u00a0\u00a0\u00a0\u00a0\u00a0\u00a0\u00a0\u00a0\u00a0\u00a0\u00a0\u00a0\u00a0\u00a0 150<\/td>\n<td><\/td>\n<\/tr>\n<tr>\n<td>11<\/td>\n<td>Rom<\/td>\n<td>Domitian 81-96, \u00c6 sestertius<\/td>\n<td>S.902\/2766<\/td>\n<td>1-<\/td>\n<td>\u00a0\u00a0\u00a0\u00a0\u00a0\u00a0\u00a0\u00a0\u00a0\u00a0\u00a0\u00a0\u00a0\u00a0\u00a0\u00a0 250<\/td>\n<td><\/td>\n<\/tr>\n<tr>\n<td>12<\/td>\n<td>Rom<\/td>\n<td>Hadrian 117-138, \u00c6 sestertius<\/td>\n<td>S.3598<\/td>\n<td>1\/1-<\/td>\n<td>\u00a0\u00a0\u00a0\u00a0\u00a0\u00a0\u00a0\u00a0\u00a0\u00a0\u00a0\u00a0\u00a0\u00a0\u00a0\u00a0 150<\/td>\n<td><\/td>\n<\/tr>\n<tr>\n<td>13<\/td>\n<td>Rom<\/td>\n<td>Faustina I d.141 e.Kr., denar<\/td>\n<td>S.1348<\/td>\n<td>1\/1+<\/td>\n<td>\u00a0\u00a0\u00a0\u00a0\u00a0\u00a0\u00a0\u00a0\u00a0\u00a0\u00a0\u00a0\u00a0\u00a0\u00a0\u00a0 150<\/td>\n<td><\/td>\n<\/tr>\n<tr>\n<td>14<\/td>\n<td>Rom<\/td>\n<td>Geta 209-212, denar<\/td>\n<td>S.2020<\/td>\n<td>1+<\/td>\n<td>\u00a0\u00a0\u00a0\u00a0\u00a0\u00a0\u00a0\u00a0\u00a0\u00a0\u00a0\u00a0\u00a0\u00a0\u00a0\u00a0 200<\/td>\n<td><\/td>\n<\/tr>\n<tr>\n<td>15<\/td>\n<td>Rom<\/td>\n<td>Severus Alexander 222-235, denar<\/td>\n<td>S.7915<\/td>\n<td>1\/1+<\/td>\n<td>\u00a0\u00a0\u00a0\u00a0\u00a0\u00a0\u00a0\u00a0\u00a0\u00a0\u00a0\u00a0\u00a0\u00a0\u00a0\u00a0 150<\/td>\n<td><\/td>\n<\/tr>\n<tr>\n<td>16<\/td>\n<td>Rom<\/td>\n<td>Maximinus I 235-238, denar<\/td>\n<td>S.2339<\/td>\n<td>1+<\/td>\n<td>\u00a0\u00a0\u00a0\u00a0\u00a0\u00a0\u00a0\u00a0\u00a0\u00a0\u00a0\u00a0\u00a0\u00a0\u00a0\u00a0 250<\/td>\n<td><\/td>\n<\/tr>\n<tr>\n<td>17<\/td>\n<td>Rom<\/td>\n<td>Gordian III 238-244, \u00c6 sestertius<\/td>\n<td>S.8739<\/td>\n<td>1-<\/td>\n<td>\u00a0\u00a0\u00a0\u00a0\u00a0\u00a0\u00a0\u00a0\u00a0\u00a0\u00a0\u00a0\u00a0\u00a0\u00a0\u00a0 100<\/td>\n<td><\/td>\n<\/tr>\n<tr>\n<td>18<\/td>\n<td>Rom<\/td>\n<td>Postumus 259-268, antoninian S.3132<\/td>\n<td><\/td>\n<td>1+<\/td>\n<td>\u00a0\u00a0\u00a0\u00a0\u00a0\u00a0\u00a0\u00a0\u00a0\u00a0\u00a0\u00a0\u00a0\u00a0\u00a0\u00a0 150<\/td>\n<td><\/td>\n<\/tr>\n<tr>\n<td>19<\/td>\n<td>Bysants<\/td>\n<td>Justinian I 527-565, \u00c6 follis<\/td>\n<td>S.201<\/td>\n<td>1\/1+<\/td>\n<td>\u00a0\u00a0\u00a0\u00a0\u00a0\u00a0\u00a0\u00a0\u00a0\u00a0\u00a0\u00a0\u00a0\u00a0\u00a0\u00a0 200<\/td>\n<td><\/td>\n<\/tr>\n<tr>\n<td>20<\/td>\n<td>Bysants<\/td>\n<td>Alexius III 1195-1203, trachy<\/td>\n<td>S.2012<\/td>\n<td>1+<\/td>\n<td>\u00a0\u00a0\u00a0\u00a0\u00a0\u00a0\u00a0\u00a0\u00a0\u00a0\u00a0\u00a0\u00a0\u00a0\u00a0\u00a0 100<\/td>\n<td><\/td>\n<\/tr>\n<tr>\n<td>21<\/td>\n<td>Armenia<\/td>\n<td>Hetoum I, tank Nerc.353<\/td>\n<td><\/td>\n<td>1-<\/td>\n<td>\u00a0\u00a0\u00a0\u00a0\u00a0\u00a0\u00a0\u00a0\u00a0\u00a0\u00a0\u00a0\u00a0\u00a0\u00a0\u00a0\u00a0\u00a0 50<\/td>\n<td><\/td>\n<\/tr>\n<tr>\n<td>22<\/td>\n<td>Norge<\/td>\n<td>Oscar II, 3 skilling 1873<\/td>\n<td><\/td>\n<td>1<\/td>\n<td>\u00a0\u00a0\u00a0\u00a0\u00a0\u00a0\u00a0\u00a0\u00a0\u00a0\u00a0\u00a0\u00a0\u00a0\u00a0\u00a0 700<\/td>\n<td><\/td>\n<\/tr>\n<tr>\n<td>23<\/td>\n<td>Norge<\/td>\n<td>Lot 4 kobbermynter 1771-1839<\/td>\n<td><\/td>\n<td>VK<\/td>\n<td>\u00a0\u00a0\u00a0\u00a0\u00a0\u00a0\u00a0\u00a0\u00a0\u00a0\u00a0\u00a0\u00a0\u00a0\u00a0\u00a0 100<\/td>\n<td><\/td>\n<\/tr>\n<tr>\n<td>24<\/td>\n<td>Norge<\/td>\n<td>Carl XV, 12 skilling 1865<\/td>\n<td><\/td>\n<td>1<\/td>\n<td>\u00a0\u00a0\u00a0\u00a0\u00a0\u00a0\u00a0\u00a0\u00a0\u00a0\u00a0\u00a0\u00a0\u00a0\u00a0\u00a0 450<\/td>\n<td><\/td>\n<\/tr>\n<tr>\n<td>25<\/td>\n<td>Norge<\/td>\n<td>Oscar II, 10 \u00f8re 1889<\/td>\n<td><\/td>\n<td>1+<\/td>\n<td>\u00a0\u00a0\u00a0\u00a0\u00a0\u00a0\u00a0\u00a0\u00a0\u00a0\u00a0\u00a0\u00a0\u00a0\u00a0\u00a0 150<\/td>\n<td><\/td>\n<\/tr>\n<tr>\n<td>26<\/td>\n<td>Danmark<\/td>\n<td>polett DFDS, 10 \u00f8re<\/td>\n<td><\/td>\n<td>1+<\/td>\n<td>\u00a0\u00a0\u00a0\u00a0\u00a0\u00a0\u00a0\u00a0\u00a0\u00a0\u00a0\u00a0\u00a0\u00a0\u00a0\u00a0 100<\/td>\n<td><\/td>\n<\/tr>\n<tr>\n<td>27<\/td>\n<td>Sverige<\/td>\n<td>Karl XI, 1\/6 \u00f8re 1666<\/td>\n<td><\/td>\n<td>1\/1+<\/td>\n<td>\u00a0\u00a0\u00a0\u00a0\u00a0\u00a0\u00a0\u00a0\u00a0\u00a0\u00a0\u00a0\u00a0\u00a0\u00a0\u00a0\u00a0\u00a0 50<\/td>\n<td><\/td>\n<\/tr>\n<tr>\n<td>28<\/td>\n<td>Sverige<\/td>\n<td>Karl XII, 1\/6 \u00f8re 1708<\/td>\n<td><\/td>\n<td>1+<\/td>\n<td>\u00a0\u00a0\u00a0\u00a0\u00a0\u00a0\u00a0\u00a0\u00a0\u00a0\u00a0\u00a0\u00a0\u00a0\u00a0\u00a0\u00a0\u00a0 50<\/td>\n<td><\/td>\n<\/tr>\n<tr>\n<td>29<\/td>\n<td>Sverige<\/td>\n<td>Adolf Fredrik, 2 \u00f8re 1763<\/td>\n<td><\/td>\n<td>1+<\/td>\n<td>\u00a0\u00a0\u00a0\u00a0\u00a0\u00a0\u00a0\u00a0\u00a0\u00a0\u00a0\u00a0\u00a0\u00a0\u00a0\u00a0\u00a0\u00a0 50<\/td>\n<td><\/td>\n<\/tr>\n<tr>\n<td>30<\/td>\n<td>Sverige<\/td>\n<td>Karl XIV Johan, 1\/6 skilling 1832<\/td>\n<td><\/td>\n<td>1<\/td>\n<td>\u00a0\u00a0\u00a0\u00a0\u00a0\u00a0\u00a0\u00a0\u00a0\u00a0\u00a0\u00a0\u00a0\u00a0\u00a0\u00a0\u00a0\u00a0 50<\/td>\n<td><\/td>\n<\/tr>\n<tr>\n<td>31<\/td>\n<td>Sverige<\/td>\n<td>Karl XIV Johan, 1 skilling 1836<\/td>\n<td><\/td>\n<td>1\/1+<\/td>\n<td>\u00a0\u00a0\u00a0\u00a0\u00a0\u00a0\u00a0\u00a0\u00a0\u00a0\u00a0\u00a0\u00a0\u00a0\u00a0\u00a0\u00a0\u00a0 50<\/td>\n<td><\/td>\n<\/tr>\n<tr>\n<td>32<\/td>\n<td>Russland<\/td>\n<td>Ivan den grusomme 1547-1584, dr\u00e5pekopek<\/td>\n<td>Sp.79\/8<\/td>\n<td>1+<\/td>\n<td>\u00a0\u00a0\u00a0\u00a0\u00a0\u00a0\u00a0\u00a0\u00a0\u00a0\u00a0\u00a0\u00a0\u00a0\u00a0\u00a0 100<\/td>\n<td><\/td>\n<\/tr>\n<tr>\n<td>33<\/td>\n<td>Bremen<\/td>\n<td>36 grote 1859<\/td>\n<td><\/td>\n<td>1<\/td>\n<td>\u00a0\u00a0\u00a0\u00a0\u00a0\u00a0\u00a0\u00a0\u00a0\u00a0\u00a0\u00a0\u00a0\u00a0\u00a0\u00a0 300<\/td>\n<td><\/td>\n<\/tr>\n<tr>\n<td>34<\/td>\n<td>\u00d8sterrike<\/td>\n<td>Ottokar II, pfennig, Wien<\/td>\n<td>Lu 64<\/td>\n<td>1+<\/td>\n<td>\u00a0\u00a0\u00a0\u00a0\u00a0\u00a0\u00a0\u00a0\u00a0\u00a0\u00a0\u00a0\u00a0\u00a0\u00a0\u00a0 100<\/td>\n<td><\/td>\n<\/tr>\n<tr>\n<td>35<\/td>\n<td>Steiermark<\/td>\n<td>Albrecht I, pfennig, Graz<\/td>\n<td>CNA D47<\/td>\n<td>1+<\/td>\n<td>\u00a0\u00a0\u00a0\u00a0\u00a0\u00a0\u00a0\u00a0\u00a0\u00a0\u00a0\u00a0\u00a0\u00a0\u00a0\u00a0 500<\/td>\n<td><\/td>\n<\/tr>\n<tr>\n<td>36<\/td>\n<td>Spania<\/td>\n<td>Carl IV, s\u00f8lvmedalje som 1 real 1789<\/td>\n<td><\/td>\n<td>1+<\/td>\n<td>\u00a0\u00a0\u00a0\u00a0\u00a0\u00a0\u00a0\u00a0\u00a0\u00a0\u00a0\u00a0\u00a0\u00a0\u00a0\u00a0 200<\/td>\n<td><\/td>\n<\/tr>\n<tr>\n<td>37<\/td>\n<td>Omajjad<\/td>\n<td>arabisk-bysantin, falus ca.670, Baalbek Syll<\/td>\n<td>Ash.584<\/td>\n<td>1+<\/td>\n<td>\u00a0\u00a0\u00a0\u00a0\u00a0\u00a0\u00a0\u00a0\u00a0\u00a0\u00a0\u00a0\u00a0\u00a0\u00a0\u00a0 250<\/td>\n<td><\/td>\n<\/tr>\n<tr>\n<td>38<\/td>\n<td>Seljuqs av Rum<\/td>\n<td>Kai Khusraw III, dirham \u00e5r 688, Lukia<\/td>\n<td>Album 1232<\/td>\n<td>1\/1+<\/td>\n<td>\u00a0\u00a0\u00a0\u00a0\u00a0\u00a0\u00a0\u00a0\u00a0\u00a0\u00a0\u00a0\u00a0\u00a0\u00a0\u00a0 200<\/td>\n<td><\/td>\n<\/tr>\n<tr>\n<td>39<\/td>\n<td>Kwarezem<\/td>\n<td>beleiret, jital 618 (1221)<\/td>\n<td>Album 1971<\/td>\n<td>1<\/td>\n<td>\u00a0\u00a0\u00a0\u00a0\u00a0\u00a0\u00a0\u00a0\u00a0\u00a0\u00a0\u00a0\u00a0\u00a0\u00a0\u00a0 400<\/td>\n<td><\/td>\n<\/tr>\n<tr>\n<td>40<\/td>\n<td>Kushan India<\/td>\n<td>Huviska 260-292, tetradrachme<\/td>\n<td>G\u00f8bl 835<\/td>\n<td>1-<\/td>\n<td>\u00a0\u00a0\u00a0\u00a0\u00a0\u00a0\u00a0\u00a0\u00a0\u00a0\u00a0\u00a0\u00a0\u00a0\u00a0\u00a0 130<\/td>\n<td><\/td>\n<\/tr>\n<tr>\n<td>41<\/td>\n<td>Yadheyas (Nord India)<\/td>\n<td>3.\u00e5rh. \u00c624<\/td>\n<td>Mitch.4711<\/td>\n<td>1\/1+<\/td>\n<td>\u00a0\u00a0\u00a0\u00a0\u00a0\u00a0\u00a0\u00a0\u00a0\u00a0\u00a0\u00a0\u00a0\u00a0\u00a0\u00a0 120<\/td>\n<td><\/td>\n<\/tr>\n<tr>\n<td>42<\/td>\n<td>Kashmir<\/td>\n<td>Saugrama Deva 1003-1028, stater<\/td>\n<td>Mitch.179<\/td>\n<td>1\/1+<\/td>\n<td>\u00a0\u00a0\u00a0\u00a0\u00a0\u00a0\u00a0\u00a0\u00a0\u00a0\u00a0\u00a0\u00a0\u00a0\u00a0\u00a0\u00a0\u00a0 80<\/td>\n<td><\/td>\n<\/tr>\n<tr>\n<td>43<\/td>\n<td>China<\/td>\n<td>Tang dyn. 10 cash 756-762<\/td>\n<td>Sch.352<\/td>\n<td>1+<\/td>\n<td>\u00a0\u00a0\u00a0\u00a0\u00a0\u00a0\u00a0\u00a0\u00a0\u00a0\u00a0\u00a0\u00a0\u00a0\u00a0\u00a0 300<\/td>\n<td><\/td>\n<\/tr>\n<tr>\n<td>44<\/td>\n<td>China<\/td>\n<td>Nordre Sung dyn. Samling 20 stk. Cash<\/td>\n<td>Sch.519-635<\/td>\n<td>VK<\/td>\n<td>\u00a0\u00a0\u00a0\u00a0\u00a0\u00a0\u00a0\u00a0\u00a0\u00a0\u00a0\u00a0\u00a0\u00a0\u00a0\u00a0 200<\/td>\n<td><\/td>\n<\/tr>\n<tr>\n<td>45<\/td>\n<td>China<\/td>\n<td>Shih Tsu 1644-1661, Lot 8 stk. cash 1 til<\/td>\n<td><\/td>\n<td>1+<\/td>\n<td>\u00a0\u00a0\u00a0\u00a0\u00a0\u00a0\u00a0\u00a0\u00a0\u00a0\u00a0\u00a0\u00a0\u00a0\u00a0\u00a0 100<\/td>\n<td><\/td>\n<\/tr>\n<tr>\n<td>46<\/td>\n<td>U.S.A.<\/td>\n<td>\u00bc dollar gull, 1871 CAL<\/td>\n<td><\/td>\n<td>1+<\/td>\n<td>\u00a0\u00a0\u00a0\u00a0\u00a0\u00a0\u00a0\u00a0\u00a0\u00a0\u00a0\u00a0\u00a0\u00a0\u00a0\u00a0 400<\/td>\n<td><\/td>\n<\/tr>\n<tr>\n<td>47<\/td>\n<td>Russland<\/td>\n<td>b\u00e6rbar medalje. Leningrad beleiring<\/td>\n<td><\/td>\n<td>1+<\/td>\n<td>\u00a0\u00a0\u00a0\u00a0\u00a0\u00a0\u00a0\u00a0\u00a0\u00a0\u00a0\u00a0\u00a0\u00a0\u00a0\u00a0 400<\/td>\n<td><\/td>\n<\/tr>\n<tr>\n<td>48<\/td>\n<td>Russland<\/td>\n<td>Bronsemedalje. 60 mm. Talina Ulinova<\/td>\n<td><\/td>\n<td>1<\/td>\n<td>\u00a0\u00a0\u00a0\u00a0\u00a0\u00a0\u00a0\u00a0\u00a0\u00a0\u00a0\u00a0\u00a0\u00a0\u00a0\u00a0\u00a0\u00a0 60<\/td>\n<td><\/td>\n<\/tr>\n<tr>\n<td>49<\/td>\n<td>Russland<\/td>\n<td>S\u00f8lvmedalje. 40 mm. O. Baranovskaja<\/td>\n<td><\/td>\n<td>1<\/td>\n<td>\u00a0\u00a0\u00a0\u00a0\u00a0\u00a0\u00a0\u00a0\u00a0\u00a0\u00a0\u00a0\u00a0\u00a0\u00a0\u00a0\u00a0\u00a0 60<\/td>\n<td><\/td>\n<\/tr>\n<tr>\n<td>50<\/td>\n<td>Norge<\/td>\n<td>Tolltegn 60 mm, f\u00f8r 1905<\/td>\n<td><\/td>\n<td>1+<\/td>\n<td>\u00a0\u00a0\u00a0\u00a0\u00a0\u00a0\u00a0\u00a0\u00a0\u00a0\u00a0\u00a0\u00a0\u00a0\u00a0\u00a0 200<\/td>\n<td><\/td>\n<\/tr>\n<tr>\n<td><strong>51*<\/strong><\/td>\n<td><strong>Norge<\/strong><\/td>\n<td><strong>Oscar 1, speciedaler 1849m \u201dGavemynten\u201d<\/strong><\/td>\n<td><strong>NM.4<\/strong><\/td>\n<td><strong>0\/01<\/strong><\/td>\n<td><strong>\u00a0\u00a0\u00a0\u00a0\u00a0\u00a0\u00a0\u00a0\u00a0\u00a015 000<\/strong><\/td>\n<td><\/td>\n<\/tr>\n<\/tbody>\n<\/table>\n<p><\/p>\n<div style=\"font-size:10px;\">\n*51:\u00a0Ex. Oslo Mynthandel nr. 61 29\/11-2008, og ex Sigurd Chr. Aamodt, som var en av NNFs\u00a0grunnleggere\n<\/div>\n<\/dt>\n<dt><\/dt>\n<\/dl>\n<div class='sfsi_Sicons' style='width: 100%; display: inline-block; vertical-align: middle; text-align:left'><div style='margin:0px 8px 0px 0px; line-height: 24px'><span>F\u00f8lg og lik! =)<\/span><\/div><div class='sfsi_socialwpr'><div class='sf_subscrbe' style='text-align:left;vertical-align: middle;float:left;width:64px'><a href=\"http:\/\/www.specificfeeds.com\/widgets\/emailSubscribeEncFeed\/bzdLMEVQczltUDF5SThnYlJHcG9jRktNMFpMTjRGN1Z0bC92QTRKc25OSHVyNnpuV29SdXVKeitQbEx4WVAyYUFvam1MTm1naHlGc28rSDd3ajBPNk1Xc2RkVVZmWVNQdVlsQTU2ZThWa3pxRTNMbGxRd0tCenA1ZTZEaW1XNlZ8VU1TSXBhcURwV2RaeGxqSjZmOStHcHVSNXVpbVMrUnRnZTdDZjBoWTYvYz0=\/OA==\/\" target=\"_blank\"><img src=\"https:\/\/www.norsknum.org\/wp-content\/plugins\/ultimate-social-media-icons\/images\/follow_subscribe.png\" \/><\/a><\/div><div class='sf_fb' style='text-align:left;vertical-align: middle;width:98px'><div class=\"fb-like\" href=\"https:\/\/www.norsknum.org\/?page_id=864\" width=\"180\" send=\"false\" showfaces=\"false\"  action=\"like\" data-share=\"true\"data-layout=\"button\" ><\/div><\/div><div class='sf_twiter' style='text-align:left;float:left;vertical-align: middle;width:auto'><a href=\"http:\/\/twitter.com\/share\" data-count=\"none\" class=\"sr-twitter-button twitter-share-button\" lang=\"en\" data-url=\"https:\/\/www.norsknum.org\/?page_id=864\" data-text=\"Auksjon September 2015\" ><\/a><\/div><\/div><\/div>","protected":false},"excerpt":{"rendered":"<p>Medlemmer kan sende skriftlige bud til gunnar@oslomyntgalleri.no. Bud m\u00e5 v\u00e6re innsendt senest dagen f\u00f8r auksjonen. AUKSJON N.N.F. &#8211; Tirsdag 29. September\u00a02015 Lot. Land Beskrivelse Ref. Kval. Utrop Hammerslag 1 Thrakia Thasos, tetradrachme S.1759 1- \u00a0\u00a0\u00a0\u00a0\u00a0\u00a0\u00a0\u00a0\u00a0\u00a0\u00a0\u00a0\u00a0\u00a0\u00a0\u00a0 400 2 Phoenicia Berytus, Gordian&hellip; <\/p>\n","protected":false},"author":1,"featured_media":0,"parent":42,"menu_order":0,"comment_status":"closed","ping_status":"open","template":"","meta":[],"_links":{"self":[{"href":"https:\/\/www.norsknum.org\/index.php?rest_route=\/wp\/v2\/pages\/864"}],"collection":[{"href":"https:\/\/www.norsknum.org\/index.php?rest_route=\/wp\/v2\/pages"}],"about":[{"href":"https:\/\/www.norsknum.org\/index.php?rest_route=\/wp\/v2\/types\/page"}],"author":[{"embeddable":true,"href":"https:\/\/www.norsknum.org\/index.php?rest_route=\/wp\/v2\/users\/1"}],"replies":[{"embeddable":true,"href":"https:\/\/www.norsknum.org\/index.php?rest_route=%2Fwp%2Fv2%2Fcomments&post=864"}],"version-history":[{"count":8,"href":"https:\/\/www.norsknum.org\/index.php?rest_route=\/wp\/v2\/pages\/864\/revisions"}],"predecessor-version":[{"id":873,"href":"https:\/\/www.norsknum.org\/index.php?rest_route=\/wp\/v2\/pages\/864\/revisions\/873"}],"up":[{"embeddable":true,"href":"https:\/\/www.norsknum.org\/index.php?rest_route=\/wp\/v2\/pages\/42"}],"wp:attachment":[{"href":"https:\/\/www.norsknum.org\/index.php?rest_route=%2Fwp%2Fv2%2Fmedia&parent=864"}],"curies":[{"name":"wp","href":"https:\/\/api.w.org\/{rel}","templated":true}]}}