{"id":875,"date":"2015-09-24T20:04:16","date_gmt":"2015-09-24T18:04:16","guid":{"rendered":"http:\/\/www.norsknum.org\/?page_id=875"},"modified":"2015-09-24T20:04:16","modified_gmt":"2015-09-24T18:04:16","slug":"auksjon-oktober-2015","status":"publish","type":"page","link":"https:\/\/www.norsknum.org\/?page_id=875","title":{"rendered":"Auksjon Oktober 2015"},"content":{"rendered":"<p>Medlemmer kan sende skriftlige bud til gunnar@oslomyntgalleri.no. Bud m\u00e5 v\u00e6re innsendt senest dagen f\u00f8r auksjonen.<\/p>\n<hr \/>\n<dl class=\"dl-horizontal\">\n<dt><strong>AUKSJON N.N.F. &#8211; Tirsdag 27. Oktober 2015<\/strong><\/dt>\n<dt><\/dt>\n<dt><\/dt>\n<\/dl>\n<table class=\"auksjonstabell\">\n<tbody>\n<tr>\n<td width=\"26\">Lot.<\/td>\n<td width=\"168\">Land<\/td>\n<td width=\"240\">Beskrivelse<\/td>\n<td width=\"82\">Ref.<\/td>\n<td width=\"38\">Kval.<\/td>\n<td width=\"37\">Utrop<\/td>\n<td width=\"74\">Hammerslag<\/td>\n<\/tr>\n<tr>\n<td>1<\/td>\n<td>Judaea<\/td>\n<td>Agrippa I, \u00c617<\/td>\n<td>S.5567<\/td>\n<td>1\/1+<\/td>\n<td>250<\/td>\n<td><\/td>\n<\/tr>\n<tr>\n<td>2<\/td>\n<td>Samaria<\/td>\n<td>Caesareia, Severus Alexander 222-235, \u00c623<\/td>\n<td>S.3374<\/td>\n<td>1-<\/td>\n<td>200<\/td>\n<td><\/td>\n<\/tr>\n<tr>\n<td>3<\/td>\n<td>Arabia<\/td>\n<td>Bostra, Julia Mamaea d.235 e.Kr., \u00c619<\/td>\n<td>S.3482<\/td>\n<td>1<\/td>\n<td>150<\/td>\n<td><\/td>\n<\/tr>\n<tr>\n<td>4<\/td>\n<td>Mesopotamia<\/td>\n<td>Nisibis, Philip I 244-249, \u00c625<\/td>\n<td>S.3970<\/td>\n<td>1<\/td>\n<td>200<\/td>\n<td><\/td>\n<\/tr>\n<tr>\n<td>5<\/td>\n<td>Indo Scythia<\/td>\n<td>Manes. \u00c619<\/td>\n<td>MACW 2185<\/td>\n<td>1<\/td>\n<td>150<\/td>\n<td><\/td>\n<\/tr>\n<tr>\n<td>6<\/td>\n<td>Egypt<\/td>\n<td>Alexandria, Probus 276-282, tetradrachme<\/td>\n<td>S.4767<\/td>\n<td>var. 1+<\/td>\n<td>100<\/td>\n<td><\/td>\n<\/tr>\n<tr>\n<td>7<\/td>\n<td>Rom<\/td>\n<td>Augustus 27 f.Kr.-14 e.Kr., \u00c6 dupondius<\/td>\n<td>S.528\/1811<\/td>\n<td>1<\/td>\n<td>200<\/td>\n<td><\/td>\n<\/tr>\n<tr>\n<td>8<\/td>\n<td>Rom<\/td>\n<td>Germanicus d.19 e.Kr., \u00c6 as<\/td>\n<td>S.1822<\/td>\n<td>1\/1+<\/td>\n<td>300<\/td>\n<td><\/td>\n<\/tr>\n<tr>\n<td>9<\/td>\n<td>Rom<\/td>\n<td>Domitian 81-96, denar<\/td>\n<td>S.897<\/td>\n<td>1<\/td>\n<td>200<\/td>\n<td><\/td>\n<\/tr>\n<tr>\n<td>10<\/td>\n<td>Rom<\/td>\n<td>Hadrian 117-138, \u00c6 sestertius<\/td>\n<td>S.1115\/3598<\/td>\n<td>1\/1-<\/td>\n<td>150<\/td>\n<td><\/td>\n<\/tr>\n<tr>\n<td>11<\/td>\n<td>Rom<\/td>\n<td>Faustina II d.176 e.Kr., \u00c6 sestertius<\/td>\n<td>S.1530<\/td>\n<td>1-<\/td>\n<td>100<\/td>\n<td><\/td>\n<\/tr>\n<tr>\n<td>12<\/td>\n<td>Rom<\/td>\n<td>Julia Domna d.217 e.Kr., denar<\/td>\n<td>S.1846<\/td>\n<td>1+<\/td>\n<td>150<\/td>\n<td><\/td>\n<\/tr>\n<tr>\n<td>13<\/td>\n<td>Rom<\/td>\n<td>Caracalla 198-217, denar<\/td>\n<td>S.1962<\/td>\n<td>1+<\/td>\n<td>200<\/td>\n<td><\/td>\n<\/tr>\n<tr>\n<td>14<\/td>\n<td>Rom<\/td>\n<td>Elagabal 218-222, denar<\/td>\n<td>S.2100<\/td>\n<td>1+<\/td>\n<td>200<\/td>\n<td><\/td>\n<\/tr>\n<tr>\n<td>15<\/td>\n<td>Rom<\/td>\n<td>Maximinus I 235-238, \u00c6 sestertius<\/td>\n<td>S.2357<\/td>\n<td>1-<\/td>\n<td>100<\/td>\n<td><\/td>\n<\/tr>\n<tr>\n<td>16<\/td>\n<td>Rom<\/td>\n<td>Severus Alexander 222-235, \u00c6 sestertius<\/td>\n<td>S.2261<\/td>\n<td>1<\/td>\n<td>100<\/td>\n<td><\/td>\n<\/tr>\n<tr>\n<td>17<\/td>\n<td>Rom<\/td>\n<td>Gordian III 238-244, \u00c6 sestertius<\/td>\n<td>S.2487\/8710<\/td>\n<td>1<\/td>\n<td>100<\/td>\n<td><\/td>\n<\/tr>\n<tr>\n<td>18<\/td>\n<td>Rom<\/td>\n<td>Maxentius 306-312, \u00c6 follis<\/td>\n<td>S.3781<\/td>\n<td>1+<\/td>\n<td>80<\/td>\n<td><\/td>\n<\/tr>\n<tr>\n<td>19<\/td>\n<td>Bysants<\/td>\n<td>Andronicus I, trachy<\/td>\n<td>S.1985<\/td>\n<td>1\/1+<\/td>\n<td>100<\/td>\n<td><\/td>\n<\/tr>\n<tr>\n<td>20<\/td>\n<td>Armenia<\/td>\n<td>Hetoum I, tank<\/td>\n<td>Nerc.353<\/td>\n<td>1\/1-<\/td>\n<td>50<\/td>\n<td><\/td>\n<\/tr>\n<tr>\n<td>21<\/td>\n<td>Athen (korsfarer)<\/td>\n<td>Wilhelm 1280-1297, denier<\/td>\n<td>M.1038<\/td>\n<td>1\/1+<\/td>\n<td>200<\/td>\n<td><\/td>\n<\/tr>\n<tr>\n<td>22<\/td>\n<td>Norge<\/td>\n<td>Christian V, 2 skilling 1675<\/td>\n<td><\/td>\n<td>1\/1+<\/td>\n<td>650<\/td>\n<td><\/td>\n<\/tr>\n<tr>\n<td>23<\/td>\n<td>Norge<\/td>\n<td>Christian VII, 4 skilling 1778. Buklet<\/td>\n<td><\/td>\n<td>1+<\/td>\n<td>450<\/td>\n<td><\/td>\n<\/tr>\n<tr>\n<td>24<\/td>\n<td>Norge<\/td>\n<td>Christian VII, 1\/15 speciedaler 1799<\/td>\n<td><\/td>\n<td>1+<\/td>\n<td>200<\/td>\n<td><\/td>\n<\/tr>\n<tr>\n<td>25<\/td>\n<td>Norge<\/td>\n<td>Lot 5 stk. kobbermynter 1771-1841<\/td>\n<td><\/td>\n<td>VK<\/td>\n<td>150<\/td>\n<td><\/td>\n<\/tr>\n<tr>\n<td>26<\/td>\n<td>Norge<\/td>\n<td>Oscar II, 10 \u00f8re 1899<\/td>\n<td><\/td>\n<td>1+<\/td>\n<td>150<\/td>\n<td><\/td>\n<\/tr>\n<tr>\n<td>27<\/td>\n<td>Danmark<\/td>\n<td>Frederik II, 2 skilling 1563. Buklet<\/td>\n<td><\/td>\n<td>1<\/td>\n<td>150<\/td>\n<td><\/td>\n<\/tr>\n<tr>\n<td>28<\/td>\n<td>Danmark<\/td>\n<td>\u00a0Christian V, 2 skilling 1694<\/td>\n<td><\/td>\n<td>1\/1+<\/td>\n<td>80<\/td>\n<td><\/td>\n<\/tr>\n<tr>\n<td>29<\/td>\n<td>Danmark<\/td>\n<td>\u00a0Frederik VI, 6 skilling rigsbanktegn 1813<\/td>\n<td><\/td>\n<td>1+<\/td>\n<td>150<\/td>\n<td><\/td>\n<\/tr>\n<tr>\n<td>30<\/td>\n<td>Danmark<\/td>\n<td>\u00a0Christian VIII, rigsbankdaler 1844. Sm\u00e5 kantskader<\/td>\n<td><\/td>\n<td>1\/1+<\/td>\n<td>300<\/td>\n<td><\/td>\n<\/tr>\n<tr>\n<td>31<\/td>\n<td>Sverige<\/td>\n<td>Karl XII, 5 \u00f8re 1712<\/td>\n<td><\/td>\n<td>1<\/td>\n<td>50<\/td>\n<td><\/td>\n<\/tr>\n<tr>\n<td>32<\/td>\n<td>Sverige<\/td>\n<td>\u00a0Adolf Fredrik, 1 \u00f8re 1760<\/td>\n<td><\/td>\n<td>1+<\/td>\n<td>50<\/td>\n<td><\/td>\n<\/tr>\n<tr>\n<td>33<\/td>\n<td>Sverige<\/td>\n<td>\u00a0Gustav III, 1\/12 rd.species 1777<\/td>\n<td><\/td>\n<td>1<\/td>\n<td>60<\/td>\n<td><\/td>\n<\/tr>\n<tr>\n<td>34<\/td>\n<td>Sverige<\/td>\n<td>\u00a0Karl XIV Johan, 2\/3 skilling 1842<\/td>\n<td><\/td>\n<td>1+<\/td>\n<td>50<\/td>\n<td><\/td>\n<\/tr>\n<tr>\n<td>35<\/td>\n<td>England<\/td>\n<td>Henrik III 1216-1272, penny<\/td>\n<td><\/td>\n<td>1+<\/td>\n<td>250<\/td>\n<td><\/td>\n<\/tr>\n<tr>\n<td>36<\/td>\n<td>Pfalz-Oberpfalz<\/td>\n<td>Friedrich II, pfennig 1533<\/td>\n<td><\/td>\n<td>1+<\/td>\n<td>200<\/td>\n<td><\/td>\n<\/tr>\n<tr>\n<td>37<\/td>\n<td>Spania<\/td>\n<td>Carl IV, \u00bd escudo 1799 (gull)<\/td>\n<td><\/td>\n<td>1\/1+<\/td>\n<td>400<\/td>\n<td><\/td>\n<\/tr>\n<tr>\n<td>38<\/td>\n<td>Bulgaria<\/td>\n<td>50 stotinki, 1- og 2 leva 1913<\/td>\n<td><\/td>\n<td>1+<\/td>\n<td>150<\/td>\n<td><\/td>\n<\/tr>\n<tr>\n<td>39<\/td>\n<td>Omajjad<\/td>\n<td>Arabisk-bysantin, Falus ca.700<\/td>\n<td>Hims Syll.Ashm.689<\/td>\n<td>1<\/td>\n<td>300<\/td>\n<td><\/td>\n<\/tr>\n<tr>\n<td>40<\/td>\n<td>Seljuqs av Rum<\/td>\n<td>Kai Khusraw III, dirhem<\/td>\n<td>Qaysariya Album 1232<\/td>\n<td>1<\/td>\n<td>150<\/td>\n<td><\/td>\n<\/tr>\n<tr>\n<td>41<\/td>\n<td>Kushan India<\/td>\n<td>Kanishka 232-260, drachme<\/td>\n<td>G\u00f8bl 813<\/td>\n<td>1<\/td>\n<td>100<\/td>\n<td><\/td>\n<\/tr>\n<tr>\n<td>42<\/td>\n<td>Kashmir<\/td>\n<td>Harsha 1089-1101, stater<\/td>\n<td>Mitch.188<\/td>\n<td>1<\/td>\n<td>60<\/td>\n<td><\/td>\n<\/tr>\n<tr>\n<td>43<\/td>\n<td>China<\/td>\n<td>Ming dynasti oppr\u00f8r ca.1650, 10 cash<\/td>\n<td>KM.182<\/td>\n<td>1+<\/td>\n<td>150<\/td>\n<td><\/td>\n<\/tr>\n<tr>\n<td>44<\/td>\n<td>China<\/td>\n<td>S\u00f8r Sung dynasti, samling 20 stk. Cash Sch.715-791<\/td>\n<td><\/td>\n<td>1 til 1+<\/td>\n<td>800<\/td>\n<td><\/td>\n<\/tr>\n<tr>\n<td>45<\/td>\n<td>China<\/td>\n<td>Sheng Tsu 1662-1722, lot 10 stk. cash<\/td>\n<td>1 til 1+<\/td>\n<td>150<\/td>\n<td><\/td>\n<td><\/td>\n<\/tr>\n<tr>\n<td>46<\/td>\n<td>Russland<\/td>\n<td>S\u00f8lvmedalje. 40 mm. Maja Plisetsjkaja<\/td>\n<td><\/td>\n<td>1<\/td>\n<td>60<\/td>\n<td><\/td>\n<\/tr>\n<tr>\n<td>47<\/td>\n<td>Russland<\/td>\n<td>S\u00f8lvmedalje. 40 mm. Maja Plisetsjkaja, Odilla<\/td>\n<td><\/td>\n<td>1<\/td>\n<td>60<\/td>\n<td><\/td>\n<\/tr>\n<tr>\n<td>48<\/td>\n<td>Sverige<\/td>\n<td>lot 13 stk. sedler 1953-1980. (p\u00e5lydende SEK 205)<\/td>\n<td><\/td>\n<td>1+\/01<\/td>\n<td>150<\/td>\n<td><\/td>\n<\/tr>\n<tr>\n<td>49<\/td>\n<td>Svalbard<\/td>\n<td>sedler 5 kroner 1978 og 10 kroner 1976<\/td>\n<td><\/td>\n<td>0<\/td>\n<td>100<\/td>\n<td><\/td>\n<\/tr>\n<tr>\n<td>50<\/td>\n<td>Russland<\/td>\n<td>sedler 100 rubler 1910 og 500 rubler 1912<\/td>\n<td><\/td>\n<td>1+\/01<\/td>\n<td>75<\/td>\n<td><\/td>\n<\/tr>\n<\/tbody>\n<\/table>\n<div class='sfsi_Sicons' style='width: 100%; display: inline-block; vertical-align: middle; text-align:left'><div style='margin:0px 8px 0px 0px; line-height: 24px'><span>F\u00f8lg og lik! =)<\/span><\/div><div class='sfsi_socialwpr'><div class='sf_subscrbe' style='text-align:left;vertical-align: middle;float:left;width:64px'><a href=\"http:\/\/www.specificfeeds.com\/widgets\/emailSubscribeEncFeed\/bzdLMEVQczltUDF5SThnYlJHcG9jRktNMFpMTjRGN1Z0bC92QTRKc25OSHVyNnpuV29SdXVKeitQbEx4WVAyYUFvam1MTm1naHlGc28rSDd3ajBPNk1Xc2RkVVZmWVNQdVlsQTU2ZThWa3pxRTNMbGxRd0tCenA1ZTZEaW1XNlZ8VU1TSXBhcURwV2RaeGxqSjZmOStHcHVSNXVpbVMrUnRnZTdDZjBoWTYvYz0=\/OA==\/\" target=\"_blank\"><img src=\"https:\/\/www.norsknum.org\/wp-content\/plugins\/ultimate-social-media-icons\/images\/follow_subscribe.png\" \/><\/a><\/div><div class='sf_fb' style='text-align:left;vertical-align: middle;width:98px'><div class=\"fb-like\" href=\"https:\/\/www.norsknum.org\/?page_id=875\" width=\"180\" send=\"false\" showfaces=\"false\"  action=\"like\" data-share=\"true\"data-layout=\"button\" ><\/div><\/div><div class='sf_twiter' style='text-align:left;float:left;vertical-align: middle;width:auto'><a href=\"http:\/\/twitter.com\/share\" data-count=\"none\" class=\"sr-twitter-button twitter-share-button\" lang=\"en\" data-url=\"https:\/\/www.norsknum.org\/?page_id=875\" data-text=\"Auksjon Oktober 2015\" ><\/a><\/div><\/div><\/div>","protected":false},"excerpt":{"rendered":"<p>Medlemmer kan sende skriftlige bud til gunnar@oslomyntgalleri.no. Bud m\u00e5 v\u00e6re innsendt senest dagen f\u00f8r auksjonen. AUKSJON N.N.F. &#8211; Tirsdag 27. Oktober 2015 Lot. Land Beskrivelse Ref. Kval. Utrop Hammerslag 1 Judaea Agrippa I, \u00c617 S.5567 1\/1+ 250 2 Samaria Caesareia,&hellip; <\/p>\n","protected":false},"author":1,"featured_media":0,"parent":42,"menu_order":0,"comment_status":"closed","ping_status":"open","template":"","meta":[],"_links":{"self":[{"href":"https:\/\/www.norsknum.org\/index.php?rest_route=\/wp\/v2\/pages\/875"}],"collection":[{"href":"https:\/\/www.norsknum.org\/index.php?rest_route=\/wp\/v2\/pages"}],"about":[{"href":"https:\/\/www.norsknum.org\/index.php?rest_route=\/wp\/v2\/types\/page"}],"author":[{"embeddable":true,"href":"https:\/\/www.norsknum.org\/index.php?rest_route=\/wp\/v2\/users\/1"}],"replies":[{"embeddable":true,"href":"https:\/\/www.norsknum.org\/index.php?rest_route=%2Fwp%2Fv2%2Fcomments&post=875"}],"version-history":[{"count":1,"href":"https:\/\/www.norsknum.org\/index.php?rest_route=\/wp\/v2\/pages\/875\/revisions"}],"predecessor-version":[{"id":876,"href":"https:\/\/www.norsknum.org\/index.php?rest_route=\/wp\/v2\/pages\/875\/revisions\/876"}],"up":[{"embeddable":true,"href":"https:\/\/www.norsknum.org\/index.php?rest_route=\/wp\/v2\/pages\/42"}],"wp:attachment":[{"href":"https:\/\/www.norsknum.org\/index.php?rest_route=%2Fwp%2Fv2%2Fmedia&parent=875"}],"curies":[{"name":"wp","href":"https:\/\/api.w.org\/{rel}","templated":true}]}}