{"id":956,"date":"2016-02-17T08:46:19","date_gmt":"2016-02-17T07:46:19","guid":{"rendered":"http:\/\/www.norsknum.org\/?page_id=956"},"modified":"2016-02-17T08:46:19","modified_gmt":"2016-02-17T07:46:19","slug":"auksjon-mars-2016","status":"publish","type":"page","link":"https:\/\/www.norsknum.org\/?page_id=956","title":{"rendered":"Auksjon Mars 2016"},"content":{"rendered":"<p>Medlemmer kan sende skriftlige bud til gunnar@oslomyntgalleri.no. Bud m\u00e5 v\u00e6re innsendt senest dagen f\u00f8r auksjonen.<\/p>\n<hr \/>\n<dl class=\"dl-horizontal\">\n<dt><\/dt>\n<dt><strong>AUKSJON N.N.F. &#8211; Tirsdag 29. Mars 2016<br \/>\n<\/strong><\/dt>\n<\/dl>\n<table class=\"auksjonstabell\">\n<tbody>\n<tr>\n<td width=\"80\">Lot.<\/td>\n<td width=\"80\">Land<\/td>\n<td width=\"80\">Beskrivelse<\/td>\n<td width=\"80\">Ref.<\/td>\n<td width=\"80\">Kval.<\/td>\n<td width=\"80\">Utrop<\/td>\n<td width=\"80\">Hammerslag<\/td>\n<\/tr>\n<tr>\n<td>1<\/td>\n<td>Thrakia<\/td>\n<td>Serdica, Caracalla 198-217, \u00c628<\/td>\n<td>Varb.2191<\/td>\n<td>1\/1-<\/td>\n<td>250<\/td>\n<td><\/td>\n<\/tr>\n<tr>\n<td>2<\/td>\n<td>Moesia<\/td>\n<td>Marcianopolis, Septimius Severus 193-211, \u00c625<\/td>\n<td>Varb.844<\/td>\n<td>1<\/td>\n<td>300<\/td>\n<td><\/td>\n<\/tr>\n<tr>\n<td>3<\/td>\n<td>Cilicia<\/td>\n<td>Selinus, Isotape, \u00c617<\/td>\n<td>RPC.3701<\/td>\n<td>1<\/td>\n<td>400<\/td>\n<td><\/td>\n<\/tr>\n<tr>\n<td>4<\/td>\n<td>Syria<\/td>\n<td>Damascus, Julia Domna d.217 e.Kr., \u00c626<\/td>\n<td>S.2452<\/td>\n<td>1\/1-<\/td>\n<td>200<\/td>\n<td><\/td>\n<\/tr>\n<tr>\n<td>5<\/td>\n<td>Mesopotamia<\/td>\n<td>Singare, Gordian III 238-244, \u00c625<\/td>\n<td>S.3791<\/td>\n<td>var. 1<\/td>\n<td>150<\/td>\n<td><\/td>\n<\/tr>\n<tr>\n<td>6<\/td>\n<td>Mesopotamia<\/td>\n<td>Nisibis, Philip II 247-249, \u00c624<\/td>\n<td>S.4157<\/td>\n<td>1<\/td>\n<td>250<\/td>\n<td><\/td>\n<\/tr>\n<tr>\n<td>7<\/td>\n<td>Egypt<\/td>\n<td>Ptolemaeus V 204-180 f.Kr., \u00c626. Blankettfeil<\/td>\n<td>S.7880<\/td>\n<td>1<\/td>\n<td>100<\/td>\n<td><\/td>\n<\/tr>\n<tr>\n<td>8<\/td>\n<td>Alexandria<\/td>\n<td colspan=\"2\">Diocletian 284-305, lot 2 stk. tetradrachmer<\/td>\n<td>1-<\/td>\n<td>50<\/td>\n<td><\/td>\n<\/tr>\n<tr>\n<td>9<\/td>\n<td>Rom<\/td>\n<td>Augustus 27 f.Kr.-14 e.Kr., \u00c6 as<\/td>\n<td>S.524\/1789<\/td>\n<td>1-<\/td>\n<td>150<\/td>\n<td><\/td>\n<\/tr>\n<tr>\n<td>10<\/td>\n<td>Rom<\/td>\n<td>Nero Claudius Drusus d.9 f.Kr., \u00c6 sestertius<\/td>\n<td>S.1896<\/td>\n<td>1\/1+<\/td>\n<td>800<\/td>\n<td><\/td>\n<\/tr>\n<tr>\n<td>11<\/td>\n<td>Rom<\/td>\n<td>Severus Alexander 222-235, \u00c6 sestertius<\/td>\n<td>S.2261<\/td>\n<td>1<\/td>\n<td>100<\/td>\n<td><\/td>\n<\/tr>\n<tr>\n<td>12<\/td>\n<td>Rom<\/td>\n<td>Gordian III 238-244, \u00c6 sestertius<\/td>\n<td>S.8710<\/td>\n<td>1<\/td>\n<td>100<\/td>\n<td><\/td>\n<\/tr>\n<tr>\n<td>13<\/td>\n<td>Rom<\/td>\n<td>Constantin I 307-337, \u00c63<\/td>\n<td>S.3886<\/td>\n<td>var. 1+<\/td>\n<td>50<\/td>\n<td><\/td>\n<\/tr>\n<tr>\n<td>14<\/td>\n<td>Bysants<\/td>\n<td>Heraclius 610-641, \u00c6 follis<\/td>\n<td>S.811<\/td>\n<td>1\/1+<\/td>\n<td>50<\/td>\n<td><\/td>\n<\/tr>\n<tr>\n<td>15<\/td>\n<td>Norge<\/td>\n<td>Frederik IV, 2 skilling 1701<\/td>\n<td>NMD.45<\/td>\n<td>1\/1-<\/td>\n<td>400<\/td>\n<td><\/td>\n<\/tr>\n<tr>\n<td>16<\/td>\n<td>Norge<\/td>\n<td>Frederik VI, 2 skilling 1810<\/td>\n<td>NMD.5A<\/td>\n<td>1<\/td>\n<td>150<\/td>\n<td><\/td>\n<\/tr>\n<tr>\n<td>17<\/td>\n<td>Norge<\/td>\n<td>Frederik VI, 4 skilling 1809<\/td>\n<td>NMD.3A<\/td>\n<td>1-<\/td>\n<td>150<\/td>\n<td><\/td>\n<\/tr>\n<tr>\n<td>18<\/td>\n<td>Norge<\/td>\n<td colspan=\"2\">10 \u00f8re 1915, 1917, 1918 og 1919 (4)<\/td>\n<td>1\/1+<\/td>\n<td>150<\/td>\n<td><\/td>\n<\/tr>\n<tr>\n<td>19<\/td>\n<td>Norge<\/td>\n<td colspan=\"2\">175 kroner 1989<\/td>\n<td>0\/01<\/td>\n<td>200<\/td>\n<td><\/td>\n<\/tr>\n<tr>\n<td>20<\/td>\n<td>Danmark<\/td>\n<td colspan=\"2\">Frederik IV, 1 skilling 1722<\/td>\n<td>1\/1+<\/td>\n<td>80<\/td>\n<td><\/td>\n<\/tr>\n<tr>\n<td>21<\/td>\n<td>Danmark<\/td>\n<td colspan=\"2\">Christian VII, 1 skilling 1771<\/td>\n<td>1\/1+<\/td>\n<td>60<\/td>\n<td><\/td>\n<\/tr>\n<tr>\n<td>22<\/td>\n<td>Danmark<\/td>\n<td colspan=\"2\">1 krone 1916<\/td>\n<td>1<\/td>\n<td>75<\/td>\n<td><\/td>\n<\/tr>\n<tr>\n<td>23<\/td>\n<td>Danmark<\/td>\n<td colspan=\"2\">\u00bd krone 1939<\/td>\n<td>1+\/01<\/td>\n<td>300<\/td>\n<td><\/td>\n<\/tr>\n<tr>\n<td>24<\/td>\n<td>Danmark m.v.<\/td>\n<td colspan=\"2\">lot 39 stk. poletter<\/td>\n<td>VK<\/td>\n<td>150<\/td>\n<td><\/td>\n<\/tr>\n<tr>\n<td>25<\/td>\n<td>Sverige<\/td>\n<td colspan=\"2\">Gustav II Adolf, 1 \u00f8re kobber 1628<\/td>\n<td>1<\/td>\n<td>300<\/td>\n<td><\/td>\n<\/tr>\n<tr>\n<td>26<\/td>\n<td>Sverige<\/td>\n<td>Carl XV, 2 \u00f8re 1861<\/td>\n<td>KM.491<\/td>\n<td>1+<\/td>\n<td>40<\/td>\n<td><\/td>\n<\/tr>\n<tr>\n<td>27<\/td>\n<td>Sverige<\/td>\n<td colspan=\"2\">Medalje bronse 51 mm 1906. Landbruksm\u00f8te i Norrk\u00f8ping<\/td>\n<td>1+\/01<\/td>\n<td>100<\/td>\n<td><\/td>\n<\/tr>\n<tr>\n<td>28<\/td>\n<td>England<\/td>\n<td>Edward I 1272-1307, penny. Buklet<\/td>\n<td>S.1410<\/td>\n<td>1<\/td>\n<td>80<\/td>\n<td><\/td>\n<\/tr>\n<tr>\n<td>29<\/td>\n<td>England<\/td>\n<td>Edward I 1272-1307, penny<\/td>\n<td>S.1419<\/td>\n<td>1-<\/td>\n<td>80<\/td>\n<td><\/td>\n<\/tr>\n<tr>\n<td>30<\/td>\n<td>England<\/td>\n<td colspan=\"2\">Victoria, 6 pence 1887<\/td>\n<td>1<\/td>\n<td>150<\/td>\n<td><\/td>\n<\/tr>\n<tr>\n<td>31<\/td>\n<td>St.Helena<\/td>\n<td colspan=\"2\">\u00bd penny 1821<\/td>\n<td>1+\/01<\/td>\n<td>100<\/td>\n<td><\/td>\n<\/tr>\n<tr>\n<td>32<\/td>\n<td>Russland<\/td>\n<td>Peter I 1689-1725, kopek<\/td>\n<td>Sp.103<\/td>\n<td>1\/1+<\/td>\n<td>100<\/td>\n<td><\/td>\n<\/tr>\n<tr>\n<td>33<\/td>\n<td>Russland<\/td>\n<td colspan=\"2\">denga 1754, 10 kopek 1820<\/td>\n<td>1+<\/td>\n<td>100<\/td>\n<td><\/td>\n<\/tr>\n<tr>\n<td>34<\/td>\n<td>Russland<\/td>\n<td colspan=\"2\">Alexander I, 2 kopek 1811<\/td>\n<td>1+<\/td>\n<td>100<\/td>\n<td><\/td>\n<\/tr>\n<tr>\n<td>35<\/td>\n<td>Russland<\/td>\n<td colspan=\"2\">Nikolai I, 2 kopek 1832<\/td>\n<td>1+<\/td>\n<td>200<\/td>\n<td><\/td>\n<\/tr>\n<tr>\n<td>36<\/td>\n<td>Russland<\/td>\n<td colspan=\"2\">Nikolai I, 25 kopek 1828<\/td>\n<td>1\/1+<\/td>\n<td>250<\/td>\n<td><\/td>\n<\/tr>\n<tr>\n<td>37<\/td>\n<td>Sovjet<\/td>\n<td colspan=\"2\">10 kopek 1923, 15 kopek 1925, 20 kopek 1924<\/td>\n<td>1+<\/td>\n<td>150<\/td>\n<td><\/td>\n<\/tr>\n<tr>\n<td>38<\/td>\n<td>Sovjet<\/td>\n<td>rubel 1921<\/td>\n<td><\/td>\n<td>1+<\/td>\n<td>200<\/td>\n<td><\/td>\n<\/tr>\n<tr>\n<td>39<\/td>\n<td>Sibir<\/td>\n<td colspan=\"2\">Catharina II, kopek 1778<\/td>\n<td>1<\/td>\n<td>200<\/td>\n<td><\/td>\n<\/tr>\n<tr>\n<td>40<\/td>\n<td>Tyskland<\/td>\n<td>5 mark 1928 A. Eichbaum<\/td>\n<td>KM.56<\/td>\n<td>1+<\/td>\n<td>400<\/td>\n<td><\/td>\n<\/tr>\n<tr>\n<td>41<\/td>\n<td>Pfalz<\/td>\n<td colspan=\"2\">Medalje s\u00f8lv 39 mm 1758. Otto V (Schaffer)<\/td>\n<td>1+\/01<\/td>\n<td>300<\/td>\n<td><\/td>\n<\/tr>\n<tr>\n<td>42<\/td>\n<td>Pfalz<\/td>\n<td colspan=\"2\">Medalje s\u00f8lv 39 mm 1758 Ludvig Philip (Schaffer)<\/td>\n<td>1+\/01<\/td>\n<td>300<\/td>\n<td><\/td>\n<\/tr>\n<tr>\n<td>43<\/td>\n<td>Tyskland<\/td>\n<td colspan=\"2\">10 euro 2005. Suttner<\/td>\n<td>Proof<\/td>\n<td>150<\/td>\n<td><\/td>\n<\/tr>\n<tr>\n<td>44<\/td>\n<td>India<\/td>\n<td>Dehli, Mahmud 1246-66, tanka<\/td>\n<td>GG.138<\/td>\n<td>1\/1+<\/td>\n<td>100<\/td>\n<td><\/td>\n<\/tr>\n<tr>\n<td>45<\/td>\n<td>Mogul India<\/td>\n<td>Alam Bahadur, rupee 1119\/1 (1707)<\/td>\n<td>KM.347.18<\/td>\n<td>1+<\/td>\n<td>150<\/td>\n<td><\/td>\n<\/tr>\n<tr>\n<td>46<\/td>\n<td>China<\/td>\n<td>Tartar Jin dyn., cash<\/td>\n<td>S.1085<\/td>\n<td>1+<\/td>\n<td>100<\/td>\n<td><\/td>\n<\/tr>\n<tr>\n<td>47<\/td>\n<td>China<\/td>\n<td>Yuan dyn., cash<\/td>\n<td>S.1098<\/td>\n<td>1+<\/td>\n<td>150<\/td>\n<td><\/td>\n<\/tr>\n<tr>\n<td>48<\/td>\n<td>China<\/td>\n<td colspan=\"2\">Nord Sung dyn., samling 45 stk. cash<\/td>\n<td>VK<\/td>\n<td>500<\/td>\n<td><\/td>\n<\/tr>\n<tr>\n<td>49<\/td>\n<td>China<\/td>\n<td colspan=\"2\">, Ming dyn., samling 15 stk. cash<\/td>\n<td>VK<\/td>\n<td>800<\/td>\n<td><\/td>\n<\/tr>\n<tr>\n<td>50<\/td>\n<td>U.S.A.<\/td>\n<td colspan=\"2\">, dollar 2000. Leif Eriksson. Etui<\/td>\n<td>Proof<\/td>\n<td>100<\/td>\n<td><\/td>\n<\/tr>\n<\/tbody>\n<\/table>\n<div class='sfsi_Sicons' style='width: 100%; display: inline-block; vertical-align: middle; text-align:left'><div style='margin:0px 8px 0px 0px; line-height: 24px'><span>F\u00f8lg og lik! =)<\/span><\/div><div class='sfsi_socialwpr'><div class='sf_subscrbe' style='text-align:left;vertical-align: middle;float:left;width:64px'><a href=\"http:\/\/www.specificfeeds.com\/widgets\/emailSubscribeEncFeed\/bzdLMEVQczltUDF5SThnYlJHcG9jRktNMFpMTjRGN1Z0bC92QTRKc25OSHVyNnpuV29SdXVKeitQbEx4WVAyYUFvam1MTm1naHlGc28rSDd3ajBPNk1Xc2RkVVZmWVNQdVlsQTU2ZThWa3pxRTNMbGxRd0tCenA1ZTZEaW1XNlZ8VU1TSXBhcURwV2RaeGxqSjZmOStHcHVSNXVpbVMrUnRnZTdDZjBoWTYvYz0=\/OA==\/\" target=\"_blank\"><img src=\"https:\/\/www.norsknum.org\/wp-content\/plugins\/ultimate-social-media-icons\/images\/follow_subscribe.png\" \/><\/a><\/div><div class='sf_fb' style='text-align:left;vertical-align: middle;width:98px'><div class=\"fb-like\" href=\"https:\/\/www.norsknum.org\/?page_id=956\" width=\"180\" send=\"false\" showfaces=\"false\"  action=\"like\" data-share=\"true\"data-layout=\"button\" ><\/div><\/div><div class='sf_twiter' style='text-align:left;float:left;vertical-align: middle;width:auto'><a href=\"http:\/\/twitter.com\/share\" data-count=\"none\" class=\"sr-twitter-button twitter-share-button\" lang=\"en\" data-url=\"https:\/\/www.norsknum.org\/?page_id=956\" data-text=\"Auksjon Mars 2016\" ><\/a><\/div><\/div><\/div>","protected":false},"excerpt":{"rendered":"<p>Medlemmer kan sende skriftlige bud til gunnar@oslomyntgalleri.no. Bud m\u00e5 v\u00e6re innsendt senest dagen f\u00f8r auksjonen. AUKSJON N.N.F. &#8211; Tirsdag 29. Mars 2016 Lot. Land Beskrivelse Ref. Kval. Utrop Hammerslag 1 Thrakia Serdica, Caracalla 198-217, \u00c628 Varb.2191 1\/1- 250 2 Moesia&hellip; <\/p>\n","protected":false},"author":1,"featured_media":0,"parent":42,"menu_order":0,"comment_status":"closed","ping_status":"open","template":"","meta":[],"_links":{"self":[{"href":"https:\/\/www.norsknum.org\/index.php?rest_route=\/wp\/v2\/pages\/956"}],"collection":[{"href":"https:\/\/www.norsknum.org\/index.php?rest_route=\/wp\/v2\/pages"}],"about":[{"href":"https:\/\/www.norsknum.org\/index.php?rest_route=\/wp\/v2\/types\/page"}],"author":[{"embeddable":true,"href":"https:\/\/www.norsknum.org\/index.php?rest_route=\/wp\/v2\/users\/1"}],"replies":[{"embeddable":true,"href":"https:\/\/www.norsknum.org\/index.php?rest_route=%2Fwp%2Fv2%2Fcomments&post=956"}],"version-history":[{"count":1,"href":"https:\/\/www.norsknum.org\/index.php?rest_route=\/wp\/v2\/pages\/956\/revisions"}],"predecessor-version":[{"id":957,"href":"https:\/\/www.norsknum.org\/index.php?rest_route=\/wp\/v2\/pages\/956\/revisions\/957"}],"up":[{"embeddable":true,"href":"https:\/\/www.norsknum.org\/index.php?rest_route=\/wp\/v2\/pages\/42"}],"wp:attachment":[{"href":"https:\/\/www.norsknum.org\/index.php?rest_route=%2Fwp%2Fv2%2Fmedia&parent=956"}],"curies":[{"name":"wp","href":"https:\/\/api.w.org\/{rel}","templated":true}]}}