{"id":978,"date":"2016-05-12T07:24:06","date_gmt":"2016-05-12T05:24:06","guid":{"rendered":"http:\/\/www.norsknum.org\/?page_id=978"},"modified":"2016-05-13T07:03:44","modified_gmt":"2016-05-13T05:03:44","slug":"auksjon-mai-2016","status":"publish","type":"page","link":"https:\/\/www.norsknum.org\/?page_id=978","title":{"rendered":"Auksjon Mai 2016"},"content":{"rendered":"<p>Medlemmer kan sende skriftlige bud til gunnar@oslomyntgalleri.no. Bud m\u00e5 v\u00e6re innsendt senest dagen f\u00f8r auksjonen.<\/p>\n<hr \/>\n<dl class=\"dl-horizontal\">\n<dt><\/dt>\n<dt><strong>AUKSJON N.N.F. &#8211; Tirsdag 31. Mai 2016<br \/>\n<\/strong><\/dt>\n<dt>\n<table class=\"auksjonstabell\">\n<tbody>\n<tr>\n<td width=\"80\">Lot.<\/td>\n<td width=\"80\">Land<\/td>\n<td width=\"80\">Beskrivelse<\/td>\n<td width=\"80\">Ref.<\/td>\n<td width=\"80\">Kval.<\/td>\n<td width=\"80\">Utrop<\/td>\n<td width=\"80\">Hammerslag<\/td>\n<\/tr>\n<tr>\n<td>1<\/td>\n<td>Thrakia<\/td>\n<td>Pantikapaion, \u00c615<\/td>\n<td>SNG Cop.32<\/td>\n<td>1+<\/td>\n<td>100<\/td>\n<td><\/td>\n<\/tr>\n<tr>\n<td>2<\/td>\n<td>Paplagonia<\/td>\n<td>Sinope, \u00c619<\/td>\n<td>S.3711<\/td>\n<td>1-<\/td>\n<td>60<\/td>\n<td><\/td>\n<\/tr>\n<tr>\n<td>3<\/td>\n<td>Aeolis<\/td>\n<td>Larissa Phrikonis, \u00c610<\/td>\n<td>SNG Munch.563<\/td>\n<td>1+<\/td>\n<td>150<\/td>\n<td><\/td>\n<\/tr>\n<tr>\n<td>4<\/td>\n<td>Pisidia<\/td>\n<td>Antiochia, Trajan Decius 249-251, \u00c623<\/td>\n<td>S.4193<\/td>\n<td>var. 1<\/td>\n<td>150<\/td>\n<td><\/td>\n<\/tr>\n<tr>\n<td>5<\/td>\n<td>Syria<\/td>\n<td>Alexander I, \u00c618<\/td>\n<td>S.7040<\/td>\n<td>1\/1-<\/td>\n<td>50<\/td>\n<td><\/td>\n<\/tr>\n<tr>\n<td>6<\/td>\n<td>Nabatea<\/td>\n<td>Aretas IV, \u00c615<\/td>\n<td>Mesh.97<\/td>\n<td>1<\/td>\n<td>100<\/td>\n<td><\/td>\n<\/tr>\n<tr>\n<td>7<\/td>\n<td>Egypt<\/td>\n<td>Alexandria, Maximianus 286-310, tetradrachme \u00e5r 2<\/td>\n<td>K\u00f8ln 3286<\/td>\n<td>1+<\/td>\n<td>100<\/td>\n<td><\/td>\n<\/tr>\n<tr>\n<td>8<\/td>\n<td>Rom<\/td>\n<td>Domitian 81-96, denar<\/td>\n<td>gml.<wbr \/>Sear 895, RIC 134<\/td>\n<td>var. 1\/1+<\/td>\n<td>200<\/td>\n<td><\/td>\n<\/tr>\n<tr>\n<td>9<\/td>\n<td>Rom<\/td>\n<td>Julia Maesa, d.225 e.Kr., denar<\/td>\n<td>gml. Sear 2183, RIC 268,\u00a0ny Sear 7756<\/td>\n<td>1+<\/td>\n<td>200<\/td>\n<td><\/td>\n<\/tr>\n<tr>\n<td>10<\/td>\n<td>Rom<\/td>\n<td>Julia Mamaea, d.235 e.Kr., denar<\/td>\n<td>gml. Sear 2310, RIC 341,\u00a0ny Sear 8212<\/td>\n<td>1+<\/td>\n<td>300<\/td>\n<td><\/td>\n<\/tr>\n<tr>\n<td>11<\/td>\n<td>Bysants<\/td>\n<td>Justin II 565-578, \u00bd follis \u00e5r 5<\/td>\n<td>S.366<\/td>\n<td>1<\/td>\n<td>50<\/td>\n<td><\/td>\n<\/tr>\n<tr>\n<td>12<\/td>\n<td>Norge<\/td>\n<td colspan=\"2\">2 kroner 1914, jubileum<\/td>\n<td>1<\/td>\n<td>200<\/td>\n<td><\/td>\n<\/tr>\n<tr>\n<td>13<\/td>\n<td>Danmark<\/td>\n<td colspan=\"2\">1 skilling 1722<\/td>\n<td>1\/1+<\/td>\n<td>80<\/td>\n<td><\/td>\n<\/tr>\n<tr>\n<td>14<\/td>\n<td>Sverige<\/td>\n<td colspan=\"2\">2 kronor 1946 (2)<\/td>\n<td>1<\/td>\n<td>60<\/td>\n<td><\/td>\n<\/tr>\n<tr>\n<td>15<\/td>\n<td>Finland<\/td>\n<td>25 mark 2001<\/td>\n<td>KM.96<\/td>\n<td>0<\/td>\n<td>200<\/td>\n<td><\/td>\n<\/tr>\n<tr>\n<td>16<\/td>\n<td>England<\/td>\n<td>Edward I 1272-1307, penny<\/td>\n<td>S.1410<\/td>\n<td>1\/1-<\/td>\n<td>80<\/td>\n<td><\/td>\n<\/tr>\n<tr>\n<td>17<\/td>\n<td>England<\/td>\n<td>Edward I 1272-1307, penny<\/td>\n<td>S.1412<\/td>\n<td>1\/1-<\/td>\n<td>100<\/td>\n<td><\/td>\n<\/tr>\n<tr>\n<td>18<\/td>\n<td>England<\/td>\n<td>Edward i 1272-1307, penny<\/td>\n<td>S.1419<\/td>\n<td>1\/1-<\/td>\n<td>80<\/td>\n<td><\/td>\n<\/tr>\n<tr>\n<td>19<\/td>\n<td>Russland<\/td>\n<td>Ivan IV 1547-1584, kopek<\/td>\n<td>Sp.80\/2<\/td>\n<td>1+<\/td>\n<td>100<\/td>\n<td><\/td>\n<\/tr>\n<tr>\n<td>20<\/td>\n<td>Russland<\/td>\n<td>Boris Godunov 1598-1605, kopek<\/td>\n<td>Sp.82\/4<\/td>\n<td>1+<\/td>\n<td>300<\/td>\n<td><\/td>\n<\/tr>\n<tr>\n<td>21<\/td>\n<td>Russland<\/td>\n<td colspan=\"2\">denga 1739, polushka 1734<\/td>\n<td>1<\/td>\n<td>80<\/td>\n<td><\/td>\n<\/tr>\n<tr>\n<td>22<\/td>\n<td>Russland<\/td>\n<td colspan=\"2\">Paul I, 2 kopek 1797<\/td>\n<td>1+<\/td>\n<td>100<\/td>\n<td><\/td>\n<\/tr>\n<tr>\n<td>23<\/td>\n<td>Russland<\/td>\n<td colspan=\"2\">Alexander I, rubel 1818<\/td>\n<td>1<\/td>\n<td>200<\/td>\n<td><\/td>\n<\/tr>\n<tr>\n<td>24<\/td>\n<td>Russland<\/td>\n<td colspan=\"2\">Alexander II, 25 kopek 1859<\/td>\n<td>1+<\/td>\n<td>100<\/td>\n<td><\/td>\n<\/tr>\n<tr>\n<td>25<\/td>\n<td>Sovjet<\/td>\n<td colspan=\"2\">\u00bd kopek 1925<\/td>\n<td>1+\/01<\/td>\n<td>200<\/td>\n<td><\/td>\n<\/tr>\n<tr>\n<td>26<\/td>\n<td>Sibir<\/td>\n<td colspan=\"2\">5 kopek 1778<\/td>\n<td>1<\/td>\n<td>250<\/td>\n<td><\/td>\n<\/tr>\n<tr>\n<td>27<\/td>\n<td>Luxembourg<\/td>\n<td colspan=\"2\">10 cent 1865 og Portugal, 20 reis 1853<\/td>\n<td>1+<\/td>\n<td>60<\/td>\n<td><\/td>\n<\/tr>\n<tr>\n<td>28<\/td>\n<td>\u00d8sterrike<\/td>\n<td colspan=\"2\">Ottokar 1251-1276, pfennig Lu.64<\/td>\n<td>1+<\/td>\n<td>100<\/td>\n<td><\/td>\n<\/tr>\n<tr>\n<td>29<\/td>\n<td>\u00d8sterrike<\/td>\n<td colspan=\"2\">20 kreuzer 1779<\/td>\n<td>1\/1+<\/td>\n<td>50<\/td>\n<td><\/td>\n<\/tr>\n<tr>\n<td>30<\/td>\n<td>\u00d8sterrike<\/td>\n<td colspan=\"2\">Maria Theresia, taler 1780 (nypreg)<\/td>\n<td>1<\/td>\n<td>100<\/td>\n<td><\/td>\n<\/tr>\n<tr>\n<td>31<\/td>\n<td>\u00d8sterrike<\/td>\n<td colspan=\"2\">50 schilling 1963 og 100 schilling 1975 (2)<\/td>\n<td>1+\/01<\/td>\n<td>75<\/td>\n<td><\/td>\n<\/tr>\n<tr>\n<td>32<\/td>\n<td>San Marino<\/td>\n<td colspan=\"2\">10 cent 1875 og Venezia, 5 cent 1849<\/td>\n<td>1+<\/td>\n<td>60<\/td>\n<td><\/td>\n<\/tr>\n<tr>\n<td>33<\/td>\n<td>San Marino<\/td>\n<td colspan=\"2\">20 lire 1933 (nypreg)<\/td>\n<td>1<\/td>\n<td>75<\/td>\n<td><\/td>\n<\/tr>\n<tr>\n<td>34<\/td>\n<td>Zaire<\/td>\n<td colspan=\"2\">2 \u00bd zairas 1975<\/td>\n<td>1<\/td>\n<td>100<\/td>\n<td><\/td>\n<\/tr>\n<tr>\n<td>35<\/td>\n<td>Seljuqs Rum<\/td>\n<td>Kai Khusraw III, dirham AH 672, Siwas<\/td>\n<td>Alb.1232<\/td>\n<td>1<\/td>\n<td>150<\/td>\n<td><\/td>\n<\/tr>\n<tr>\n<td>36<\/td>\n<td>Muscat og Oman<\/td>\n<td colspan=\"2\">\u00bd riyal 1380 (=1960)<\/td>\n<td>1+<\/td>\n<td>50<\/td>\n<td><\/td>\n<\/tr>\n<tr>\n<td>37<\/td>\n<td>Persia<\/td>\n<td colspan=\"2\">Tamasp I 1524-1576, Shahi, Meshad Far 28-3<\/td>\n<td>1\/1+<\/td>\n<td>150<\/td>\n<td><\/td>\n<\/tr>\n<tr>\n<td>38<\/td>\n<td>Persia<\/td>\n<td>Tamasp I 1524-1576, Shahi, Nimruz<\/td>\n<td>Mitch.2044<\/td>\n<td>1\/1+<\/td>\n<td>150<\/td>\n<td><\/td>\n<\/tr>\n<tr>\n<td>39<\/td>\n<td>Persia<\/td>\n<td colspan=\"2\">Tamasp I 1524-1576, Shahi, Yazd Zeno 98667<\/td>\n<td>1+<\/td>\n<td>120<\/td>\n<td><\/td>\n<\/tr>\n<tr>\n<td>40<\/td>\n<td>Dehli<\/td>\n<td>Mahmud 1246-1266, tanka<\/td>\n<td>GG.138<\/td>\n<td>1+<\/td>\n<td>100<\/td>\n<td><\/td>\n<\/tr>\n<tr>\n<td>41<\/td>\n<td>Dehli<\/td>\n<td>Balban 1266-1287, tanka<\/td>\n<td>GG.158<\/td>\n<td>1+<\/td>\n<td>100<\/td>\n<td><\/td>\n<\/tr>\n<tr>\n<td>42<\/td>\n<td>Thailand<\/td>\n<td>50 baht 1974<\/td>\n<td>KM.Y101<\/td>\n<td>1+\/01<\/td>\n<td>50<\/td>\n<td><\/td>\n<\/tr>\n<tr>\n<td>43<\/td>\n<td>Malaysia<\/td>\n<td>20 ringit 1985<\/td>\n<td>KM.30<\/td>\n<td>1<\/td>\n<td>100<\/td>\n<td><\/td>\n<\/tr>\n<tr>\n<td>44<\/td>\n<td>China<\/td>\n<td>Che Tsung 1086-1100, 3 cash jern<\/td>\n<td>S.597<\/td>\n<td>1<\/td>\n<td>100<\/td>\n<td><\/td>\n<\/tr>\n<tr>\n<td>45<\/td>\n<td>China<\/td>\n<td>Hui Tsung 1101-1125, 10 cash<\/td>\n<td>S.621<\/td>\n<td>1+<\/td>\n<td>100<\/td>\n<td><\/td>\n<\/tr>\n<tr>\n<td>46<\/td>\n<td>China<\/td>\n<td colspan=\"2\">Nord Sung dynasti, lot 8 stk. 2 cash<\/td>\n<td>VK<\/td>\n<td>350<\/td>\n<td><\/td>\n<\/tr>\n<tr>\n<td>47<\/td>\n<td>China<\/td>\n<td>Hsio Tsung 1163-1189, 2 cash \u00e5r 10<\/td>\n<td>S.734<\/td>\n<td>1+<\/td>\n<td>80<\/td>\n<td><\/td>\n<\/tr>\n<tr>\n<td>48<\/td>\n<td>China<\/td>\n<td>Xiao Zong 1163-1190, 2 cash jern \u00e5r 12<\/td>\n<td>S.755<\/td>\n<td>var. 1-<\/td>\n<td>60<\/td>\n<td><\/td>\n<\/tr>\n<tr>\n<td>49<\/td>\n<td>Canada<\/td>\n<td>dollar 1996. McIntosh<\/td>\n<td>KM.274<\/td>\n<td>1<\/td>\n<td>100<\/td>\n<td><\/td>\n<\/tr>\n<tr>\n<td>50<\/td>\n<td>Panama<\/td>\n<td>dollar 1947<\/td>\n<td><\/td>\n<td>1+<\/td>\n<td>100<\/td>\n<td><\/td>\n<\/tr>\n<\/tbody>\n<\/table>\n<\/dt>\n<\/dl>\n<div class='sfsi_Sicons' style='width: 100%; display: inline-block; vertical-align: middle; text-align:left'><div style='margin:0px 8px 0px 0px; line-height: 24px'><span>F\u00f8lg og lik! =)<\/span><\/div><div class='sfsi_socialwpr'><div class='sf_subscrbe' style='text-align:left;vertical-align: middle;float:left;width:64px'><a href=\"http:\/\/www.specificfeeds.com\/widgets\/emailSubscribeEncFeed\/bzdLMEVQczltUDF5SThnYlJHcG9jRktNMFpMTjRGN1Z0bC92QTRKc25OSHVyNnpuV29SdXVKeitQbEx4WVAyYUFvam1MTm1naHlGc28rSDd3ajBPNk1Xc2RkVVZmWVNQdVlsQTU2ZThWa3pxRTNMbGxRd0tCenA1ZTZEaW1XNlZ8VU1TSXBhcURwV2RaeGxqSjZmOStHcHVSNXVpbVMrUnRnZTdDZjBoWTYvYz0=\/OA==\/\" target=\"_blank\"><img src=\"https:\/\/www.norsknum.org\/wp-content\/plugins\/ultimate-social-media-icons\/images\/follow_subscribe.png\" \/><\/a><\/div><div class='sf_fb' style='text-align:left;vertical-align: middle;width:98px'><div class=\"fb-like\" href=\"https:\/\/www.norsknum.org\/?page_id=978\" width=\"180\" send=\"false\" showfaces=\"false\"  action=\"like\" data-share=\"true\"data-layout=\"button\" ><\/div><\/div><div class='sf_twiter' style='text-align:left;float:left;vertical-align: middle;width:auto'><a href=\"http:\/\/twitter.com\/share\" data-count=\"none\" class=\"sr-twitter-button twitter-share-button\" lang=\"en\" data-url=\"https:\/\/www.norsknum.org\/?page_id=978\" data-text=\"Auksjon Mai 2016\" ><\/a><\/div><\/div><\/div>","protected":false},"excerpt":{"rendered":"<p>Medlemmer kan sende skriftlige bud til gunnar@oslomyntgalleri.no. Bud m\u00e5 v\u00e6re innsendt senest dagen f\u00f8r auksjonen. AUKSJON N.N.F. &#8211; Tirsdag 31. Mai 2016 Lot. Land Beskrivelse Ref. Kval. Utrop Hammerslag 1 Thrakia Pantikapaion, \u00c615 SNG Cop.32 1+ 100 2 Paplagonia Sinope,&hellip; <\/p>\n","protected":false},"author":1,"featured_media":0,"parent":42,"menu_order":0,"comment_status":"closed","ping_status":"closed","template":"","meta":[],"_links":{"self":[{"href":"https:\/\/www.norsknum.org\/index.php?rest_route=\/wp\/v2\/pages\/978"}],"collection":[{"href":"https:\/\/www.norsknum.org\/index.php?rest_route=\/wp\/v2\/pages"}],"about":[{"href":"https:\/\/www.norsknum.org\/index.php?rest_route=\/wp\/v2\/types\/page"}],"author":[{"embeddable":true,"href":"https:\/\/www.norsknum.org\/index.php?rest_route=\/wp\/v2\/users\/1"}],"replies":[{"embeddable":true,"href":"https:\/\/www.norsknum.org\/index.php?rest_route=%2Fwp%2Fv2%2Fcomments&post=978"}],"version-history":[{"count":3,"href":"https:\/\/www.norsknum.org\/index.php?rest_route=\/wp\/v2\/pages\/978\/revisions"}],"predecessor-version":[{"id":983,"href":"https:\/\/www.norsknum.org\/index.php?rest_route=\/wp\/v2\/pages\/978\/revisions\/983"}],"up":[{"embeddable":true,"href":"https:\/\/www.norsknum.org\/index.php?rest_route=\/wp\/v2\/pages\/42"}],"wp:attachment":[{"href":"https:\/\/www.norsknum.org\/index.php?rest_route=%2Fwp%2Fv2%2Fmedia&parent=978"}],"curies":[{"name":"wp","href":"https:\/\/api.w.org\/{rel}","templated":true}]}}