{"id":985,"date":"2016-06-08T08:42:00","date_gmt":"2016-06-08T06:42:00","guid":{"rendered":"http:\/\/www.norsknum.org\/?page_id=985"},"modified":"2016-06-08T08:42:00","modified_gmt":"2016-06-08T06:42:00","slug":"auksjon-september-2016","status":"publish","type":"page","link":"https:\/\/www.norsknum.org\/?page_id=985","title":{"rendered":"Auksjon September 2016"},"content":{"rendered":"<p>Medlemmer kan sende skriftlige bud til gunnar@oslomyntgalleri.no. Bud m\u00e5 v\u00e6re innsendt senest dagen f\u00f8r auksjonen.<\/p>\n<hr \/>\n<dl class=\"dl-horizontal\">\n<dt><\/dt>\n<dt><strong>AUKSJON N.N.F. &#8211; Tirsdag 27. September 2016<br \/>\n<\/strong><\/dt>\n<dt>\n<table class=\"auksjonstabell\">\n<tbody>\n<tr>\n<td width=\"80\">Lot.<\/td>\n<td width=\"105\">Land<\/td>\n<td width=\"351\">Beskrivelse<\/td>\n<td width=\"145\">Ref.<\/td>\n<td width=\"62\">Kval.<\/td>\n<td width=\"31\">Utrop<\/td>\n<td width=\"28\">Hammerslag<\/td>\n<\/tr>\n<tr>\n<td>1<\/td>\n<td>Thrakia<\/td>\n<td>Serdica, Caracalla 198-217, \u00c629<\/td>\n<td>Varb.2364<\/td>\n<td>1<\/td>\n<td>300<\/td>\n<td><\/td>\n<\/tr>\n<tr>\n<td>2<\/td>\n<td>Cilicia<\/td>\n<td>Korykos, \u00c622<\/td>\n<td>S.5546<\/td>\n<td>1<\/td>\n<td>80<\/td>\n<td><\/td>\n<\/tr>\n<tr>\n<td>3<\/td>\n<td>Syria<\/td>\n<td>Antiochia, Domitian 81-96, \u00c625<\/td>\n<td>S.872<\/td>\n<td>1<\/td>\n<td>80<\/td>\n<td><\/td>\n<\/tr>\n<tr>\n<td>4<\/td>\n<td>Arabia<\/td>\n<td>Nabatea, Aretus IV, \u00c617<\/td>\n<td>S.5699<\/td>\n<td>1<\/td>\n<td>150<\/td>\n<td><\/td>\n<\/tr>\n<tr>\n<td>5<\/td>\n<td>Egypt<\/td>\n<td>Ptolemaeus VI 180-145 f.Kr., \u00c620<\/td>\n<td>S.7901<\/td>\n<td>1\/1+<\/td>\n<td>150<\/td>\n<td><\/td>\n<\/tr>\n<tr>\n<td>6<\/td>\n<td>Indo Scythia<\/td>\n<td>Azez II, 6 chalkon<\/td>\n<td>MACW 2374<\/td>\n<td>1<\/td>\n<td>80<\/td>\n<td><\/td>\n<\/tr>\n<tr>\n<td>7<\/td>\n<td>Rom<\/td>\n<td>Acilius Glabrio 49 f.Kr., denar<\/td>\n<td>S.412<\/td>\n<td>1-<\/td>\n<td>200<\/td>\n<td><\/td>\n<\/tr>\n<tr>\n<td>8<\/td>\n<td>Rom<\/td>\n<td>Antoninus Pius 138-161, denar<\/td>\n<td>S.4116<\/td>\n<td>var. 1\/1+<\/td>\n<td>200<\/td>\n<td><\/td>\n<\/tr>\n<tr>\n<td>9<\/td>\n<td>Rom<\/td>\n<td>Severus Alexander 222-235, denar<\/td>\n<td>S.2220<\/td>\n<td>var. 1<\/td>\n<td>150<\/td>\n<td><\/td>\n<\/tr>\n<tr>\n<td>10<\/td>\n<td>Rom<\/td>\n<td>Constantin I 307-337, \u00c63<\/td>\n<td>S.3880<\/td>\n<td>1+<\/td>\n<td>250<\/td>\n<td><\/td>\n<\/tr>\n<tr>\n<td>11<\/td>\n<td>Rom<\/td>\n<td>Galerius 305-311, \u00c6 follis, Cyzicus<\/td>\n<td>S.3719<\/td>\n<td>var. 1+<\/td>\n<td>100<\/td>\n<td><\/td>\n<\/tr>\n<tr>\n<td>12<\/td>\n<td>Norge<\/td>\n<td>Christian VII, 1\/15 speciedaler 1797. Samtidig forfalskning<\/td>\n<td><\/td>\n<td>1<\/td>\n<td>100<\/td>\n<td><\/td>\n<\/tr>\n<tr>\n<td>13<\/td>\n<td>Norge<\/td>\n<td>Carl XIII, 1 skilling 1816<\/td>\n<td><\/td>\n<td>1<\/td>\n<td>100<\/td>\n<td><\/td>\n<\/tr>\n<tr>\n<td>14<\/td>\n<td>Norge<\/td>\n<td>10 \u00f8re 1901<\/td>\n<td><\/td>\n<td>1+<\/td>\n<td>150<\/td>\n<td><\/td>\n<\/tr>\n<tr>\n<td>15<\/td>\n<td>Norge<\/td>\n<td>2 kroner 1914, jubileum<\/td>\n<td><\/td>\n<td>1<\/td>\n<td>400<\/td>\n<td><\/td>\n<\/tr>\n<tr>\n<td>16<\/td>\n<td>Norge<\/td>\n<td>Medalje ONF 1977. Bronse<\/td>\n<td><\/td>\n<td>0<\/td>\n<td>100<\/td>\n<td><\/td>\n<\/tr>\n<tr>\n<td>17<\/td>\n<td>Norge<\/td>\n<td>B\u00e6rbar medalje Christiania Idrettsforening<\/td>\n<td><\/td>\n<td>1<\/td>\n<td>150<\/td>\n<td><\/td>\n<\/tr>\n<tr>\n<td>18<\/td>\n<td>Norge<\/td>\n<td>B\u00e6rbart merke Det norske travselskap<\/td>\n<td><\/td>\n<td>1<\/td>\n<td>40<\/td>\n<td><\/td>\n<\/tr>\n<tr>\n<td>19<\/td>\n<td>Norge<\/td>\n<td>Rasjoneringskort sukker 1918<\/td>\n<td><\/td>\n<td>1<\/td>\n<td>200<\/td>\n<td><\/td>\n<\/tr>\n<tr>\n<td>20<\/td>\n<td>Danmark<\/td>\n<td>skilling 1842, 1852, 1853 (3)<\/td>\n<td><\/td>\n<td>1<\/td>\n<td>150<\/td>\n<td><\/td>\n<\/tr>\n<tr>\n<td>21<\/td>\n<td>Danmark<\/td>\n<td>4 skilling 1842<\/td>\n<td><\/td>\n<td>1+\/01<\/td>\n<td>150<\/td>\n<td><\/td>\n<\/tr>\n<tr>\n<td>22<\/td>\n<td>Danmark<\/td>\n<td>2 kroner 1937 jubileum<\/td>\n<td><\/td>\n<td>1+\/01<\/td>\n<td>60<\/td>\n<td><\/td>\n<\/tr>\n<tr>\n<td>23<\/td>\n<td>Sverige<\/td>\n<td>Albrecht av Mecklenburg 1364-1389, brakteat<\/td>\n<td>LL. 31\/2<\/td>\n<td>1+<\/td>\n<td>200<\/td>\n<td><\/td>\n<\/tr>\n<tr>\n<td>24<\/td>\n<td>Sverige<\/td>\n<td>5 \u00f8re 1873<\/td>\n<td><\/td>\n<td>1\/1+<\/td>\n<td>150<\/td>\n<td><\/td>\n<\/tr>\n<tr>\n<td>25<\/td>\n<td>Russland<\/td>\n<td>Catharina II, 20 kopek 1781<\/td>\n<td><\/td>\n<td>1\/1+<\/td>\n<td>300<\/td>\n<td><\/td>\n<\/tr>\n<tr>\n<td>26<\/td>\n<td>Russland<\/td>\n<td>Alexander I, 2 kopek 1812, 1814 (2)<\/td>\n<td><\/td>\n<td>1\/1+<\/td>\n<td>100<\/td>\n<td><\/td>\n<\/tr>\n<tr>\n<td>27<\/td>\n<td>Russland<\/td>\n<td>Nikolai I, 10 kopek 1830<\/td>\n<td><\/td>\n<td>1\/1+<\/td>\n<td>100<\/td>\n<td><\/td>\n<\/tr>\n<tr>\n<td>28<\/td>\n<td>Russland<\/td>\n<td>Alexander II, 5 kopek 1861<\/td>\n<td><\/td>\n<td>1+<\/td>\n<td>100<\/td>\n<td><\/td>\n<\/tr>\n<tr>\n<td>29<\/td>\n<td>Russland<\/td>\n<td>Nikolai II, 25 kopek 1896<\/td>\n<td><\/td>\n<td>1+<\/td>\n<td>200<\/td>\n<td><\/td>\n<\/tr>\n<tr>\n<td>30<\/td>\n<td>England<\/td>\n<td>lot 4 s\u00f8lvmynter 1916-1926<\/td>\n<td><\/td>\n<td>1, 1\/1+<\/td>\n<td>80<\/td>\n<td><\/td>\n<\/tr>\n<tr>\n<td>31<\/td>\n<td>Irland<\/td>\n<td>\u00bd crown 1964<\/td>\n<td><\/td>\n<td>0<\/td>\n<td>100<\/td>\n<td><\/td>\n<\/tr>\n<tr>\n<td>32<\/td>\n<td>Tyske stater<\/td>\n<td>lot 15 stk. sm\u00e5mynter<\/td>\n<td><\/td>\n<td>VK<\/td>\n<td>150<\/td>\n<td><\/td>\n<\/tr>\n<tr>\n<td>33<\/td>\n<td>Frankrike<\/td>\n<td>lot 7 stk. mynter 1845-1895<\/td>\n<td><\/td>\n<td>VK<\/td>\n<td>300<\/td>\n<td><\/td>\n<\/tr>\n<tr>\n<td>34<\/td>\n<td>Genova<\/td>\n<td>denar ca.1200<\/td>\n<td><\/td>\n<td>1+<\/td>\n<td>250<\/td>\n<td><\/td>\n<\/tr>\n<tr>\n<td>35<\/td>\n<td>Tunis<\/td>\n<td>lot 3 kobbermynter 1891-1903<\/td>\n<td><\/td>\n<td>1+<\/td>\n<td>100<\/td>\n<td><\/td>\n<\/tr>\n<tr>\n<td>36<\/td>\n<td>Muzaffarid Persia<\/td>\n<td>2 dinar 1358-1384, Shiraz<\/td>\n<td>Alb.2282.7<\/td>\n<td>1+<\/td>\n<td>150<\/td>\n<td><\/td>\n<\/tr>\n<tr>\n<td>37<\/td>\n<td>Muzaffarid Persia<\/td>\n<td>2 dinar 1358-1384, Kirman<\/td>\n<td>Alb.2282.7<\/td>\n<td>1<\/td>\n<td>100<\/td>\n<td><\/td>\n<\/tr>\n<tr>\n<td>38<\/td>\n<td>Persia<\/td>\n<td>Tamasp 1524-1576, shahi, Yazd<\/td>\n<td>Zeno 98667<\/td>\n<td>1\/1+<\/td>\n<td>120<\/td>\n<td><\/td>\n<\/tr>\n<tr>\n<td>39<\/td>\n<td>Kashmir<\/td>\n<td>Didda Rani 973-1003, stater<\/td>\n<td>Mitch.177<\/td>\n<td>1+<\/td>\n<td>100<\/td>\n<td><\/td>\n<\/tr>\n<tr>\n<td>40<\/td>\n<td>Dehli<\/td>\n<td>Mahmod 1246-1266, tanka<\/td>\n<td>GG.137<\/td>\n<td>1\/1+<\/td>\n<td>100<\/td>\n<td><\/td>\n<\/tr>\n<tr>\n<td>41<\/td>\n<td>Mogul India<\/td>\n<td>Mohammed, rupee \u00e5r 20 (=1739), Surat<\/td>\n<td>KM.436.60<\/td>\n<td>1+<\/td>\n<td>150<\/td>\n<td><\/td>\n<\/tr>\n<tr>\n<td>42<\/td>\n<td>China<\/td>\n<td>Tang dynastiet, cash 841-846<\/td>\n<td>S.398<\/td>\n<td>1\/1-<\/td>\n<td>40<\/td>\n<td><\/td>\n<\/tr>\n<tr>\n<td>43<\/td>\n<td>China<\/td>\n<td>Nord Sung dyn. 3 cash jern 1086-1100<\/td>\n<td>S.598<\/td>\n<td>1\/1-<\/td>\n<td>100<\/td>\n<td><\/td>\n<\/tr>\n<tr>\n<td>44<\/td>\n<td>China<\/td>\n<td>S\u00f8r Sung dyn. samling 20 cash mynter<\/td>\n<td><\/td>\n<td>VK<\/td>\n<td>600<\/td>\n<td><\/td>\n<\/tr>\n<tr>\n<td>45<\/td>\n<td>China<\/td>\n<td>Tartar Jin dyn. Cash 1149-1160<\/td>\n<td>S.1083<\/td>\n<td>1+<\/td>\n<td>100<\/td>\n<td><\/td>\n<\/tr>\n<tr>\n<td>46<\/td>\n<td>Thailand<\/td>\n<td>lot 2 stk. Porselensmynter<\/td>\n<td><\/td>\n<td>1+<\/td>\n<td>40<\/td>\n<td><\/td>\n<\/tr>\n<tr>\n<td>47<\/td>\n<td>Guatemala<\/td>\n<td>4 reales 1894<\/td>\n<td>KM.168.1<\/td>\n<td>1+<\/td>\n<td>150<\/td>\n<td><\/td>\n<\/tr>\n<tr>\n<td>48<\/td>\n<td>Bolivia<\/td>\n<td>Melgarejo 1865<\/td>\n<td>KM.146<\/td>\n<td>1<\/td>\n<td>500<\/td>\n<td><\/td>\n<\/tr>\n<tr>\n<td>49<\/td>\n<td>Ulike land<\/td>\n<td>lot 5 kobbermynter 1787-1868<\/td>\n<td><\/td>\n<td>VK<\/td>\n<td>100<\/td>\n<td><\/td>\n<\/tr>\n<tr>\n<td>50<\/td>\n<td>Ulike land<\/td>\n<td>lot 3 s\u00f8lvmynter 1887-1921<\/td>\n<td><\/td>\n<td>1<\/td>\n<td>100<\/td>\n<td><\/td>\n<\/tr>\n<\/tbody>\n<\/table>\n<div class='sfsi_Sicons' style='width: 100%; display: inline-block; vertical-align: middle; text-align:left'><div style='margin:0px 8px 0px 0px; line-height: 24px'><span>F\u00f8lg og lik! =)<\/span><\/div><div class='sfsi_socialwpr'><div class='sf_subscrbe' style='text-align:left;vertical-align: middle;float:left;width:64px'><a href=\"http:\/\/www.specificfeeds.com\/widgets\/emailSubscribeEncFeed\/bzdLMEVQczltUDF5SThnYlJHcG9jRktNMFpMTjRGN1Z0bC92QTRKc25OSHVyNnpuV29SdXVKeitQbEx4WVAyYUFvam1MTm1naHlGc28rSDd3ajBPNk1Xc2RkVVZmWVNQdVlsQTU2ZThWa3pxRTNMbGxRd0tCenA1ZTZEaW1XNlZ8VU1TSXBhcURwV2RaeGxqSjZmOStHcHVSNXVpbVMrUnRnZTdDZjBoWTYvYz0=\/OA==\/\" target=\"_blank\"><img src=\"https:\/\/www.norsknum.org\/wp-content\/plugins\/ultimate-social-media-icons\/images\/follow_subscribe.png\" \/><\/a><\/div><div class='sf_fb' style='text-align:left;vertical-align: middle;width:98px'><div class=\"fb-like\" href=\"https:\/\/www.norsknum.org\/?page_id=985\" width=\"180\" send=\"false\" showfaces=\"false\"  action=\"like\" data-share=\"true\"data-layout=\"button\" ><\/div><\/div><div class='sf_twiter' style='text-align:left;float:left;vertical-align: middle;width:auto'><a href=\"http:\/\/twitter.com\/share\" data-count=\"none\" class=\"sr-twitter-button twitter-share-button\" lang=\"en\" data-url=\"https:\/\/www.norsknum.org\/?page_id=985\" data-text=\"Auksjon September 2016\" ><\/a><\/div><\/div><\/div>","protected":false},"excerpt":{"rendered":"<p>Medlemmer kan sende skriftlige bud til gunnar@oslomyntgalleri.no. Bud m\u00e5 v\u00e6re innsendt senest dagen f\u00f8r auksjonen. AUKSJON N.N.F. &#8211; Tirsdag 27. September 2016 Lot. Land Beskrivelse Ref. Kval. Utrop Hammerslag 1 Thrakia Serdica, Caracalla 198-217, \u00c629 Varb.2364 1 300 2 Cilicia&hellip; <\/p>\n","protected":false},"author":1,"featured_media":0,"parent":42,"menu_order":0,"comment_status":"closed","ping_status":"closed","template":"","meta":[],"_links":{"self":[{"href":"https:\/\/www.norsknum.org\/index.php?rest_route=\/wp\/v2\/pages\/985"}],"collection":[{"href":"https:\/\/www.norsknum.org\/index.php?rest_route=\/wp\/v2\/pages"}],"about":[{"href":"https:\/\/www.norsknum.org\/index.php?rest_route=\/wp\/v2\/types\/page"}],"author":[{"embeddable":true,"href":"https:\/\/www.norsknum.org\/index.php?rest_route=\/wp\/v2\/users\/1"}],"replies":[{"embeddable":true,"href":"https:\/\/www.norsknum.org\/index.php?rest_route=%2Fwp%2Fv2%2Fcomments&post=985"}],"version-history":[{"count":1,"href":"https:\/\/www.norsknum.org\/index.php?rest_route=\/wp\/v2\/pages\/985\/revisions"}],"predecessor-version":[{"id":986,"href":"https:\/\/www.norsknum.org\/index.php?rest_route=\/wp\/v2\/pages\/985\/revisions\/986"}],"up":[{"embeddable":true,"href":"https:\/\/www.norsknum.org\/index.php?rest_route=\/wp\/v2\/pages\/42"}],"wp:attachment":[{"href":"https:\/\/www.norsknum.org\/index.php?rest_route=%2Fwp%2Fv2%2Fmedia&parent=985"}],"curies":[{"name":"wp","href":"https:\/\/api.w.org\/{rel}","templated":true}]}}